{"id":6958,"date":"2023-02-01T18:08:46","date_gmt":"2023-02-01T17:08:46","guid":{"rendered":"https:\/\/fengchashop.com\/de\/product\/brennnesselpulver-bio-250-g\/"},"modified":"2026-04-15T19:37:02","modified_gmt":"2026-04-15T17:37:02","slug":"brennnesselpulver-bio","status":"publish","type":"product","link":"https:\/\/fengchashop.com\/de\/product\/brennnesselpulver-bio\/","title":{"rendered":"Brennnesselpulver BIO 250 g"},"content":{"rendered":"<h2 style=\"text-align: justify\"><span style=\"color: #000000\">Brennnessel BIO (Urtica dioica)<\/span><\/h2>\n<p style=\"text-align: justify\"><span style=\"color: #000000\">Die Brennnessel (Urtica dioica) ist ein Kraut (Staude), das \u00fcberall auf der Welt vorkommt und seit Jahrhunderten in verschiedenen L\u00e4ndern und Kulturen verwendet wird. Seit Jahrhunderten wird die Brennnessel wegen ihrer ern\u00e4hrungsphysiologischen Eigenschaften geerntet, als wildes Nahrungserg\u00e4nzungsmittel verzehrt, \u00e4u\u00dferlich auf die Haut aufgetragen und als Kr\u00e4utertee getrunken.<\/span><\/p>\n<p style=\"text-align: justify\"><span style=\"color: #000000\">Die Brennnesselbl\u00e4tter werden im Fr\u00fchjahr geerntet, wenn die Pflanze reif ist, aber bevor sie zu bl\u00fchen beginnt. Die Bl\u00e4tter werden langsam getrocknet und zu einem feinen Pulver gemahlen.<\/span><\/p>\n<h2 style=\"text-align: justify\"><span style=\"color: #000000\">Wichtige Eigenschaften der Brennnessel<\/span><\/h2>\n<p style=\"text-align: justify\"><span style=\"color: #000000\">Die Brennnessel ist reich an Antioxidantien, Eiwei\u00df und Ballaststoffen. Die Brennnessel ist auch als Nahrungserg\u00e4nzungsmittel anerkannt, da sie stark mit Kalzium, Eisen, Magnesium und Kalium angereichert ist. Au\u00dferdem enth\u00e4lt sie die Vitamine A, C, K und vor allem viel Vitamin B.<\/span><\/p>\n<p style=\"text-align: justify\"><span style=\"color: #000000\">In der traditionellen Medizin wird die Brennnessel im Rahmen von Fr\u00fchjahrskuren und Di\u00e4ten zur Entgiftung und Entschlackung, aber auch bei M\u00fcdigkeit und Ersch\u00f6pfung empfohlen.<\/span><\/p>\n<p style=\"text-align: justify\"><span style=\"color: #000000\">Der Verzehr der Brennnessel f\u00f6rdert eine gesunde Funktion der Harnwege und wirkt als mildes Diuretikum, tr\u00e4gt aber auch zur Gesundheit der oberen Atemwege bei.<\/span><\/p>\n<h2 style=\"text-align: justify\"><span style=\"color: #000000\">Wirkungen der Brennnessel<\/span><\/h2>\n<p><span style=\"color: #000000\"><strong>Wirkungen, die sich positiv auf unsere Gesundheit und unseren K\u00f6rper auswirken:<\/strong><\/span><\/p>\n<p><span style=\"color: #000000\">&#8211; Ein starkes Antioxidans,<\/span><br \/>\n<span style=\"color: #000000\">&#8211; harntreibend,<\/span><br \/>\n<span style=\"color: #000000\">&#8211; hilft bei der Entgiftung und Entschlackung,<\/span><br \/>\n<span style=\"color: #000000\">&#8211; regt die Funktion der Harnwege an,<\/span><br \/>\n<span style=\"color: #000000\">&#8211; hilft bei der Entw\u00e4sserung,<\/span><br \/>\n<span style=\"color: #000000\">&#8211; entz\u00fcndungshemmend,<\/span><br \/>\n<span style=\"color: #000000\">&#8211; hilft bei M\u00fcdigkeit und Abgeschlagenheit,<\/span><br \/>\n<span style=\"color: #000000\">&#8211; unterst\u00fctzt die Gesundheit der oberen Atemwege,<\/span><br \/>\n<span style=\"color: #000000\">&#8211; ist reich an Ballaststoffen,<\/span><br \/>\n<span style=\"color: #000000\">&#8211; reinigt und befeuchtet die Haut,<\/span><br \/>\n<span style=\"color: #000000\">&#8211; lindert durch Ekzeme verursachte Hautprobleme.<\/span><\/p>\n<h2 style=\"text-align: justify\"><span style=\"color: #000000\">Lagerung und Warnhinweise<\/span><\/h2>\n<p style=\"text-align: justify\"><span style=\"color: #000000\">K\u00fchl und trocken bei Temperaturen bis 25 \u00b0C lagern. Starkes Licht und Hitze vermeiden. Bewahren Sie das Nahrungserg\u00e4nzungsmittel au\u00dferhalb der Reichweite von Kindern auf!<\/span><br \/>\n<span style=\"color: #000000\">Denken Sie daran, wie wichtig eine abwechslungsreiche Ern\u00e4hrung und eine gesunde Lebensweise sind; ein Nahrungserg\u00e4nzungsmittel ist daher kein Ersatz f\u00fcr eine ausgewogene und abwechslungsreiche Ern\u00e4hrung. Die empfohlene Tagesmenge oder Dosis sollte nicht \u00fcberschritten werden.<\/span><\/p>\n<h2 style=\"text-align: justify\"><span style=\"color: #000000\">Verpackung<\/span><\/h2>\n<p style=\"text-align: justify\"><span style=\"color: #000000\">Undurchl\u00e4ssiger Zip-Lock-Beutel, in dem das Produkt seine ganze Frische und sein Aroma bewahrt. Die Verpackung sch\u00fctzt vor Licht und Luft, da sie aus mehreren Schutzschichten besteht, die die Eigenschaften des Inhalts bewahren.<\/span><\/p>\n<p style=\"text-align: justify\"><span style=\"color: #000000\">Die Verpackung ist sehr praktisch und recycelbar.<\/span><\/p>\n<h2 style=\"text-align: justify\"><span style=\"color: #000000\">Herkunft<\/span><\/h2>\n<p style=\"text-align: justify\"><span style=\"color: #000000\">Bulgarien<\/span><\/p>\n","protected":false},"excerpt":{"rendered":"<p><span style=\"color: #000000\">Brennnesseln sind reich an Antioxidantien, Eiwei\u00df und Ballaststoffen. Brennnesseln sind auch als Nahrungserg\u00e4nzungsmittel anerkannt, da sie stark mit Kalzium, Eisen, Magnesium und Kalium angereichert sind. Au\u00dferdem enth\u00e4lt sie die Vitamine A, C, K und vor allem viel Vitamin B. In der traditionellen Medizin wird die Brennnessel im Rahmen von Fr\u00fchjahrskuren und Di\u00e4ten zur Entgiftung und Entschlackung, aber auch bei M\u00fcdigkeit und Ersch\u00f6pfung empfohlen.<\/span><\/p>\n<p><span style=\"color: #000000\">\ud83d\udc9a Sie hilft bei der Entgiftung und Entschlackung.<\/span><br \/>\n<span style=\"color: #000000\">\ud83d\udc9a Unterst\u00fctzt die Gesundheit der oberen Atemwege.<\/span><br \/>\n<span style=\"color: #000000\">\ud83d\udc9a Hilft bei der Ausscheidung von Wasser.<\/span><br \/>\n<span style=\"color: #000000\">\ud83d\udc9a Hilft bei M\u00fcdigkeit und Ersch\u00f6pfung.<\/span><\/p>\n","protected":false},"featured_media":6959,"comment_status":"open","ping_status":"closed","template":"","meta":{"_acf_changed":false},"product_brand":[],"product_cat":[15,225,224,231],"product_tag":[],"class_list":{"0":"post-6958","1":"product","2":"type-product","3":"status-publish","4":"has-post-thumbnail","6":"product_cat-uncategorized","7":"product_cat-alle-produkte","8":"product_cat-angebot","9":"product_cat-superfood","11":"first","12":"instock","13":"sale","14":"taxable","15":"shipping-taxable","16":"purchasable","17":"product-type-simple"},"acf":[],"_links":{"self":[{"href":"https:\/\/fengchashop.com\/de\/wp-json\/wp\/v2\/product\/6958","targetHints":{"allow":["GET"]}}],"collection":[{"href":"https:\/\/fengchashop.com\/de\/wp-json\/wp\/v2\/product"}],"about":[{"href":"https:\/\/fengchashop.com\/de\/wp-json\/wp\/v2\/types\/product"}],"replies":[{"embeddable":true,"href":"https:\/\/fengchashop.com\/de\/wp-json\/wp\/v2\/comments?post=6958"}],"wp:featuredmedia":[{"embeddable":true,"href":"https:\/\/fengchashop.com\/de\/wp-json\/wp\/v2\/media\/6959"}],"wp:attachment":[{"href":"https:\/\/fengchashop.com\/de\/wp-json\/wp\/v2\/media?parent=6958"}],"wp:term":[{"taxonomy":"product_brand","embeddable":true,"href":"https:\/\/fengchashop.com\/de\/wp-json\/wp\/v2\/product_brand?post=6958"},{"taxonomy":"product_cat","embeddable":true,"href":"https:\/\/fengchashop.com\/de\/wp-json\/wp\/v2\/product_cat?post=6958"},{"taxonomy":"product_tag","embeddable":true,"href":"https:\/\/fengchashop.com\/de\/wp-json\/wp\/v2\/product_tag?post=6958"}],"curies":[{"name":"wp","href":"https:\/\/api.w.org\/{rel}","templated":true}]}}