{"id":6949,"date":"2022-10-01T10:40:23","date_gmt":"2022-10-01T08:40:23","guid":{"rendered":"https:\/\/fengchashop.com\/de\/product\/sanddorn-pulver-bio-250-g\/"},"modified":"2026-04-15T14:42:53","modified_gmt":"2026-04-15T12:42:53","slug":"sanddorn-pulver-bio","status":"publish","type":"product","link":"https:\/\/fengchashop.com\/de\/product\/sanddorn-pulver-bio\/","title":{"rendered":"Sanddorn Pulver BIO 250 g"},"content":{"rendered":"<h2 style=\"text-align: justify\"><span style=\"color: #000000\">Sanddorn Pulver BIO<\/span><\/h2>\n<p style=\"text-align: justify\"><span style=\"color: #000000\">Der <strong>Sanddorn<\/strong> ist ein sommergr\u00fcner, dorniger Strauch, der in der ganzen Welt, vor allem aber in Zentral- und Westasien (China, Sibirien, Indien usw.) und in Nord- und Mitteleuropa (Finnland, England, Deutschland, Polen usw.) gedeiht. Es handelt sich um eine Pflanze, die <strong>keine besonderen Wachstumsbedingungen ben\u00f6tigt<\/strong> und sowohl im Hochgebirge als auch am Meer gedeiht.<\/span><\/p>\n<p style=\"text-align: justify\"><span style=\"color: #000000\">Form und Gestalt der Bl\u00e4tter des Sanddorns \u00e4hneln denen des Olivenbaums. Die <strong>Fr\u00fcchte<\/strong> reifen am Strauch und haben eine <strong>gelb-orange Farbe<\/strong>. Die beste Zeit zum Pfl\u00fccken der Fr\u00fcchte oder Beeren ist in den fr\u00fchen Herbstmonaten. Die Fr\u00fcchte sollten vorsichtig vom Zweig entfernt werden, denn die <strong>Fr\u00fcchte des Sanddorns sind sehr wichtig, weil sie einen medizinischen Saft enthalten, der reich an Vitamin C<\/strong> ist. Ihr Geschmack ist saftig und leicht s\u00e4uerlich. Die gesamte Pflanze hat positive Eigenschaften f\u00fcr die Gesundheit und den allgemeinen Gebrauch, einschlie\u00dflich der Kosmetik, und die Bl\u00e4tter, Fr\u00fcchte, Zweige und Wurzeln sind n\u00fctzlich.<\/span><\/p>\n<p style=\"text-align: justify\"><span style=\"color: #000000\">Die Geschichte seiner medizinischen Wirkung reicht bis ins <strong>antike Griechenland<\/strong> zur\u00fcck, wo die Zweige des Sanddorns an Pferde verf\u00fcttert wurden, um sie in Form zu halten. Au\u00dferdem wurde Sanddorn von Soldaten verwendet, um ihre Ausdauer im Kampf zu verbessern. Das <strong>&#8222;rGyud Bzi&#8220;<\/strong> ist ein tibetisches medizinisches Buch aus dem 8. Jahrhundert, das die <strong>ersten Aufzeichnungen \u00fcber die medizinische Wirkung des Sanddorns<\/strong> enth\u00e4lt. Sp\u00e4tere Forschungen in Russland haben seine heilende Wirkung weiter best\u00e4tigt.<\/span><\/p>\n<h2 style=\"text-align: justify\"><span style=\"color: #000000\">Welches sind die wichtigsten Eigenschaften, die Sanddorn uns bietet?<\/span><\/h2>\n<p style=\"text-align: justify\"><span style=\"color: #000000\">Sanddorn speichert die gesamte Sonnenenergie in seinen Fr\u00fcchten, die eine Vielzahl bioaktiver Stoffe wie <strong>essenzielle Fetts\u00e4uren, Vitamine, Carotinoide, Phytosterole, Flavonoide und Tocotrienole<\/strong> enthalten.<\/span><\/p>\n<p style=\"text-align: justify\"><span style=\"color: #000000\">Von den essenziellen Fetts\u00e4uren ist die beste Quelle pflanzlich, n\u00e4mlich die<strong> Omega-7-Fetts\u00e4uren (Palmitins\u00e4ure)<\/strong>. Andere, f\u00fcr uns sehr wichtige Fetts\u00e4uren werden jedoch mit speziellen Verfahren aus den Fr\u00fcchten des Sanddorns gewonnen, n\u00e4mlich Omega-3- (\u03b1-Linolens\u00e4ure), Omega-6- (Linolens\u00e4ure) und Omega-9-Fetts\u00e4uren (\u00d6ls\u00e4ure).<\/span><\/p>\n<p style=\"text-align: justify\"><span style=\"color: #000000\">Sanddorn ist reich an Vitaminen, vor allem an <strong>Vitamin C<\/strong>, das 10-mal mehr als in Zitronen enthalten ist. Die Schale der Frucht ist reich an Vitamin B-12, aber auch an den Vitaminen B, B1, B2, B3 und B9. Die <strong>Vitamine A und E<\/strong> sind ebenfalls wichtig, da sie <strong>die Haut vor gef\u00e4hrlichen freien Radikalen sch\u00fctzen<\/strong>. Das in der <strong>Frucht<\/strong> enthaltene <strong>\u00d6l<\/strong> hat ebenfalls positive Auswirkungen auf unsere Gesundheit, da es <strong>reich an Aminos\u00e4uren, Mineralien, essenziellen Fetts\u00e4uren und Photosterolen ist<\/strong>.<\/span><\/p>\n<p style=\"text-align: justify\"><span style=\"color: #000000\">Der wichtigste Bestandteil des Sanddorns ist <strong>Quercetin<\/strong>, ein Flavonoid, eine nat\u00fcrliche polyphenolische Verbindung, die in Obst und Gem\u00fcse vorkommt. Es handelt sich um ein <strong>starkes Antioxidans mit entz\u00fcndungshemmender und tumorhemmender Wirkung<\/strong>, das die <strong>Kraft des Herzmuskels erh\u00f6ht und die Durchblutung verbessert<\/strong>.<\/span><\/p>\n<p style=\"text-align: justify\"><span style=\"color: #000000\">Weitere ebenso wichtige Bestandteile des Sanddorns sind die Mineralstoffe Phosphor, Kalium und Eisen, wobei insbesondere Magnesium und Kalzium essentiell sind.<\/span><\/p>\n<p style=\"text-align: justify\"><span style=\"color: #000000\">Unser Sanddornpulver stammt aus biologischem Anbau und ist ein <strong>nat\u00fcrliches Antioxidans<\/strong>. Es ist eine echte Kraftquelle, da es <strong>den K\u00f6rper<\/strong> und insbesondere <strong>das Nervensystem<\/strong> st\u00e4rkt.<\/span><\/p>\n<h2 style=\"text-align: justify\"><span style=\"color: #000000\">Was sind die gesundheitlichen Vorteile von Sanddorn?<\/span><\/h2>\n<p style=\"text-align: justify\"><span style=\"color: #000000\">Aufgrund seines hohen Gehalts an Antioxidantien tragen Sanddornfruchtextrakte dazu bei, das Immunsystem zu st\u00e4rken, Zahnfleischbluten zu heilen, gesch\u00e4digte Zellen zu reparieren, Hautkrankheiten zu heilen, die Haut vor Verbrennungen und Ekzemen sowie vor UV-Strahlen zu sch\u00fctzen und bei Verletzungen zu helfen,&#8230;<\/span><\/p>\n<p style=\"text-align: justify\"><span style=\"color: #000000\"><strong>Omega-7-Fetts\u00e4uren sind \u00e4u\u00dferst wichtig<\/strong><strong>f\u00fcr die Reparatur von Geweben<\/strong> wie Schleimh\u00e4uten und Haut, da sie die Haut mit Feuchtigkeit versorgen und die Alterung verlangsamen. Omega-7-Fetts\u00e4uren sch\u00fctzen auch den Darm und den Magen vor Schleimhautsch\u00e4den wie Gastritis, Kolitis und Cholera und tragen zur Befeuchtung der ausgetrockneten Vaginalschleimhaut bei.<\/span><\/p>\n<p style=\"text-align: justify\"><span style=\"color: #000000\"><em><strong>Wohltuende Auswirkungen auf unsere Gesundheit und unseren K\u00f6rper:<\/strong><\/em><\/span><\/p>\n<ul>\n<li><span style=\"color: #000000\">Es ist ein <strong>starkes Antioxidans<\/strong>,<\/span><\/li>\n<li><span style=\"color: #000000\">st\u00e4rkt das <strong>Immunsystem<\/strong>,<\/span><\/li>\n<li><span style=\"color: #000000\">hat eine <strong>entz\u00fcndungshemmende Wirkung<\/strong>,<\/span><\/li>\n<li><span style=\"color: #000000\">reguliert den <strong>Blutdruck, den Cholesterinspiegel und den Blutzucker<\/strong>,<\/span><\/li>\n<li><span style=\"color: #000000\">behandelt <strong>Hautkrankheiten<\/strong> (Entz\u00fcndungen, Verbrennungen, Ekzeme, Psoriasis, Dermatitis&#8230;),<\/span><\/li>\n<li><span style=\"color: #000000\">heilt <strong>Hautverletzungen<\/strong> (heilt Wunden und lindert Schmerzen),<\/span><\/li>\n<li><span style=\"color: #000000\">hat eine <strong>verj\u00fcngende<\/strong> Wirkung,<\/span><\/li>\n<li><span style=\"color: #000000\">regeneriert <strong>gesch\u00e4digte Zellen<\/strong>,<\/span><\/li>\n<li><span style=\"color: #000000\">hilft <strong>bei geschwollenen F\u00fc\u00dfen<\/strong>,<\/span><\/li>\n<li><span style=\"color: #000000\">sch\u00fctzt die <strong>Leber und den Verdauungstrakt<\/strong>,<\/span><\/li>\n<li><span style=\"color: #000000\">hat die Funktion, das <strong>Herz- und Gef\u00e4\u00dfsystem gesund<\/strong> zu halten,<\/span><\/li>\n<li><span style=\"color: #000000\">sch\u00fctzt vor <strong>Zahnfleischbluten<\/strong>,<\/span><\/li>\n<li><span style=\"color: #000000\">hilft bei<strong> Grippe, Lungenentz\u00fcndung, Diphtherie<\/strong>, etc.<\/span><\/li>\n<li><span style=\"color: #000000\">sch\u00fctzt <strong>trockene und gereizte Augen<\/strong>,<\/span><\/li>\n<li><span style=\"color: #000000\">lindert die <strong>Symptome von chronischer M\u00fcdigkeit<\/strong>,<\/span><\/li>\n<li><span style=\"color: #000000\">verbessert den <strong>Sexualtrieb<\/strong>,<\/span><\/li>\n<li><span style=\"color: #000000\">lindert die <strong>Symptome der Menopause<\/strong>,<\/span><\/li>\n<li><span style=\"color: #000000\">lindert <strong>Stress und Angstzust\u00e4nde<\/strong>,<\/span><\/li>\n<li><span style=\"color: #000000\"><strong>antitumor\u00f6s<\/strong>.<\/span><\/li>\n<\/ul>\n<h2 style=\"text-align: justify\"><span style=\"color: #000000\">Lagerung und Warnhinweise<\/span><\/h2>\n<p style=\"text-align: justify\"><span style=\"color: #000000\">K\u00fchl und trocken bei einer Temperatur von bis zu 25 \u00b0C lagern. Au\u00dferhalb der Reichweite von Kindern aufbewahren!<\/span><br \/>\n<span style=\"color: #000000\">Denken Sie daran, wie wichtig eine abwechslungsreiche Ern\u00e4hrung und eine gesunde Lebensweise sind; ein Nahrungserg\u00e4nzungsmittel ist daher kein Ersatz f\u00fcr eine ausgewogene und abwechslungsreiche Ern\u00e4hrung. Die empfohlene Tagesmenge oder Dosis sollte nicht \u00fcberschritten werden.<\/span><\/p>\n<p style=\"text-align: justify\"><span style=\"color: #000000\">Sanddornsirup und -saft k\u00f6nnen als Stimulans wirken, daher wird seine Einnahme am Abend nicht empfohlen.<\/span><\/p>\n<p style=\"text-align: justify\"><span style=\"color: #000000\">Es wird empfohlen, in den ersten Monaten der Schwangerschaft kleine Mengen einzunehmen.<\/span><\/p>\n<p style=\"text-align: justify\"><span style=\"color: #000000\">Es ist wichtig, Sanddorn nicht gleichzeitig mit gerinnungshemmenden Medikamenten einzunehmen.<\/span><\/p>\n<h2 style=\"text-align: justify\"><span style=\"color: #000000\">Verpackung<\/span><\/h2>\n<p style=\"text-align: justify\"><span style=\"color: #000000\">Undurchl\u00e4ssiger Zip-Lock-Beutel, in dem das Produkt seine ganze Frische und sein Aroma bewahrt. Die Verpackung sch\u00fctzt vor Licht und Luft, da sie aus mehreren Schutzschichten besteht, die die Eigenschaften des Inhalts bewahren.<\/span><\/p>\n<p style=\"text-align: justify\"><span style=\"color: #000000\">Die Verpackung ist sehr praktisch und recycelbar.<\/span><\/p>\n<h2 style=\"text-align: justify\"><span style=\"color: #000000\">Herkunft<\/span><\/h2>\n<p style=\"text-align: justify\"><span style=\"color: #000000\">Deutschland<\/span><\/p>\n","protected":false},"excerpt":{"rendered":"<p><span style=\"color: #000000\">Der Sanddorn ist ein sommergr\u00fcner Strauch mit Dornen. Die Fr\u00fcchte des Sanddorns sind sehr wichtig, weil sie einen medizinischen Saft enthalten, der reich an Vitamin C ist. Sein Geschmack ist saftig und leicht s\u00e4uerlich. Der Sanddorn speichert die gesamte Sonnenenergie in seinen Fr\u00fcchten, die eine Vielzahl bioaktiver Substanzen wie essenzielle Fetts\u00e4uren, Vitamine, Carotinoide, Phytosterole, Flavonoide und Tocotrienole enthalten. Die Omega-7-Fetts\u00e4uren sind \u00e4u\u00dferst wichtig f\u00fcr die Reparatur von Geweben wie Schleimh\u00e4uten und Haut, da sie die Haut mit Feuchtigkeit versorgen und die Alterung verlangsamen. Das in der Frucht enthaltene \u00d6l hat ebenfalls positive Auswirkungen auf unsere Gesundheit, da es reich an Aminos\u00e4uren, Mineralien, essenziellen Fetts\u00e4uren und Photosterolen ist.<\/span><\/p>\n<p><span style=\"color: #000000\">\ud83d\udc9a Es hat starke entz\u00fcndungshemmende, antitumorale und antioxidative Eigenschaften.<\/span><br \/>\n<span style=\"color: #000000\">\ud83d\udc9a Es senkt den Blutzucker und den Cholesterinspiegel und reguliert den Blutdruck.<\/span><br \/>\n<span style=\"color: #000000\">\ud83d\udc9a Es erh\u00f6ht die Kraft des Herzmuskels und verbessert gleichzeitig den Blutfluss.<\/span><br \/>\n<span style=\"color: #000000\">\ud83d\udc9a Sch\u00fctzt die Haut vor gef\u00e4hrlichen freien Radikalen (heilt Hautkrankheiten und Hautsch\u00e4den).<\/span><br \/>\n<span style=\"color: #000000\">\ud83d\udc9a Sch\u00fctzt vor Zahnfleischbluten.<\/span><\/p>\n","protected":false},"featured_media":6950,"comment_status":"open","ping_status":"closed","template":"","meta":{"_acf_changed":false},"product_brand":[],"product_cat":[15,225,224,231],"product_tag":[],"class_list":{"0":"post-6949","1":"product","2":"type-product","3":"status-publish","4":"has-post-thumbnail","6":"product_cat-uncategorized","7":"product_cat-alle-produkte","8":"product_cat-angebot","9":"product_cat-superfood","11":"first","12":"instock","13":"sale","14":"taxable","15":"shipping-taxable","16":"purchasable","17":"product-type-simple"},"acf":[],"_links":{"self":[{"href":"https:\/\/fengchashop.com\/de\/wp-json\/wp\/v2\/product\/6949","targetHints":{"allow":["GET"]}}],"collection":[{"href":"https:\/\/fengchashop.com\/de\/wp-json\/wp\/v2\/product"}],"about":[{"href":"https:\/\/fengchashop.com\/de\/wp-json\/wp\/v2\/types\/product"}],"replies":[{"embeddable":true,"href":"https:\/\/fengchashop.com\/de\/wp-json\/wp\/v2\/comments?post=6949"}],"wp:featuredmedia":[{"embeddable":true,"href":"https:\/\/fengchashop.com\/de\/wp-json\/wp\/v2\/media\/6950"}],"wp:attachment":[{"href":"https:\/\/fengchashop.com\/de\/wp-json\/wp\/v2\/media?parent=6949"}],"wp:term":[{"taxonomy":"product_brand","embeddable":true,"href":"https:\/\/fengchashop.com\/de\/wp-json\/wp\/v2\/product_brand?post=6949"},{"taxonomy":"product_cat","embeddable":true,"href":"https:\/\/fengchashop.com\/de\/wp-json\/wp\/v2\/product_cat?post=6949"},{"taxonomy":"product_tag","embeddable":true,"href":"https:\/\/fengchashop.com\/de\/wp-json\/wp\/v2\/product_tag?post=6949"}],"curies":[{"name":"wp","href":"https:\/\/api.w.org\/{rel}","templated":true}]}}