{"id":6943,"date":"2022-10-01T08:26:55","date_gmt":"2022-10-01T06:26:55","guid":{"rendered":"https:\/\/fengchashop.com\/de\/product\/shilajit-pulver-125-g\/"},"modified":"2026-05-12T09:30:31","modified_gmt":"2026-05-12T07:30:31","slug":"shilajit-pulver","status":"publish","type":"product","link":"https:\/\/fengchashop.com\/de\/product\/shilajit-pulver\/","title":{"rendered":"Shilajit Pulver 125 g"},"content":{"rendered":"<h2 style=\"text-align: justify\"><span style=\"color: #000000\">Shilajit (Mumio)<\/span><\/h2>\n<p style=\"text-align: justify\"><span style=\"color: #000000\">Shijalit ist ein Nahrungserg\u00e4nzungsmittel.<\/span><\/p>\n<p style=\"text-align: justify\"><span style=\"color: #000000\">Shilajit, auch <strong>Mumio<\/strong> genannt, ist eine <strong>mineralstoffreiche organische Substanz<\/strong>, die w\u00e4hrend der Sommermonate <strong>durch die Klippen und Felsspalten des Hochgebirges<\/strong> in Nordostindien und anderen Teilen Asiens sowie im s\u00fcd\u00f6stlichen Himalaya flie\u00dft. Shilajit ist ein <strong>Gebirgsharz<\/strong>, von dem man annimmt, dass es sich vor mehr als 50 Millionen Jahren gebildet hat, als Asien mit dem indischen Kontinent zusammenstie\u00df. Es ist auch als Mineralharz bekannt. Shilajit wird von den Menschen im s\u00fcd\u00f6stlichen Himalaya seit Tausenden von Jahren verwendet. Das Bergharz kommt in verschiedenen Farben vor, n\u00e4mlich in Gold, Silber, Kupfer und in Schwarz, der Farbe, die in der ayuvedischen Medizin am h\u00e4ufigsten verwendet wird.<\/span><\/p>\n<h2 style=\"text-align: justify\"><span style=\"color: #000000\">Wie wird Shilajit gewonnen?<\/span><\/h2>\n<p style=\"text-align: justify\"><span style=\"color: #000000\">Shilajit wird in der ayurvedischen Medizin <strong>seit \u00fcber 3000 Jahren<\/strong> als Heilmittel f\u00fcr verschiedene Gesundheitsprobleme verwendet. Das Shilajit-Harz besteht <strong>aus verschiedenen Harzen, Sedimenten und anderen Materialien<\/strong>, die in den Bergen in H\u00f6hen von 3000 m und mehr gesammelt werden.<\/span><\/p>\n<p style=\"text-align: justify\"><span style=\"color: #000000\">Das Verfahren zur Gewinnung von Shilajit ist sehr anspruchsvoll, da es nach der Sammlung zun\u00e4chst <strong>durch organische Prozesse gereinigt<\/strong> und dann durch Extrusion extrahiert wird, um einen <strong>konzentrierten, hochwertigen Extrakt<\/strong> zu erhalten. Shilajit wird mit einem speziellen Verfahren extrahiert, das <strong>die nat\u00fcrliche Zusammensetzung und Reinheit von Shilajit bewahrt<\/strong>. Au\u00dferdem bleiben die <strong>wichtigsten N\u00e4hrstoffe erhalten<\/strong> und seine Energie geht nicht verloren. Das Harz, das als Nahrungserg\u00e4nzungsmittel verwendet wird, ist eine der besten Sorten, da es einen <strong>strengen Reinigungsprozess durchl\u00e4uft, um sicherzustellen, dass es f\u00fcr den Verzehr geeignet ist<\/strong>.<\/span><\/p>\n<h2 style=\"text-align: justify\"><span style=\"color: #000000\">Welches sind die wichtigsten Eigenschaften, die Shilajit uns bietet?<\/span><\/h2>\n<p style=\"text-align: justify\"><span style=\"color: #000000\">Shilajit wird aus einer nat\u00fcrlichen Substanz hergestellt, n\u00e4mlich Humus, der entsteht, wenn Mikroorganismen pflanzliche und tierische Abf\u00e4lle abbauen. Shilajit hat positive Auswirkungen auf unseren K\u00f6rper und unsere Gesundheit.<\/span><\/p>\n<p style=\"text-align: justify\"><span style=\"color: #000000\"><em><strong>Wirkungen, die sich positiv auf unsere Gesundheit und unseren K\u00f6rper auswirken:<\/strong><\/em><\/span><\/p>\n<p><span style=\"color: #000000\">&#8211; Unterst\u00fctzt die geistige und kognitive Funktion.<\/span><\/p>\n<p><span style=\"color: #000000\">&#8211; Unterst\u00fctzt die sexuelle Funktion bei M\u00e4nnern und Frauen.<\/span><\/p>\n<p><span style=\"color: #000000\">&#8211; Unterst\u00fctzt den Fettstoffwechsel.<\/span><\/p>\n<p><span style=\"color: #000000\">&#8211; Unterst\u00fctzt den Stoffwechsel von Zuckern.<\/span><\/p>\n<p><span style=\"color: #000000\">&#8211; Hilft bei der Normalisierung des K\u00f6rpergewichts.<\/span><\/p>\n<p><span style=\"color: #000000\">&#8211; Hilft bei der Erhaltung der Gesundheit der Harnwege.<\/span><\/p>\n<p><span style=\"color: #000000\">&#8211; Hilft bei der Erhaltung der Gesundheit der Prostata.<\/span><\/p>\n<p><span style=\"color: #000000\">&#8211; Hilft, das Gleichgewicht und den Komfort des Menstruationszyklus zu erhalten.<\/span><\/p>\n<h2 style=\"text-align: justify\"><span style=\"color: #000000\">Lagerung und Warnhinweise<\/span><\/h2>\n<p style=\"text-align: justify\"><span style=\"color: #000000\">K\u00fchl und trocken bei einer Temperatur von bis zu 25 \u00b0C lagern. Das Nahrungserg\u00e4nzungsmittel au\u00dferhalb der Reichweite von Kindern aufbewahren!<\/span><\/p>\n<p style=\"text-align: justify\"><span style=\"color: #000000\">Denken Sie daran, wie wichtig eine abwechslungsreiche Ern\u00e4hrung und eine gesunde Lebensweise sind; ein Nahrungserg\u00e4nzungsmittel ist daher kein Ersatz f\u00fcr eine ausgewogene und abwechslungsreiche Ern\u00e4hrung. Die empfohlene Tagesmenge oder Dosis sollte nicht \u00fcberschritten werden. Schwangeren Frauen und stillenden M\u00fcttern wird von der Einnahme abgeraten.<\/span><\/p>\n<p style=\"text-align: justify\"><span style=\"color: #000000\">Reduzieren Sie die Einnahme von Shilajit, wenn negative Nebenwirkungen auftreten. Trinken Sie mehr Wasser.<\/span><\/p>\n<p style=\"text-align: justify\"><span style=\"color: #000000\">Shilajit ist eine mit Mineralien angereicherte Verbindung, so dass die Gefahr einer toxischen \u00dcberlastung durch Mineralien wie Eisen besteht, insbesondere wenn Sie auch Nahrungserg\u00e4nzungsmittel einnehmen, die einige der gleichen Mineralien enthalten. Es ist daher immer ratsam, Ihren Arzt zu konsultieren, um weitere Informationen zu erhalten.<\/span><\/p>\n<h2 style=\"text-align: justify\"><span style=\"color: #000000\">Verpackung<\/span><\/h2>\n<p style=\"text-align: justify\"><span style=\"color: #000000\">Undurchl\u00e4ssiger Zip-Lock-Beutel, in dem das Produkt seine ganze Frische und sein Aroma bewahrt. Die Verpackung sch\u00fctzt das Produkt vor Licht und Luft, da sie aus mehreren Schutzschichten besteht, um die Eigenschaften des Inhalts zu erhalten.<\/span><\/p>\n<p style=\"text-align: justify\"><span style=\"color: #000000\">Die Verpackung ist sehr praktisch und recycelbar.<\/span><\/p>\n<h2 style=\"text-align: justify\"><span style=\"color: #000000\">Herkunft<\/span><\/h2>\n<p style=\"text-align: justify\"><span style=\"color: #000000\">Indien<\/span><\/p>\n","protected":false},"excerpt":{"rendered":"<p style=\"text-align: justify\"><span style=\"color: #000000\">Shilajit oder Mumio ist eine mineralreiche organische Substanz, die w\u00e4hrend der Sommermonate durch die Klippen und Spalten zwischen den Felsen des Hochgebirges in Nordostindien und anderen Teilen Asiens und des s\u00fcd\u00f6stlichen Himalaya flie\u00dft. Shilajit ist ein Gebirgsharz, von dem man annimmt, dass es vor mehr als 50 Millionen Jahren entstand, als Asien mit dem indischen Kontinent zusammenstie\u00df. Es ist auch als Mineralharz bekannt. Shilajit wird von den Menschen im s\u00fcd\u00f6stlichen Himalaya seit Tausenden von Jahren verwendet. <\/span><span style=\"color: #000000\"><em>Effekte, die sich positiv auf unsere Gesundheit und unseren K\u00f6rper auswirken:<\/em><\/span><\/p>\n<p><span style=\"color: #000000\">\ud83d\udc9a Unterst\u00fctzt die geistige und kognitive Funktion.<\/span><\/p>\n<p><span style=\"color: #000000\">\ud83d\udc9a Unterst\u00fctzt die sexuelle Funktion bei M\u00e4nnern und Frauen.<\/span><\/p>\n<p><span style=\"color: #000000\">\ud83d\udc9a Unterst\u00fctzt den Fettstoffwechsel und<\/span><span style=\"color: #000000\"> unterst\u00fctzt den Stoffwechsel von Fetten und Zuckern.<\/span><\/p>\n<p><span style=\"color: #000000\">\ud83d\udc9a Tr\u00e4gt zur Normalisierung des K\u00f6rpergewichts bei.<\/span><\/p>\n<p><span style=\"color: #000000\">\ud83d\udc9a Hilft bei der Erhaltung der Gesundheit der Harnwege.<\/span><\/p>\n<p><span style=\"color: #000000\">\ud83d\udc9a Hilft bei der Erhaltung der Gesundheit der Prostata.<\/span><\/p>\n<p><span style=\"color: #000000\">\ud83d\udc9a Hilft, das Gleichgewicht und den Komfort des Menstruationszyklus zu erhalten.<\/span><\/p>\n","protected":false},"featured_media":6944,"comment_status":"open","ping_status":"closed","template":"","meta":{"_acf_changed":false},"product_brand":[],"product_cat":[15,225,224,194,231],"product_tag":[],"class_list":{"0":"post-6943","1":"product","2":"type-product","3":"status-publish","4":"has-post-thumbnail","6":"product_cat-uncategorized","7":"product_cat-alle-produkte","8":"product_cat-angebot","9":"product_cat-ayurveda","10":"product_cat-superfood","12":"first","13":"instock","14":"sale","15":"taxable","16":"shipping-taxable","17":"purchasable","18":"product-type-simple"},"acf":[],"_links":{"self":[{"href":"https:\/\/fengchashop.com\/de\/wp-json\/wp\/v2\/product\/6943","targetHints":{"allow":["GET"]}}],"collection":[{"href":"https:\/\/fengchashop.com\/de\/wp-json\/wp\/v2\/product"}],"about":[{"href":"https:\/\/fengchashop.com\/de\/wp-json\/wp\/v2\/types\/product"}],"replies":[{"embeddable":true,"href":"https:\/\/fengchashop.com\/de\/wp-json\/wp\/v2\/comments?post=6943"}],"wp:featuredmedia":[{"embeddable":true,"href":"https:\/\/fengchashop.com\/de\/wp-json\/wp\/v2\/media\/6944"}],"wp:attachment":[{"href":"https:\/\/fengchashop.com\/de\/wp-json\/wp\/v2\/media?parent=6943"}],"wp:term":[{"taxonomy":"product_brand","embeddable":true,"href":"https:\/\/fengchashop.com\/de\/wp-json\/wp\/v2\/product_brand?post=6943"},{"taxonomy":"product_cat","embeddable":true,"href":"https:\/\/fengchashop.com\/de\/wp-json\/wp\/v2\/product_cat?post=6943"},{"taxonomy":"product_tag","embeddable":true,"href":"https:\/\/fengchashop.com\/de\/wp-json\/wp\/v2\/product_tag?post=6943"}],"curies":[{"name":"wp","href":"https:\/\/api.w.org\/{rel}","templated":true}]}}