{"id":6933,"date":"2022-08-19T05:47:44","date_gmt":"2022-08-19T03:47:44","guid":{"rendered":"https:\/\/fengchashop.com\/de\/product\/guayusa-bio-100-g\/"},"modified":"2026-04-17T23:55:20","modified_gmt":"2026-04-17T21:55:20","slug":"guayusa-bio","status":"publish","type":"product","link":"https:\/\/fengchashop.com\/de\/product\/guayusa-bio\/","title":{"rendered":"Guayusa BIO 100 g"},"content":{"rendered":"<h2><span style=\"color: #000000\">Guayusa BIO<\/span><\/h2>\n<p><span style=\"color: #000000\">Guayusa, ausgesprochen ghwy-you-sa, bedeutet &#8222;Nachtw\u00e4chter&#8220;, da er manchmal verwendet wird, um Menschen nachts wach zu halten. Diesen Namen gaben die Kichwa dem immergr\u00fcnen Baum, aus dessen <strong>Bl\u00e4ttern Tee hergestellt<\/strong> wird. Guayusa-B\u00e4ume, auch Guayusa (Ilex guayusa) genannt, sind 6 bis 30 Meter hoch und haben l\u00e4ngliche, gl\u00e4nzend gr\u00fcne Bl\u00e4tter.<\/span><\/p>\n<p><span style=\"color: #000000\">Die fr\u00fchesten Funde belegen, dass das indigene Volk der Kichwa bereits vor 1 000 Jahren mit dem Anbau von Guayusa begann. Guayusa ist wahrscheinlich das <strong>koffeinhaltigste Teeblatt der Welt<\/strong>, es enth\u00e4lt bis zu 7,6 Prozent Koffein!<\/span><\/p>\n<p><span style=\"color: #000000\">Guayusa ist im Amazonasdschungel weit verbreitet, wird aber am h\u00e4ufigsten in Ecuador angebaut. Die Bl\u00e4tter werden <strong>traditionell geerntet, getrocknet und zur Herstellung von Kr\u00e4utertee verwendet<\/strong>, der wegen seines <strong>hohen Koffein- und Antioxidantiengehalts<\/strong> gesch\u00e4tzt wird.<\/span><\/p>\n<p><span style=\"color: #000000\">Manche glauben, dass Guayusa noch weitere Vorteile hat. Sie ist reich an <strong>Vitaminen, Aminos\u00e4uren und Antioxidantien<\/strong>. Au\u00dferdem enth\u00e4lt sie Verbindungen wie <strong>Theobromin<\/strong>, das auch in Kakao enthalten ist und f\u00fcr seine <strong>stimmungsaufhellenden<\/strong> Eigenschaften bekannt ist.<\/span><\/p>\n<h2><span style=\"color: #000000\">Was ist Guayusa-Tee?<\/span><\/h2>\n<p><span style=\"color: #000000\">Guayusa ist ein Kr\u00e4utergetr\u00e4nk, das oft als <strong>ges\u00fcnderer Energieschub als Kaffee und Energydrinks<\/strong> angepriesen wird.<\/span><\/p>\n<p><span style=\"color: #000000\">Das indigene Volk der Kichwa, das eine im Amazonas-Regenwald beheimatete Sprache spricht, trinkt seit Hunderten von Jahren Guayusa-Tee als Teil ritueller Jagdzeremonien, um spirituelle Klarheit zu erlangen und sich k\u00f6rperlich auf das anstrengende Leben im Regenwald vorzubereiten. Die ecuadorianischen Ureinwohner verwenden ihn vor allem vor dem Schlafengehen, um sich mit h\u00f6heren Bewusstseinszust\u00e4nden zu verbinden.<\/span><\/p>\n<p><span style=\"color: #000000\">Au\u00dferdem <strong>fehlt ihm Bitterkeit und Sch\u00e4rfe im Geschmack<\/strong>, da er fast g\u00e4nzlich gerbstofffrei ist, wodurch die <strong>Bl\u00e4tter<\/strong> auch <strong>wiederholt bew\u00e4ssert werden<\/strong> k\u00f6nnen. Stattdessen hat sie einen <strong>knackigen, s\u00fc\u00dfen Geschmack<\/strong>, der allein oder in Kombination mit Soja-, Reis- oder Nussmilch wunderbar schmeckt.<\/span><\/p>\n<h2><span style=\"color: #000000\">Wirkungen von Guayusa<\/span><\/h2>\n<p><span style=\"color: #000000\">Guayusa-Tee hat eine interessante Wirkung: Einerseits <strong>wirkt er<\/strong> aufgrund seines hohen Koffeingehalts <strong>anregend<\/strong>, andererseits <strong>sorgt<\/strong> er <strong>f\u00fcr eine angenehme Ruhe und Ausgeglichenheit<\/strong>, was wahrscheinlich auf die Begleitstoffe wie L-Theanin und Theobromin zur\u00fcckzuf\u00fchren ist.<\/span><\/p>\n<p><span style=\"color: #000000\">Guayusa kann den <strong>mentalen Zustand und die Konzentration<\/strong> verbessern. Sie enth\u00e4lt einen hohen Anteil an Koffein, das als Stimulans bekannt ist, sowie Theobromin, ein Alkaloid, das dem Koffein strukturell \u00e4hnlich ist. Dar\u00fcber hinaus enthalten Lebensmittel wie Schokolade und Kakaopulver Theobromin. Die Kombination von Kaffee und Theobromin <strong>verbessert<\/strong> nachweislich <strong>die Stimmung, die Wachsamkeit und die<\/strong> <strong>Konzentration<\/strong> und kann auch<strong> die kurzfristige Gehirnfunktion verbessern<\/strong>.<\/span><\/p>\n<p><span style=\"color: #000000\">Guayusa enth\u00e4lt eine <strong>Reihe von Antioxidantien<\/strong>. Sie <strong>verringern den oxidativen Stress<\/strong>, indem sie freie Radikale bek\u00e4mpfen, bei denen es sich um instabile Chemikalien im K\u00f6rper handelt. Auf diese Weise k\u00f6nnen sie <strong>das Risiko der Entwicklung vieler chronischer Krankheiten verringern<\/strong>. Guayusa enth\u00e4lt den h\u00f6chsten Gehalt an polyphenolischen Antioxidantien, den so genannten <strong>Catechinen<\/strong>, von denen angenommen wird, dass sie <strong>vor Herzkrankheiten, Krebs, Typ-2-Diabetes, Fettleibigkeit, bakteriellen Infektionen und Krankheiten sch\u00fctzen<\/strong> sowie <strong>den Cholesterinspiegel senken und den ph-Wert regulieren.<\/strong><\/span><\/p>\n<p><span style=\"color: #000000\">Wenn Ihr K\u00f6rper den Zucker nicht effizient aus dem Blut in die Zellen transportieren kann, kann es zu einem hohen Blutzucker kommen. Unbehandelt kann dies schlie\u00dflich zu Typ-2-Diabetes f\u00fchren. Guayusa kann <strong>helfen, den Blutzucker zu senken<\/strong>.<\/span><\/p>\n<p><span style=\"color: #000000\">Die hohe Konzentration von Koffein in Guayusa kann <strong>bei der Gewichtsabnahme helfen<\/strong>. Nat\u00fcrliche Stimulanzien wie Koffein k\u00f6nnen den Stoffwechsel beschleunigen und die Kalorienverbrennung des K\u00f6rpers erh\u00f6hen.<\/span><\/p>\n<h2><span style=\"color: #000000\">Lagerung und Warnhinweise<\/span><\/h2>\n<p><span style=\"color: #000000\">An einem trockenen, dunklen und k\u00fchlen Ort aufbewahren. Getrocknete Bl\u00e4tter sollten bis zum Gebrauch in einem luftdichten Beutel oder Beh\u00e4lter aufbewahrt werden.<\/span><\/p>\n<p><span style=\"color: #000000\">Guayusa enth\u00e4lt nat\u00fcrlich vorkommendes Koffein.<\/span><\/p>\n<h2><span style=\"color: #000000\">Verpackung<\/span><\/h2>\n<p><span style=\"color: #000000\">Luftdichter Zip-Lock-Beutel, in dem das Produkt seine ganze Frische und sein Aroma bewahrt. Die Verpackung sch\u00fctzt vor Licht und Luft, da sie aus mehreren Schutzschichten besteht, die die Eigenschaften des Inhalts bewahren.<\/span><\/p>\n<p><span style=\"color: #000000\">Die Verpackung ist sehr praktisch und recycelbar.<\/span><\/p>\n<h2><span style=\"color: #000000\">Herkunft<\/span><\/h2>\n<p><span style=\"color: #000000\">Ecuador<\/span><\/p>\n","protected":false},"excerpt":{"rendered":"<p>Kr\u00e4utertee mit vielen Wirkstoffen <strong>f\u00fcr ein langes, gesundes und vitales Leben<\/strong>. Guayusa, ausgesprochen ghwy-you-sa, bedeutet &#8222;Nachtw\u00e4chter&#8220;, da er manchmal verwendet wird, um Menschen nachts wach zu halten. Mit einem <strong>Koffeingehalt<\/strong> von <strong>bis zu 7,6 Prozent<\/strong> ist es wahrscheinlich das <strong>koffeinhaltigste Teeblatt<\/strong> der Welt!<\/p>\n<p>\ud83d\udc9a\u00a0Hebt die Stimmung.<\/p>\n<p>\ud83d\udc9a Er ist reich an Vitaminen, Aminos\u00e4uren und Antioxidantien.<\/p>\n<p>\ud83d\udc9a Ein ges\u00fcnderer Energieschub als Kaffee und Energydrinks.<\/p>\n<p>\ud83d\udc9a Verbessert den mentalen Zustand und die Konzentration.<\/p>\n","protected":false},"featured_media":6934,"comment_status":"open","ping_status":"closed","template":"","meta":{"_acf_changed":false},"product_brand":[],"product_cat":[15,225,224,223,234],"product_tag":[],"class_list":{"0":"post-6933","1":"product","2":"type-product","3":"status-publish","4":"has-post-thumbnail","6":"product_cat-uncategorized","7":"product_cat-alle-produkte","8":"product_cat-angebot","9":"product_cat-tee","10":"product_cat-tee-lebensmittel-gewuerze","12":"first","13":"instock","14":"sale","15":"taxable","16":"shipping-taxable","17":"purchasable","18":"product-type-simple"},"acf":[],"_links":{"self":[{"href":"https:\/\/fengchashop.com\/de\/wp-json\/wp\/v2\/product\/6933","targetHints":{"allow":["GET"]}}],"collection":[{"href":"https:\/\/fengchashop.com\/de\/wp-json\/wp\/v2\/product"}],"about":[{"href":"https:\/\/fengchashop.com\/de\/wp-json\/wp\/v2\/types\/product"}],"replies":[{"embeddable":true,"href":"https:\/\/fengchashop.com\/de\/wp-json\/wp\/v2\/comments?post=6933"}],"wp:featuredmedia":[{"embeddable":true,"href":"https:\/\/fengchashop.com\/de\/wp-json\/wp\/v2\/media\/6934"}],"wp:attachment":[{"href":"https:\/\/fengchashop.com\/de\/wp-json\/wp\/v2\/media?parent=6933"}],"wp:term":[{"taxonomy":"product_brand","embeddable":true,"href":"https:\/\/fengchashop.com\/de\/wp-json\/wp\/v2\/product_brand?post=6933"},{"taxonomy":"product_cat","embeddable":true,"href":"https:\/\/fengchashop.com\/de\/wp-json\/wp\/v2\/product_cat?post=6933"},{"taxonomy":"product_tag","embeddable":true,"href":"https:\/\/fengchashop.com\/de\/wp-json\/wp\/v2\/product_tag?post=6933"}],"curies":[{"name":"wp","href":"https:\/\/api.w.org\/{rel}","templated":true}]}}