{"id":6920,"date":"2022-02-06T22:10:00","date_gmt":"2022-02-06T21:10:00","guid":{"rendered":"https:\/\/fengchashop.com\/de\/product\/bachblueten-beratung\/"},"modified":"2026-01-21T18:03:26","modified_gmt":"2026-01-21T17:03:26","slug":"bachblueten-beratung","status":"publish","type":"product","link":"https:\/\/fengchashop.com\/de\/product\/bachblueten-beratung\/","title":{"rendered":"Bachbl\u00fcten Beratung"},"content":{"rendered":"<h2 style=\"text-align: justify;\"><span style=\"color: #000000;\">Bachtropfen &#8211; individuelle Beratung<\/span><\/h2>\n<p style=\"text-align: justify;\"><span style=\"color: #000000;\">M\u00f6chten Sie Ihre Gef\u00fchle in den Griff bekommen, Harmonie und inneren Frieden finden? Wenn Sie mindestens einmal mit Ja geantwortet haben, k\u00f6nnte die Bachbl\u00fctentherapie die L\u00f6sung f\u00fcr Ihre Probleme sein. <\/span><\/p>\n<p style=\"text-align: justify;\"><span style=\"color: #000000;\"><strong>Bitte senden Sie uns eine kurze Beschreibung des Problems, das Sie l\u00f6sen m\u00f6chten.<\/strong><\/span><\/p>\n<p style=\"text-align: justify;\"><span style=\"color: #000000;\">In den 1930er Jahren entdeckte Dr. Edvard Bach, ein Arzt und Hom\u00f6opath, 38 Bl\u00fctenessenzen f\u00fcr bestimmte emotionale Zust\u00e4nde. Bach-Tropfen wirken effektiv gegen verschiedene seelische N\u00f6te des Menschen. Sie sind <strong>frei von Nebenwirkungen<\/strong> und einfach anzuwenden. Sie helfen in verschiedenen Krisen und schwierigen Lebenssituationen.<\/span><\/p>\n<p style=\"text-align: justify;\"><span style=\"color: #000000;\">Sie sind f\u00fcr alle Menschen (Schwangere, \u00e4ltere Menschen, Kinder, etc.) und Tiere geeignet. Sie haben keine Nebenwirkungen, k\u00f6nnen nicht \u00fcberdosiert werden und machen nicht s\u00fcchtig. <\/span><\/p>\n<p style=\"text-align: justify;\"><span style=\"color: #000000;\">Die ersten Ergebnisse k\u00f6nnen nach einigen Tagen oder Wochen beobachtet werden, dies h\u00e4ngt von der jeweiligen Person ab.<\/span><\/p>\n<p style=\"text-align: justify;\"><span style=\"color: #000000;\">Es gibt keine Wechselwirkungen mit anderen Medikamenten.<\/span><\/p>\n<p style=\"text-align: justify;\"><span style=\"color: #000000;\">Mit Hilfe der Bach-Tropfen k\u00f6nnen wir unsere Emotionen unter Kontrolle bringen, Harmonie und inneren Frieden finden. Die Bach-Tropfen werden nach der Methode von Dr. Bach hergestellt, wobei<b> nur Original-Bach-Essenzen<\/b> verwendet werden.<\/span><\/p>\n<p style=\"text-align: justify;\"><span style=\"color: #000000;\"><strong>Im Preis von 19,00 \u20ac sind die personalisierten Tropfen bereits enthalten.<\/strong> Wenn Sie in Zukunft die gleiche Mischung erhalten m\u00f6chten, w\u00e4hlen Sie bitte Ihre personalisierten <a style=\"color: #000000;\" href=\"http:\/\/www.fengcha.si\/index.php\/bachove-kapljice.html\" target=\"_self\" rel=\"noopener\">Bach-Tropfen<\/a> mit dem Hinweis &#8222;Ich m\u00f6chte die gleiche Mischung&#8220;.<\/span><\/p>\n<h2 style=\"text-align: justify;\"><span style=\"color: #000000;\">Auswahl der Tropfen<\/span><\/h2>\n<p style=\"text-align: justify;\"><span style=\"color: #000000;\">Ihre spezielle Mischung wird von einem zertifizierten Bach-Berater nach der von Ihnen zugesandten Beschreibung zusammengestellt. Schicken Sie uns eine E-Mail (info@fengcha.si) oder f\u00fcllen Sie das obige Feld aus und legen Sie den Artikel in Ihren Warenkorb. Nachdem Sie Ihre Bestellung aufgegeben haben, bereiten wir Ihre pers\u00f6nliche Mischung vor.<\/span><br \/>\n<span style=\"color: #000000;\">Die Tropfen werden<strong> manuell und p\u00fcnktlich am Tag des Versands<\/strong> zubereitet<strong>.<\/strong><\/span><\/p>\n<h2 style=\"text-align: justify;\"><span style=\"color: #000000;\">Lagerung<\/span><\/h2>\n<p style=\"text-align: justify;\"><span style=\"color: #000000;\">An einem trockenen, dunklen Ort bei einer Temperatur von bis zu +25 \u00b0C aufbewahren.<\/span><\/p>\n<h2 style=\"text-align: justify;\"><span style=\"color: #000000;\">Menge<\/span><\/h2>\n<p style=\"text-align: justify;\"><span style=\"color: #000000;\">30 ml (ausreichend f\u00fcr 30 Tage bei regelm\u00e4\u00dfiger Anwendung)<\/span><\/p>\n","protected":false},"excerpt":{"rendered":"<p>Bach-Tropfen sind wirksam gegen verschiedene seelische N\u00f6te. Sie helfen in verschiedenen Krisen und schwierigen Lebenssituationen. Sie helfen, sich zu beruhigen und einen ruhigen Kopf zu bewahren. Sie wirken auf unsere Gef\u00fchlslage und helfen, diese zu harmonisieren.<\/p>\n<p>\ud83d\udc9a Die Tropfen werden am Tag des Versands von Hand verpackt.<br \/>\n\ud83d\udc9a Sie sind f\u00fcr alle Menschen (schwangere Frauen, \u00e4ltere Menschen, Kinder,&#8230;) und Tiere geeignet.<br \/>\n\ud83d\udc9a Sie haben keine Nebenwirkungen, machen nicht s\u00fcchtig und k\u00f6nnen nicht \u00fcberdosiert werden.<br \/>\n\ud83d\udc9a Die ersten Ergebnisse k\u00f6nnen nach ein paar Tagen oder Wochen eintreten, dies h\u00e4ngt von jedem Einzelnen ab.<br \/>\n\ud83d\udc9a Es gibt keine Wechselwirkungen mit anderen Medikamenten.<\/p>\n","protected":false},"featured_media":6898,"comment_status":"open","ping_status":"closed","template":"","meta":{"_acf_changed":false},"product_brand":[],"product_cat":[15,225,224,237],"product_tag":[],"class_list":{"0":"post-6920","1":"product","2":"type-product","3":"status-publish","4":"has-post-thumbnail","6":"product_cat-uncategorized","7":"product_cat-alle-produkte","8":"product_cat-angebot","9":"product_cat-bachblueten","11":"first","12":"instock","13":"taxable","14":"shipping-taxable","15":"purchasable","16":"product-type-simple"},"acf":[],"_links":{"self":[{"href":"https:\/\/fengchashop.com\/de\/wp-json\/wp\/v2\/product\/6920","targetHints":{"allow":["GET"]}}],"collection":[{"href":"https:\/\/fengchashop.com\/de\/wp-json\/wp\/v2\/product"}],"about":[{"href":"https:\/\/fengchashop.com\/de\/wp-json\/wp\/v2\/types\/product"}],"replies":[{"embeddable":true,"href":"https:\/\/fengchashop.com\/de\/wp-json\/wp\/v2\/comments?post=6920"}],"wp:featuredmedia":[{"embeddable":true,"href":"https:\/\/fengchashop.com\/de\/wp-json\/wp\/v2\/media\/6898"}],"wp:attachment":[{"href":"https:\/\/fengchashop.com\/de\/wp-json\/wp\/v2\/media?parent=6920"}],"wp:term":[{"taxonomy":"product_brand","embeddable":true,"href":"https:\/\/fengchashop.com\/de\/wp-json\/wp\/v2\/product_brand?post=6920"},{"taxonomy":"product_cat","embeddable":true,"href":"https:\/\/fengchashop.com\/de\/wp-json\/wp\/v2\/product_cat?post=6920"},{"taxonomy":"product_tag","embeddable":true,"href":"https:\/\/fengchashop.com\/de\/wp-json\/wp\/v2\/product_tag?post=6920"}],"curies":[{"name":"wp","href":"https:\/\/api.w.org\/{rel}","templated":true}]}}