{"id":6917,"date":"2022-02-06T22:05:00","date_gmt":"2022-02-06T21:05:00","guid":{"rendered":"https:\/\/fengchashop.com\/de\/product\/bachblueten-angst\/"},"modified":"2026-01-28T17:46:05","modified_gmt":"2026-01-28T16:46:05","slug":"bachblueten-angst","status":"publish","type":"product","link":"https:\/\/fengchashop.com\/de\/product\/bachblueten-angst\/","title":{"rendered":"Bachbl\u00fcten Angst"},"content":{"rendered":"<h2 style=\"text-align: justify;\"><span style=\"color: #000000;\">Bach-Tropfen gegen Angstzust\u00e4nde<\/span><\/h2>\n<p style=\"text-align: justify;\"><span style=\"color: #000000;\">Angst ist ein emotionaler Zustand, der von Gef\u00fchlen des Unbehagens, der Angst und der Anspannung begleitet wird. Sie ist eine <strong>nat\u00fcrliche Reaktion<\/strong> auf Gefahren in der Umwelt. Diese Reaktion erm\u00f6glicht es uns, in kritischen Situationen zu \u00fcberleben. Allerdings treten \u00c4ngste zunehmend auch in nicht bedrohlichen Situationen auf. Sie tritt auch als Folge von Stress und einem von Sorgen gepr\u00e4gten Lebensstil auf. Unser K\u00f6rper befindet sich in st\u00e4ndiger Anspannung. Wir selbst sind k\u00f6rperlich und geistig \u00fcberfordert. Unser K\u00f6rper ist darauf vorbereitet, mit einem Adrenalinsto\u00df zu fliehen oder zu k\u00e4mpfen, aber das hilft uns in einer bestimmten Situation nicht weiter. Es gibt verschiedene Arten von Angst, von denen die meisten auch mit Panik- und\/oder Angstattacken einhergehen k\u00f6nnen, die \u00e4u\u00dferst unangenehme physische und psychische Erfahrungen sind.<\/span><\/p>\n<p style=\"text-align: justify;\"><span style=\"color: #000000;\">Haben Sie Angst und f\u00fchlen sich <strong>\u00e4ngstlich<\/strong>? Haben Sie kein Vertrauen in sich selbst? Haben Sie Probleme bei der Arbeit? Haben Sie eine Angstst\u00f6rung, eine <strong>Phobie<\/strong>? M\u00f6chten Sie sich ruhig f\u00fchlen und Ihre Lebensenergie verbessern? Dann haben wir die L\u00f6sung f\u00fcr Sie.<\/span><\/p>\n<p style=\"text-align: justify;\"><span style=\"color: #000000;\">Sie k\u00f6nnen die ersten Ergebnisse nach ein paar Tagen oder Wochen bemerken, das h\u00e4ngt von jedem Einzelnen ab. Die zubereitete Mischung reicht f\u00fcr 30 Tage, einfach direkt in den Mund geben oder in ein Glas Wasser tropfen. <\/span><\/p>\n<h2 style=\"text-align: justify;\"><span style=\"color: #000000;\">Wie Bach-Tropfen wirken<\/span><\/h2>\n<p style=\"text-align: justify;\"><span style=\"color: #000000;\">Bach-Tropfen wirken effektiv gegen verschiedene <strong>emotionale Leiden des Menschen<\/strong>. <strong>Angstzust\u00e4nde in all ihren Formen sind sicherlich einer dieser Zust\u00e4nde<\/strong>. Bach-Tropfen helfen uns in verschiedenen Krisen und schwierigen Lebenssituationen, Pr\u00fcfungen. Sie helfen uns, uns zu beruhigen und einen ruhigen Kopf zu bewahren, weil sie auf unseren emotionalen Zustand einwirken und ihn harmonisieren. Mit Hilfe der Bach-Tropfen \u00fcbernehmen wir die Kontrolle \u00fcber <strong>unsere Emotionen<\/strong> und nur so schaffen wir Harmonie und finden so unseren inneren Frieden.<\/span><\/p>\n<p style=\"text-align: justify;\"><span style=\"color: #000000;\">Die Bach-Therapie f\u00f6rdert die Selbstheilung und die geistige Entspannung. Nach der Theorie von Dr. Bach liegt die Ursache von Krankheiten in einem unharmonischen Zustand oder in einem Mangel an Harmonie zwischen K\u00f6rper und Seele. Mit Hilfe von Bl\u00fctenessenzen versuchen wir, Krankheiten zu heilen, indem wir uns die <strong>positiven Eigenschaften der Bl\u00fcten<\/strong> zunutze machen, um das Gleichgewicht in uns selbst wiederherzustellen.<\/span><\/p>\n<p style=\"text-align: justify;\"><span style=\"color: #000000;\">Die Bach-Tropfen werden nach der Methode von Dr. Bach hergestellt, wobei<strong> nur Original-Bach-Essenzen<\/strong> verwendet werden.<\/span><\/p>\n<p style=\"text-align: justify;\"><span style=\"color: #000000;\">Die Bach-Tropfen werden aus einer Flasche mit beigef\u00fcgter Pipette entnommen, was die Dosierung sehr einfach macht. Nehmen Sie 4 Mal am Tag 4 Tropfen \u00fcber den Tag verteilt ein. Die Flasche, die Sie erhalten, reicht f\u00fcr eine Therapie von 1 Monat. <\/span><\/p>\n<p style=\"text-align: justify;\"><span style=\"color: #000000;\">Jede Flasche der ausgew\u00e4hlten Mischung <strong>wird von Hand und in Echtzeit zubereitet<\/strong>. Um die Mischung l\u00e4nger frisch zu halten, verwenden wir etwas Alkohol (Cognac). Die Mischung ist ab Kaufdatum 1 Monat haltbar.<\/span><\/p>\n<p style=\"text-align: justify;\"><span style=\"color: #000000;\">Da Bach-Tropfen <strong>keine Nebenwirkungen haben<\/strong>, k\u00f6nnen sie nicht \u00fcberdosiert werden und machen nicht s\u00fcchtig. Sie sind f\u00fcr alle geeignet &#8211; Schwangere, stillende M\u00fctter, \u00e4ltere Menschen, Kinder und Tiere.<\/span><\/p>\n<p style=\"text-align: justify;\"><span style=\"color: #000000;\">Es gibt keine Wechselwirkungen mit anderen Medikamenten.<\/span><\/p>\n<h2 style=\"text-align: justify;\"><span style=\"color: #000000;\">Aufbewahrung<\/span><\/h2>\n<p style=\"text-align: justify;\"><span style=\"color: #000000;\">An einem trockenen, dunklen Ort bei einer Temperatur von bis zu +25 \u00b0C aufbewahren.<\/span><\/p>\n<h2 style=\"text-align: justify;\"><span style=\"color: #000000;\">Menge<\/span><\/h2>\n<p style=\"text-align: justify;\"><span style=\"color: #000000;\">30 ml (ausreichend f\u00fcr 30 Tage bei regelm\u00e4\u00dfiger Anwendung)<\/span><\/p>\n","protected":false},"excerpt":{"rendered":"<p>Bach-Tropfen sind wirksam gegen verschiedene seelische N\u00f6te. Sie helfen in verschiedenen Krisen und schwierigen Lebenssituationen. Sie helfen, sich zu beruhigen und einen ruhigen Kopf zu bewahren. Sie wirken auf unsere Gef\u00fchlslage und helfen, diese zu harmonisieren.<\/p>\n<p>\ud83d\udc9a Die Tropfen werden am Tag des Versands von Hand verpackt.<br \/>\n\ud83d\udc9a Sie sind f\u00fcr alle Menschen (schwangere Frauen, \u00e4ltere Menschen, Kinder,&#8230;) und Tiere geeignet.<br \/>\n\ud83d\udc9a Sie haben keine Nebenwirkungen, machen nicht s\u00fcchtig und k\u00f6nnen nicht \u00fcberdosiert werden.<br \/>\n\ud83d\udc9a Die ersten Ergebnisse k\u00f6nnen nach ein paar Tagen oder Wochen eintreten, dies h\u00e4ngt von jedem Einzelnen ab.<br \/>\n\ud83d\udc9a Es gibt keine Wechselwirkungen mit anderen Medikamenten.<\/p>\n","protected":false},"featured_media":6898,"comment_status":"open","ping_status":"closed","template":"","meta":{"_acf_changed":false},"product_brand":[],"product_cat":[15,225,224,237],"product_tag":[],"class_list":{"0":"post-6917","1":"product","2":"type-product","3":"status-publish","4":"has-post-thumbnail","6":"product_cat-uncategorized","7":"product_cat-alle-produkte","8":"product_cat-angebot","9":"product_cat-bachblueten","11":"first","12":"instock","13":"sale","14":"taxable","15":"shipping-taxable","16":"purchasable","17":"product-type-simple"},"acf":[],"_links":{"self":[{"href":"https:\/\/fengchashop.com\/de\/wp-json\/wp\/v2\/product\/6917","targetHints":{"allow":["GET"]}}],"collection":[{"href":"https:\/\/fengchashop.com\/de\/wp-json\/wp\/v2\/product"}],"about":[{"href":"https:\/\/fengchashop.com\/de\/wp-json\/wp\/v2\/types\/product"}],"replies":[{"embeddable":true,"href":"https:\/\/fengchashop.com\/de\/wp-json\/wp\/v2\/comments?post=6917"}],"wp:featuredmedia":[{"embeddable":true,"href":"https:\/\/fengchashop.com\/de\/wp-json\/wp\/v2\/media\/6898"}],"wp:attachment":[{"href":"https:\/\/fengchashop.com\/de\/wp-json\/wp\/v2\/media?parent=6917"}],"wp:term":[{"taxonomy":"product_brand","embeddable":true,"href":"https:\/\/fengchashop.com\/de\/wp-json\/wp\/v2\/product_brand?post=6917"},{"taxonomy":"product_cat","embeddable":true,"href":"https:\/\/fengchashop.com\/de\/wp-json\/wp\/v2\/product_cat?post=6917"},{"taxonomy":"product_tag","embeddable":true,"href":"https:\/\/fengchashop.com\/de\/wp-json\/wp\/v2\/product_tag?post=6917"}],"curies":[{"name":"wp","href":"https:\/\/api.w.org\/{rel}","templated":true}]}}