{"id":6911,"date":"2022-02-06T21:25:00","date_gmt":"2022-02-06T20:25:00","guid":{"rendered":"https:\/\/fengchashop.com\/de\/product\/bachblueten-erste-hilfe-fuer-tiere\/"},"modified":"2026-01-28T17:46:16","modified_gmt":"2026-01-28T16:46:16","slug":"bachblueten-erste-hilfe-fuer-tiere","status":"publish","type":"product","link":"https:\/\/fengchashop.com\/de\/product\/bachblueten-erste-hilfe-fuer-tiere\/","title":{"rendered":"Bachbl\u00fcten Erste Hilfe f\u00fcr Tiere"},"content":{"rendered":"<h2 style=\"text-align: justify;\"><span style=\"color: #000000;\">Bachbl\u00fcten Erste Hilfe f\u00fcr Tiere<\/span><\/h2>\n<p style=\"text-align: justify;\"><span style=\"color: #000000;\">Aus dem einen oder anderen Grund haben viele Haustiere Schwierigkeiten, mit ansonsten normalen Situationen zurechtzukommen. Sei es ein Tierarztbesuch, Angst vor dem Alleinsein, das Knallen von Feuerwerksk\u00f6rpern oder einfach nur das Waschen und Striegeln. Das Problem kann sich mit der Zeit immer mehr verst\u00e4rken. Um zu verhindern, dass es f\u00fcr das Tier und den Besitzer unbeherrschbar und \u00fcberfordernd wird, ist das Bachbl\u00fctenpr\u00e4parat die richtige erste Hilfe in einer solchen Situation. Mit Hilfe von Bachbl\u00fctentropfen <strong>k\u00f6nnen Sie<\/strong> Ihrem Tier <strong>helfen, Spannungen, Stress und \u00c4ngste abzubauen und sein Verhalten besser zu kontrollieren<\/strong>.<\/span><\/p>\n<p style=\"text-align: justify;\"><span style=\"color: #000000;\">Ein Bach-Therapeut stellt in Absprache mit dem Tierbesitzer oder -betreuer eine <b>spezielle Mischung von<\/b> Bl\u00fctenessenzen her. So entsteht eine frische Mischung<strong> f\u00fcr die erste Hilfe<\/strong> (Rescue-Mittel, auch Rettungsmittel). Die Mischung ist 1 Monat lang haltbar und frei von Konservierungsstoffen. Die Bach-Tropfen sollten in einer Krisensituation <strong>auf die Zunge <\/strong><strong>oder die<\/strong><strong> Nase<\/strong> des <strong>Tieres aufgetragen <\/strong> werden.<\/span><\/p>\n<h2 style=\"text-align: justify;\"><span style=\"color: #000000;\">Wirkung von Bach-Tropfen<\/span><\/h2>\n<p style=\"text-align: justify;\"><span style=\"color: #000000;\">Bach-Tropfen wirken effektiv gegen verschiedene <strong>seelische N\u00f6te des Tieres<\/strong>. Sie helfen auch in verschiedenen Krisen und schwierigen Lebenssituationen, wie z.B. bei Krankheit und bei der Bew\u00e4ltigung einer neuen Umgebung, neuer Besitzer. Sie helfen dem Tier, sich zu beruhigen. Die Tropfen wirken auf den emotionalen Zustand des Tieres ein und helfen, ihn zu harmonisieren.<\/span><\/p>\n<p style=\"text-align: justify;\"><span style=\"color: #000000;\">Erste Hilfe f\u00fcr Tiere <strong>ist wirksam, wenn das Tier:<\/strong><\/span><\/p>\n<ul>\n<li><span style=\"color: #000000;\"><em>in Panik oder Angstzust\u00e4nden ist,<\/em><\/span><\/li>\n<li><span style=\"color: #000000;\"><em>pl\u00f6tzlich besorgt ist,<\/em><\/span><\/li>\n<li><span style=\"color: #000000;\"><em>mit einer stressigen Situation konfrontiert ist (L\u00e4rm, Sturm, Knall, Feuerwerk usw.); oder<\/em><\/span><\/li>\n<li><span style=\"color: #000000;\"><em>ein traumatisches Erlebnis hatte (Umzug, Krampfanfall, Tierarztbesuch, etc.).<\/em> <\/span><\/li>\n<\/ul>\n<p style=\"text-align: justify;\"><span style=\"color: #000000;\">Die Bach-Tropfen-Mischungen werden nach der Methode von Dr. Bach hergestellt, wobei<b> nur Original-Bach-Essenzen<\/b> verwendet werden. Die Bach-Tropfen werden aus einer Flasche mit beigef\u00fcgter Pipette entnommen, was die Dosierung sehr einfach macht. Sie sind f\u00fcr alle Tiere geeignet (Hunde, Katzen, Pferde, V\u00f6gel, Hamster, etc.). Sie haben keine <strong>Nebenwirkungen<\/strong> und k\u00f6nnen nicht \u00fcberdosiert werden. <\/span><\/p>\n<p style=\"text-align: justify;\"><span style=\"color: #000000;\">Jede Flasche<b> <\/b>der ausgew\u00e4hlten Mischung <b>wird manuell und in Echtzeit zu<\/b>bereitet.<\/span><\/p>\n<h2 style=\"text-align: justify;\"><span style=\"color: #000000;\">Lagerung<\/span><\/h2>\n<p style=\"text-align: justify;\"><span style=\"color: #000000;\">An einem trockenen und dunklen Ort bei einer Temperatur von bis zu +25 \u00b0C aufbewahren.<\/span><\/p>\n<h2 style=\"text-align: justify;\"><span style=\"color: #000000;\">Menge<\/span><\/h2>\n<p style=\"text-align: justify;\"><span style=\"color: #000000;\">30 ml<\/span><\/p>\n","protected":false},"excerpt":{"rendered":"<p>Bach-Tropfen sind wirksam gegen verschiedene seelische N\u00f6te. Sie helfen in verschiedenen Krisen und schwierigen Lebenssituationen. Sie helfen, sich zu beruhigen und einen ruhigen Kopf zu bewahren. Sie wirken auf unsere Gef\u00fchlslage und helfen, diese zu harmonisieren.<\/p>\n<p>\ud83d\udc9a\u00a0Die Tropfen werden am Tag des Versands von Hand verpackt.<br \/>\n\ud83d\udc9a Sie sind f\u00fcr alle Menschen (schwangere Frauen, \u00e4ltere Menschen, Kinder,&#8230;) und Tiere geeignet.<br \/>\n\ud83d\udc9a Sie haben keine Nebenwirkungen, machen nicht s\u00fcchtig und k\u00f6nnen nicht \u00fcberdosiert werden.<br \/>\n\ud83d\udc9a Die ersten Ergebnisse k\u00f6nnen nach ein paar Tagen oder Wochen eintreten, dies h\u00e4ngt von jedem Einzelnen ab.<br \/>\n0\ud83d\udc9aEs gibt keine Wechselwirkungen mit anderen Medikamenten.<\/p>\n","protected":false},"featured_media":6898,"comment_status":"open","ping_status":"closed","template":"","meta":{"_acf_changed":false},"product_brand":[],"product_cat":[15,225,224,237],"product_tag":[],"class_list":{"0":"post-6911","1":"product","2":"type-product","3":"status-publish","4":"has-post-thumbnail","6":"product_cat-uncategorized","7":"product_cat-alle-produkte","8":"product_cat-angebot","9":"product_cat-bachblueten","11":"first","12":"instock","13":"sale","14":"taxable","15":"shipping-taxable","16":"purchasable","17":"product-type-simple"},"acf":[],"_links":{"self":[{"href":"https:\/\/fengchashop.com\/de\/wp-json\/wp\/v2\/product\/6911","targetHints":{"allow":["GET"]}}],"collection":[{"href":"https:\/\/fengchashop.com\/de\/wp-json\/wp\/v2\/product"}],"about":[{"href":"https:\/\/fengchashop.com\/de\/wp-json\/wp\/v2\/types\/product"}],"replies":[{"embeddable":true,"href":"https:\/\/fengchashop.com\/de\/wp-json\/wp\/v2\/comments?post=6911"}],"wp:featuredmedia":[{"embeddable":true,"href":"https:\/\/fengchashop.com\/de\/wp-json\/wp\/v2\/media\/6898"}],"wp:attachment":[{"href":"https:\/\/fengchashop.com\/de\/wp-json\/wp\/v2\/media?parent=6911"}],"wp:term":[{"taxonomy":"product_brand","embeddable":true,"href":"https:\/\/fengchashop.com\/de\/wp-json\/wp\/v2\/product_brand?post=6911"},{"taxonomy":"product_cat","embeddable":true,"href":"https:\/\/fengchashop.com\/de\/wp-json\/wp\/v2\/product_cat?post=6911"},{"taxonomy":"product_tag","embeddable":true,"href":"https:\/\/fengchashop.com\/de\/wp-json\/wp\/v2\/product_tag?post=6911"}],"curies":[{"name":"wp","href":"https:\/\/api.w.org\/{rel}","templated":true}]}}