{"id":6908,"date":"2022-02-06T21:09:00","date_gmt":"2022-02-06T20:09:00","guid":{"rendered":"https:\/\/fengchashop.com\/de\/product\/bachblueten-scheidung\/"},"modified":"2026-01-28T17:46:20","modified_gmt":"2026-01-28T16:46:20","slug":"bachblueten-scheidung","status":"publish","type":"product","link":"https:\/\/fengchashop.com\/de\/product\/bachblueten-scheidung\/","title":{"rendered":"Bachbl\u00fcten Scheidung"},"content":{"rendered":"<h2 style=\"text-align: justify;\"><span style=\"color: #000000;\">Bachtropfen bei Scheidung<\/span><\/h2>\n<p style=\"text-align: justify;\"><span style=\"color: #000000;\">Das Leben stellt uns oft auf die Probe. Und selbst ein solides Eheleben kann ins Wanken geraten. Wenn wir an den Punkt kommen, an dem wir uns scheiden lassen m\u00fcssen, m\u00fcssen wir uns zun\u00e4chst dem seelischen Schmerz stellen, den die Scheidung verursacht hat. Erst dann sind wir bereit, uns den <strong>erlebten Gef\u00fchlen zu stellen und zu versuchen, einen neuen Weg im Leben einzuschlagen<\/strong>. Bach-Tropfen k\u00f6nnen die perfekte und richtige L\u00f6sung f\u00fcr Sie sein.<\/span><\/p>\n<p><span style=\"color: #000000;\">Die ersten Ergebnisse werden nach ein paar Tagen oder Wochen sichtbar, das h\u00e4ngt von jedem Einzelnen ab. Die vorbereitete Mischung reicht f\u00fcr 30 Tage, einfach direkt in den Mund nehmen oder in ein Glas Wasser tropfen. <\/span><\/p>\n<p style=\"text-align: justify;\"><span style=\"color: #000000;\">Diese spezielle Mischung wird Ihnen helfen:<\/span><\/p>\n<ul style=\"text-align: justify;\">\n<li><span style=\"color: #000000;\">den Trennungsschmerz leichter zu verkraften,<\/span><\/li>\n<li><span style=\"color: #000000;\">mit Ihrem Leben weiterzumachen,<\/span><\/li>\n<li><span style=\"color: #000000;\">mit einer neuen Situation fertig zu werden,<\/span><\/li>\n<li><span style=\"color: #000000;\">Schuldgef\u00fchle abzubauen,<\/span><\/li>\n<li><span style=\"color: #000000;\">sich einer hoffnungsvollen Zukunft zuzuwenden.<\/span><\/li>\n<\/ul>\n<h2 style=\"text-align: justify;\"><span style=\"color: #000000;\">Die Wirkung von Bach-Tropfen<\/span><\/h2>\n<p style=\"text-align: justify;\"><span style=\"color: #000000;\">Bach-Tropfen wirken effektiv gegen verschiedene <strong>emotionale N\u00f6te des Menschen, wie zum Beispiel die gemischten Gef\u00fchle einer Trennung<\/strong>. Bach-Tropfen helfen uns auch in verschiedenen Krisen und schwierigen Lebenssituationen, in Pr\u00fcfungen und Bedr\u00e4ngnissen. Sie helfen uns, uns zu beruhigen und einen ruhigen Kopf zu bewahren, denn sie wirken auf unsere Gef\u00fchlslage und helfen, diese zu harmonisieren. Mit Hilfe der Bachtropfen \u00fcbernehmen wir die Kontrolle \u00fcber <b>unsere Emotionen<\/b>, und nur so k\u00f6nnen wir Harmonie schaffen und so unseren inneren Frieden finden.<\/span><\/p>\n<p style=\"text-align: justify;\"><span style=\"color: #000000;\">Die Bach-Therapie f\u00f6rdert die Selbstheilung und die geistige Entspannung. Nach der Theorie von Dr. Bach liegt die Ursache von Krankheiten in einem unharmonischen Zustand oder in einem Mangel an Harmonie zwischen K\u00f6rper und Seele. Mit Hilfe von Bl\u00fctenessenzen versuchen wir, Krankheiten zu heilen, indem wir uns die <b>positiven Eigenschaften der Bl\u00fcten<\/b> zunutze machen, um das Gleichgewicht in uns selbst wiederherzustellen.<\/span><\/p>\n<p style=\"text-align: justify;\"><span style=\"color: #000000;\">Die Bach-Tropfen werden nach der Methode von Dr. Bach hergestellt, wobei<b> nur Original-Bach-Essenzen<\/b> verwendet werden.<\/span><\/p>\n<p style=\"text-align: justify;\"><span style=\"color: #000000;\">Die Bach-Tropfen werden aus einer Flasche mit beigef\u00fcgter Pipette entnommen, was die Dosierung sehr einfach macht. Nehmen Sie 4 Mal am Tag 4 Tropfen \u00fcber den Tag verteilt ein. Die Flasche, die Sie erhalten, ist ausreichend f\u00fcr eine 1-monatige Therapie. <\/span><\/p>\n<p style=\"text-align: justify;\"><span style=\"color: #000000;\">Jede Flasche<b> <\/b>der ausgew\u00e4hlten Mischung <b>wird von Hand und an Ort und Stelle zubereitet<\/b>. Um die Mischung l\u00e4nger frisch zu halten, verwenden wir etwas Alkohol (Cognac). Die Mischung ist ab Kaufdatum 1 Monat haltbar.<\/span><\/p>\n<p style=\"text-align: justify;\"><span style=\"color: #000000;\">Da Bach-Tropfen <strong>keine<\/strong> <b>Nebenwirkungen<\/b> <strong>haben<\/strong>, k\u00f6nnen sie nicht \u00fcberdosiert werden und machen nicht s\u00fcchtig. Sie sind f\u00fcr alle geeignet &#8211; Schwangere, stillende M\u00fctter, \u00e4ltere Menschen, Kinder und Tiere.<\/span><\/p>\n<p style=\"text-align: justify;\"><span style=\"color: #000000;\">Es gibt keine Wechselwirkungen mit anderen Medikamenten.<\/span><\/p>\n<h2 style=\"text-align: justify;\"><span style=\"color: #000000;\">Aufbewahrung<\/span><\/h2>\n<p style=\"text-align: justify;\"><span style=\"color: #000000;\">An einem trockenen, dunklen Ort bei einer Temperatur von bis zu +25 \u00b0C aufbewahren.<\/span><\/p>\n<h2 style=\"text-align: justify;\"><span style=\"color: #000000;\">Menge<\/span><\/h2>\n<p style=\"text-align: justify;\"><span style=\"color: #000000;\">30 ml (ausreichend f\u00fcr 30 Tage bei regelm\u00e4\u00dfiger Anwendung)<\/span><\/p>\n","protected":false},"excerpt":{"rendered":"<p>Bach-Tropfen sind wirksam gegen verschiedene seelische N\u00f6te. Sie helfen in verschiedenen Krisen und schwierigen Lebenssituationen. Sie helfen, sich zu beruhigen und einen ruhigen Kopf zu bewahren. Sie wirken auf unsere Gef\u00fchlslage und helfen, diese zu harmonisieren.<\/p>\n<p>\ud83d\udc9a Die Tropfen werden am Tag des Versands von Hand verpackt.<br \/>\n\ud83d\udc9a Sie sind f\u00fcr alle Menschen (schwangere Frauen, \u00e4ltere Menschen, Kinder,&#8230;) und Tiere geeignet.<br \/>\n\ud83d\udc9a Sie haben keine Nebenwirkungen, machen nicht s\u00fcchtig und k\u00f6nnen nicht \u00fcberdosiert werden.<br \/>\n\ud83d\udc9a Die ersten Ergebnisse k\u00f6nnen nach ein paar Tagen oder Wochen eintreten, dies h\u00e4ngt von jedem Einzelnen ab.<br \/>\n\ud83d\udc9a Es gibt keine Wechselwirkungen mit anderen Medikamenten.<\/p>\n","protected":false},"featured_media":6898,"comment_status":"open","ping_status":"closed","template":"","meta":{"_acf_changed":false},"product_brand":[],"product_cat":[15,225,224,237],"product_tag":[],"class_list":{"0":"post-6908","1":"product","2":"type-product","3":"status-publish","4":"has-post-thumbnail","6":"product_cat-uncategorized","7":"product_cat-alle-produkte","8":"product_cat-angebot","9":"product_cat-bachblueten","11":"first","12":"instock","13":"sale","14":"taxable","15":"shipping-taxable","16":"purchasable","17":"product-type-simple"},"acf":[],"_links":{"self":[{"href":"https:\/\/fengchashop.com\/de\/wp-json\/wp\/v2\/product\/6908","targetHints":{"allow":["GET"]}}],"collection":[{"href":"https:\/\/fengchashop.com\/de\/wp-json\/wp\/v2\/product"}],"about":[{"href":"https:\/\/fengchashop.com\/de\/wp-json\/wp\/v2\/types\/product"}],"replies":[{"embeddable":true,"href":"https:\/\/fengchashop.com\/de\/wp-json\/wp\/v2\/comments?post=6908"}],"wp:featuredmedia":[{"embeddable":true,"href":"https:\/\/fengchashop.com\/de\/wp-json\/wp\/v2\/media\/6898"}],"wp:attachment":[{"href":"https:\/\/fengchashop.com\/de\/wp-json\/wp\/v2\/media?parent=6908"}],"wp:term":[{"taxonomy":"product_brand","embeddable":true,"href":"https:\/\/fengchashop.com\/de\/wp-json\/wp\/v2\/product_brand?post=6908"},{"taxonomy":"product_cat","embeddable":true,"href":"https:\/\/fengchashop.com\/de\/wp-json\/wp\/v2\/product_cat?post=6908"},{"taxonomy":"product_tag","embeddable":true,"href":"https:\/\/fengchashop.com\/de\/wp-json\/wp\/v2\/product_tag?post=6908"}],"curies":[{"name":"wp","href":"https:\/\/api.w.org\/{rel}","templated":true}]}}