{"id":6907,"date":"2022-02-06T21:07:00","date_gmt":"2022-02-06T20:07:00","guid":{"rendered":"https:\/\/fengchashop.com\/de\/product\/bachblueten-gewichtsverlust\/"},"modified":"2026-01-28T17:46:23","modified_gmt":"2026-01-28T16:46:23","slug":"bachblueten-gewichtsverlust","status":"publish","type":"product","link":"https:\/\/fengchashop.com\/de\/product\/bachblueten-gewichtsverlust\/","title":{"rendered":"Bachbl\u00fcten Gewichtsverlust"},"content":{"rendered":"<h2 style=\"text-align: justify;\"><span style=\"color: #000000;\">Bachbl\u00fcten zur Gewichtsabnahme<\/span><\/h2>\n<p style=\"text-align: justify;\"><span style=\"color: #000000;\">Jede Frau (und auch jeder Mann) hat mindestens einmal in ihrem Leben versucht, abzunehmen. Und auch wenn wir meist durch Modetrends dazu getrieben werden, stehen Gesundheit und Wohlbefinden immer an erster Stelle. Wenn wir jedoch hart trainieren und\/oder unsere Nahrungsaufnahme kontrollieren, haben wir oft mit emotionalen Problemen zu k\u00e4mpfen, denn Abnehmen ist mental und psychologisch oft das Schwierigste, was man tun kann. Interessiert es Sie, wie Sie <strong>sich emotional beim Abnehmen helfen<\/strong> k\u00f6nnen, um<strong>mehr Energie<\/strong> und <strong>vor allem Motivation<\/strong> zu<strong>haben<\/strong>, Ihr Ziel durchzuhalten? Dann haben wir die L\u00f6sung f\u00fcr Sie.<\/span><\/p>\n<p style=\"text-align: justify;\"><span style=\"color: #000000;\">Sie k\u00f6nnen die ersten Ergebnisse nach einigen Tagen oder Wochen feststellen, das h\u00e4ngt von jedem Einzelnen ab. Die zubereitete Mischung reicht f\u00fcr 30 Tage. Nehmen Sie sie einfach direkt in den Mund oder geben Sie sie in ein Glas Wasser. <\/span><\/p>\n<p style=\"text-align: justify;\"><span style=\"color: #000000;\">Diese spezielle Mischung wird Ihnen helfen:<\/span><\/p>\n<ul style=\"text-align: justify;\">\n<li><span style=\"color: #000000;\"><em>Ihre Essgewohnheiten zu \u00e4ndern,<\/em><\/span><\/li>\n<li><span style=\"color: #000000;\"><em>die Schuldgef\u00fchle zu \u00fcberwinden, wenn man keinen Erfolg hat,<\/em><\/span><\/li>\n<li><span style=\"color: #000000;\"><em>Geduld zu bewahren, wenn die Ergebnisse nicht schnell sichtbar sind,<\/em><\/span><\/li>\n<li><span style=\"color: #000000;\"><em>durchzuhalten, auch wenn es keine Ergebnisse gibt,<\/em><\/span><\/li>\n<li><span style=\"color: #000000;\"><em>in schwierigen Momenten Selbstbeherrschung zu haben.<\/em><\/span><\/li>\n<\/ul>\n<h2 style=\"text-align: justify;\"><span style=\"color: #000000;\"><b> Die Wirkung von Bachbl\u00fcten<\/b><\/span><\/h2>\n<p style=\"text-align: justify;\"><span style=\"color: #000000;\">Bach-Tropfen sind bei einer Vielzahl von <b>emotionalen Problemen<\/b> wirksam.<b> Beim Abnehmen sind wir zwangsl\u00e4ufig mit emotionalen Zust\u00e4nden konfrontiert, die uns auf unterschiedliche Weise beeinflussen und uns daran hindern k\u00f6nnen, unsere Ziele zu erreichen.<\/b> Bach-Tropfen helfen uns in verschiedenen Krisen und schwierigen Lebenssituationen. Sie helfen uns, uns zu beruhigen und einen ruhigen Kopf zu bewahren, denn sie wirken auf unsere Gef\u00fchlslage ein und helfen, diese zu harmonisieren. Mit Hilfe der Bach-Tropfen \u00fcbernehmen wir die Kontrolle \u00fcber <b>unsere Emotionen<\/b> und nur so schaffen wir Harmonie und finden so unseren inneren Frieden.<\/span><\/p>\n<p style=\"text-align: justify;\"><span style=\"color: #000000;\">Die Bach-Therapie f\u00f6rdert die Selbstheilung und die geistige Entspannung. Nach der Theorie von Dr. Bach liegt die Ursache von Krankheiten und Leiden in einem unharmonischen Zustand oder in einem Mangel an Harmonie zwischen K\u00f6rper und Seele. Mit Hilfe von Bl\u00fctenessenzen versuchen wir, diesen Zustand zu heilen, indem wir uns die <b>positiven Eigenschaften der Bl\u00fcten<\/b> zunutze machen, um das Gleichgewicht in uns selbst wiederherzustellen.<\/span><\/p>\n<p style=\"text-align: justify;\"><span style=\"color: #000000;\">Die Bach-Tropfen werden nach der Methode von Dr. Bach hergestellt, wobei<b> nur Original-Bach-Essenzen<\/b> verwendet werden.<\/span><\/p>\n<p style=\"text-align: justify;\"><span style=\"color: #000000;\">Die Bach-Tropfen werden aus einer Flasche mit beigef\u00fcgter Pipette entnommen, was die Dosierung sehr einfach macht. Nehmen Sie 4 Mal am Tag 4 Tropfen \u00fcber den Tag verteilt ein. Die Flasche, die Sie erhalten, ist ausreichend f\u00fcr eine 1-monatige Therapie. <\/span><\/p>\n<p style=\"text-align: justify;\"><span style=\"color: #000000;\">Jede Flasche<b> <\/b>der ausgew\u00e4hlten Mischung <b>wird von Hand und an Ort und Stelle zubereitet<\/b>. Um die Mischung l\u00e4nger frisch zu halten, verwenden wir etwas Alkohol (Cognac). Die Mischung ist ab Kaufdatum 1 Monat haltbar.<\/span><\/p>\n<p style=\"text-align: justify;\"><span style=\"color: #000000;\">Da Bach-Tropfen<strong> keine <\/strong><b>Nebenwirkungen<\/b><strong> haben <\/strong>, k\u00f6nnen sie nicht \u00fcberdosiert werden und machen nicht s\u00fcchtig. Sie sind f\u00fcr alle geeignet &#8211; Schwangere, stillende M\u00fctter, \u00e4ltere Menschen, Kinder und Tiere.<\/span><\/p>\n<p style=\"text-align: justify;\"><span style=\"color: #000000;\">Es gibt keine Wechselwirkungen mit anderen Medikamenten.<\/span><\/p>\n<h2 style=\"text-align: justify;\"><span style=\"color: #000000;\"><b>Aufbewahrung<\/b><\/span><\/h2>\n<p style=\"text-align: justify;\"><span style=\"color: #000000;\">An einem trockenen, dunklen Ort bei einer Temperatur von bis zu +25 \u00b0C aufbewahren.<\/span><\/p>\n<h2 style=\"text-align: justify;\"><span style=\"color: #000000;\"><b>Menge<\/b><\/span><\/h2>\n<p style=\"text-align: justify;\"><span style=\"color: #000000;\">30 ml (ausreichend f\u00fcr 30 Tage bei regelm\u00e4\u00dfiger Anwendung)<\/span><\/p>\n","protected":false},"excerpt":{"rendered":"<p>Bach-Tropfen sind wirksam gegen verschiedene seelische N\u00f6te. Sie helfen in verschiedenen Krisen und schwierigen Lebenssituationen. Sie helfen, sich zu beruhigen und einen ruhigen Kopf zu bewahren. Sie wirken auf unsere Gef\u00fchlslage und helfen, diese zu harmonisieren.<\/p>\n<p>\ud83d\udc9a Die Tropfen werden am Tag des Versands von Hand verpackt.<br \/>\n\ud83d\udc9a Sie sind f\u00fcr alle Menschen (schwangere Frauen, \u00e4ltere Menschen, Kinder,&#8230;) und Tiere geeignet.<br \/>\n\ud83d\udc9a Sie haben keine Nebenwirkungen, machen nicht s\u00fcchtig und k\u00f6nnen nicht \u00fcberdosiert werden.<br \/>\n\ud83d\udc9a Die ersten Ergebnisse k\u00f6nnen nach ein paar Tagen oder Wochen eintreten, dies h\u00e4ngt von jedem Einzelnen ab.<br \/>\n\ud83d\udc9a Es gibt keine Wechselwirkungen mit anderen Medikamenten.<\/p>\n","protected":false},"featured_media":6898,"comment_status":"open","ping_status":"closed","template":"","meta":{"_acf_changed":false},"product_brand":[],"product_cat":[15,225,224,237],"product_tag":[],"class_list":{"0":"post-6907","1":"product","2":"type-product","3":"status-publish","4":"has-post-thumbnail","6":"product_cat-uncategorized","7":"product_cat-alle-produkte","8":"product_cat-angebot","9":"product_cat-bachblueten","11":"first","12":"instock","13":"sale","14":"taxable","15":"shipping-taxable","16":"purchasable","17":"product-type-simple"},"acf":[],"_links":{"self":[{"href":"https:\/\/fengchashop.com\/de\/wp-json\/wp\/v2\/product\/6907","targetHints":{"allow":["GET"]}}],"collection":[{"href":"https:\/\/fengchashop.com\/de\/wp-json\/wp\/v2\/product"}],"about":[{"href":"https:\/\/fengchashop.com\/de\/wp-json\/wp\/v2\/types\/product"}],"replies":[{"embeddable":true,"href":"https:\/\/fengchashop.com\/de\/wp-json\/wp\/v2\/comments?post=6907"}],"wp:featuredmedia":[{"embeddable":true,"href":"https:\/\/fengchashop.com\/de\/wp-json\/wp\/v2\/media\/6898"}],"wp:attachment":[{"href":"https:\/\/fengchashop.com\/de\/wp-json\/wp\/v2\/media?parent=6907"}],"wp:term":[{"taxonomy":"product_brand","embeddable":true,"href":"https:\/\/fengchashop.com\/de\/wp-json\/wp\/v2\/product_brand?post=6907"},{"taxonomy":"product_cat","embeddable":true,"href":"https:\/\/fengchashop.com\/de\/wp-json\/wp\/v2\/product_cat?post=6907"},{"taxonomy":"product_tag","embeddable":true,"href":"https:\/\/fengchashop.com\/de\/wp-json\/wp\/v2\/product_tag?post=6907"}],"curies":[{"name":"wp","href":"https:\/\/api.w.org\/{rel}","templated":true}]}}