{"id":6904,"date":"2022-02-06T21:01:00","date_gmt":"2022-02-06T20:01:00","guid":{"rendered":"https:\/\/fengchashop.com\/de\/product\/bachblueten-aufmerksamkeit\/"},"modified":"2026-01-28T17:46:28","modified_gmt":"2026-01-28T16:46:28","slug":"bachblueten-aufmerksamkeit","status":"publish","type":"product","link":"https:\/\/fengchashop.com\/de\/product\/bachblueten-aufmerksamkeit\/","title":{"rendered":"Bachbl\u00fcten Aufmerksamkeit"},"content":{"rendered":"<h2 style=\"text-align: justify;\"><span style=\"color: #000000;\">Bach-Tropfen bei Aufmerksamkeitsdefiziten und hyperaktiven Kindern<\/span><\/h2>\n<p style=\"text-align: justify;\"><span style=\"color: #000000;\">Aufmerksamkeitsdefizite und Hyperaktivit\u00e4t bei Kindern gehen meist Hand in Hand. Manchmal k\u00f6nnen die Auswirkungen der Hyperaktivit\u00e4t durch Sport und k\u00f6rperliche Aktivit\u00e4ten gemildert werden. Aber manchmal braucht es einfach etwas mehr, vor allem, wenn sich das Kind (oder der Erwachsene) an den Tisch setzen und sich auf eine geistige T\u00e4tigkeit vorbereiten muss, die Konzentration und Aufmerksamkeit erfordert. Das ist etwas, worauf wir in der heutigen Zeit nicht verzichten k\u00f6nnen. In F\u00e4llen, in denen die bestehenden Therapien einfach nicht ausreichen oder die Aufmerksamkeitsst\u00f6rung nur geringf\u00fcgig ist, kann die Bachbl\u00fctentherapie die richtige L\u00f6sung sein.<\/span><\/p>\n<p style=\"text-align: justify;\"><span style=\"color: #000000;\">Interessiert es Sie, wie Sie sich selbst helfen k\u00f6nnen, mit <strong>Aufmerksamkeitsst\u00f6rungen<\/strong> leichter umzugehen? Oder vielleicht brauchen Ihre Kinder\/Jugendlichen Hilfe. Dann haben wir die richtige L\u00f6sung f\u00fcr Sie.<\/span><\/p>\n<p style=\"text-align: justify;\"><span style=\"color: #000000;\">Die ersten Ergebnisse werden Sie vielleicht schon nach ein paar Tagen oder Wochen bemerken, das h\u00e4ngt von jedem Einzelnen ab. Die zubereitete Mischung reicht f\u00fcr 30 Tage, einfach direkt in den Mund geben oder in ein Glas Wasser tropfen. <\/span><\/p>\n<p style=\"text-align: justify;\"><span style=\"color: #000000;\">Diese spezielle Mischung wird Sie dabei unterst\u00fctzen:<\/span><\/p>\n<ul>\n<li><span style=\"color: #000000;\"><em>Sie k\u00f6nnen sich besser und leichter auf Ihre Arbeit konzentrieren,<\/em><\/span><\/li>\n<li><span style=\"color: #000000;\"><em>die Auswirkungen von Ablenkungen durch irrelevante Reize in der Schule oder am Arbeitsplatz zu reduzieren,<\/em><\/span><\/li>\n<li><span style=\"color: #000000;\"><em>Sie werden in allt\u00e4glichen Situationen ruhiger und weniger impulsiv sein,<\/em><\/span><\/li>\n<li><span style=\"color: #000000;\"><em>es wird Ihnen leichter fallen, Hyperaktivit\u00e4t abzubauen,<\/em><\/span><\/li>\n<li><span style=\"color: #000000;\"><em>Sie werden Frustration und Entt\u00e4uschung abbauen, und<\/em><\/span><\/li>\n<li><span style=\"color: #000000;\"><em>Sie werden einfach besser in der Schule oder bei der Arbeit abschneiden.<\/em><\/span><\/li>\n<\/ul>\n<h2 style=\"text-align: justify;\"><span style=\"color: #000000;\">Die Wirkung von Bach-Tropfen<\/span><\/h2>\n<p style=\"text-align: justify;\"><span style=\"color: #000000;\">Bach-Tropfen wirken effektiv gegen verschiedene <b>emotionale Leiden des Menschen, wie zum Beispiel mangelnde Aufmerksamkeit. <\/b>Bach-Tropfen helfen uns auch in verschiedenen Krisen und schwierigen Lebenssituationen. Sie helfen uns, uns zu beruhigen und einen ruhigen Kopf zu bewahren, denn sie wirken auf unsere Gef\u00fchlslage und helfen, diese zu harmonisieren. Mit Hilfe der Bach-Tropfen \u00fcbernehmen wir die Kontrolle \u00fcber <b>unsere Emotionen<\/b>, und nur so k\u00f6nnen wir Harmonie schaffen und so unseren inneren Frieden finden.<\/span><\/p>\n<p style=\"text-align: justify;\"><span style=\"color: #000000;\">Die Bach-Therapie f\u00f6rdert die Selbstheilung und die geistige Entspannung. Nach der Theorie von Dr. Bach liegt die Ursache von Krankheiten in einem unharmonischen Zustand oder in einem Mangel an Harmonie zwischen K\u00f6rper und Seele. Mit Hilfe von Bl\u00fctenessenzen versuchen wir, Krankheiten zu heilen, indem wir uns die <b>positiven Eigenschaften der Bl\u00fcten<\/b> zunutze machen, um das Gleichgewicht in uns selbst wiederherzustellen.<\/span><\/p>\n<p style=\"text-align: justify;\"><span style=\"color: #000000;\">Die Bach-Tropfen werden nach der Methode von Dr. Bach hergestellt, wobei<b> nur Original-Bach-Essenzen<\/b> verwendet werden.<\/span><\/p>\n<p style=\"text-align: justify;\"><span style=\"color: #000000;\">Die Bach-Tropfen werden aus einer Flasche mit beigef\u00fcgter Pipette entnommen, was die Dosierung sehr einfach macht. Nehmen Sie 4 Mal am Tag 4 Tropfen \u00fcber den Tag verteilt ein. Die Flasche, die Sie erhalten, ist ausreichend f\u00fcr eine 1-monatige Therapie. <\/span><\/p>\n<p style=\"text-align: justify;\"><span style=\"color: #000000;\">Jede Flasche<b> <\/b>der ausgew\u00e4hlten Mischung <b>wird von Hand und an Ort und Stelle zubereitet<\/b>. Um die Mischung l\u00e4nger frisch zu halten, verwenden wir etwas Alkohol (Cognac). Die Mischung ist ab Kaufdatum 1 Monat haltbar.<\/span><\/p>\n<p style=\"text-align: justify;\"><span style=\"color: #000000;\">Da Bach-Tropfen <strong>keine <\/strong><b>Nebenwirkungen<\/b> <strong>haben <\/strong>, machen sie nicht s\u00fcchtig und k\u00f6nnen nicht \u00fcberdosiert werden. Sie sind f\u00fcr alle geeignet &#8211; Schwangere, stillende M\u00fctter, \u00e4ltere Menschen, Kinder und Tiere.<\/span><\/p>\n<p style=\"text-align: justify;\"><span style=\"color: #000000;\">Es gibt keine Wechselwirkungen mit anderen Medikamenten.<\/span><\/p>\n<h2 style=\"text-align: justify;\"><span style=\"color: #000000;\">Aufbewahrung<\/span><\/h2>\n<p style=\"text-align: justify;\"><span style=\"color: #000000;\">An einem trockenen, dunklen Ort bei einer Temperatur von bis zu +25 \u00b0C aufbewahren.<\/span><\/p>\n<h2 style=\"text-align: justify;\"><span style=\"color: #000000;\">Menge<\/span><\/h2>\n<p style=\"text-align: justify;\"><span style=\"color: #000000;\">30 ml (ausreichend f\u00fcr 30 Tage bei regelm\u00e4\u00dfiger Anwendung).<\/span><\/p>\n","protected":false},"excerpt":{"rendered":"<p>Bach-Tropfen sind wirksam gegen verschiedene seelische N\u00f6te. Sie helfen in verschiedenen Krisen und schwierigen Lebenssituationen. Sie helfen, sich zu beruhigen und einen ruhigen Kopf zu bewahren. Sie wirken auf unsere Gef\u00fchlslage und helfen, diese zu harmonisieren.<\/p>\n<p>\ud83d\udc9a Die Tropfen werden am Tag des Versands von Hand verpackt.<br \/>\n\ud83d\udc9a Sie sind f\u00fcr alle Menschen (schwangere Frauen, \u00e4ltere Menschen, Kinder,&#8230;) und Tiere geeignet.<br \/>\n\ud83d\udc9a Sie haben keine Nebenwirkungen, machen nicht s\u00fcchtig und k\u00f6nnen nicht \u00fcberdosiert werden.<br \/>\n\ud83d\udc9a Die ersten Ergebnisse k\u00f6nnen nach ein paar Tagen oder Wochen eintreten, dies h\u00e4ngt von jedem Einzelnen ab.<br \/>\n\ud83d\udc9a Es gibt keine Wechselwirkungen mit anderen Medikamenten.<\/p>\n","protected":false},"featured_media":6898,"comment_status":"open","ping_status":"closed","template":"","meta":{"_acf_changed":false},"product_brand":[],"product_cat":[15,225,224,237],"product_tag":[],"class_list":{"0":"post-6904","1":"product","2":"type-product","3":"status-publish","4":"has-post-thumbnail","6":"product_cat-uncategorized","7":"product_cat-alle-produkte","8":"product_cat-angebot","9":"product_cat-bachblueten","11":"first","12":"instock","13":"sale","14":"taxable","15":"shipping-taxable","16":"purchasable","17":"product-type-simple"},"acf":[],"_links":{"self":[{"href":"https:\/\/fengchashop.com\/de\/wp-json\/wp\/v2\/product\/6904","targetHints":{"allow":["GET"]}}],"collection":[{"href":"https:\/\/fengchashop.com\/de\/wp-json\/wp\/v2\/product"}],"about":[{"href":"https:\/\/fengchashop.com\/de\/wp-json\/wp\/v2\/types\/product"}],"replies":[{"embeddable":true,"href":"https:\/\/fengchashop.com\/de\/wp-json\/wp\/v2\/comments?post=6904"}],"wp:featuredmedia":[{"embeddable":true,"href":"https:\/\/fengchashop.com\/de\/wp-json\/wp\/v2\/media\/6898"}],"wp:attachment":[{"href":"https:\/\/fengchashop.com\/de\/wp-json\/wp\/v2\/media?parent=6904"}],"wp:term":[{"taxonomy":"product_brand","embeddable":true,"href":"https:\/\/fengchashop.com\/de\/wp-json\/wp\/v2\/product_brand?post=6904"},{"taxonomy":"product_cat","embeddable":true,"href":"https:\/\/fengchashop.com\/de\/wp-json\/wp\/v2\/product_cat?post=6904"},{"taxonomy":"product_tag","embeddable":true,"href":"https:\/\/fengchashop.com\/de\/wp-json\/wp\/v2\/product_tag?post=6904"}],"curies":[{"name":"wp","href":"https:\/\/api.w.org\/{rel}","templated":true}]}}