{"id":6903,"date":"2022-02-06T20:59:00","date_gmt":"2022-02-06T19:59:00","guid":{"rendered":"https:\/\/fengchashop.com\/de\/product\/bachblueten-pruefungen\/"},"modified":"2026-01-28T17:46:30","modified_gmt":"2026-01-28T16:46:30","slug":"bachblueten-pruefungen","status":"publish","type":"product","link":"https:\/\/fengchashop.com\/de\/product\/bachblueten-pruefungen\/","title":{"rendered":"Bachbl\u00fcten Pr\u00fcfungen"},"content":{"rendered":"<h2><span style=\"color: #000000;\">Bach-Tropfen zum Stressabbau vor Pr\u00fcfungen, Tests und Befragungen<\/span><\/h2>\n<p><span style=\"color: #000000;\">Der Stress, den wir vor Pr\u00fcfungen, Tests und anderen Beurteilungen empfinden, wird in erster Linie durch einen <b>Mangel an Selbstvertrauen<\/b> verursacht. Wir f\u00fchlen uns in der Regel \u00e4ngstlicher, wenn wir gut auf eine Pr\u00fcfung vorbereitet sind und genau wissen, was wir k\u00f6nnen und was nicht. Diese Anspannung ist eigentlich gesund und erw\u00fcnscht. Sie wird zum Hindernis, wenn wir zu \u00e4ngstlich sind und \u00fcbertrieben reagieren, und sie beeintr\u00e4chtigt unser Ged\u00e4chtnis und unsere Konzentration. Wir erinnern uns nicht mehr an das, was wir gelernt haben, wir beginnen an unserem Erfolg zu zweifeln. Die Abwehrmechanismen, die uns in der Angst vor einer scheinbar bedrohlichen Situation sch\u00fctzen, lassen uns bereit sein, physisch zu fliehen oder zu k\u00e4mpfen, so dass alle Gedanken darauf gerichtet sind. Deshalb brauchen wir etwas, um Vertrauen in uns selbst zu haben. Bachs Tropfen &#8222;Pr\u00fcfungen&#8220; kann die richtige L\u00f6sung f\u00fcr alle sein, deren \u00fcberm\u00e4\u00dfige Angst, beurteilt zu werden, sie daran hindert, den gew\u00fcnschten Erfolg zu erzielen. Diese spezielle Mischung <b>wird helfen<\/b>:<\/span><\/p>\n<ul>\n<li><span style=\"color: #000000;\"><i>bei Pr\u00fcfungen und Tests ruhiger zu werden,<\/i><\/span><\/li>\n<li><span style=\"color: #000000;\"><i>an die eigenen F\u00e4higkeiten zu glauben,<\/i><\/span><\/li>\n<li><span style=\"color: #000000;\"><i>sich nicht \u00e4ngstlich und besorgt zu f\u00fchlen,<\/i><\/span><\/li>\n<li><span style=\"color: #000000;\"><i>besser zu schlafen und in der Nacht vor einer Pr\u00fcfung oder einem Test nicht \u00fcberm\u00e4\u00dfig \u00e4ngstlich zu sein,<\/i><\/span><\/li>\n<li><span style=\"color: #000000;\"><i>sich nicht entmutigen zu lassen (auch wenn man in einer Pr\u00fcfung nicht gut abschneidet),<\/i><\/span><\/li>\n<li><span style=\"color: #000000;\"><i>die Konzentration zu verbessern.<\/i><\/span><\/li>\n<\/ul>\n<p><span style=\"color: #000000;\">Die ersten Ergebnisse k\u00f6nnen sich nach einigen Tagen oder Wochen einstellen, das h\u00e4ngt von jedem Einzelnen ab. Die zubereitete Mischung reicht f\u00fcr 30 Tage, einfach direkt in den Mund nehmen oder in ein Glas Wasser geben. <\/span><\/p>\n<h2><span style=\"color: #000000;\"><b> Wie Bach-Tropfen wirken<\/b><\/span><\/h2>\n<p><span style=\"color: #000000;\">Bach-Tropfen wirken effektiv gegen verschiedene <b>emotionale Belastungen des Menschen, wie z.B.<\/b><strong> Stress vor Pr\u00fcfungen oder Tests.<\/strong> Bach-Tropfen helfen uns in verschiedenen Krisen und schwierigen Lebenssituationen, in Pr\u00fcfungen und Bedr\u00e4ngnissen. Sie helfen uns, uns zu beruhigen und einen ruhigen Kopf zu bewahren, da sie auf unseren emotionalen Zustand einwirken und ihn harmonisieren. Mit Hilfe der Bachtropfen \u00fcbernehmen wir die Kontrolle \u00fcber <b>unsere Emotionen<\/b> und nur so schaffen wir Harmonie und finden so unseren inneren Frieden.<\/span><\/p>\n<p><span style=\"color: #000000;\">Die Bach-Therapie f\u00f6rdert die Selbstheilung und die geistige Entspannung. Nach der Theorie von Dr. Bach liegt die Ursache von Krankheiten in einem unharmonischen Zustand oder in einem Mangel an Harmonie zwischen K\u00f6rper und Seele. Mit Hilfe von Bl\u00fctenessenzen versuchen wir, Krankheiten zu heilen, indem wir uns die <b>positiven Eigenschaften der Bl\u00fcten<\/b> zunutze machen, um das Gleichgewicht in uns selbst wiederherzustellen.<\/span><\/p>\n<p><span style=\"color: #000000;\">Die Bach-Tropfen werden nach der Methode von Dr. Bach hergestellt, wobei<b> nur Original-Bach-Essenzen<\/b> verwendet werden.<\/span><\/p>\n<p><span style=\"color: #000000;\">Die Bach-Tropfen werden aus einer Flasche mit beigef\u00fcgter Pipette entnommen, was die Dosierung sehr einfach macht. Nehmen Sie 4 Mal am Tag 4 Tropfen \u00fcber den Tag verteilt ein. Die Flasche, die Sie erhalten, ist ausreichend f\u00fcr eine 1-monatige Therapie. <\/span><\/p>\n<p><span style=\"color: #000000;\">Jede Flasche<b> <\/b>der ausgew\u00e4hlten Mischung <b>wird von Hand und an Ort und Stelle zubereitet<\/b>. Um die Mischung l\u00e4nger frisch zu halten, verwenden wir etwas Alkohol (Cognac). Die Mischung ist ab Kaufdatum 1 Monat haltbar.<\/span><\/p>\n<p><span style=\"color: #000000;\">Da Bach-Tropfen <strong>keine<\/strong> <b>Nebenwirkungen<\/b> <strong>haben<\/strong>, k\u00f6nnen sie nicht \u00fcberdosiert werden und machen nicht s\u00fcchtig. Sie sind f\u00fcr alle geeignet &#8211; Schwangere, stillende M\u00fctter, \u00e4ltere Menschen, Kinder und Tiere.<\/span><\/p>\n<p><span style=\"color: #000000;\">Es gibt keine Wechselwirkungen mit anderen Medikamenten.<\/span><span style=\"color: #000000;\"><b>Aufbewahrung<\/b><\/span><\/p>\n<p><span style=\"color: #000000;\">An einem trockenen, dunklen Ort bei einer Temperatur von bis zu +25 \u00b0C aufbewahren.<\/span><\/p>\n<h2><span style=\"color: #000000;\"><b>Menge<\/b><\/span><\/h2>\n<p><span style=\"color: #000000;\">30 ml (ausreichend f\u00fcr 30 Tage bei regelm\u00e4\u00dfiger Anwendung)<\/span><\/p>\n","protected":false},"excerpt":{"rendered":"<p>Bach-Tropfen sind wirksam gegen verschiedene seelische N\u00f6te. Sie helfen in verschiedenen Krisen und schwierigen Lebenssituationen. Sie helfen, sich zu beruhigen und einen ruhigen Kopf zu bewahren. Sie wirken auf unsere Gef\u00fchlslage und helfen, diese zu harmonisieren.<\/p>\n<p>\ud83d\udc9a Die Tropfen werden am Tag des Versands von Hand verpackt.<br \/>\n\ud83d\udc9a Sie sind f\u00fcr alle Menschen (schwangere Frauen, \u00e4ltere Menschen, Kinder,&#8230;) und Tiere geeignet.<br \/>\n\ud83d\udc9a Sie haben keine Nebenwirkungen, machen nicht s\u00fcchtig und k\u00f6nnen nicht \u00fcberdosiert werden.<br \/>\n\ud83d\udc9a Die ersten Ergebnisse k\u00f6nnen nach ein paar Tagen oder Wochen eintreten, dies h\u00e4ngt von jedem Einzelnen ab.<br \/>\n\ud83d\udc9a Es gibt keine Wechselwirkungen mit anderen Medikamenten.<\/p>\n","protected":false},"featured_media":6898,"comment_status":"open","ping_status":"closed","template":"","meta":{"_acf_changed":false},"product_brand":[],"product_cat":[15,225,224,237],"product_tag":[],"class_list":{"0":"post-6903","1":"product","2":"type-product","3":"status-publish","4":"has-post-thumbnail","6":"product_cat-uncategorized","7":"product_cat-alle-produkte","8":"product_cat-angebot","9":"product_cat-bachblueten","11":"first","12":"instock","13":"sale","14":"taxable","15":"shipping-taxable","16":"purchasable","17":"product-type-simple"},"acf":[],"_links":{"self":[{"href":"https:\/\/fengchashop.com\/de\/wp-json\/wp\/v2\/product\/6903","targetHints":{"allow":["GET"]}}],"collection":[{"href":"https:\/\/fengchashop.com\/de\/wp-json\/wp\/v2\/product"}],"about":[{"href":"https:\/\/fengchashop.com\/de\/wp-json\/wp\/v2\/types\/product"}],"replies":[{"embeddable":true,"href":"https:\/\/fengchashop.com\/de\/wp-json\/wp\/v2\/comments?post=6903"}],"wp:featuredmedia":[{"embeddable":true,"href":"https:\/\/fengchashop.com\/de\/wp-json\/wp\/v2\/media\/6898"}],"wp:attachment":[{"href":"https:\/\/fengchashop.com\/de\/wp-json\/wp\/v2\/media?parent=6903"}],"wp:term":[{"taxonomy":"product_brand","embeddable":true,"href":"https:\/\/fengchashop.com\/de\/wp-json\/wp\/v2\/product_brand?post=6903"},{"taxonomy":"product_cat","embeddable":true,"href":"https:\/\/fengchashop.com\/de\/wp-json\/wp\/v2\/product_cat?post=6903"},{"taxonomy":"product_tag","embeddable":true,"href":"https:\/\/fengchashop.com\/de\/wp-json\/wp\/v2\/product_tag?post=6903"}],"curies":[{"name":"wp","href":"https:\/\/api.w.org\/{rel}","templated":true}]}}