{"id":6901,"date":"2022-02-06T20:53:00","date_gmt":"2022-02-06T19:53:00","guid":{"rendered":"https:\/\/fengchashop.com\/de\/product\/bachblueten-burnout\/"},"modified":"2026-01-28T17:46:33","modified_gmt":"2026-01-28T16:46:33","slug":"bachblueten-burnout","status":"publish","type":"product","link":"https:\/\/fengchashop.com\/de\/product\/bachblueten-burnout\/","title":{"rendered":"Bachbl\u00fcten Burnout"},"content":{"rendered":"<h2 style=\"text-align: justify;\"><span style=\"color: #000000;\">Bachtropfen gegen Burnout<\/span><\/h2>\n<p style=\"text-align: justify;\"><span style=\"color: #000000;\">Burnout ist eine psychische St\u00f6rung, bei der der Mensch keine gesunde Grenze mehr findet und sich der<strong> \u00dcberforderung<\/strong> hingibt. Sie h\u00e4lt an, bis sie zu einem psychophysischen Zusammenbruch f\u00fchrt. Zunehmend ist auch der <strong>Perfektionismus<\/strong> ein Ausl\u00f6ser f\u00fcr Burnout. <\/span><\/p>\n<p style=\"text-align: justify;\"><span style=\"color: #000000;\">F\u00fchlen Sie sich dauernd <b>m\u00fcde<\/b>? Leiden Sie unter <b>Angstzust\u00e4nden<\/b> und <b>Panikattacken<\/b>? Ihr Selbstwertgef\u00fchl schwankt und Sie verwenden zu viel Zeit und Energie auf die Arbeit? Sie f\u00fchlen sich deprimiert, Ihr emotionales Erleben schwankt. All dies belastet Sie bereits zu sehr, und es wirkt sich auch auf Ihre k\u00f6rperliche Gesundheit aus, Ihr Immunsystem l\u00e4sst nach. Oder sind Sie in fach\u00e4rztlicher Behandlung und brauchen eine nat\u00fcrliche <b>Erg\u00e4nzung zu Ihrer bestehenden Therapie<\/b>? Dann haben wir die L\u00f6sung f\u00fcr Sie.<\/span><\/p>\n<p style=\"text-align: justify;\"><span style=\"color: #000000;\">Die ersten Ergebnisse werden innerhalb weniger Tage oder Wochen sichtbar sein, das h\u00e4ngt von jedem Einzelnen ab. Die zubereitete Mischung reicht f\u00fcr 30 Tage, einfach direkt in den Mund geben oder in ein Glas Wasser tropfen. <\/span><\/p>\n<h2 style=\"text-align: justify;\"><span style=\"color: #000000;\">Wie Bach-Tropfen wirken<\/span><\/h2>\n<p style=\"text-align: justify;\"><span style=\"color: #000000;\">Bach-Tropfen wirken effektiv gegen eine Vielzahl von <b>seelischen Leiden<\/b>.<b> Ersch\u00f6pfung als Folge von \u00dcberanstrengung ist sicherlich einer dieser Zust\u00e4nde.<\/b> Bach-Tropfen helfen uns in verschiedenen Krisen und schwierigen Lebenssituationen, in Pr\u00fcfungen und Bedr\u00e4ngnissen. Sie helfen uns, uns zu beruhigen und einen ruhigen Kopf zu bewahren, weil sie auf unseren emotionalen Zustand einwirken und ihn harmonisieren. Mit Hilfe der Bach-Tropfen \u00fcbernehmen wir die Kontrolle \u00fcber <b>unsere Emotionen<\/b> und nur so schaffen wir Harmonie und finden so unseren inneren Frieden.<\/span><\/p>\n<p style=\"text-align: justify;\"><span style=\"color: #000000;\">Die Bach-Therapie f\u00f6rdert die Selbstheilung und die geistige Entspannung. Nach der Theorie von Dr. Bach liegt die Ursache von Krankheiten in einem unharmonischen Zustand oder in einem Mangel an Harmonie zwischen K\u00f6rper und Seele. Mit Hilfe von Bl\u00fctenessenzen versuchen wir, Krankheiten zu heilen, indem wir uns die <b>positiven Eigenschaften der Bl\u00fcten<\/b> zunutze machen, um das Gleichgewicht in uns selbst wiederherzustellen.<\/span><\/p>\n<p style=\"text-align: justify;\"><span style=\"color: #000000;\">Die Bachbl\u00fctentropfen werden nach der Methode von Dr. Bach hergestellt, wobei<b> nur Original-Bachbl\u00fctenessenzen<\/b> verwendet werden.<\/span><\/p>\n<p style=\"text-align: justify;\"><span style=\"color: #000000;\">Die Bach-Tropfen werden aus einer Flasche mit beiliegender Pipette entnommen, was die Dosierung sehr einfach macht. Nehmen Sie 4-mal t\u00e4glich 4 Tropfen ein, am besten \u00fcber den Tag verteilt. Die Flasche, die Sie erhalten, reicht f\u00fcr eine Therapie von 1 Monat. <\/span><\/p>\n<p style=\"text-align: justify;\"><span style=\"color: #000000;\">Jede Flasche<b> <\/b>der ausgew\u00e4hlten Mischung <b>wird von Hand und in Echtzeit zubereitet<\/b>. Um die Mischung l\u00e4nger frisch zu halten, verwenden wir etwas Alkohol (Cognac). Die Mischung hat eine Haltbarkeit von 1 Monat ab dem Kaufdatum.<\/span><\/p>\n<p style=\"text-align: justify;\"><span style=\"color: #000000;\">Da Bach-Tropfen <strong>keine<\/strong> <b>Nebenwirkungen<\/b> <strong>haben<\/strong>, k\u00f6nnen sie nicht \u00fcberdosiert werden und machen nicht s\u00fcchtig. Sie sind f\u00fcr jeden geeignet &#8211; f\u00fcr Schwangere, stillende M\u00fctter, \u00e4ltere Menschen, Kinder und Tiere.<\/span><\/p>\n<p style=\"text-align: justify;\"><span style=\"color: #000000;\">Sie haben keine Wechselwirkungen mit anderen Medikamenten.<\/span><\/p>\n<h2>Lagerung<\/h2>\n<p>Trocken und dunkel lagern, bei einer Temperatur von bis zu +25 \u00b0C.<\/p>\n<h2 style=\"text-align: justify;\"><span style=\"color: #000000;\">Menge<\/span><\/h2>\n<p style=\"text-align: justify;\"><span style=\"color: #000000;\">30 ml (ausreichend f\u00fcr 30 Tage bei regelm\u00e4\u00dfiger Anwendung)<\/span><\/p>\n","protected":false},"excerpt":{"rendered":"<p>Bach-Tropfen sind wirksam gegen verschiedene seelische N\u00f6te. Sie helfen in verschiedenen Krisen und schwierigen Lebenssituationen. Sie helfen, sich zu beruhigen und einen ruhigen Kopf zu bewahren. Sie wirken auf unsere Gef\u00fchlslage und helfen, diese zu harmonisieren.<\/p>\n<p>\ud83d\udc9a Die Tropfen werden am Tag des Versands von Hand verpackt.<br \/>\n\ud83d\udc9a Sie sind f\u00fcr alle Menschen (schwangere Frauen, \u00e4ltere Menschen, Kinder,&#8230;) und Tiere geeignet.<br \/>\n\ud83d\udc9a Sie haben keine Nebenwirkungen, machen nicht s\u00fcchtig und k\u00f6nnen nicht \u00fcberdosiert werden.<br \/>\n\ud83d\udc9a Die ersten Ergebnisse k\u00f6nnen nach ein paar Tagen oder Wochen eintreten, dies h\u00e4ngt von jedem Einzelnen ab.<br \/>\n\ud83d\udc9a Es gibt keine Wechselwirkungen mit anderen Medikamenten.<\/p>\n","protected":false},"featured_media":6898,"comment_status":"open","ping_status":"closed","template":"","meta":{"_acf_changed":false},"product_brand":[],"product_cat":[15,225,224,237],"product_tag":[],"class_list":{"0":"post-6901","1":"product","2":"type-product","3":"status-publish","4":"has-post-thumbnail","6":"product_cat-uncategorized","7":"product_cat-alle-produkte","8":"product_cat-angebot","9":"product_cat-bachblueten","11":"first","12":"instock","13":"sale","14":"taxable","15":"shipping-taxable","16":"purchasable","17":"product-type-simple"},"acf":[],"_links":{"self":[{"href":"https:\/\/fengchashop.com\/de\/wp-json\/wp\/v2\/product\/6901","targetHints":{"allow":["GET"]}}],"collection":[{"href":"https:\/\/fengchashop.com\/de\/wp-json\/wp\/v2\/product"}],"about":[{"href":"https:\/\/fengchashop.com\/de\/wp-json\/wp\/v2\/types\/product"}],"replies":[{"embeddable":true,"href":"https:\/\/fengchashop.com\/de\/wp-json\/wp\/v2\/comments?post=6901"}],"wp:featuredmedia":[{"embeddable":true,"href":"https:\/\/fengchashop.com\/de\/wp-json\/wp\/v2\/media\/6898"}],"wp:attachment":[{"href":"https:\/\/fengchashop.com\/de\/wp-json\/wp\/v2\/media?parent=6901"}],"wp:term":[{"taxonomy":"product_brand","embeddable":true,"href":"https:\/\/fengchashop.com\/de\/wp-json\/wp\/v2\/product_brand?post=6901"},{"taxonomy":"product_cat","embeddable":true,"href":"https:\/\/fengchashop.com\/de\/wp-json\/wp\/v2\/product_cat?post=6901"},{"taxonomy":"product_tag","embeddable":true,"href":"https:\/\/fengchashop.com\/de\/wp-json\/wp\/v2\/product_tag?post=6901"}],"curies":[{"name":"wp","href":"https:\/\/api.w.org\/{rel}","templated":true}]}}