{"id":6897,"date":"2022-02-06T20:15:00","date_gmt":"2022-02-06T19:15:00","guid":{"rendered":"https:\/\/fengchashop.com\/de\/product\/bachbluetentropfen\/"},"modified":"2026-01-21T18:04:04","modified_gmt":"2026-01-21T17:04:04","slug":"bachbluetentropfen","status":"publish","type":"product","link":"https:\/\/fengchashop.com\/de\/product\/bachbluetentropfen\/","title":{"rendered":"Bachbl\u00fctentropfen"},"content":{"rendered":"<h2>Bachbl\u00fctentropfen<\/h2>\n<p><span style=\"color: #000000;\">Wollen Sie <strong>Ihre Gef\u00fchle in den Griff bekommen, Harmonie und inneren Frieden finden<\/strong>?<\/span><\/p>\n<p><span style=\"color: #000000;\">Dr. Edvard Bach hat 38 Bl\u00fctenessenzen f\u00fcr individuelle Gef\u00fchlszust\u00e4nde entdeckt. Die Bach-Tropfen wirken effektiv gegen die verschiedenen emotionalen Leiden des Einzelnen. Die Tropfen sind frei von Nebenwirkungen und einfach in der Anwendung. Sie helfen in verschiedenen Krisen und schwierigen Lebenssituationen. Sie helfen, sich zu beruhigen und einen ruhigen Kopf zu bewahren. Sie wirken auf unsere Gef\u00fchlslage und helfen, diese zu harmonisieren.<\/span><\/p>\n<p><span style=\"color: #000000;\">&#8211; Sie sind f\u00fcr alle Menschen (Schwangere, \u00e4ltere Menschen, Kinder usw.) und Tiere geeignet.<\/span><\/p>\n<p><span style=\"color: #000000;\">&#8211; Sie haben keine Nebenwirkungen, machen nicht s\u00fcchtig und k\u00f6nnen nicht \u00fcberdosiert werden.<\/span><\/p>\n<p><span style=\"color: #000000;\">&#8211; Die ersten Ergebnisse k\u00f6nnen nach einigen Tagen oder Wochen beobachtet werden, dies h\u00e4ngt von der jeweiligen Person ab.<\/span><\/p>\n<p><span style=\"color: #000000;\">&#8211; Es gibt keine Wechselwirkungen mit anderen Medikamenten.<\/span><\/p>\n<p><span style=\"color: #000000;\">&#8211; Die Tropfen werden von Hand verpackt, p\u00fcnktlich am Tag des Versands.<\/span><\/p>\n<p><span style=\"color: #000000;\">Mit Hilfe der Bach-Tropfen bekommen wir unsere Gef\u00fchle in den Griff, finden Harmonie und inneren Frieden. Die Bach-Tropfen-Mischungen werden nach der Methode von Dr. Bach und <strong>mit den Original-Bach-Essenzen<\/strong> hergestellt.<\/span><\/p>\n<p><span style=\"color: #000000;\">Wenn Sie nicht wissen, welche Essenzen f\u00fcr Sie geeignet sind, w\u00e4hlen Sie den Service der <a style=\"color: #000000;\" href=\"https:\/\/de.fengchashop.com\/product\/bachblueten-beratung\/\" target=\"_self\">Bach-Beratung<\/a>.<\/span><\/p>\n<h2><span style=\"color: #000000;\">Auswahl der Tropfen<\/span><\/h2>\n<p><span style=\"color: #000000;\">Sie k\u00f6nnen Ihre Bachbl\u00fcten-Mischung entsprechend Ihrem aktuellen emotionalen Zustand selbst ausw\u00e4hlen. W\u00e4hlen Sie bis zu <strong data-start=\"2040\" data-end=\"2067\">7 verschiedene Essenzen<\/strong> aus der untenstehenden Liste. Bitte geben Sie diese im <strong data-start=\"2125\" data-end=\"2152\">Feld f\u00fcr Bestellnotizen<\/strong> beim Checkout an. Nach Erhalt Ihrer Bestellung bereiten wir Ihre personalisierte Mischung vor.<\/span><\/p>\n<h2><span style=\"color: #000000;\">Menge<\/span><\/h2>\n<p><span style=\"color: #000000;\">30 ml (ausreichend f\u00fcr einen Monat).<\/span><\/p>\n<h2><span style=\"color: #000000;\">Liste der Bach-Bl\u00fctenessenzen<\/span><\/h2>\n<p><span style=\"color: #000000;\"><strong>AGRIMONY (REPIC):<\/strong> Spannung und Unruhe im K\u00f6rper, L\u00e4cheln spielen, Maske, keine Gef\u00fchle zeigen, Abh\u00e4ngigkeiten<\/span><\/p>\n<p><span style=\"color: #000000;\"><strong>ASPEN (TREPETLIKA)<\/strong>: bei unbekannten \u00c4ngsten, b\u00f6sen Vorahnungen, Albtr\u00e4umen, \u00e4ngstlichen Menschen, Unruhe und \u00c4ngstlichkeit<\/span><\/p>\n<p><span style=\"color: #000000;\"><strong>BEECH:<\/strong> \u00fcberm\u00e4\u00dfige Kritik, Ungeduld, Arroganz, Vorurteile<\/span><\/p>\n<p><span style=\"color: #000000;\"><strong>CENTAURY (TAJENTROZ)<\/strong>: zu hilfsbereit, kann nicht nein sagen, kann keine Grenzen setzen und kann nicht f\u00fcr sich selbst eintreten<\/span><\/p>\n<p><span style=\"color: #000000;\"><strong>CERATO (ROSE):<\/strong> Unentschlossenheit, aufgrund von mangelndem Vertrauen in die eigene Meinung, st\u00e4ndig andere um Rat fragen<\/span><\/p>\n<p><span style=\"color: #000000;\"><strong>CHERRY PLUM:<\/strong> Angst, die Kontrolle zu verlieren und sich oder anderen etwas anzutun, innere Anspannung, Zornesausbr\u00fcche und Wut<\/span><\/p>\n<p><span style=\"color: #000000;\"><strong>CHESTNUT BUD<\/strong>: immer wieder die gleichen Fehler und Gewohnheiten wiederholen, ungehemmt sein <\/span><\/p>\n<p><span style=\"color: #000000;\"><strong>CHICORY:<\/strong> Manipulation, Erpressung, Besitzgier, starke Eifersucht<\/span><\/p>\n<p><span style=\"color: #000000;\"><strong>CLEMATIS (SROBOT)<\/strong>: Tagtr\u00e4umerei, Verwirrung, Unachtsamkeit, geistige Ablenkung, Konzentrationsprobleme <\/span><\/p>\n<p><span style=\"color: #000000;\"><strong>KREBSAPFEL:<\/strong> Scham, Schmutzgef\u00fchl, Perfektionismus, zwanghaftes Sauberkeitsbed\u00fcrfnis<\/span><\/p>\n<p><span style=\"color: #000000;\"><strong>ELME (BREST)<\/strong>: kurzzeitiges Nachlassen der Energie bei Ersch\u00f6pfung, bei der Arbeit f\u00fcr andere Menschen, Stress, \u00dcberforderung<\/span><\/p>\n<p><span style=\"color: #000000;\"><strong>GENTIAN:<\/strong> Pessimismus, Traurigkeit bekannten Ursprungs, leichte Depression<\/span><\/p>\n<p><span style=\"color: #000000;\"><strong>GORSE (ULEX):<\/strong> Verzweiflung, nichts macht mehr Sinn<\/span><\/p>\n<p><span style=\"color: #000000;\"><strong>HEATHER (AUTUMN HEAT)<\/strong>: redet immer nur \u00fcber sich und seine Probleme, Monologe, Selbstmitleid, will im Zentrum der Aufmerksamkeit stehen<\/span><\/p>\n<p><span style=\"color: #000000;\"><strong>HOLLY (BODIC):<\/strong> Eifersucht, aktive Wut, Wut, die sich nach au\u00dfen hin zeigt, Misstrauen, Hass<\/span><\/p>\n<p><span style=\"color: #000000;\"><strong>HONEYSUCKLE (COWBOY):<\/strong> in der Vergangenheit leben, Gef\u00fchllosigkeit, Nostalgie, Melancholie<\/span><\/p>\n<p><span style=\"color: #000000;\"><strong>HORNBEAM (GABER):<\/strong> f\u00fcr geistige und seelische Ersch\u00f6pfung, geistige M\u00fcdigkeit, Energiemangel, Morgenm\u00fcdigkeit, Tr\u00e4gheit und Routine<\/span><\/p>\n<p><span style=\"color: #000000;\"><strong>IMPATIENS (NEDOTICS):<\/strong> Ungeduld, Impulsivit\u00e4t, Ungeduld, Spannung, Reizbarkeit, Unvertr\u00e4glichkeit<\/span><\/p>\n<p><span style=\"color: #000000;\"><strong>LARCH:<\/strong> Selbstbewusstsein, Minderwertigkeitsgef\u00fchle, Versagen unter Druck, \u00c4ngste vor Pr\u00fcfungen und Auftritten<\/span><\/p>\n<p><span style=\"color: #000000;\"><strong>MIMULUS (KRINKAR)<\/strong>: f\u00fcr vertraute \u00c4ngste, Furchtsamkeit, Sch\u00fcchternheit, \u00dcberempfindlichkeit<\/span><\/p>\n<p><span style=\"color: #000000;\"><strong>SENF (BITTER):<\/strong> Depressionen unbekannter Ursache, wiederkehrende Phasen der Traurigkeit ohne Grund<\/span><\/p>\n<p><span style=\"color: #000000;\"><strong>EICHE (KIEFER):<\/strong> niemals aufh\u00f6ren, nicht wissen, wie man sich ausruht, Burnout, die Lasten anderer auf sich nehmen, sich aufopfern<\/span><\/p>\n<p><span style=\"color: #000000;\"><strong>OLIVE:<\/strong> geistige und k\u00f6rperliche Ersch\u00f6pfung, M\u00fcdigkeit, \u00dcberarbeitung, Schw\u00e4che <\/span><\/p>\n<p><span style=\"color: #000000;\"><strong>KIEFER (BOR)<\/strong>: sich schuldig f\u00fchlen, sich immer entschuldigen und zu oft bedanken, \u00fcberm\u00e4\u00dfige Selbstkritik<\/span><\/p>\n<p><span style=\"color: #000000;\"><strong>RED CHESTNUT:<\/strong> Sorge um geliebte Menschen, \u00fcberm\u00e4\u00dfige Bindung an nahestehende Personen<\/span><\/p>\n<p><span style=\"color: #000000;\"><strong>ROCK ROSE (SUNRISE)<\/strong>: Panik, Terror, extreme Angst<\/span><\/p>\n<p><span style=\"color: #000000;\"><strong>ROCK WATER (STUDENT)<\/strong>: Anspannung, Starrheit, Perfektionismus<\/span><\/p>\n<p><span style=\"color: #000000;\"><strong>SCLERANTHUS (KREBS):<\/strong> Unentschlossenheit, Instabilit\u00e4t, geistige Zerrissenheit zwischen zwei Optionen, st\u00e4ndiger Wechsel der Meinungen und Stimmungen<\/span><\/p>\n<p><span style=\"color: #000000;\"><strong>BETHLEHEM-STERN:<\/strong> f\u00fcr k\u00f6rperliche und geistige Unruhe, Schocks, vergangene und gegenw\u00e4rtige Traumata, hilft, sich nach allen Pr\u00fcfungen des Lebens wieder aufzurichten<\/span><\/p>\n<p><span style=\"color: #000000;\"><strong>SWEET CHESTNUT: eine<\/strong> schwere Pr\u00fcfung im Leben, die nicht \u00fcberwunden werden kann, Traurigkeit<\/span><\/p>\n<p><span style=\"color: #000000;\"><strong>VERVAIN:<\/strong> \u00dcberschwang, Fanatismus, \u00fcberzeugt andere davon, dass seine Ideen die besten sind<\/span><\/p>\n<p><span style=\"color: #000000;\"><strong>VINE (VINE TRTA):<\/strong> Anf\u00fchrer, Befehlshaber, Tyrannei, Autorit\u00e4t, Strenge<\/span><\/p>\n<p><span style=\"color: #000000;\"><strong>WALNUSS (EAGLE)<\/strong>: f\u00fcr neue Schritte im Leben (Scheidung, Umzug, Ruhestand, Pubert\u00e4t, Midlife-Crisis, Wechseljahre&#8230;), f\u00fcr besseren Schlaf, hilft, den Biorhythmus zu finden<\/span><\/p>\n<p><span style=\"color: #000000;\"><strong>WATER VIOLET:<\/strong> f\u00fcr erhabene Menschen, die gerne allein sind<\/span><\/p>\n<p><span style=\"color: #000000;\"><strong>WHITE CHESTNUT:<\/strong> Gedanken, die uns st\u00e4ndig im Kopf herumschwirren, Konzentrationsprobleme und Schlaflosigkeit<\/span><\/p>\n<p><span style=\"color: #000000;\"><strong>WILDER HAFER<\/strong>: kann keinen Sinn in seinem Leben finden, hat kein Ziel<\/span><\/p>\n<p><span style=\"color: #000000;\"><strong>WILDROSE<\/strong>: Resignation vor dem Schicksal, Gleichg\u00fcltigkeit, Apathie<\/span><\/p>\n<p><span style=\"color: #000000;\"><strong>WILLOW:<\/strong> verdr\u00e4ngte Wut, Opferrolle, gibt immer anderen die Schuld und \u00fcbernimmt keine Verantwortung f\u00fcr sein Handeln, verbittert, nachtragend, verbittert, frustriert und ver\u00e4rgert<\/span><\/p>\n","protected":false},"excerpt":{"rendered":"<p>Bach-Tropfen sind wirksam gegen verschiedene seelische N\u00f6te. Sie helfen in verschiedenen Krisen und schwierigen Lebenssituationen. Sie helfen, sich zu beruhigen und einen ruhigen Kopf zu bewahren. Sie wirken auf unsere Gef\u00fchlslage und helfen, diese zu harmonisieren.<\/p>\n<p>\ud83d\udc9a Die Tropfen werden am Tag des Versands von Hand verpackt.<br \/>\n\ud83d\udc9a Sie sind f\u00fcr alle Menschen (schwangere Frauen, \u00e4ltere Menschen, Kinder,&#8230;) und Tiere geeignet.<br \/>\n\ud83d\udc9a Sie haben keine Nebenwirkungen, machen nicht s\u00fcchtig und k\u00f6nnen nicht \u00fcberdosiert werden.<br \/>\n\ud83d\udc9a Die ersten Ergebnisse k\u00f6nnen nach ein paar Tagen oder Wochen eintreten, dies h\u00e4ngt von jedem Einzelnen ab.<br \/>\n\ud83d\udc9a Es gibt keine Wechselwirkungen mit anderen Medikamenten.<\/p>\n","protected":false},"featured_media":6898,"comment_status":"open","ping_status":"closed","template":"","meta":{"_acf_changed":false},"product_brand":[],"product_cat":[15,225,224,237],"product_tag":[],"class_list":{"0":"post-6897","1":"product","2":"type-product","3":"status-publish","4":"has-post-thumbnail","6":"product_cat-uncategorized","7":"product_cat-alle-produkte","8":"product_cat-angebot","9":"product_cat-bachblueten","11":"first","12":"instock","13":"taxable","14":"shipping-taxable","15":"purchasable","16":"product-type-simple"},"acf":[],"_links":{"self":[{"href":"https:\/\/fengchashop.com\/de\/wp-json\/wp\/v2\/product\/6897","targetHints":{"allow":["GET"]}}],"collection":[{"href":"https:\/\/fengchashop.com\/de\/wp-json\/wp\/v2\/product"}],"about":[{"href":"https:\/\/fengchashop.com\/de\/wp-json\/wp\/v2\/types\/product"}],"replies":[{"embeddable":true,"href":"https:\/\/fengchashop.com\/de\/wp-json\/wp\/v2\/comments?post=6897"}],"wp:featuredmedia":[{"embeddable":true,"href":"https:\/\/fengchashop.com\/de\/wp-json\/wp\/v2\/media\/6898"}],"wp:attachment":[{"href":"https:\/\/fengchashop.com\/de\/wp-json\/wp\/v2\/media?parent=6897"}],"wp:term":[{"taxonomy":"product_brand","embeddable":true,"href":"https:\/\/fengchashop.com\/de\/wp-json\/wp\/v2\/product_brand?post=6897"},{"taxonomy":"product_cat","embeddable":true,"href":"https:\/\/fengchashop.com\/de\/wp-json\/wp\/v2\/product_cat?post=6897"},{"taxonomy":"product_tag","embeddable":true,"href":"https:\/\/fengchashop.com\/de\/wp-json\/wp\/v2\/product_tag?post=6897"}],"curies":[{"name":"wp","href":"https:\/\/api.w.org\/{rel}","templated":true}]}}