{"id":6850,"date":"2022-06-01T15:30:19","date_gmt":"2022-06-01T13:30:19","guid":{"rendered":"https:\/\/fengchashop.com\/de\/product\/matcha-bio-125-g\/"},"modified":"2026-05-08T19:23:50","modified_gmt":"2026-05-08T17:23:50","slug":"matcha-bio","status":"publish","type":"product","link":"https:\/\/fengchashop.com\/de\/product\/matcha-bio\/","title":{"rendered":"Matcha BIO 250 g"},"content":{"rendered":"<h2 style=\"text-align: justify;\"><span style=\"color: #000000;\">Matcha bio\u00a0<\/span><\/h2>\n<p style=\"text-align: justify;\"><span style=\"color: #000000;\">Der beliebte Matcha ist eigentlich ein<strong> pulverisierter gr\u00fcner Tee<\/strong>. Unsere Version von Matcha ist in erster Linie zum Kochen bestimmt und daher von hoher Qualit\u00e4t.<\/span><\/p>\n<p style=\"text-align: justify;\"><span style=\"color: #000000;\">Matcha ist ein <strong>Tee bester Qualit\u00e4t mit einem starken Charakter<\/strong>. Die Matcha-Teepflanze wird vor der Ernte mindestens einen Monat lang im Schatten angebaut, und die Teebl\u00e4tter werden vor der Verarbeitung von Blattadern und Stielen befreit. Die so gewonnenen Teebl\u00e4tter sind besonders <strong>reich an Koffein und Thein<\/strong>. Matcha ist seit vielen Jahren als Tee der buddhistischen M\u00f6nche bekannt, die ihn trinken, um sich zu konzentrieren, sich zu fokussieren und ihren Geist zu kl\u00e4ren.<\/span><\/p>\n<p style=\"text-align: justify;\"><span style=\"color: #000000;\">Er enth\u00e4lt viele Inhaltsstoffe, die eine <strong>antioxidative<\/strong> Wirkung auf den K\u00f6rper haben. Wie es f\u00fcr gr\u00fcnen Tee typisch ist, enth\u00e4lt er <strong>Polyphenole<\/strong> und <strong>Flavonoide<\/strong>. Au\u00dferdem ist er reich an den Vitaminen A, B, C und E. All dies tr\u00e4gt zu den entz\u00fcndungshemmenden und immunst\u00e4rkenden Eigenschaften des Matcha-Gr\u00fcntees bei. Au\u00dferdem ist er nicht so bitter wie andere Gr\u00fcntees, was den so genannten Catechinen zu verdanken ist, die im Matcha-Tee aufgrund seines speziellen Anbaus im Schatten nicht so h\u00e4ufig vorkommen. Dar\u00fcber hinaus h\u00e4lt Matcha dank seines hohen Thein- und Koffeingehalts wach, ohne jedoch die charakteristische Unruhe zu verursachen, die bei \u00fcberm\u00e4\u00dfigem Kaffeekonsum h\u00e4ufig auftritt.<\/span><\/p>\n<h2 style=\"text-align: justify;\"><span style=\"color: #000000;\">Lagerung und Warnhinweise<\/span><\/h2>\n<p style=\"text-align: justify;\"><span style=\"color: #000000;\">An einem trockenen, dunklen und k\u00fchlen Ort aufbewahren. Achten Sie darauf, dass der Beutel oder die Schachtel fest verschlossen ist. Das Produkt kann auch im K\u00fchlschrank aufbewahrt werden.<\/span><\/p>\n<h2 style=\"text-align: justify;\"><span style=\"color: #000000;\">Verpackung<\/span><\/h2>\n<p style=\"text-align: justify;\"><span style=\"color: #000000;\">Nicht durchl\u00e4ssiger Zip-Lock-Beutel, in dem das Produkt seine ganze Frische und sein Aroma beh\u00e4lt. Die Verpackung sch\u00fctzt das Produkt vor Licht und Luft, da sie aus mehreren Schutzschichten besteht, um die Eigenschaften des Inhalts zu erhalten.<\/span><\/p>\n<p style=\"text-align: justify;\"><span style=\"color: #000000;\">Die Verpackung ist sehr praktisch und recycelbar.<\/span><\/p>\n<h2 style=\"text-align: justify;\"><span style=\"color: #000000;\">Herkunft<\/span><\/h2>\n<p style=\"text-align: justify;\">Au\u00dferhalb der EU.<\/p>\n","protected":false},"excerpt":{"rendered":"<p>Matcha ist gr\u00fcner Tee von h\u00f6chster Qualit\u00e4t. Matcha-Tee ist das Getr\u00e4nk der buddhistischen M\u00f6nche, die ihn trinken, um sich zu konzentrieren, sich zu fokussieren und ihren Geist zu kl\u00e4ren. Er enth\u00e4lt viele Inhaltsstoffe, die eine antioxidative Wirkung auf unseren K\u00f6rper haben. Wie es f\u00fcr gr\u00fcnen Tee typisch ist, enth\u00e4lt er Polyphenole und Flavonoide. Au\u00dferdem ist er reich an den Vitaminen A, B, C und E. All dies tr\u00e4gt zu den entz\u00fcndungshemmenden und immunst\u00e4rkenden Eigenschaften des Matcha-Gr\u00fcntees bei. Au\u00dferdem ist er nicht so bitter wie andere Gr\u00fcntees, was den so genannten Catechinen zu verdanken ist, die im Matcha-Tee aufgrund seines speziellen Anbaus im Schatten nicht so h\u00e4ufig vorkommen.<\/p>\n<p>\ud83d\udc9a Er ist reich an Antioxidantien, Aminos\u00e4uren und anderen positiven Wirkungen.<br \/>\n\ud83d\udc9a Biologischer Anbau.<br \/>\n\ud83d\udc9a Erstklassige Qualit\u00e4t.<\/p>\n","protected":false},"featured_media":7710,"comment_status":"open","ping_status":"closed","template":"","meta":{"_acf_changed":false},"product_brand":[],"product_cat":[15,225,224,234],"product_tag":[],"class_list":{"0":"post-6850","1":"product","2":"type-product","3":"status-publish","4":"has-post-thumbnail","6":"product_cat-uncategorized","7":"product_cat-alle-produkte","8":"product_cat-angebot","9":"product_cat-tee-lebensmittel-gewuerze","11":"first","12":"instock","13":"sale","14":"taxable","15":"shipping-taxable","16":"purchasable","17":"product-type-simple"},"acf":[],"_links":{"self":[{"href":"https:\/\/fengchashop.com\/de\/wp-json\/wp\/v2\/product\/6850","targetHints":{"allow":["GET"]}}],"collection":[{"href":"https:\/\/fengchashop.com\/de\/wp-json\/wp\/v2\/product"}],"about":[{"href":"https:\/\/fengchashop.com\/de\/wp-json\/wp\/v2\/types\/product"}],"replies":[{"embeddable":true,"href":"https:\/\/fengchashop.com\/de\/wp-json\/wp\/v2\/comments?post=6850"}],"wp:featuredmedia":[{"embeddable":true,"href":"https:\/\/fengchashop.com\/de\/wp-json\/wp\/v2\/media\/7710"}],"wp:attachment":[{"href":"https:\/\/fengchashop.com\/de\/wp-json\/wp\/v2\/media?parent=6850"}],"wp:term":[{"taxonomy":"product_brand","embeddable":true,"href":"https:\/\/fengchashop.com\/de\/wp-json\/wp\/v2\/product_brand?post=6850"},{"taxonomy":"product_cat","embeddable":true,"href":"https:\/\/fengchashop.com\/de\/wp-json\/wp\/v2\/product_cat?post=6850"},{"taxonomy":"product_tag","embeddable":true,"href":"https:\/\/fengchashop.com\/de\/wp-json\/wp\/v2\/product_tag?post=6850"}],"curies":[{"name":"wp","href":"https:\/\/api.w.org\/{rel}","templated":true}]}}