{"id":6745,"date":"2022-05-28T20:36:49","date_gmt":"2022-05-28T18:36:49","guid":{"rendered":"https:\/\/fengchashop.com\/de\/product\/zitronengras-bio-250-g\/"},"modified":"2026-05-08T15:57:26","modified_gmt":"2026-05-08T13:57:26","slug":"zitronengras-bio","status":"publish","type":"product","link":"https:\/\/fengchashop.com\/de\/product\/zitronengras-bio\/","title":{"rendered":"Zitronengras Bio 250 g"},"content":{"rendered":"<h2 style=\"text-align: justify\"><span style=\"color: #000000\">Zitronengras Bio (Kr\u00e4utertee)<\/span><\/h2>\n<p style=\"text-align: justify\"><span style=\"color: #000000\">Zitronengras ist ein tropisches Gras mit charakteristischen zungenf\u00f6rmigen dunkelgr\u00fcnen Bl\u00e4ttern, das bis zu 180 cm hoch werden kann. Es ist hocharomatisch, vor allem wegen seines Gehalts an <strong>Citral<\/strong> und <strong>Geraniol<\/strong>, die der Pflanze ihren charakteristischen <strong>Zitrusduft und -geschmack<\/strong> verleihen. Als \u00e4therisches \u00d6l ist es auch in der Aromatherapie und in kosmetischen Pr\u00e4paraten sehr beliebt.<\/span><\/p>\n<p style=\"text-align: justify\"><span style=\"color: #000000\">Zitronengras ist ein starkes <strong>Antioxidans<\/strong> und ein hervorragender <strong>Vitamin-C-Lieferant<\/strong>, so dass es uns bei Erk\u00e4ltungen, Husten, Asthma und anderen Atemwegserkrankungen helfen kann. Es hat auch entz\u00fcndungshemmende, antibakterielle und antimykotische Eigenschaften.<\/span><\/p>\n<p style=\"text-align: justify\"><span style=\"color: #000000\">Er kann getrocknet oder frisch verwendet werden und ist in <strong>asiatischen Rezepten<\/strong> mit Fisch, Huhn und Schweinefleisch unverzichtbar.<\/span><\/p>\n<p style=\"text-align: justify\"><span style=\"color: #000000\">Wegen seines Zitrusgeschmacks werden die getrockneten Bl\u00e4tter vor allem in <strong>Kr\u00e4utertees<\/strong> verwendet <strong>,<\/strong> sie k\u00f6nnen aber auch in einer Vielzahl von <strong>erfrischenden Kaltgetr\u00e4nken und Eistees<\/strong> verwendet werden, die nicht nur erfrischend sind, sondern auch das Wohlbefinden steigern und Spannungen abbauen. Er passt gut zu Ingwer, Nelken, Zitrone und Limette, Minze und Zitronenmelisse. Der Tee reguliert die Verdauung und lindert leichte Verdauungsbeschwerden.<\/span><\/p>\n<h2 style=\"text-align: justify\"><span style=\"color: #000000\">Erscheinungsbild<\/span><\/h2>\n<p style=\"text-align: justify\"><span style=\"color: #000000\">Geschnittene und getrocknete gr\u00fcne Bl\u00e4tter.<\/span><\/p>\n<h2 style=\"text-align: justify\"><span style=\"color: #000000\">Lagerung<\/span><\/h2>\n<p style=\"text-align: justify\"><span style=\"color: #000000\">An einem trockenen, dunklen und k\u00fchlen Ort aufbewahren.<\/span><\/p>\n<h2 style=\"text-align: justify\"><span style=\"color: #000000\">Verpackung<\/span><\/h2>\n<p><span style=\"color: #000000\">Nicht durchl\u00e4ssiger Zip-Lock-Beutel, in dem das Produkt seine Frische und sein Aroma bewahrt. Die Verpackung sch\u00fctzt vor Licht und Luft, da sie aus mehreren Schutzschichten besteht, die die Eigenschaften des Inhalts bewahren.<\/span><\/p>\n<p><span style=\"color: #000000\">Die Verpackung ist sehr praktisch und recycelbar.<\/span><\/p>\n<h2><span style=\"color: #000000\">Herkunft<\/span><\/h2>\n<p><span style=\"color: #000000\">Thailand oder Indien<\/span><\/p>\n","protected":false},"excerpt":{"rendered":"<p>Zitronengras ist ein starkes Antioxidans und eine ausgezeichnete Vitamin-C-Quelle und kann daher bei Erk\u00e4ltungen, Husten, Asthma und anderen Atemwegserkrankungen helfen. Es hat auch entz\u00fcndungshemmende, antibakterielle und antimykotische Eigenschaften. Er kann getrocknet oder frisch verwendet werden und ist in asiatischen Rezepten mit Fisch, Huhn und Schweinefleisch unverzichtbar. Er wird auch zusammen mit Ingwer, Nelken, Zitrone und Limette, Minze und Zitronenmelisse verwendet. Die getrockneten Bl\u00e4tter werden haupts\u00e4chlich verwendet f\u00fcr:<\/p>\n<p>\ud83d\udc9a in Kr\u00e4utertees oder Tee zur Regulierung der Verdauung und zur Linderung von Verdauungsbeschwerden,<br \/>\n\ud83d\udc9a als erfrischende Kaltgetr\u00e4nke und Eistees.<\/p>\n","protected":false},"featured_media":6746,"comment_status":"open","ping_status":"closed","template":"","meta":{"_acf_changed":false},"product_brand":[],"product_cat":[15,225,224,234],"product_tag":[],"class_list":{"0":"post-6745","1":"product","2":"type-product","3":"status-publish","4":"has-post-thumbnail","6":"product_cat-uncategorized","7":"product_cat-alle-produkte","8":"product_cat-angebot","9":"product_cat-tee-lebensmittel-gewuerze","11":"first","12":"instock","13":"taxable","14":"shipping-taxable","15":"purchasable","16":"product-type-simple"},"acf":[],"_links":{"self":[{"href":"https:\/\/fengchashop.com\/de\/wp-json\/wp\/v2\/product\/6745","targetHints":{"allow":["GET"]}}],"collection":[{"href":"https:\/\/fengchashop.com\/de\/wp-json\/wp\/v2\/product"}],"about":[{"href":"https:\/\/fengchashop.com\/de\/wp-json\/wp\/v2\/types\/product"}],"replies":[{"embeddable":true,"href":"https:\/\/fengchashop.com\/de\/wp-json\/wp\/v2\/comments?post=6745"}],"wp:featuredmedia":[{"embeddable":true,"href":"https:\/\/fengchashop.com\/de\/wp-json\/wp\/v2\/media\/6746"}],"wp:attachment":[{"href":"https:\/\/fengchashop.com\/de\/wp-json\/wp\/v2\/media?parent=6745"}],"wp:term":[{"taxonomy":"product_brand","embeddable":true,"href":"https:\/\/fengchashop.com\/de\/wp-json\/wp\/v2\/product_brand?post=6745"},{"taxonomy":"product_cat","embeddable":true,"href":"https:\/\/fengchashop.com\/de\/wp-json\/wp\/v2\/product_cat?post=6745"},{"taxonomy":"product_tag","embeddable":true,"href":"https:\/\/fengchashop.com\/de\/wp-json\/wp\/v2\/product_tag?post=6745"}],"curies":[{"name":"wp","href":"https:\/\/api.w.org\/{rel}","templated":true}]}}