{"id":6734,"date":"2025-06-09T10:06:38","date_gmt":"2025-06-09T08:06:38","guid":{"rendered":"https:\/\/fengchashop.com\/de\/product\/lakritze-125-g\/"},"modified":"2026-04-18T16:18:28","modified_gmt":"2026-04-18T14:18:28","slug":"lakritzpulver-suessholz-bio","status":"publish","type":"product","link":"https:\/\/fengchashop.com\/de\/product\/lakritzpulver-suessholz-bio\/","title":{"rendered":"Lakritzpulver (S\u00fc\u00dfholz) BIO 250 g"},"content":{"rendered":"<h2><strong>Was ist Lakritz?<\/strong><\/h2>\n<p><strong>Lakritz oder S\u00fc\u00dfholz (Glycyrrhiza glabra)<\/strong> ist eine mehrj\u00e4hrige Pflanze aus der Familie der H\u00fclsenfr\u00fcchtler, die f\u00fcr ihren charakteristisch s\u00fc\u00dfen Geschmack bekannt ist. Die Pflanze bildet j\u00e4hrlich holzige St\u00e4ngel, die ein bis zwei Meter hoch werden. Die am h\u00e4ufigsten verwendete Wurzel enth\u00e4lt zahlreiche Wirkstoffe, darunter Glycyrrhizin, das 50-mal s\u00fc\u00dfer ist als Saccharose (Haushaltszucker). Die getrocknete und gemahlene Wurzel wird als S\u00fc\u00dfholzpulver verwendet, das in der Ern\u00e4hrung, Naturheilkunde und Kosmetik beliebt ist.<\/p>\n<p>S\u00fc\u00dfholz hat eine lange Anwendungsgeschichte und ist seit den alten \u00c4gyptern bekannt. Es wirkt entz\u00fcndungshemmend, krampfl\u00f6send, lindert Magenbeschwerden (\u00dcbers\u00e4uerung, Bl\u00e4hungen, Verdauungsst\u00f6rungen) und kann das Wachstum des Bakteriums <em>Helicobacter pylori<\/em> hemmen, das Magengeschw\u00fcre verursacht. Neben seiner verdauungsf\u00f6rdernden Wirkung wird es auch bei Atemwegsbeschwerden (Erk\u00e4ltungen, Halsschmerzen und Bronchitis) eingesetzt, da es das Abhusten erleichtert und die Atemwege befreit. Es soll sich auch positiv auf die Leberfunktion, das Immunsystem und Frauenbeschwerden in den Wechseljahren auswirken. Es kann auch harntreibend und abf\u00fchrend wirken.<\/p>\n<p>In der Traditionellen Chinesischen Medizin und im Ayurveda wird es als St\u00e4rkungsmittel zur Regeneration von Herz und Milz sowie gegen Geschw\u00fcre und Hautprobleme eingesetzt. Da es trockene Kehlen befeuchtet, wird es h\u00e4ufig von Rauchern, S\u00e4ngern und Rednern verwendet.<\/p>\n<p>Es ist auch ein h\u00e4ufiger Bestandteil von Nahrungserg\u00e4nzungsmitteln und Kr\u00e4uterrezepturen, wo es als Bindeglied zwischen Kr\u00e4utern fungiert und deren Wirkung verst\u00e4rkt.<\/p>\n<h2><strong>Medizinische Wirkungen<\/strong><\/h2>\n<p>S\u00fc\u00dfholzpulver hat vielf\u00e4ltige positive Wirkungen auf den K\u00f6rper und wird daher h\u00e4ufig im Ayurveda und der Traditionellen Chinesischen Medizin verwendet:<\/p>\n<p><strong>\ud83d\udc9a\u00a0 Entz\u00fcndungshemmende Wirkung:<\/strong> Die Wirkstoffe wirken entz\u00fcndungshemmend, insbesondere bei Entz\u00fcndungen des Magen-Darm-Trakts, der Haut und der Atemwege.<\/p>\n<p><strong>\ud83d\udc9a Unterst\u00fctzung der Atemwege:<\/strong> Es wird traditionell zur Linderung von Husten, Halsschmerzen, Bronchitis und Asthma eingesetzt. Es wirkt schleiml\u00f6send (erleichtert das Abhusten) und lindert Schleimhautreizungen.<\/p>\n<p><strong>\ud83d\udc9a Schutz der Magenschleimhaut:<\/strong> Glycyrrhizin und Flavonoide sch\u00fctzen die Magenschleimhaut vor Sch\u00e4den und helfen bei Beschwerden wie Magengeschw\u00fcren, Gastritis, Reflux und Infektionen mit <em>Helicobacter pylori<\/em>.<\/p>\n<p><strong>\ud83d\udc9a Unterst\u00fctzung der Nebennieren<\/strong>: Reguliert den Cortisolspiegel, steigert die Energie und wirkt als Adaptogen, d. h. es unterst\u00fctzt den K\u00f6rper bei der Bew\u00e4ltigung von Stress, Burnout und M\u00fcdigkeit.<\/p>\n<p><strong>\ud83d\udc9a Antivirale und antibakterielle Wirkung:<\/strong> Es hat nat\u00fcrliche antimikrobielle Eigenschaften und wird unterst\u00fctzend bei Infektionen (z. B. Herpes, Grippe, Hepatitis B und C) eingesetzt.<\/p>\n<p><strong>\ud83d\udc9a Hormonelles Gleichgewicht:<\/strong> Es wird traditionell zur Linderung von Symptomen des pr\u00e4menstruellen Syndroms und der Wechseljahre eingesetzt, da es den \u00d6strogenhaushalt beeinflusst.<\/p>\n<h2><strong>Aufbewahrung und Warnhinweise<\/strong><\/h2>\n<p>Trocken und k\u00fchl bei einer Temperatur von bis zu 25 \u00b0C lagern. Das Nahrungserg\u00e4nzungsmittel au\u00dferhalb der Reichweite von Kindern aufbewahren!<\/p>\n<p>Denken Sie daran, wie wichtig eine abwechslungsreiche Ern\u00e4hrung und ein gesunder Lebensstil sind. Ein Nahrungserg\u00e4nzungsmittel ist daher kein Ersatz f\u00fcr eine ausgewogene und abwechslungsreiche Ern\u00e4hrung. Die empfohlene Tagesmenge bzw. Dosis sollte nicht \u00fcberschritten werden.<\/p>\n<p>Wir raten Schwangeren, Stillenden, Kindern unter 12 Jahren, Diabetikern, Menschen mit Bluthochdruck und Herzpatienten vom Verzehr von Lakritz ab.<\/p>\n<p>S\u00fc\u00dfholz ist bereits in kleinen Mengen wohltuend. \u00dcbertreiben wir es also nicht. Die maximale Tagesmenge sollte 4 bis 8 Gramm (also 1 bis 2 Teel\u00f6ffel) betragen. S\u00fc\u00dfholz hat eine starke physiologische Wirkung (z. B. kann es den Blutdruck beeinflussen). Daher empfiehlt es sich, mit einer niedrigeren Dosis (z. B. \u00bd Teel\u00f6ffel) zu beginnen und die Reaktion des K\u00f6rpers zu beobachten. Anschlie\u00dfend die Anzahl der Dosen gegebenenfalls zu erh\u00f6hen, aber nicht die Menge auf einmal. \u00bd Teel\u00f6ffel ist die optimale Menge f\u00fcr eine Tasse Tee (ca. 200\u2013250 ml). Eine gr\u00f6\u00dfere Menge k\u00f6nnte zu stark, dickfl\u00fcssig oder unangenehm zu trinken sein.<\/p>\n<p>Wir empfehlen, Lakritz nicht \u00fcber einen l\u00e4ngeren Zeitraum ohne Pause einzunehmen. Am besten legen Sie nach 4 bis 6 Wochen Einnahme eine Pause von mindestens zwei Wochen ein.<\/p>\n<p>Lakritz senkt den Kaliumgehalt im Blut. Daher ist es bei l\u00e4ngerem Lakritzkonsum notwendig, es durch Lebensmittel (z. B. Bananen, getrocknete Aprikosen, Datteln, Spinat, Mangold, Bohnen, Linsen usw.) zu ersetzen.<\/p>\n<h2><strong>Verpackung<\/strong><\/h2>\n<p>Luftdichter Zip-Verschlussbeutel, in dem das Produkt seine Frische und sein Aroma beh\u00e4lt. Die Verpackung sch\u00fctzt vor Licht und Luft, da sie aus mehreren Schutzschichten besteht, die die Eigenschaften des Inhalts bewahren.<\/p>\n<p>Die Verpackung ist sehr praktisch und recycelbar.<\/p>\n<h2><strong>Herkunft<\/strong><\/h2>\n<p>Indien<\/p>\n","protected":false},"excerpt":{"rendered":"<p><strong>Sladki koren<\/strong> laj\u0161a \u017eelod\u010dne te\u017eave\u00a0zaradi kisline, napenjanje, slabo prebavo, lahko pa prepre\u010di razrast heliobakterije, ki povzro\u010da \u010dir na \u017eelodcu. Poleg \u017eelod\u010dnih problemov, se sladki koren uporablja tudi pri\u00a0te\u017eavah z dihali. Laj\u0161a izka\u0161ljevanje in \u010disti dihalne pot. Pozitivno pa naj bi vplival tudi na jetra, imunski sistem in \u017eenske te\u017eave v menopavzi.\u00a0 Uporablja pa se tudi proti razjedam na \u017eelodcu in pri te\u017eavah s ko\u017eo. Ker vla\u017ei suho grlo, ga pogosto uporabljajo kadilci in poklicni govorci in pevci.<\/p>\n<p>\ud83d\udc9a V kitajski tradicionalni medicini se uporablja kot tonik za pomladitev srca in vranice.<br \/>\n\ud83d\udc9a Sladki koren deluje protivnetno in proti kr\u010dem.<\/p>\n<p>&nbsp;<\/p>\n","protected":false},"featured_media":7086,"comment_status":"open","ping_status":"closed","template":"","meta":{"_acf_changed":false},"product_brand":[],"product_cat":[15,225,224,234],"product_tag":[],"class_list":{"0":"post-6734","1":"product","2":"type-product","3":"status-publish","4":"has-post-thumbnail","6":"product_cat-uncategorized","7":"product_cat-alle-produkte","8":"product_cat-angebot","9":"product_cat-tee-lebensmittel-gewuerze","11":"first","12":"instock","13":"taxable","14":"shipping-taxable","15":"purchasable","16":"product-type-simple"},"acf":[],"_links":{"self":[{"href":"https:\/\/fengchashop.com\/de\/wp-json\/wp\/v2\/product\/6734","targetHints":{"allow":["GET"]}}],"collection":[{"href":"https:\/\/fengchashop.com\/de\/wp-json\/wp\/v2\/product"}],"about":[{"href":"https:\/\/fengchashop.com\/de\/wp-json\/wp\/v2\/types\/product"}],"replies":[{"embeddable":true,"href":"https:\/\/fengchashop.com\/de\/wp-json\/wp\/v2\/comments?post=6734"}],"wp:featuredmedia":[{"embeddable":true,"href":"https:\/\/fengchashop.com\/de\/wp-json\/wp\/v2\/media\/7086"}],"wp:attachment":[{"href":"https:\/\/fengchashop.com\/de\/wp-json\/wp\/v2\/media?parent=6734"}],"wp:term":[{"taxonomy":"product_brand","embeddable":true,"href":"https:\/\/fengchashop.com\/de\/wp-json\/wp\/v2\/product_brand?post=6734"},{"taxonomy":"product_cat","embeddable":true,"href":"https:\/\/fengchashop.com\/de\/wp-json\/wp\/v2\/product_cat?post=6734"},{"taxonomy":"product_tag","embeddable":true,"href":"https:\/\/fengchashop.com\/de\/wp-json\/wp\/v2\/product_tag?post=6734"}],"curies":[{"name":"wp","href":"https:\/\/api.w.org\/{rel}","templated":true}]}}