{"id":6685,"date":"2022-05-27T15:00:16","date_gmt":"2022-05-27T13:00:16","guid":{"rendered":"https:\/\/fengchashop.com\/de\/product\/gruener-kaffeepulver-bio-500-g\/"},"modified":"2026-04-30T22:01:20","modified_gmt":"2026-04-30T20:01:20","slug":"gruener-kaffeepulver-bio","status":"publish","type":"product","link":"https:\/\/fengchashop.com\/de\/product\/gruener-kaffeepulver-bio\/","title":{"rendered":"Gr\u00fcner Kaffeepulver BIO 500 g"},"content":{"rendered":"<h2 style=\"text-align: justify\"><span style=\"color: #000000\">Was ist Rohkaffee?<\/span><\/h2>\n<p style=\"text-align: justify\"><span style=\"color: #000000\">Gr\u00fcne Kaffeebohnen sind einfach die unger\u00f6steten Bohnen der normalen Kaffeepflanze. Damit ist gr\u00fcner Kaffee ein v\u00f6llig nat\u00fcrliches Produkt. Er wird wie gew\u00f6hnlicher Kr\u00e4utertee zubereitet. Auch geschmacklich ist er dem Kr\u00e4utertee sehr \u00e4hnlich.<\/span><\/p>\n<p style=\"text-align: justify\"><span style=\"color: #000000\">Die Kaffeebohnen stammen aus <strong>biologischem Anbau<\/strong> und werden auf besondere Weise gemahlen, um beim Aufbr\u00fchen eine optimale Wirkung und nat\u00fcrlich auch Geschmack zu gew\u00e4hrleisten.<\/span><\/p>\n<p style=\"text-align: justify\"><span style=\"color: #000000\">Rohkaffee gewinnt immer mehr Anh\u00e4nger aufgrund seiner positiven Auswirkungen auf <strong>moderne Beschwerden<\/strong>: \u00dcbergewicht, Stress, Energiemangel und Alterung. Aus diesem Grund ist es nicht verwunderlich, dass er auch nach vielen Jahren noch ein gefragtes und gut verkauftes Lebensmittel ist.<\/span><\/p>\n<p style=\"text-align: justify\"><span style=\"color: #000000\">Unser Rohkaffee ist ein zertifiziertes Bioprodukt, v\u00f6llig nat\u00fcrlich und ohne Zusatzstoffe.<\/span><\/p>\n<h2 style=\"text-align: justify\"><span style=\"color: #000000\">Was ist Chlorogens\u00e4ure oder wie wirkt sie?<\/span><\/h2>\n<p style=\"text-align: justify\"><span style=\"color: #000000\">Die Chlorogens\u00e4ure bewirkt, dass die Leber keine Glukose mehr in das Blut abgibt. Unser K\u00f6rper reagiert darauf, indem er das gespeicherte Fett verwendet. Der Stoffwechsel verbessert sich und der Fettabbau nimmt zu. Mit anderen Worten: Die Chlorogens\u00e4ure tr\u00e4gt dazu bei, die Fettspeicher im K\u00f6rper zu verbrennen und damit das Gewicht zu reduzieren.<\/span><\/p>\n<p style=\"text-align: justify\"><span style=\"color: #000000\">Einigen Untersuchungen zufolge soll gr\u00fcner Kaffee auch Bluthochdruck vorbeugen und senken, die Wirkung des Fettschmelzhormons verbessern und den Cholesterin- und Triglyceridspiegel senken.<\/span><\/p>\n<p style=\"text-align: justify\"><span style=\"color: #000000\">Und obwohl gr\u00fcner Kaffee vor allem f\u00fcr seine Chlorogens\u00e4ure und seine Wirkung auf die Gewichtsabnahme bekannt ist, kann er auch ein guter Ersatz f\u00fcr normalen Kaffee oder Tee sein. <\/span><\/p>\n<h2 style=\"text-align: justify\"><span style=\"color: #000000\">Was sind die Inhaltsstoffe von gr\u00fcnem Kaffee und wie wirken sie?<\/span><\/h2>\n<ul>\n<li><span style=\"color: #000000\"><strong><em>Koffein<\/em> <\/strong>&#8211; Gr\u00fcner Kaffee enth\u00e4lt eine etwas geringere Konzentration an Koffein. Geringere Mengen an Koffein wirken der <strong>k\u00f6rperlichen und geistigen Erm\u00fcdung<\/strong> entgegen. F\u00fcr mehr Energie und besseres Wohlbefinden. <\/span><\/li>\n<li><span style=\"color: #000000\"><em><strong>Chlorogens\u00e4ure<\/strong> <strong>s\u00e4ure<\/strong><\/em> &#8211; Hilft, Fett zu schmelzen und die Aufnahme von Zucker im Magen-Darm-Trakt zu verhindern und reguliert den Blutzucker. Dank der Chlorogens\u00e4ure kann Rohkaffee bei der Gewichtsabnahme helfen. Durch die R\u00f6stung geht jedoch ein Gro\u00dfteil davon verloren.<\/span><\/li>\n<li><span style=\"color: #000000\"><em><strong>Antioxidantien<\/strong> <\/em>&#8211; zerst\u00f6ren freie Radikale und k\u00f6nnen so das Auftreten bestimmter Krankheiten verhindern. Au\u00dferdem haben Antioxidantien auch eine Anti-Aging-Wirkung oder hemmen die Prozesse, die den Alterungsprozess beeinflussen.<\/span><\/li>\n<li><span style=\"color: #000000\"><em><strong>Andere<\/strong> <strong>Inhaltsstoffe<\/strong> <\/em>&#8211; Vitamine des B-Komplexes, Mineralstoffe, Polyphenole. Alles, was unser K\u00f6rper t\u00e4glich braucht. Der B-Komplex tr\u00e4gt zu einer normalen psychischen Funktion bei und verringert M\u00fcdigkeit und Ersch\u00f6pfung.<\/span><\/li>\n<\/ul>\n<h2 style=\"text-align: justify\"><span style=\"color: #000000\">Nicht nur zur Gewichtsabnahme<\/span><\/h2>\n<p style=\"text-align: justify\"><span style=\"color: #000000\">Gr\u00fcner Kaffee ist eine angenehme Erfahrung f\u00fcr alle Liebhaber von guten Kr\u00e4utertees. Der Geschmack ist sehr angenehm, interessant und einzigartig. Meistens wird er tats\u00e4chlich mit Gewichtsabnahme in Verbindung gebracht, aber Rohkaffee kann auch zu anderen Zwecken genossen werden, und wenn Sie etwas f\u00fcr Ihr Wohlbefinden tun, schlagen Sie (mindestens) zwei Fliegen mit einer Klappe. Dank seiner komplexen Zusammensetzung, die reich an Antioxidantien, Mineralien, Vitaminen und Polyphenolen ist, kann er sich positiv auf die Senkung des Blutdrucks, die Beschleunigung des Stoffwechsels, die Reduzierung der Zuckeraufnahme und die Verlangsamung des Alterungsprozesses auswirken. <\/span><\/p>\n<p style=\"text-align: justify\">\n<h2 style=\"text-align: justify\"><span style=\"color: #000000\">Wann sollte man Rohkaffee trinken?<\/span><\/h2>\n<p style=\"text-align: justify\"><span style=\"color: #000000\">Aufgrund seines Koffeingehalts sollte er nicht vor dem Schlafengehen getrunken werden, vor allem dann nicht, wenn Koffein einen starken Einfluss auf die Wachheit hat. <\/span><\/p>\n<p style=\"text-align: justify\"><span style=\"color: #000000\">Ansonsten kann er nat\u00fcrlich jederzeit getrunken werden, genau wie normaler Kaffee oder Tee. Mit gr\u00fcnem Kaffee kann man die Palette der t\u00e4glich konsumierten Getr\u00e4nke abrunden. Er ist besonders dann willkommen, wenn Sie etwas brauchen, das <strong>Ihre Energie und Ihre Stimmung anhebt<\/strong>. <\/span><\/p>\n<p style=\"text-align: justify\"><span style=\"color: #000000\">Und wenn Sie Ihr Gewicht kontrollieren und mit gr\u00fcnem Kaffee ein paar Pfunde verlieren wollen, empfehlen wir, ihn mindestens 15 Minuten vor jeder Hauptmahlzeit zu trinken. Nur so kann er als Appetitz\u00fcgler wirken. Es ist wichtig, ihn nicht w\u00e4hrend oder nach einer Mahlzeit zu trinken.<\/span><\/p>\n<h2 style=\"text-align: justify\"><span style=\"color: #000000\">Wie viel Rohkaffee wird empfohlen?<\/span><\/h2>\n<p style=\"text-align: justify\"><span style=\"color: #000000\">Mindestens ein halber Liter pro Tag sollte getrunken werden, um die optimale Wirkung dieses nat\u00fcrlichen und gesunden Getr\u00e4nks zu erzielen, das das <strong>allgemeine Wohlbefinden verbessert, Energie spendet<\/strong> und eine gro\u00dfe Hilfe beim <strong>Abnehmen<\/strong> sein kann. Wenn m\u00f6glich, sollte es immer frisch zubereitet werden.<\/span><\/p>\n<h2 style=\"text-align: justify\"><span style=\"color: #000000\">Wie verpacken und lagern wir Ihren Rohkaffee?<\/span><\/h2>\n<p style=\"text-align: justify\"><span style=\"color: #000000\">Der Rohkaffee wird in einem <strong>luftdicht verschlie\u00dfbaren Beutel<\/strong> verpackt, in dem er seine ganze Frische und sein Aroma bewahrt. Die Verpackung sch\u00fctzt ihn vor Licht und Luft, da sie aus mehreren Schutzschichten besteht, die die Eigenschaften des Inhalts bewahren. Auf diese Weise verpackter Rohkaffee sollte an einem trockenen, dunklen und k\u00fchlen Ort gelagert werden. Achten Sie darauf, dass der Beutel oder die Schachtel immer gut <strong>verschlossen<\/strong> ist.<\/span><\/p>\n<p style=\"text-align: justify\"><span style=\"color: #000000\">Die Verpackung ist sehr praktisch und recycelbar.<\/span><\/p>\n<h2 style=\"text-align: justify\"><span style=\"color: #000000\">Herkunft<\/span><\/h2>\n<p style=\"text-align: justify\">S\u00fcdamerika<\/p>\n","protected":false},"excerpt":{"rendered":"<p>Gr\u00fcne Kaffeebohnen sind einfach die unger\u00f6steten Bohnen einer normalen Kaffeepflanze. Das macht Rohkaffee zu einem v\u00f6llig nat\u00fcrlichen Produkt. Er wird wie gew\u00f6hnlicher Kr\u00e4utertee zubereitet. Er schmeckt auch sehr \u00e4hnlich wie Kr\u00e4utertee. Gr\u00fcner Kaffee enth\u00e4lt:<\/p>\n<p>\ud83d\udc9aKoffein &#8211; enth\u00e4lt eine etwas geringere Konzentration an Koffein. Geringere Mengen an Koffein wirken k\u00f6rperlicher und geistiger M\u00fcdigkeit entgegen. F\u00fcr mehr Energie und besseres Wohlbefinden.<br \/>\n\ud83d\udc9aChlorogens\u00e4ure &#8211; hilft bei der Fettschmelze und verhindert die Zuckeraufnahme im Magen-Darm-Trakt und reguliert den Blutzucker. Dank der Chlorogens\u00e4ure kann Rohkaffee bei der Gewichtsabnahme helfen. Durch das R\u00f6sten geht jedoch ein Gro\u00dfteil davon verloren.<br \/>\n\ud83d\udc9a Antioxidantien &#8211; sie zerst\u00f6ren freie Radikale und k\u00f6nnen einigen Krankheiten vorbeugen. Au\u00dferdem haben Antioxidantien eine Anti-Ageing-Wirkung oder hemmen die Prozesse, die \ud83d\udc9a\ud83d\udc9a Weitere Inhaltsstoffe &#8211; Vitamine des B-Komplexes, Mineralstoffe, Polyphenole. Alles, was unser K\u00f6rper t\u00e4glich braucht. Der B-Komplex tr\u00e4gt zu einer normalen psychischen Funktion und zur Verringerung von M\u00fcdigkeit und Ersch\u00f6pfung bei.<\/p>\n","protected":false},"featured_media":6686,"comment_status":"open","ping_status":"closed","template":"","meta":{"_acf_changed":false},"product_brand":[],"product_cat":[15,225,224,234],"product_tag":[],"class_list":{"0":"post-6685","1":"product","2":"type-product","3":"status-publish","4":"has-post-thumbnail","6":"product_cat-uncategorized","7":"product_cat-alle-produkte","8":"product_cat-angebot","9":"product_cat-tee-lebensmittel-gewuerze","11":"first","12":"instock","13":"taxable","14":"shipping-taxable","15":"purchasable","16":"product-type-simple"},"acf":[],"_links":{"self":[{"href":"https:\/\/fengchashop.com\/de\/wp-json\/wp\/v2\/product\/6685","targetHints":{"allow":["GET"]}}],"collection":[{"href":"https:\/\/fengchashop.com\/de\/wp-json\/wp\/v2\/product"}],"about":[{"href":"https:\/\/fengchashop.com\/de\/wp-json\/wp\/v2\/types\/product"}],"replies":[{"embeddable":true,"href":"https:\/\/fengchashop.com\/de\/wp-json\/wp\/v2\/comments?post=6685"}],"wp:featuredmedia":[{"embeddable":true,"href":"https:\/\/fengchashop.com\/de\/wp-json\/wp\/v2\/media\/6686"}],"wp:attachment":[{"href":"https:\/\/fengchashop.com\/de\/wp-json\/wp\/v2\/media?parent=6685"}],"wp:term":[{"taxonomy":"product_brand","embeddable":true,"href":"https:\/\/fengchashop.com\/de\/wp-json\/wp\/v2\/product_brand?post=6685"},{"taxonomy":"product_cat","embeddable":true,"href":"https:\/\/fengchashop.com\/de\/wp-json\/wp\/v2\/product_cat?post=6685"},{"taxonomy":"product_tag","embeddable":true,"href":"https:\/\/fengchashop.com\/de\/wp-json\/wp\/v2\/product_tag?post=6685"}],"curies":[{"name":"wp","href":"https:\/\/api.w.org\/{rel}","templated":true}]}}