{"id":6641,"date":"2022-05-23T16:14:27","date_gmt":"2022-05-23T14:14:27","guid":{"rendered":"https:\/\/fengchashop.com\/de\/product\/bockshornklee-triplat-bio-500-g\/"},"modified":"2026-04-18T11:09:30","modified_gmt":"2026-04-18T09:09:30","slug":"bockshornklee-triplat-bio","status":"publish","type":"product","link":"https:\/\/fengchashop.com\/de\/product\/bockshornklee-triplat-bio\/","title":{"rendered":"Bockshornklee (Triplat) BIO 500 g"},"content":{"rendered":"<h2 style=\"text-align: justify\">Bockshornklee BIO<\/h2>\n<p style=\"text-align: justify\"><span style=\"color: #000000\">Bockshornklee ist eine einj\u00e4hrige Pflanze, die etwa einen halben Meter hoch w\u00e4chst. Die Samen, die als Gew\u00fcrz verwendet werden, befinden sich <strong>in den Schoten der<\/strong> Pflanze. Sie wird auch Bockshornklee genannt, aus dem Englischen Fenugreek.<\/span><\/p>\n<p style=\"text-align: justify\"><span style=\"color: #000000\">Bockshornklee ist reich an Eiwei\u00df, Vitaminen (vor allem Vitamin D) und Mineralien sowie an phenolischen und flavonoiden Verbindungen. Er hat einen scharfen Geschmack und ein starkes Aroma. Er gilt als eine der \u00e4ltesten Pflanzen, die in der Medizin und in der K\u00fcche verwendet werden. Traditionell wird Bockshornklee zur Behandlung von Diabetes, Cholesterin, Blutarmut, Magen- und Verdauungsst\u00f6rungen und chronischem Husten eingesetzt. Er wird in der traditionellen chinesischen Medizin und im Ayurveda verwendet. Bockshornklee hat auch eine positive Wirkung auf die Milchproduktion beim Stillen.<\/span><\/p>\n<p style=\"text-align: justify\"><span style=\"color: #000000\">Am h\u00e4ufigsten findet man ihn in der s\u00fcdasiatischen und \u00e4gyptischen K\u00fcche. <\/span><\/p>\n<p style=\"text-align: justify\"><span style=\"color: #000000\">Der Geschmack der Samen ist s\u00fc\u00df und nussig.<\/span><\/p>\n<p style=\"text-align: justify\"><span style=\"color: #000000\">Unser Bockshornklee stammt aus biologischem Anbau.<\/span><\/p>\n<h2 style=\"text-align: justify\"><span style=\"color: #000000\">Lagerung<\/span><\/h2>\n<p style=\"text-align: justify\"><span style=\"color: #000000\">An einem k\u00fchlen, trockenen und dunklen Ort aufbewahren. Achten Sie darauf, dass der Beutel oder die Schachtel fest verschlossen ist.<\/span><\/p>\n<h2 style=\"text-align: justify\"><span style=\"color: #000000\">Verpackung<\/span><\/h2>\n<p style=\"text-align: justify\"><span style=\"color: #000000\">Ein undurchl\u00e4ssiger Zip-Lock-Beutel, in dem das Produkt seine Frische und sein Aroma bewahrt. Die Verpackung sch\u00fctzt vor Licht und Luft, da sie aus mehreren Schutzschichten besteht, um die Eigenschaften des Inhalts zu erhalten.<\/span><\/p>\n<p style=\"text-align: justify\"><span style=\"color: #000000\">Die Verpackung ist sehr praktisch und recycelbar.<\/span><\/p>\n<h2><span style=\"color: #000000\">Herkunft<\/span><\/h2>\n<p><span style=\"color: #000000\">Sri Lanka oder Indien<\/span><\/p>\n","protected":false},"excerpt":{"rendered":"<p>Bockshornklee ist reich an Eiwei\u00df, Vitaminen (insbesondere Vitamin D) und Mineralien sowie an phenolischen und flavonoiden Verbindungen. Es hat einen scharfen Geschmack und ein starkes Aroma. Er gilt als eine der \u00e4ltesten Pflanzen, die <strong>in der Medizin und in<\/strong> der K\u00fcche verwendet werden <strong>.<\/strong> Traditionell wird Bockshornklee zur Behandlung von Diabetes, Cholesterin, Blutarmut, Magen- und Verdauungsst\u00f6rungen und chronischem Husten eingesetzt. Er wird in der traditionellen chinesischen Medizin und im Ayurveda verwendet.<\/p>\n<p>\ud83d\udc9a Reguliert den Cholesterinspiegel.<br \/>\n\ud83d\udc9a Es wirkt sich positiv auf die Milchproduktion beim Stillen aus.<br \/>\n\ud83d\udc9a Senkt den Blutzucker.<br \/>\n\ud83d\udc9a Verbessert die Verdauung.<\/p>\n","protected":false},"featured_media":6642,"comment_status":"open","ping_status":"closed","template":"","meta":{"_acf_changed":false},"product_brand":[],"product_cat":[15,225,224,234],"product_tag":[],"class_list":{"0":"post-6641","1":"product","2":"type-product","3":"status-publish","4":"has-post-thumbnail","6":"product_cat-uncategorized","7":"product_cat-alle-produkte","8":"product_cat-angebot","9":"product_cat-tee-lebensmittel-gewuerze","11":"first","12":"instock","13":"sale","14":"taxable","15":"shipping-taxable","16":"purchasable","17":"product-type-simple"},"acf":[],"_links":{"self":[{"href":"https:\/\/fengchashop.com\/de\/wp-json\/wp\/v2\/product\/6641","targetHints":{"allow":["GET"]}}],"collection":[{"href":"https:\/\/fengchashop.com\/de\/wp-json\/wp\/v2\/product"}],"about":[{"href":"https:\/\/fengchashop.com\/de\/wp-json\/wp\/v2\/types\/product"}],"replies":[{"embeddable":true,"href":"https:\/\/fengchashop.com\/de\/wp-json\/wp\/v2\/comments?post=6641"}],"wp:featuredmedia":[{"embeddable":true,"href":"https:\/\/fengchashop.com\/de\/wp-json\/wp\/v2\/media\/6642"}],"wp:attachment":[{"href":"https:\/\/fengchashop.com\/de\/wp-json\/wp\/v2\/media?parent=6641"}],"wp:term":[{"taxonomy":"product_brand","embeddable":true,"href":"https:\/\/fengchashop.com\/de\/wp-json\/wp\/v2\/product_brand?post=6641"},{"taxonomy":"product_cat","embeddable":true,"href":"https:\/\/fengchashop.com\/de\/wp-json\/wp\/v2\/product_cat?post=6641"},{"taxonomy":"product_tag","embeddable":true,"href":"https:\/\/fengchashop.com\/de\/wp-json\/wp\/v2\/product_tag?post=6641"}],"curies":[{"name":"wp","href":"https:\/\/api.w.org\/{rel}","templated":true}]}}