{"id":6636,"date":"2022-05-23T15:45:25","date_gmt":"2022-05-23T13:45:25","guid":{"rendered":"https:\/\/fengchashop.com\/de\/product\/bio-ceylon-zimtpulver-250-g\/"},"modified":"2026-04-18T13:49:10","modified_gmt":"2026-04-18T11:49:10","slug":"bio-ceylon-zimtpulver","status":"publish","type":"product","link":"https:\/\/fengchashop.com\/de\/product\/bio-ceylon-zimtpulver\/","title":{"rendered":"Zimtpulver Ceylon Bio 250 g"},"content":{"rendered":"<h2 style=\"text-align: justify\"><span style=\"color: #000000\">Ceylon-Zimtpulver BIO<\/span><\/h2>\n<p style=\"text-align: justify\"><span style=\"color: #000000\">Ceylon-Zimt stammt aus Sri Lanka (dem fr\u00fcheren Ceylon, nach dem der Zimt benannt ist) und ist im Vergleich zu <strong>chinesischem Zimt<\/strong> oder Cassia, den die meisten von uns eher kennen und der in den meisten Gesch\u00e4ften erh\u00e4ltlich ist, seltener und daher viel wertvoller. In Sri Lanka werden verschiedene Zimtqualit\u00e4ten hergestellt, und der von uns gew\u00e4hlte Ceylon-Zimt hat einen subtilen und zarten Duft. Er hat einen milden, s\u00fc\u00dfen Geschmack und wird zu Desserts, Kompotten, Kuchen, Torten und Keksen, Punsch und Gl\u00fchwein gereicht. Er wird zum Aromatisieren von Honig, Schokolade, N\u00fcssen, Chili, Milchprodukten, Cranberries, Brat\u00e4pfeln und Bananen verwendet. Zimt kann \u00fcber Obst (Obstsalate, Eint\u00f6pfe) und M\u00fcsli gestreut werden, zu Joghurt, Milchreis, H\u00fcttenk\u00e4se und verschiedenen Milch- und Fruchtgetr\u00e4nken hinzugef\u00fcgt werden. Er passt auch gut zu Tee und Kaffee sowie zu Kakao und hei\u00dfer Schokolade. Zimt ist auch das beliebteste Weihnachtsgew\u00fcrz. Tats\u00e4chlich ist Zimt eines der<strong> vielseitigsten Gew\u00fcrze<\/strong>, das in vielen verschiedenen und manchmal ungew\u00f6hnlichen Kombinationen vorkommt, vor allem in der orientalischen und mexikanischen K\u00fcche (z. B. in Currys). Er wird traditionell <strong>zum Verfeinern von Speisen<\/strong> verwendet. <\/span><\/p>\n<p style=\"text-align: justify\"><span style=\"color: #000000\">Unser Zimt stammt aus biologischem Anbau.<\/span><\/p>\n<h2 style=\"text-align: justify\"><span style=\"color: #000000\">Anwendungen<\/span><\/h2>\n<p style=\"text-align: justify\"><span style=\"color: #000000\">Zimt kann mit Vanille, Koriander und Muskatnuss kombiniert werden, aber besonders schmackhaft und gesundheitsf\u00f6rdernd ist er <strong>in Kombination mit Nelken oder Kurkuma<\/strong>. Er kann auch <strong>in der Heimkosmetik<\/strong> und als <strong>Nahrungserg\u00e4nzungsmittel<\/strong> verwendet werden, da er viele wichtige und n\u00fctzliche Inhaltsstoffe f\u00fcr den Menschen enth\u00e4lt, und er kann auch in der <strong>Aromatherapie<\/strong> und zur Raumbeduftung eingesetzt werden.<\/span><\/p>\n<p style=\"text-align: justify\"><span style=\"color: #000000\">Da Ceylon-Zimt am wenigsten <strong>Cumarin<\/strong> enth\u00e4lt, das im Verdacht steht, unsere Leber zu sch\u00e4digen und das Blut zu verd\u00fcnnen, ist er f\u00fcr den regelm\u00e4\u00dfigen Verzehr viel besser geeignet.<\/span><\/p>\n<p style=\"text-align: justify\"><span style=\"color: #000000\">Zimt regt den Zuckerstoffwechsel an und sorgt daf\u00fcr, dass der Zucker schneller aus dem Blut in die Zellen gelangt, so dass der K\u00f6rper<strong> den Blutzuckerspiegel gut regulieren<\/strong> und \u00fcberm\u00e4\u00dfige Schwankungen vermeiden kann, weshalb er in der Ern\u00e4hrung von Diabetikern (vor allem bei Typ-2-Diabetes) nicht fehlen sollte. Er ist ein sehr starkes Antioxidans und reich an Kalzium und Magnesium. Dar\u00fcber hinaus hat Zimt antimykotische und antimikrobielle Eigenschaften, weshalb er als nat\u00fcrliches Antibiotikum sowie in Mundhygienepr\u00e4paraten verwendet wird. Er wird manchmal als Aphrodisiakum angesehen und kann auch bei Menstruationsbeschwerden und Gewichtsverlust helfen.<\/span><\/p>\n<p style=\"text-align: justify\"><span style=\"color: #000000\">Wie alles sollte auch Zimt nur in Ma\u00dfen verwendet werden. Nehmen Sie t\u00e4glich oder je nach Bedarf <strong>einen halben Teel\u00f6ffel<\/strong> gemahlenen Ceylon-Zimt zu sich, um seine volle Wirkung zu entfalten. Zimt ist auch ein sicheres Lebensmittel f\u00fcr Kinder.<\/span><\/p>\n<h2 style=\"text-align: justify\"><span style=\"color: #000000\">Lagerung<\/span><\/h2>\n<p style=\"text-align: justify\"><span style=\"color: #000000\">An einem trockenen, dunklen und k\u00fchlen Ort aufbewahren. Achten Sie darauf, dass die T\u00fcte oder Schachtel gut verschlossen ist.<\/span><\/p>\n<h2 style=\"text-align: justify\"><span style=\"color: #000000\">Verpackung<\/span><\/h2>\n<p style=\"text-align: justify\"><span style=\"color: #000000\">Ein undurchl\u00e4ssiger Zip-Lock-Beutel, in dem das Produkt seine ganze Frische und sein Aroma bewahrt. Die Verpackung sch\u00fctzt vor Licht und Luft, da sie aus mehreren Schutzschichten besteht, um die Eigenschaften des Inhalts zu erhalten.<\/span><\/p>\n<p style=\"text-align: justify\"><span style=\"color: #000000\">Die Verpackung ist sehr praktisch und recycelbar.<\/span><\/p>\n<h2><span style=\"color: #000000\">Herkunft<\/span><\/h2>\n<p><span style=\"color: #000000\">Sri Lanka<\/span><\/p>\n","protected":false},"excerpt":{"rendered":"<p>Zimt kann mit Vanille, Koriander und Muskatnuss kombiniert werden und ist besonders schmackhaft und gesundheitsf\u00f6rdernd, wenn er mit Nelken oder Kurkuma kombiniert wird. Er kann auch in der Heimkosmetik und als Nahrungserg\u00e4nzungsmittel verwendet werden, da er viele wichtige und n\u00fctzliche Inhaltsstoffe f\u00fcr den Menschen enth\u00e4lt, und er kann auch in der Aromatherapie und zur Raumbeduftung eingesetzt werden. Da Ceylon-Zimt am wenigsten Cumarin enth\u00e4lt, das im Verdacht steht, sich negativ auf die Leber auszuwirken und das Blut zu verd\u00fcnnen, ist er f\u00fcr den regelm\u00e4\u00dfigen Verzehr viel besser geeignet.<\/p>\n<p>\ud83d\udc9a Ein starkes Antioxidans.<br \/>\n\ud83d\udc9a Blutzuckerkontrolle.<br \/>\n\ud83d\udc9a Hat antimykotische und antimikrobielle Eigenschaften.<br \/>\n\ud83d\udc9a Aus biologischem Anbau.<\/p>\n","protected":false},"featured_media":6637,"comment_status":"open","ping_status":"closed","template":"","meta":{"_acf_changed":false},"product_brand":[],"product_cat":[15,225,224,238,234],"product_tag":[],"class_list":{"0":"post-6636","1":"product","2":"type-product","3":"status-publish","4":"has-post-thumbnail","6":"product_cat-uncategorized","7":"product_cat-alle-produkte","8":"product_cat-angebot","9":"product_cat-gute-angebote","10":"product_cat-tee-lebensmittel-gewuerze","12":"first","13":"instock","14":"sale","15":"taxable","16":"shipping-taxable","17":"purchasable","18":"product-type-simple"},"acf":[],"_links":{"self":[{"href":"https:\/\/fengchashop.com\/de\/wp-json\/wp\/v2\/product\/6636","targetHints":{"allow":["GET"]}}],"collection":[{"href":"https:\/\/fengchashop.com\/de\/wp-json\/wp\/v2\/product"}],"about":[{"href":"https:\/\/fengchashop.com\/de\/wp-json\/wp\/v2\/types\/product"}],"replies":[{"embeddable":true,"href":"https:\/\/fengchashop.com\/de\/wp-json\/wp\/v2\/comments?post=6636"}],"wp:featuredmedia":[{"embeddable":true,"href":"https:\/\/fengchashop.com\/de\/wp-json\/wp\/v2\/media\/6637"}],"wp:attachment":[{"href":"https:\/\/fengchashop.com\/de\/wp-json\/wp\/v2\/media?parent=6636"}],"wp:term":[{"taxonomy":"product_brand","embeddable":true,"href":"https:\/\/fengchashop.com\/de\/wp-json\/wp\/v2\/product_brand?post=6636"},{"taxonomy":"product_cat","embeddable":true,"href":"https:\/\/fengchashop.com\/de\/wp-json\/wp\/v2\/product_cat?post=6636"},{"taxonomy":"product_tag","embeddable":true,"href":"https:\/\/fengchashop.com\/de\/wp-json\/wp\/v2\/product_tag?post=6636"}],"curies":[{"name":"wp","href":"https:\/\/api.w.org\/{rel}","templated":true}]}}