{"id":6631,"date":"2022-05-23T15:20:59","date_gmt":"2022-05-23T13:20:59","guid":{"rendered":"https:\/\/fengchashop.com\/de\/product\/ingwerpulver-bio-250-g\/"},"modified":"2026-05-07T01:38:16","modified_gmt":"2026-05-06T23:38:16","slug":"ingwerpulver-bio","status":"publish","type":"product","link":"https:\/\/fengchashop.com\/de\/product\/ingwerpulver-bio\/","title":{"rendered":"Ingwerpulver BIO 250 g"},"content":{"rendered":"<h2 style=\"text-align: justify\"><span style=\"color: #000000\">Ingwerpulver BIO<\/span><\/h2>\n<p style=\"text-align: justify\"><span style=\"color: #000000\">Ingwer ist eine in Asien beheimatete Pflanze. Der Teil, den wir zum Verzehr verwenden, ist der <strong>unterirdische, verdickte Stamm<\/strong> oder das Rhizom. Er wird seit <strong>Tausenden von Jahren<\/strong> zu medizinischen und ern\u00e4hrungsphysiologischen Zwecken verwendet, und seine Wirksamkeit ist auch heute noch erstaunlich. Ingwer ist reich an Antioxidantien, Mineralien und entz\u00fcndungshemmenden Stoffen, weshalb er in der Grippe-, Halsentz\u00fcndungs- und Erk\u00e4ltungszeit am h\u00e4ufigsten in Verbindung mit Zitrone und Honig verwendet wird, da er eine positive Wirkung auf alle Symptome dieser Krankheiten hat. Er ist auch ein gutes Mittel gegen \u00dcbelkeit, da er eine Magenverstimmung beruhigt und Schmerzen lindert, er w\u00e4rmt den Magen und den K\u00f6rper auf angenehme Weise. Getrocknetes Ingwerpulver hat einen vollen und aromatischen Geschmack, der leicht an Zitrone erinnert und eine charakteristische Gew\u00fcrznote aufweist. Im Vergleich zu frischem Ingwer ist getrockneter Ingwer <strong>aromatischer und sch\u00e4rfer<\/strong>, daher sollte man bei der Dosierung vorsichtig sein. Er wird verwendet f\u00fcr:<\/span><\/p>\n<ul style=\"text-align: justify\">\n<li><span style=\"color: #000000\">zur Verbesserung des <strong>Geschmacks von<\/strong> Speisen und Getr\u00e4nken;<\/span><\/li>\n<li><span style=\"color: #000000\">zur Linderung von <strong>\u00dcbelkeit<\/strong> und <strong>Erbrechen<\/strong>, <strong>Bl\u00e4hungen<\/strong> und <strong>Verdauungsst\u00f6rungen<\/strong>;<\/span><\/li>\n<li><span style=\"color: #000000\">die St\u00e4rkung des <strong>Immunsystems<\/strong>;<\/span><\/li>\n<li><span style=\"color: #000000\">zur Senkung von Cholesterin, Blutzucker und Blutdruck;<\/span><\/li>\n<li><span style=\"color: #000000\">Verd\u00fcnnung des Blutes und Verhinderung der Arterienverstopfung &#8211; \u00e4hnlich wie Aspirin,<\/span><\/li>\n<li><span style=\"color: #000000\">Linderung von Muskel- und Gelenkschmerzen ohne Nebenwirkungen &#8211; auch zur Linderung von <strong>Menstruationsbeschwerden<\/strong>;<\/span><\/li>\n<li><span style=\"color: #000000\">einigen Untersuchungen zufolge soll es auch ein Mittel gegen Krebs sein;<\/span><\/li>\n<li><span style=\"color: #000000\">unterst\u00fctzt die <strong>Gewichtsabnahme<\/strong>, da Untersuchungen darauf hindeuten, dass er den Leptinspiegel reguliert, der f\u00fcr das S\u00e4ttigungsgef\u00fchl verantwortlich ist. <\/span><\/li>\n<\/ul>\n<p><span style=\"color: #000000\">Dieser gemahlene Ingwer ist<strong> aus biologischem Anbau<\/strong>.<\/span><\/p>\n<h2 style=\"text-align: justify\"><span style=\"color: #000000\">Lagerung<\/span><\/h2>\n<p style=\"text-align: justify\"><span style=\"color: #000000\">An einem trockenen, dunklen und k\u00fchlen Ort aufbewahren. Achten Sie darauf, dass der Beutel oder die Schachtel fest verschlossen ist.<\/span><\/p>\n<h2 style=\"text-align: justify\"><span style=\"color: #000000\">Verpackung<\/span><\/h2>\n<p style=\"text-align: justify\"><span style=\"color: #000000\">Ein undurchl\u00e4ssiger Zip-Lock-Beutel, in dem das Produkt seine ganze Frische und sein Aroma bewahrt. Die Verpackung sch\u00fctzt vor Licht und Luft, da sie aus mehreren Schutzschichten besteht, um die Eigenschaften des Inhalts zu erhalten.<\/span><\/p>\n<p style=\"text-align: justify\"><span style=\"color: #000000\">Die Verpackung ist sehr praktisch und recycelbar.<\/span><\/p>\n<h2><span style=\"color: #000000\">Herkunft<\/span><\/h2>\n<p><span style=\"color: #000000\">Peru<\/span><\/p>\n","protected":false},"excerpt":{"rendered":"<p>Er wird seit Jahrtausenden zu medizinischen und ern\u00e4hrungsphysiologischen Zwecken verwendet und seine Wirksamkeit \u00fcberrascht auch heute noch. Ingwer ist reich an Antioxidantien, Mineralien und entz\u00fcndungshemmenden Stoffen, weshalb er in der Grippe-, Halsentz\u00fcndungs- und Erk\u00e4ltungszeit am h\u00e4ufigsten in Verbindung mit Zitrone und Honig verwendet wird, da er eine wohltuende Wirkung auf alle Symptome dieser Krankheiten hat. Er ist auch ein gutes Mittel gegen \u00dcbelkeit, denn er beruhigt den Magen und lindert die Schmerzen, ja er w\u00e4rmt den Magen und den K\u00f6rper auf angenehme Weise.<\/p>\n<p>\ud83d\udc9a Entz\u00fcndungshemmend.<br \/>\n\ud83d\udc9a Es reinigt die Leber.<br \/>\n\ud83d\udc9a Lindert Menstruationsbeschwerden.<br \/>\n\ud83d\udc9a Ein starkes Antioxidans.<\/p>\n","protected":false},"featured_media":6632,"comment_status":"open","ping_status":"closed","template":"","meta":{"_acf_changed":false},"product_brand":[],"product_cat":[15,225,224,194,234],"product_tag":[],"class_list":{"0":"post-6631","1":"product","2":"type-product","3":"status-publish","4":"has-post-thumbnail","6":"product_cat-uncategorized","7":"product_cat-alle-produkte","8":"product_cat-angebot","9":"product_cat-ayurveda","10":"product_cat-tee-lebensmittel-gewuerze","12":"first","13":"instock","14":"taxable","15":"shipping-taxable","16":"purchasable","17":"product-type-simple"},"acf":[],"_links":{"self":[{"href":"https:\/\/fengchashop.com\/de\/wp-json\/wp\/v2\/product\/6631","targetHints":{"allow":["GET"]}}],"collection":[{"href":"https:\/\/fengchashop.com\/de\/wp-json\/wp\/v2\/product"}],"about":[{"href":"https:\/\/fengchashop.com\/de\/wp-json\/wp\/v2\/types\/product"}],"replies":[{"embeddable":true,"href":"https:\/\/fengchashop.com\/de\/wp-json\/wp\/v2\/comments?post=6631"}],"wp:featuredmedia":[{"embeddable":true,"href":"https:\/\/fengchashop.com\/de\/wp-json\/wp\/v2\/media\/6632"}],"wp:attachment":[{"href":"https:\/\/fengchashop.com\/de\/wp-json\/wp\/v2\/media?parent=6631"}],"wp:term":[{"taxonomy":"product_brand","embeddable":true,"href":"https:\/\/fengchashop.com\/de\/wp-json\/wp\/v2\/product_brand?post=6631"},{"taxonomy":"product_cat","embeddable":true,"href":"https:\/\/fengchashop.com\/de\/wp-json\/wp\/v2\/product_cat?post=6631"},{"taxonomy":"product_tag","embeddable":true,"href":"https:\/\/fengchashop.com\/de\/wp-json\/wp\/v2\/product_tag?post=6631"}],"curies":[{"name":"wp","href":"https:\/\/api.w.org\/{rel}","templated":true}]}}