{"id":6626,"date":"2022-05-23T14:56:49","date_gmt":"2022-05-23T12:56:49","guid":{"rendered":"https:\/\/fengchashop.com\/de\/product\/kurkumapulver-bio-500-g\/"},"modified":"2026-04-17T23:28:31","modified_gmt":"2026-04-17T21:28:31","slug":"kurkumapulver-bio","status":"publish","type":"product","link":"https:\/\/fengchashop.com\/de\/product\/kurkumapulver-bio\/","title":{"rendered":"Kurkumapulver Bio 500 g"},"content":{"rendered":"<h2 style=\"text-align: justify\"><span style=\"color: #000000\">Kurkuma Bio<\/span><\/h2>\n<p style=\"text-align: justify\"><span style=\"color: #000000\">Kurkuma ist eine Pflanze, die in Europa seit der Antike und in ihrem Heimatland seit mindestens 4000 Jahren bekannt ist. Urspr\u00fcnglich wurde sie als Heilpflanze und Farbstoff verwendet, bevor sie sich in sp\u00e4teren Zeiten als Gew\u00fcrz etablierte. Wie Ingwer ist auch Kurkuma ein Gew\u00fcrz, das aus dem <strong>unterirdischen, verdickten St\u00e4ngel<\/strong> einer asiatischen Staude gewonnen wird. Im Ayurveda wird Kurkuma traditionell zur Behandlung von Krebs und Schuppenflechte eingesetzt. Es ist auch als Bestandteil von kosmetischen Pr\u00e4paraten bekannt. Obwohl manche Menschen in der westlichen Welt es als Gew\u00fcrz kennen, steckt viel mehr dahinter. Neben Mineralien, den Vitaminen B6 und B3, Fols\u00e4ure, Kalium, Eisen, Mangan und Omega-3-Fetts\u00e4uren enth\u00e4lt Kurkuma auch das <strong>Polyphenol Curcumin<\/strong>, ein sehr <strong>starkes Antioxidans<\/strong> und eine wirksame <strong>entz\u00fcndungshemmende Verbindung<\/strong>. Curcumin wirkt sich nachweislich positiv auf die Leber und das Kreislaufsystem aus, verringert die Entz\u00fcndung bei Arthritis und reduziert die Risikofaktoren f\u00fcr Diabetes. Es hat auch positive Auswirkungen auf die Gesundheit des Gehirns und reduziert das Krebsrisiko. Curcumin beugt erfolgreich allen chronischen Entz\u00fcndungen in unserem K\u00f6rper vor &#8211; und alle Krankheiten beginnen tats\u00e4chlich mit einer Entz\u00fcndung. Es <strong>verhindert<\/strong> auch <strong>das Wachstum von schlechten Bakterien<\/strong> in unserem Verdauungstrakt, wie z. B. <strong><em>Heliobacter pylori<\/em><\/strong> in unserem Magen und <em><strong>Candida<\/strong><\/em> in unserem Mund und Darm. <\/span><\/p>\n<p style=\"text-align: justify\"><span style=\"color: #000000\">Das in Kurkuma enthaltene Curcumin hat auch eine positive Wirkung auf die Vorbeugung von Alterskrankheiten (Alzheimer).<\/span><\/p>\n<p style=\"text-align: justify\"><span style=\"color: #000000\">Der Geschmack von Kurkuma ist leicht adstringierend, w\u00fcrzig, aber s\u00fc\u00df und erinnert an Ingwer, Orange und Pfeffer.<\/span><\/p>\n<p style=\"text-align: justify\"><span style=\"color: #000000\">Typischerweise wird Kurkuma Folgendes zugeschrieben:<\/span><\/p>\n<ul style=\"text-align: justify\">\n<li><span style=\"color: #000000\">Es wirkt <strong>entz\u00fcndungshemmend<\/strong>, antimykotisch und antimikrobiell und reduziert dadurch Entz\u00fcndungen;<\/span><\/li>\n<li><span style=\"color: #000000\">reinigt die Leber, da es eine entschlackende Wirkung hat und die <strong>Ansammlung von Fetts\u00e4uren in der Leber verhindert<\/strong>;<\/span><\/li>\n<li><span style=\"color: #000000\">lindert<strong> Menstruations-<\/strong> und Verdauungsbeschwerden;<\/span><\/li>\n<li><span style=\"color: #000000\">regelm\u00e4\u00dfiger Verzehr beugt der Entwicklung von Diabetes Typ 2 bei so genannten Pr\u00e4-Diabetikern vor;<\/span><\/li>\n<li><span style=\"color: #000000\"><strong>lindert<\/strong> in Pastenform <strong>Entz\u00fcndungen<\/strong> und <strong>Reizungen der Haut<\/strong>;<\/span><\/li>\n<li><span style=\"color: #000000\">f\u00f6rdert die schnellere Verdauung von Fetten, was bei der <strong>Gewichtsabnahme<\/strong> helfen kann;<\/span><\/li>\n<li><span style=\"color: #000000\">tr\u00e4gt dazu bei, die Leistungsf\u00e4higkeit des <strong>Gehirns<\/strong> zu steigern und damit zusammenh\u00e4ngende Krankheiten wie Alzheimer zu verhindern;<\/span><\/li>\n<li><span style=\"color: #000000\">verbessert die<strong>Stimmung<\/strong>;<\/span><\/li>\n<li><span style=\"color: #000000\">lindert Muskel- und Gelenkschmerzen;<\/span><\/li>\n<li><span style=\"color: #000000\">wirkt schlechtem Atem entgegen und ist n\u00fctzlich bei Parodontalerkrankungen;<\/span><\/li>\n<li><span style=\"color: #000000\">Es soll auch ein Mittel gegen Krebs sein.<\/span><\/li>\n<\/ul>\n<h2 style=\"text-align: justify\"><span style=\"color: #000000\">Verpackung<\/span><\/h2>\n<p style=\"text-align: justify\"><span style=\"color: #000000\">Ein undurchl\u00e4ssiger Zip-Lock-Beutel, in dem das Produkt seine ganze Frische und sein Aroma bewahrt. Die Verpackung sch\u00fctzt vor Licht und Luft, da sie aus mehreren Schutzschichten besteht, um die Eigenschaften des Inhalts zu erhalten.<\/span><\/p>\n<p style=\"text-align: justify\"><span style=\"color: #000000\">Die Verpackung ist sehr praktisch und recycelbar.<\/span><\/p>\n<h2><span style=\"color: #000000\">Herkunft<\/span><\/h2>\n<p><span style=\"color: #000000\">Indien<\/span><\/p>\n","protected":false},"excerpt":{"rendered":"<p>Neben Mineralstoffen, den Vitaminen B6 und B3, Fols\u00e4ure, Kalium, Eisen und Mangan sowie Omega-3-Fetts\u00e4uren enth\u00e4lt Kurkuma auch das Polyphenol Curcumin, das ein sehr starkes Antioxidans und eine wirksame entz\u00fcndungshemmende Verbindung ist. Curcumin wirkt sich nachweislich positiv auf die Leber und das Kreislaufsystem aus, reduziert Entz\u00fcndungen bei Arthritis und verringert Risikofaktoren f\u00fcr Diabetes. Es hat auch positive Auswirkungen auf die Gesundheit des Gehirns und reduziert das Krebsrisiko. Curcumin beugt erfolgreich allen chronischen Entz\u00fcndungen in unserem K\u00f6rper vor &#8211; und alle Krankheiten beginnen tats\u00e4chlich mit einer Entz\u00fcndung. Au\u00dferdem verhindert es durch seine antibakterielle Wirkung das Wachstum von schlechten Bakterien in unserem Verdauungstrakt, wie <em>Heliobacter pylori<\/em> in unserem Magen und <em>Candida<\/em> in unserem Mund und Darm. Das in Kurkuma enthaltene Curcumin wirkt sich auch positiv auf die Vorbeugung der Entwicklung von Alterskrankheiten (Alzheimer) aus.<\/p>\n<p>\ud83d\udc9a Entz\u00fcndungshemmend.<br \/>\n\ud83d\udc9a Reinigt die Leber.<br \/>\n\ud83d\udc9a Es lindert Menstruationsbeschwerden.<br \/>\n\ud83d\udc9a Ein starkes Antioxidans.<\/p>\n","protected":false},"featured_media":6627,"comment_status":"open","ping_status":"closed","template":"","meta":{"_acf_changed":false},"product_brand":[],"product_cat":[15,225,224,194,238,234],"product_tag":[],"class_list":{"0":"post-6626","1":"product","2":"type-product","3":"status-publish","4":"has-post-thumbnail","6":"product_cat-uncategorized","7":"product_cat-alle-produkte","8":"product_cat-angebot","9":"product_cat-ayurveda","10":"product_cat-gute-angebote","11":"product_cat-tee-lebensmittel-gewuerze","13":"first","14":"instock","15":"sale","16":"taxable","17":"shipping-taxable","18":"purchasable","19":"product-type-simple"},"acf":[],"_links":{"self":[{"href":"https:\/\/fengchashop.com\/de\/wp-json\/wp\/v2\/product\/6626","targetHints":{"allow":["GET"]}}],"collection":[{"href":"https:\/\/fengchashop.com\/de\/wp-json\/wp\/v2\/product"}],"about":[{"href":"https:\/\/fengchashop.com\/de\/wp-json\/wp\/v2\/types\/product"}],"replies":[{"embeddable":true,"href":"https:\/\/fengchashop.com\/de\/wp-json\/wp\/v2\/comments?post=6626"}],"wp:featuredmedia":[{"embeddable":true,"href":"https:\/\/fengchashop.com\/de\/wp-json\/wp\/v2\/media\/6627"}],"wp:attachment":[{"href":"https:\/\/fengchashop.com\/de\/wp-json\/wp\/v2\/media?parent=6626"}],"wp:term":[{"taxonomy":"product_brand","embeddable":true,"href":"https:\/\/fengchashop.com\/de\/wp-json\/wp\/v2\/product_brand?post=6626"},{"taxonomy":"product_cat","embeddable":true,"href":"https:\/\/fengchashop.com\/de\/wp-json\/wp\/v2\/product_cat?post=6626"},{"taxonomy":"product_tag","embeddable":true,"href":"https:\/\/fengchashop.com\/de\/wp-json\/wp\/v2\/product_tag?post=6626"}],"curies":[{"name":"wp","href":"https:\/\/api.w.org\/{rel}","templated":true}]}}