{"id":6620,"date":"2022-05-23T14:49:05","date_gmt":"2022-05-23T12:49:05","guid":{"rendered":"https:\/\/fengchashop.com\/de\/product\/hibiskus-bio-250-g\/"},"modified":"2026-04-18T17:51:44","modified_gmt":"2026-04-18T15:51:44","slug":"hibiskus-bio","status":"publish","type":"product","link":"https:\/\/fengchashop.com\/de\/product\/hibiskus-bio\/","title":{"rendered":"Hibiskus BIO 250 g"},"content":{"rendered":"<h2 style=\"text-align: justify\"><span style=\"color: #000000\">Hibiskus bio<\/span><\/h2>\n<p style=\"text-align: justify\"><span style=\"color: #000000\">Hibiskus ist eine Pflanze mit gro\u00dfen roten Bl\u00fcten. Hibiskus <strong>ist \u00e4u\u00dferst gesundheitsf\u00f6rdernd<\/strong>. Er enth\u00e4lt Vitamin A, Vitamin C, Zink, Vitamin B, Ballaststoffe, Kupfer, Eiwei\u00df und Vitamin B2. Als <strong>Zierpflanze<\/strong> ist er sehr beliebt, und Hibiskusbl\u00fcten sind der <strong>Hauptbestandteil der<\/strong> meisten Fr\u00fcchtetees in den Regalen der Lebensmittelgesch\u00e4fte.<\/span><\/p>\n<p style=\"text-align: justify\"><span style=\"color: #000000\">Auch wenn wir dabei meist an Tee denken, gibt es noch viele andere M\u00f6glichkeiten, Hibiskusbl\u00fcten in der K\u00fcche zu verwenden.<\/span><\/p>\n<h2 style=\"text-align: justify\"><span style=\"color: #000000\">Verwenden Sie<\/span><\/h2>\n<p style=\"text-align: justify\"><span style=\"color: #000000\">Getrocknete Hibiskusbl\u00fcten haben einen leicht<strong> s\u00e4uerlichen <\/strong>und<strong> herben Geschmack<\/strong> und eignen sich hervorragend f\u00fcr die Zubereitung eines erfrischenden und beliebten Tees &#8211; auch als Eistee. Der Geschmack wird durch Zitronensaft und -schale sowie ein St\u00fcck Ingwer noch verst\u00e4rkt. Das ist besonders im Winter n\u00fctzlich, denn er liefert die n\u00f6tigen Vitamine und Stoffe, um das Immunsystem zu st\u00e4rken und so Erk\u00e4ltungen und Infektionen der oberen Atemwege abzuwehren.<\/span><\/p>\n<p style=\"text-align: justify\"><span style=\"color: #000000\">Hibiskusbl\u00fcten k\u00f6nnen auch verschiedenen alkoholischen und nichtalkoholischen Getr\u00e4nken zugesetzt werden. Aus Hibiskus l\u00e4sst sich <strong>Gin<\/strong> herstellen, der durch den Hibiskus sch\u00f6n rosa gef\u00e4rbt ist und einen unverwechselbaren Geschmack hat. Gin kann auch mit einer Kombination aus getrockneten Hibiskusbl\u00fcten und Rosenbl\u00e4ttern hergestellt werden.<\/span><\/p>\n<p style=\"text-align: justify\"><span style=\"color: #000000\">Hibiskus kann auch in<strong> Gew\u00fcrzmischungen<\/strong>, Salaten, Gem\u00fcse- und Fleischgerichten, <strong>Desserts<\/strong> und Cremes verwendet werden.<\/span><\/p>\n<p style=\"text-align: justify\"><span style=\"color: #000000\">Sie k\u00f6nnen auch in hausgemachten <strong>Kosmetikprodukten<\/strong> wie Naturseife oder Pflegecreme verwendet werden.<\/span><\/p>\n<p style=\"text-align: justify\"><span style=\"color: #000000\">Schwangeren Frauen und stillenden M\u00fcttern wird von der Verwendung abgeraten.<\/span><\/p>\n<h2 style=\"text-align: justify\"><span style=\"color: #000000\">Lagerung<\/span><\/h2>\n<p style=\"text-align: justify\"><span style=\"color: #000000\">An einem trockenen, dunklen und k\u00fchlen Ort aufbewahren. Achten Sie darauf, dass der Beutel oder die Schachtel fest verschlossen ist.<\/span><\/p>\n<h2 style=\"text-align: justify\"><span style=\"color: #000000\">Verpackung<\/span><\/h2>\n<p><span style=\"color: #000000\">Nicht durchl\u00e4ssiger Zip-Lock-Beutel, in dem das Produkt seine Frische und sein Aroma bewahrt. Die Verpackung sch\u00fctzt vor Licht und Luft, da sie aus mehreren Schutzschichten besteht, um die Eigenschaften des Inhalts zu erhalten.<\/span><\/p>\n<p><span style=\"color: #000000\">Die Verpackung ist sehr praktisch und recycelbar.<\/span><\/p>\n<h2><span style=\"color: #000000\">Herkunft<\/span><\/h2>\n<p><span style=\"color: #000000\">Niger<\/span><\/p>\n","protected":false},"excerpt":{"rendered":"<p style=\"text-align: justify\">Hibiskusbl\u00fcten sind der Hauptbestandteil der meisten Fr\u00fcchtetees. Hibiskusbl\u00fcten k\u00f6nnen auch einer Vielzahl von alkoholischen und nichtalkoholischen Getr\u00e4nken zugesetzt werden. Aus Hibiskus l\u00e4sst sich Gin herstellen, der durch den Hibiskus sch\u00f6n rosa gef\u00e4rbt ist und einen unverwechselbaren Geschmack hat. Hibiskus kann auch in Gew\u00fcrzmischungen, Salaten, Gem\u00fcse- und Fleischgerichten, Desserts und Cremes verwendet werden.<\/p>\n<p>\ud83d\udc9a Hibiskus eignet sich hervorragend zur Senkung von Bluthochdruck.<\/p>\n<p>\ud83d\udc9a Er hilft, die Symptome von Depressionen und Nervosit\u00e4t zu lindern.<\/p>\n<p>\ud83d\udc9a Vitamin C und A sind gut f\u00fcr die Haut.<\/p>\n<p>\ud83d\udc9a Er hat antioxidative Eigenschaften.<\/p>\n","protected":false},"featured_media":6621,"comment_status":"open","ping_status":"closed","template":"","meta":{"_acf_changed":false},"product_brand":[],"product_cat":[15,225,224,234],"product_tag":[],"class_list":{"0":"post-6620","1":"product","2":"type-product","3":"status-publish","4":"has-post-thumbnail","6":"product_cat-uncategorized","7":"product_cat-alle-produkte","8":"product_cat-angebot","9":"product_cat-tee-lebensmittel-gewuerze","11":"first","12":"instock","13":"sale","14":"taxable","15":"shipping-taxable","16":"purchasable","17":"product-type-simple"},"acf":[],"_links":{"self":[{"href":"https:\/\/fengchashop.com\/de\/wp-json\/wp\/v2\/product\/6620","targetHints":{"allow":["GET"]}}],"collection":[{"href":"https:\/\/fengchashop.com\/de\/wp-json\/wp\/v2\/product"}],"about":[{"href":"https:\/\/fengchashop.com\/de\/wp-json\/wp\/v2\/types\/product"}],"replies":[{"embeddable":true,"href":"https:\/\/fengchashop.com\/de\/wp-json\/wp\/v2\/comments?post=6620"}],"wp:featuredmedia":[{"embeddable":true,"href":"https:\/\/fengchashop.com\/de\/wp-json\/wp\/v2\/media\/6621"}],"wp:attachment":[{"href":"https:\/\/fengchashop.com\/de\/wp-json\/wp\/v2\/media?parent=6620"}],"wp:term":[{"taxonomy":"product_brand","embeddable":true,"href":"https:\/\/fengchashop.com\/de\/wp-json\/wp\/v2\/product_brand?post=6620"},{"taxonomy":"product_cat","embeddable":true,"href":"https:\/\/fengchashop.com\/de\/wp-json\/wp\/v2\/product_cat?post=6620"},{"taxonomy":"product_tag","embeddable":true,"href":"https:\/\/fengchashop.com\/de\/wp-json\/wp\/v2\/product_tag?post=6620"}],"curies":[{"name":"wp","href":"https:\/\/api.w.org\/{rel}","templated":true}]}}