{"id":6601,"date":"2022-05-23T13:50:42","date_gmt":"2022-05-23T11:50:42","guid":{"rendered":"https:\/\/fengchashop.com\/de\/product\/jiaogulan-tee-100-g\/"},"modified":"2026-04-29T13:49:54","modified_gmt":"2026-04-29T11:49:54","slug":"jiaogulan-tee","status":"publish","type":"product","link":"https:\/\/fengchashop.com\/de\/product\/jiaogulan-tee\/","title":{"rendered":"Jiaogulan Tee 100 g"},"content":{"rendered":"<h2 style=\"text-align: justify\"><span style=\"color: #000000\">Jiaogulan (Kr\u00e4utertee)<\/span><\/h2>\n<p style=\"text-align: justify\"><span style=\"color: #000000\">Jiaogulan ist ein Heilkr\u00e4utertee, der auch als Jiao Gu Lan oder <strong>Gynostemma<\/strong> bekannt ist. Dieser Kr\u00e4utertee hat den Ruf, <strong>ein Tee der Unsterblichkeit oder Langlebigkeit<\/strong> zu sein, da er viele Wirkstoffe enth\u00e4lt, die f\u00fcr ein langes Leben wichtig sind. Die ersten bekannten Aufzeichnungen \u00fcber den Tee stammen aus dem 14. Jahrhundert v. Chr. und wurden in China gefunden, wo das Kraut auch heute noch in der traditionellen Medizin unverzichtbar ist.<\/span><\/p>\n<p style=\"text-align: justify\"><span style=\"color: #000000\">Jiaogulan ist auch ein Kraut, das wissenschaftlich ausgiebig untersucht wurde und dem viele positive Wirkungen zugeschrieben werden. Insbesondere wirkt es <strong>entz\u00fcndungshemmend<\/strong>, <strong>entgiftend<\/strong> und <strong>hat eine Anti-Aging-Wirkung<\/strong>. Dar\u00fcber hinaus ist Jiaogulan auch ein <strong>starkes Antioxidans<\/strong>. Wie der Ginseng <strong>steigert<\/strong> er <strong>die Energie<\/strong>, bringt den K\u00f6rper ins <strong>Gleichgewicht<\/strong> und <strong>verbessert das allgemeine Wohlbefinden<\/strong>. Laut traditioneller chinesischer Medizin hat er eine positive Wirkung auf das chronische M\u00fcdigkeitssyndrom und das Herzklopfen (ein pochendes Gef\u00fchl in der Brust). Er wird auch h\u00e4ufig zur Vorbeugung und Linderung von <strong>Diabetes<\/strong> und <strong>hohem Cholesterinspiegel<\/strong> sowie zur Vorbeugung von Stressfolgen, die zu <strong>Angstzust\u00e4nden<\/strong> f\u00fchren, eingesetzt. Bei regelm\u00e4\u00dfiger Einnahme k\u00f6nnen seine Wirkungen also voll ausgesch\u00f6pft werden, und ein ma\u00dfvoller Konsum bringt auch einen sicheren Konsum ohne Neben- und unerw\u00fcnschte Wirkungen.<\/span><\/p>\n<h2 style=\"text-align: justify\"><span style=\"color: #000000\">Es hilft unserem K\u00f6rper, sich selbst ins Gleichgewicht zu bringen<\/span><\/h2>\n<p style=\"text-align: justify\"><span style=\"color: #000000\">Jiaogulan ist auch ein <strong>Adaptogen<\/strong>. Adaptogene Pflanzen helfen dem K\u00f6rper, sich an verschiedene negative Umweltfaktoren anzupassen. Sie haben die F\u00e4higkeit, das Dr\u00fcsen- und Hormonsystem, das Nerven- und Herz-Kreislauf-System sowie die Muskeln zu regulieren und zu kontrollieren.<\/span><\/p>\n<p><span style=\"color: #000000\">Adaptogene unterst\u00fctzen die Gesundheit der lebenswichtigen Organe und tragen zur Regulierung des Blutzuckers bei, verbessern die Leber-, Magen-Darm- und Hautfunktion. Sie st\u00e4rken und kr\u00e4ftigen den K\u00f6rper. Sie stimulieren auch die Nebennieren und helfen dem K\u00f6rper, Stress, der durch physische Faktoren (Infektionen, Verletzungen, Schlafmangel) oder psychische Faktoren (Angst) verursacht wird, wirksam zu bew\u00e4ltigen.<\/span><\/p>\n<h2 style=\"text-align: justify\"><span style=\"color: #000000\">Andere Namen<\/span><\/h2>\n<p style=\"text-align: justify\"><span style=\"color: #000000\"><em>Gynostemma pentalhyllum<\/em>. Wegen seiner \u00e4hnlichen Wirkung und seines Geschmacks wie Ginseng wird er manchmal auch als <em>s\u00fcdlicher Ginseng<\/em> bezeichnet, da er aus den s\u00fcdlichen Teilen Chinas stammt.<\/span><\/p>\n<h2><span style=\"color: #000000\">Erscheinungsbild<\/span><\/h2>\n<p style=\"text-align: justify\"><span style=\"color: #000000\">Dunkelgr\u00fcne, dicht gedrehte Bl\u00e4tter mit kleinen, feinen Zweigen.<\/span><\/p>\n<h2 style=\"text-align: justify\"><span style=\"color: #000000\">Geschmack und Geruch<\/span><\/h2>\n<p style=\"text-align: justify\"><span style=\"color: #000000\">Unser Jiaogulan wird aus wilder, unber\u00fchrter Natur geerntet. Er hat einen interessanten <strong>, s\u00fc\u00dflichen Geschmack<\/strong>, der dem Ginseng sehr \u00e4hnlich ist. Jiaogulan ist definitiv eine schmackhafte, aber vor allem gesunde Wahl f\u00fcr Kr\u00e4uterteeliebhaber.<\/span><\/p>\n<h2 style=\"text-align: justify\"><span style=\"color: #000000\">Lagerung<\/span><\/h2>\n<p style=\"text-align: justify\"><span style=\"color: #000000\">Jiaogulan sollte an einem trockenen, dunklen und k\u00fchlen Ort gelagert werden. Halten Sie den Beh\u00e4lter fest verschlossen.<\/span><\/p>\n<h2 style=\"text-align: justify\"><span style=\"color: #000000\">Verpackung<\/span><\/h2>\n<p style=\"text-align: justify\"><span style=\"color: #000000\">In einem undurchl\u00e4ssigen Zip-Lock-Beutel, in dem das Produkt seine ganze Frische und sein Aroma bewahrt. Die Verpackung sch\u00fctzt vor Licht und Luft, da sie aus mehreren Schutzschichten besteht, die die Eigenschaften des Inhalts bewahren.<\/span><\/p>\n<p style=\"text-align: justify\"><span style=\"color: #000000\">Die Verpackung ist sehr praktisch und recycelbar.<\/span><\/p>\n<h2 style=\"text-align: justify\"><span style=\"color: #000000\">Herkunft<\/span><\/h2>\n<p style=\"text-align: justify\"><span style=\"color: #000000\">China. Wir haben sehr zuverl\u00e4ssige Lieferanten, die uns f\u00fcr jede Charge eine detaillierte chemische Analyse des Lebensmittels zukommen lassen. In mehr als zehn Jahren hatten wir keine R\u00fcckrufe oder andere Probleme mit diesem Artikel, und auch nicht mit anderen Artikeln desselben Lieferanten.<\/span><\/p>\n","protected":false},"excerpt":{"rendered":"<p>Ein Kraut, das wissenschaftlich ausgiebig untersucht wurde und dem zahlreiche positive Wirkungen zugeschrieben werden. Insbesondere wirkt es <strong>entz\u00fcndungshemmend<\/strong>, <strong>entgiftend<\/strong> und <strong>hat eine Anti-Aging-Wirkung<\/strong>. Laut traditioneller chinesischer Medizin hat es eine positive Wirkung auf das chronische M\u00fcdigkeitssyndrom und Herzklopfen (ein pochendes Gef\u00fchl in der Brust). Es wird auch h\u00e4ufig zur Vorbeugung und Linderung von <strong>Diabetes<\/strong> und <strong>hohem Cholesterinspiegel<\/strong> sowie zur Vorbeugung der Auswirkungen von Stress, der zu <strong>Angstzust\u00e4nden<\/strong> f\u00fchrt, eingesetzt. .<\/p>\n<p>\ud83d\udc9a Es handelt sich um einen Heilkr\u00e4utertee.<br \/>\n\ud83d\udc9a Tee der Unsterblichkeit oder Langlebigkeit.<br \/>\n\ud83d\udc9a Er ist ein Adaptogen.<br \/>\n\ud83d\udc9a Ein starkes Antioxidans.<\/p>\n","protected":false},"featured_media":6602,"comment_status":"open","ping_status":"closed","template":"","meta":{"_acf_changed":false},"product_brand":[],"product_cat":[15,225,224,223,234],"product_tag":[],"class_list":{"0":"post-6601","1":"product","2":"type-product","3":"status-publish","4":"has-post-thumbnail","6":"product_cat-uncategorized","7":"product_cat-alle-produkte","8":"product_cat-angebot","9":"product_cat-tee","10":"product_cat-tee-lebensmittel-gewuerze","12":"first","13":"instock","14":"sale","15":"taxable","16":"shipping-taxable","17":"purchasable","18":"product-type-simple"},"acf":[],"_links":{"self":[{"href":"https:\/\/fengchashop.com\/de\/wp-json\/wp\/v2\/product\/6601","targetHints":{"allow":["GET"]}}],"collection":[{"href":"https:\/\/fengchashop.com\/de\/wp-json\/wp\/v2\/product"}],"about":[{"href":"https:\/\/fengchashop.com\/de\/wp-json\/wp\/v2\/types\/product"}],"replies":[{"embeddable":true,"href":"https:\/\/fengchashop.com\/de\/wp-json\/wp\/v2\/comments?post=6601"}],"wp:featuredmedia":[{"embeddable":true,"href":"https:\/\/fengchashop.com\/de\/wp-json\/wp\/v2\/media\/6602"}],"wp:attachment":[{"href":"https:\/\/fengchashop.com\/de\/wp-json\/wp\/v2\/media?parent=6601"}],"wp:term":[{"taxonomy":"product_brand","embeddable":true,"href":"https:\/\/fengchashop.com\/de\/wp-json\/wp\/v2\/product_brand?post=6601"},{"taxonomy":"product_cat","embeddable":true,"href":"https:\/\/fengchashop.com\/de\/wp-json\/wp\/v2\/product_cat?post=6601"},{"taxonomy":"product_tag","embeddable":true,"href":"https:\/\/fengchashop.com\/de\/wp-json\/wp\/v2\/product_tag?post=6601"}],"curies":[{"name":"wp","href":"https:\/\/api.w.org\/{rel}","templated":true}]}}