{"id":6514,"date":"2022-05-21T06:15:13","date_gmt":"2022-05-21T04:15:13","guid":{"rendered":"https:\/\/fengchashop.com\/de\/product\/rooibos-bio-200-g\/"},"modified":"2026-04-18T21:02:02","modified_gmt":"2026-04-18T19:02:02","slug":"rooibos-bio","status":"publish","type":"product","link":"https:\/\/fengchashop.com\/de\/product\/rooibos-bio\/","title":{"rendered":"Rooibos BIO 200 g"},"content":{"rendered":"<h2><span style=\"color: #000000\">Rooibos Bio<\/span><\/h2>\n<p><span style=\"color: #000000\">Rooibos ist ein krautartiger Strauch, der in S\u00fcdafrika beheimatet und dort als roter Busch bekannt ist. Die Bl\u00e4tter und Zweige werden gesammelt und in der Sonne getrocknet. Dabei findet eine Fermentation statt, bei der sich die gr\u00fcnen Bl\u00e4tter rot f\u00e4rben. Der Tee ist koffeinfrei und kann am Abend getrunken werden.<\/span><\/p>\n<p><span style=\"color: #000000\">Aufgrund seines nat\u00fcrlich s\u00fc\u00dfen Geschmacks und seiner zahlreichen positiven Wirkungen ist er in der ganzen Welt ein \u00e4u\u00dferst beliebtes Getr\u00e4nk. Rooibos-Tee ist reich an Antioxidantien, Mineralien und Spurenelementen. Unser Rooibos-Tee stammt aus biologischem Anbau.<\/span><\/p>\n<h2><span style=\"color: #000000\">Aufbewahrung<\/span><\/h2>\n<p><span style=\"color: #000000\">Rooibos sollte an einem trockenen, dunklen und k\u00fchlen Ort gelagert werden.<\/span><\/p>\n<h2><span style=\"color: #000000\">Verpackung<\/span><\/h2>\n<p><span style=\"color: #000000\">In einem undurchl\u00e4ssigen Zip-Lock-Beutel, in dem das Produkt seine ganze Frische und sein Aroma bewahrt. Die Verpackung sch\u00fctzt es vor Licht und Luft. Sie besteht aus mehreren Schutzschichten, um die Eigenschaften des Produkts zu erhalten.<\/span><\/p>\n<p><span style=\"color: #000000\">Die Verpackung ist sehr praktisch und recycelbar.<\/span><\/p>\n<h2>Herkunft<\/h2>\n<p>S\u00fcdafrika<\/p>\n","protected":false},"excerpt":{"rendered":"<p>Rooibos ist wegen seines nat\u00fcrlich s\u00fc\u00dfen Geschmacks und seiner zahlreichen wohltuenden Wirkungen weltweit ein sehr beliebtes Getr\u00e4nk.<\/p>\n<p>\ud83d\udc9a Er ist reich an Antioxidantien, Mineralien und Spurenelementen.<br \/>\n\ud83d\udc9a Er wird biologisch angebaut.<\/p>\n","protected":false},"featured_media":6515,"comment_status":"open","ping_status":"closed","template":"","meta":{"_acf_changed":false},"product_brand":[],"product_cat":[15,223,234],"product_tag":[],"class_list":{"0":"post-6514","1":"product","2":"type-product","3":"status-publish","4":"has-post-thumbnail","6":"product_cat-uncategorized","7":"product_cat-tee","8":"product_cat-tee-lebensmittel-gewuerze","10":"first","11":"instock","12":"sale","13":"taxable","14":"shipping-taxable","15":"purchasable","16":"product-type-simple"},"acf":[],"_links":{"self":[{"href":"https:\/\/fengchashop.com\/de\/wp-json\/wp\/v2\/product\/6514","targetHints":{"allow":["GET"]}}],"collection":[{"href":"https:\/\/fengchashop.com\/de\/wp-json\/wp\/v2\/product"}],"about":[{"href":"https:\/\/fengchashop.com\/de\/wp-json\/wp\/v2\/types\/product"}],"replies":[{"embeddable":true,"href":"https:\/\/fengchashop.com\/de\/wp-json\/wp\/v2\/comments?post=6514"}],"wp:featuredmedia":[{"embeddable":true,"href":"https:\/\/fengchashop.com\/de\/wp-json\/wp\/v2\/media\/6515"}],"wp:attachment":[{"href":"https:\/\/fengchashop.com\/de\/wp-json\/wp\/v2\/media?parent=6514"}],"wp:term":[{"taxonomy":"product_brand","embeddable":true,"href":"https:\/\/fengchashop.com\/de\/wp-json\/wp\/v2\/product_brand?post=6514"},{"taxonomy":"product_cat","embeddable":true,"href":"https:\/\/fengchashop.com\/de\/wp-json\/wp\/v2\/product_cat?post=6514"},{"taxonomy":"product_tag","embeddable":true,"href":"https:\/\/fengchashop.com\/de\/wp-json\/wp\/v2\/product_tag?post=6514"}],"curies":[{"name":"wp","href":"https:\/\/api.w.org\/{rel}","templated":true}]}}