{"id":6493,"date":"2022-05-21T05:51:38","date_gmt":"2022-05-21T03:51:38","guid":{"rendered":"https:\/\/fengchashop.com\/de\/product\/autophagie-tee-bio-100-g\/"},"modified":"2026-05-07T10:29:06","modified_gmt":"2026-05-07T08:29:06","slug":"autophagie-tee-bio","status":"publish","type":"product","link":"https:\/\/fengchashop.com\/de\/product\/autophagie-tee-bio\/","title":{"rendered":"Autophagie Tee BIO 100 g"},"content":{"rendered":"<h2><span style=\"color: #000000\">Autophagie Tee Bio<\/span><\/h2>\n<p><span style=\"color: #000000\">Autophagie oder Autophagozytose bedeutet aus dem Altgriechischen &#8222;verschlinge dich selbst&#8220;. Es handelt sich um einen nat\u00fcrlichen, regulierten Mechanismus der Zelle, der unn\u00f6tige oder nicht funktionale Bestandteile aus der Zelle entfernt. Im Jahr 2016 erhielt der Japaner Yoshinori Ohsumij den Nobelpreis f\u00fcr seine Entdeckung der Autophagie und ihrer molekularen Mechanismen.<\/span><\/p>\n<p><span style=\"color: #000000\">Autophagie hilft der Zelle, sich zu erneuern, unn\u00f6tige Stoffe zu beseitigen und wieder zu gl\u00e4nzen. Wir k\u00f6nnen auch selbst dazu beitragen, die Autophagie zu aktivieren und so unserem K\u00f6rper zu besserer Gesundheit zu verhelfen, unser Immunsystem zu st\u00e4rken, Entz\u00fcndungen zu verringern, uns mehr Energie zu geben, uns besser schlafen zu lassen, unsere Haut wieder zum Gl\u00e4nzen zu bringen und den Alterungsprozess zu verlangsamen.<\/span><\/p>\n<p><span style=\"color: #000000\"><strong>Die Autophagie kann aktiviert werden:<\/strong><\/span><\/p>\n<p><span style=\"color: #000000\">&#8211; durch intermittierendes Fasten<\/span><\/p>\n<p><span style=\"color: #000000\">&#8211; durch Intervalltraining<\/span><\/p>\n<p><span style=\"color: #000000\">&#8211; indem man vor dem Schlafengehen mindestens 30 Minuten lang keine elektronischen Ger\u00e4te benutzt<\/span><\/p>\n<p><span style=\"color: #000000\">&#8211; den Tag mit gesunden Fetten zu beginnen<\/span><\/p>\n<p><span style=\"color: #000000\">&#8211; mit Autophagie-Tee.<\/span><\/p>\n<p><span style=\"color: #000000\">Autophagie-Tee <strong>enth\u00e4lt Zutaten, die den Autophagie-Prozess aktivieren<\/strong> &#8211; das sind \u00e4therisches Bergamotte\u00f6l, schwarzer Tee, gr\u00fcner Tee und Zimt.<\/span><\/p>\n<p><span style=\"color: #000000\">F\u00fcr die<strong> Zubereitung von Autophagie-Tee<\/strong> ben\u00f6tigen Sie au\u00dferdem Kokosnuss\u00f6l. Wenn Sie den Tee zubereitet haben, geben Sie einfach einen Teel\u00f6ffel Kokosnuss\u00f6l in den Tee und genie\u00dfen ihn. Kokosnuss\u00f6l aktiviert ebenfalls den Autophagie-Prozess.<\/span><\/p>\n<h2><span style=\"color: #000000\">Lagerung<\/span><\/h2>\n<p><span style=\"color: #000000\">An einem trockenen, dunklen und k\u00fchlen Ort aufbewahren.<\/span><\/p>\n<h2><span style=\"color: #000000\">Verpackung<\/span><\/h2>\n<p><span style=\"color: #000000\">In einem undurchl\u00e4ssigen Zip-Lock-Beutel, in dem das Produkt seine ganze Frische und sein Aroma bewahrt. Die Verpackung sch\u00fctzt vor Licht und Luft. Sie besteht aus mehreren Schutzschichten, um die Eigenschaften des Produkts zu erhalten.<\/span><\/p>\n<p><span style=\"color: #000000\">Die Verpackung ist sehr praktisch und recycelbar.<\/span><\/p>\n<h2><span style=\"color: #000000\">Herkunft<\/span><\/h2>\n<p><span style=\"color: #000000\">Hergestellt in Slowenien<\/span><\/p>\n","protected":false},"excerpt":{"rendered":"<p>Autophagie oder Autophagozytose ist das altgriechische Wort f\u00fcr sich selbst verschlingen. Es handelt sich um einen nat\u00fcrlichen, regulierten Mechanismus der Zelle, der unn\u00f6tige oder nicht funktionale Bestandteile aus der Zelle entfernt. Im Jahr 2016 erhielt der Japaner Yoshinori Ohsumij den Nobelpreis f\u00fcr seine Entdeckung der Autophagie und ihrer molekularen Mechanismen. Autophagie hilft der Zelle, sich zu erneuern, unn\u00f6tige Stoffe zu beseitigen und wieder zu gl\u00e4nzen. Wir k\u00f6nnen auch selbst dazu beitragen, die Autophagie zu aktivieren und so unserem K\u00f6rper zu besserer Gesundheit verhelfen, unser Immunsystem st\u00e4rken, Entz\u00fcndungen verringern, uns mehr Energie geben, uns besser schlafen lassen, unsere Haut wieder zum Gl\u00e4nzen bringen und den Alterungsprozess verlangsamen.<\/p>\n<p>\ud83d\udc9a Der Autophagie-Tee enth\u00e4lt Inhaltsstoffe, die den Prozess der Autophagie aktivieren.<\/p>\n<p>\ud83d\udc9a Er wird biologisch hergestellt.<\/p>\n","protected":false},"featured_media":6494,"comment_status":"open","ping_status":"closed","template":"","meta":{"_acf_changed":false},"product_brand":[],"product_cat":[15,225,224,223,234],"product_tag":[],"class_list":{"0":"post-6493","1":"product","2":"type-product","3":"status-publish","4":"has-post-thumbnail","6":"product_cat-uncategorized","7":"product_cat-alle-produkte","8":"product_cat-angebot","9":"product_cat-tee","10":"product_cat-tee-lebensmittel-gewuerze","12":"first","13":"instock","14":"sale","15":"taxable","16":"shipping-taxable","17":"purchasable","18":"product-type-simple"},"acf":[],"_links":{"self":[{"href":"https:\/\/fengchashop.com\/de\/wp-json\/wp\/v2\/product\/6493","targetHints":{"allow":["GET"]}}],"collection":[{"href":"https:\/\/fengchashop.com\/de\/wp-json\/wp\/v2\/product"}],"about":[{"href":"https:\/\/fengchashop.com\/de\/wp-json\/wp\/v2\/types\/product"}],"replies":[{"embeddable":true,"href":"https:\/\/fengchashop.com\/de\/wp-json\/wp\/v2\/comments?post=6493"}],"wp:featuredmedia":[{"embeddable":true,"href":"https:\/\/fengchashop.com\/de\/wp-json\/wp\/v2\/media\/6494"}],"wp:attachment":[{"href":"https:\/\/fengchashop.com\/de\/wp-json\/wp\/v2\/media?parent=6493"}],"wp:term":[{"taxonomy":"product_brand","embeddable":true,"href":"https:\/\/fengchashop.com\/de\/wp-json\/wp\/v2\/product_brand?post=6493"},{"taxonomy":"product_cat","embeddable":true,"href":"https:\/\/fengchashop.com\/de\/wp-json\/wp\/v2\/product_cat?post=6493"},{"taxonomy":"product_tag","embeddable":true,"href":"https:\/\/fengchashop.com\/de\/wp-json\/wp\/v2\/product_tag?post=6493"}],"curies":[{"name":"wp","href":"https:\/\/api.w.org\/{rel}","templated":true}]}}