{"id":6485,"date":"2022-05-20T18:33:35","date_gmt":"2022-05-20T16:33:35","guid":{"rendered":"https:\/\/fengchashop.com\/de\/product\/dmso-100-ml\/"},"modified":"2026-04-16T14:17:18","modified_gmt":"2026-04-16T12:17:18","slug":"dmso","status":"publish","type":"product","link":"https:\/\/fengchashop.com\/de\/product\/dmso\/","title":{"rendered":"DMSO 100 ml"},"content":{"rendered":"<h2><span style=\"color: #000000\">DMSO von h\u00f6chster Qualit\u00e4t<\/span><\/h2>\n<p><span style=\"color: #000000\"><strong>Dimethylsulfoxid<\/strong>, auch bekannt als <strong>DMSO<\/strong>, hat eine einzigartige Geschichte. Dieses Ende des 19. Jahrhunderts in Deutschland entdeckte Nebenprodukt der <strong>Papierherstellung<\/strong> wird als L\u00f6sungsmittel verwendet und wird aus einer im Holz vorkommenden Chemikalie gewonnen.<\/span><\/p>\n<p><span style=\"color: #000000\">Es ist ein <strong>nat\u00fcrliches Produkt<\/strong>, das aus dem <strong>Zellstoff von Holz<\/strong> gewonnen wird und bei richtiger Anwendung kein Gesundheitsrisiko darstellt. DMSO ist eine <strong>organische, farblose, nat\u00fcrliche, nicht synthetisierte Fl\u00fcssigkeit<\/strong>, die aus Lignin gewonnen wird, das f\u00fcr seine F\u00e4higkeit bekannt ist, biologische Membranen wie die Haut zu durchdringen.<\/span><\/p>\n<p><span style=\"color: #000000\">Wissenschaftler begannen Mitte des 20. Jahrhunderts, die entz\u00fcndungshemmende Wirkung dieser Substanz zu untersuchen. DMSO ist ein verschreibungspflichtiges Medikament, das von der Food and Drug Administration <strong>(FDA<\/strong> ) <strong>zur Behandlung der Anzeichen und Symptome des schmerzhaften Blasensyndroms<\/strong> zugelassen ist. Bei Bedarf wird es auch zur <strong>Behandlung einer Reihe anderer medizinischer St\u00f6rungen<\/strong> eingesetzt. Es ist rezeptfrei erh\u00e4ltlich und wird meist in Gel- oder Cremeform angeboten.<\/span><\/p>\n<p><span style=\"color: #000000\">DMSO ist ein vielseitiges L\u00f6sungsmittel. Es kann <strong>intraven\u00f6s und oral<\/strong> verabreicht werden, und da es schnell in die Haut eindringt, <strong>wird es gut absorbiert<\/strong>. Es wird h\u00e4ufig verwendet, um die <strong>Aufnahme anderer Arzneimittel<\/strong> im K\u00f6rper <strong>zu verbessern<\/strong> und um <strong>Amyloidose zu behandeln<\/strong>, eine Krankheit, bei der bestimmte Proteine in Geweben und Organen fehlgefaltet sind.<\/span><\/p>\n<h2><span style=\"color: #000000\">Welche Krankheiten k\u00f6nnen mit DMSO behandelt werden?<\/span><\/h2>\n<p><span style=\"color: #000000\"> <em> &#8211; Topisch<\/em>: Auf <strong>Wunden, Verbrennungen und Verletzungen des Bewegungsapparats aufgetragen<\/strong>, lindert es <strong>die Beschwerden und beschleunigt die Heilung, wodurch das Erscheinungsbild von Narben verringert wird<\/strong>.<\/span><\/p>\n<p><span style=\"color: #000000\"> <em> &#8211; Zur Behandlung von<\/em>: <strong>Entz\u00fcndungen, rheumatoider Arthritis, Arthrose, Grauem Star, Gr\u00fcnem Star, Nagelpilz, Hautkrankheiten<\/strong> (Behandlung von Sklerodermie &#8211; einer Krankheit, die Narben auf der Haut verursacht), <strong>Nebenwirkungen der Chemotherapie und Kopfschmerzen<\/strong>.<\/span><\/p>\n<p><span style=\"color: #000000\">&#8211; Die Tatsache, dass DMSO Schmerzen innerhalb von Minuten nach der Anwendung lindern oder beseitigen kann, wie in zahlreichen Studien nachgewiesen wurde, f\u00fchrt zu einer zunehmenden Verwendung. Menschen, die mit DMSO behandelt werden, beklagen sich jedoch vor allem \u00fcber den \u00fcberw\u00e4ltigenden Geruch der Substanz, der an Knoblauch erinnert.<\/span><\/p>\n<p><span style=\"color: #000000\">&#8211; Die Anwendung von DMSO ist laut Gebrauchsanweisung sicher, da es <strong>im K\u00f6rper als Antioxidans wirkt<\/strong> und v\u00f6llig ungiftig ist.<\/span><\/p>\n<p><span style=\"color: #000000\"><em><strong>Wie wirkt DMSO?<\/strong><\/em><\/span><\/p>\n<p><span style=\"color: #000000\">&#8211; gegen die Blutgerinnung,<\/span><br \/>\n<span style=\"color: #000000\">&#8211; entz\u00fcndungshemmend,<\/span><br \/>\n<span style=\"color: #000000\">&#8211; antiviral und antibakteriell,<\/span><br \/>\n<span style=\"color: #000000\">&#8211; antimykotisch,<\/span><br \/>\n<span style=\"color: #000000\">&#8211; stimulierend (durch Anregung des Immunsystems),<\/span><br \/>\n<span style=\"color: #000000\">&#8211; gef\u00e4\u00dferweiternd und<\/span><br \/>\n<span style=\"color: #000000\">&#8211; schmerzlindernd.<\/span><\/p>\n<h2><span style=\"color: #000000\">Interessante Fakten<\/span><\/h2>\n<p><span style=\"color: #000000\">Die FDA hat DMSO in den sp\u00e4ten 1970er Jahren zur <strong>Behandlung der interstitiellen Zystitis<\/strong> (Blasenerkrankung) zugelassen. Es ist immer noch die einzige von der FDA zugelassene Methode der Blasensp\u00fclung (oder -platzierung) bei dieser Erkrankung. Zu den Wirkungen von DMSO auf Menschen mit interstitieller Zystitis geh\u00f6ren die folgenden:<\/span><\/p>\n<p><span style=\"color: #000000\">&#8211; Lindert die Schmerzen bei dieser Erkrankung,<\/span><br \/>\n<span style=\"color: #000000\">&#8211; entspannt die Blase und<\/span><br \/>\n<span style=\"color: #000000\">&#8211; erh\u00f6ht die Blasenkapazit\u00e4t.<\/span><\/p>\n<p><span style=\"color: #000000\">Die Molekularstruktur von DMSO erm\u00f6glicht es, dass sich viele der darin enthaltenen Molek\u00fcle vollst\u00e4ndig aufl\u00f6sen, so dass sie die Zellmembranen durchdringen k\u00f6nnen, ohne sie zu besch\u00e4digen, auch wenn die Verbindungen selbst die Membran nicht passieren k\u00f6nnen. Aus diesem Grund ist DMSO h\u00e4ufig in antibakteriellen Cremes, antimykotischen Augenbehandlungen und sogar in Steroiden zur gezielten entz\u00fcndungshemmenden Therapie enthalten.<\/span><\/p>\n<h2><span style=\"color: #000000\">Menge<\/span><\/h2>\n<p><span style=\"color: #000000\">100 ml<\/span><\/p>\n<h2><span style=\"color: #000000\">Verpackung<\/span><\/h2>\n<p><span style=\"color: #000000\"> In Glasbeh\u00e4lter mit Tropfer zur einfachen Dosierung.<\/span><\/p>\n<h2><span style=\"color: #000000\">Warnhinweise<\/span><\/h2>\n<p><span style=\"color: #000000\">Au\u00dferhalb der Reichweite von Kindern an einem dunklen Ort aufbewahren. Ber\u00fchrung mit den Augen und der Kleidung vermeiden. Bei Fl\u00fcssigkeitskontakt mit den Augen sofort mit Wasser aussp\u00fclen. Vor direkter Sonneneinstrahlung sch\u00fctzen. Schwangere Frauen und stillende M\u00fctter sollten das Produkt nicht verwenden. Beim Auftreten einer allergischen Reaktion ist die Anwendung abzubrechen.<\/span><\/p>\n<h2><span style=\"color: #000000\">Herkunft<\/span><\/h2>\n<p><span style=\"color: #000000\">Deutschland<\/span><\/p>\n","protected":false},"excerpt":{"rendered":"<p>Hochwertiges DMSO, das h\u00e4ufig zur Verbesserung der Aufnahme anderer Arzneimittel im K\u00f6rper und zur Behandlung von Amyloidose verwendet wird, einer Krankheit, bei der bestimmte Proteine in Geweben und Organen fehlgefaltet sind. Wissenschaftler begannen Mitte des 20. Jahrhunderts, die entz\u00fcndungshemmende Wirkung dieser Substanz zu untersuchen.<\/p>\n<p>\ud83d\udc9a Sie wird in der Natur produziert.<br \/>\n\ud83d\udc9a Er kann intraven\u00f6s und oral verabreicht werden.<br \/>\n\ud83d\udc9a Es hat gerinnungshemmende Eigenschaften.<br \/>\n\ud83d\udc9a Erh\u00f6ht die Kapazit\u00e4t der Blase.<\/p>\n","protected":false},"featured_media":6486,"comment_status":"open","ping_status":"closed","template":"","meta":{"_acf_changed":false},"product_brand":[],"product_cat":[15,225,224,236,229],"product_tag":[],"class_list":{"0":"post-6485","1":"product","2":"type-product","3":"status-publish","4":"has-post-thumbnail","6":"product_cat-uncategorized","7":"product_cat-alle-produkte","8":"product_cat-angebot","9":"product_cat-sonstiges","10":"product_cat-wieder-auf-lager","12":"first","13":"instock","14":"taxable","15":"shipping-taxable","16":"purchasable","17":"product-type-simple"},"acf":[],"_links":{"self":[{"href":"https:\/\/fengchashop.com\/de\/wp-json\/wp\/v2\/product\/6485","targetHints":{"allow":["GET"]}}],"collection":[{"href":"https:\/\/fengchashop.com\/de\/wp-json\/wp\/v2\/product"}],"about":[{"href":"https:\/\/fengchashop.com\/de\/wp-json\/wp\/v2\/types\/product"}],"replies":[{"embeddable":true,"href":"https:\/\/fengchashop.com\/de\/wp-json\/wp\/v2\/comments?post=6485"}],"wp:featuredmedia":[{"embeddable":true,"href":"https:\/\/fengchashop.com\/de\/wp-json\/wp\/v2\/media\/6486"}],"wp:attachment":[{"href":"https:\/\/fengchashop.com\/de\/wp-json\/wp\/v2\/media?parent=6485"}],"wp:term":[{"taxonomy":"product_brand","embeddable":true,"href":"https:\/\/fengchashop.com\/de\/wp-json\/wp\/v2\/product_brand?post=6485"},{"taxonomy":"product_cat","embeddable":true,"href":"https:\/\/fengchashop.com\/de\/wp-json\/wp\/v2\/product_cat?post=6485"},{"taxonomy":"product_tag","embeddable":true,"href":"https:\/\/fengchashop.com\/de\/wp-json\/wp\/v2\/product_tag?post=6485"}],"curies":[{"name":"wp","href":"https:\/\/api.w.org\/{rel}","templated":true}]}}