{"id":6481,"date":"2025-07-24T19:38:51","date_gmt":"2025-07-24T17:38:51","guid":{"rendered":"https:\/\/fengchashop.com\/de\/product\/lugolsche-loesung-50-ml\/"},"modified":"2026-04-17T12:55:36","modified_gmt":"2026-04-17T10:55:36","slug":"lugolsche-loesung","status":"publish","type":"product","link":"https:\/\/fengchashop.com\/de\/product\/lugolsche-loesung\/","title":{"rendered":"Lugolsche L\u00f6sung 50 ml"},"content":{"rendered":"<h2><span style=\"color: #000000;\">Lugolsche L\u00f6sung (Jodtropfen in Superqualit\u00e4t &#8211; 5%)<\/span><\/h2>\n<p><span style=\"color: #000000;\"><strong>Jod<\/strong> (I) und <strong>Kaliumjodid<\/strong> (KI) werden mit <strong>destilliertem Wasser<\/strong> kombiniert <strong>, um Lugolsche L\u00f6sung zu bilden<\/strong>, die auch als <strong>Lugolsches Jod<\/strong> bekannt ist. Jean Francois Coindet (1774-1834) setzte Jod erstmals zu <strong>therapeutischen Zwecken<\/strong> ein.<\/span><\/p>\n<p><span style=\"color: #000000;\">Die Lugolsche L\u00f6sung wurde <strong>1829<\/strong> von dem franz\u00f6sischen Arzt <strong>Jean Guillaume Auguste Lugol<\/strong> entwickelt, der entdeckte, dass Kaliumjodid die L\u00f6slichkeit von Jod in Wasser erh\u00f6ht. Lugols L\u00f6sung ist eine 1:2-Mischung aus Jod und Kaliumjodid. Dr. Lugol entdeckte auch, dass Jod eine Chemikalie ist, die bei der Behandlung von Infektionen verwendet werden kann und vielversprechend ist. Lugols L\u00f6sung wird seit vielen Jahren mit anderen Substanzen kombiniert und als Rohstoff f\u00fcr verschiedene Dinge verwendet.<\/span><\/p>\n<h2><span style=\"color: #000000;\">Welche Bedeutung hat Jod f\u00fcr die Gesundheit?<\/span><\/h2>\n<p><span style=\"color: #000000;\">Jod ist ein<strong> Mineral<\/strong>, das<strong> alle S\u00e4ugetiere zum<\/strong> Leben<strong> brauchen<\/strong>. Es ist auch ein wichtiger Bestandteil der <strong>Schilddr\u00fcsenhormone<\/strong>, die<strong>den Stoffwechsel, das Wachstum und die Entwicklung beeinflussen<\/strong>. Jod ist auch entscheidend <strong>f\u00fcr die Entwicklung des Gehirns<\/strong>, insbesondere <strong>w\u00e4hrend der Schwangerschaft und in der fr\u00fchen Kindheit<\/strong>. Es steuert eine Reihe wichtiger biochemischer Prozesse, darunter die Proteinsynthese und die Enzymaktivit\u00e4t, die <strong>f\u00fcr den Stoffwechsel und das richtige Wachstum der Knochen und des Nervensystems des F\u00f6tus und des Kindes unerl\u00e4sslich<\/strong> sind.<\/span><\/p>\n<p><span style=\"color: #000000;\">Jod ist auch f\u00fcr die <strong>Aufrechterhaltung gesunder Haut, Haare und N\u00e4gel<\/strong> sowie f\u00fcr das <strong>ordnungsgem\u00e4\u00dfe Funktionieren der Schilddr\u00fcse und die Freisetzung von Energie im Stoffwechsel<\/strong> unerl\u00e4sslich und hat <strong>kognitive Funktionen<\/strong>. <strong>Antivirale, antibakterielle, antiparasit\u00e4re und krebshemmende Wirkungen<\/strong> sind f\u00fcr Jod wesentlich.<\/span><\/p>\n<p><span style=\"color: #000000;\">Lugolsche L\u00f6sung ist auch f\u00fcr die <strong>Gesundheit der Augen und die Fl\u00fcssigkeitszufuhr<\/strong> wichtig.<\/span><\/p>\n<p><span style=\"color: #000000;\">Jod ist zweifellos auch das bekannteste <strong>Desinfektionsmittel oder Antiseptikum<\/strong>.<\/span><\/p>\n<h2><span style=\"color: #000000;\">F\u00fcr wen empfehlen wir Lugolsche L\u00f6sung und warum verwenden wir sie?<\/span><\/h2>\n<p><span style=\"color: #000000;\">Jedes menschliche Gewebe und Organ enth\u00e4lt Spuren des Elements Jod. Am h\u00e4ufigsten findet sich Jod in der Schilddr\u00fcse, den gro\u00dfen Speicheldr\u00fcsen, der Bauchspeicheldr\u00fcse, den Tr\u00e4nendr\u00fcsen, den Fortpflanzungsgeweben wie Brust, Eierst\u00f6cke und Prostata sowie in der Magenschleimhaut, der Liquorfl\u00fcssigkeit und der menschlichen Haut.<\/span><\/p>\n<p><span style=\"color: #000000;\">Es ist wichtig <strong>f\u00fcr die Produktion von Schilddr\u00fcsenhormonen und die Regulierung des Stoffwechsels<\/strong>, was sich auf das Energieniveau und die geistige Klarheit auswirkt. <strong>Die Folgen von Jodmangel sind:<\/strong><\/span><\/p>\n<p><span style=\"color: #000000;\">&#8211; Niedriges Energieniveau,<\/span><br \/>\n<span style=\"color: #000000;\">&#8211; Gewichtszunahme,<\/span><br \/>\n<span style=\"color: #000000;\">&#8211; Kahlheit und<\/span><br \/>\n<span style=\"color: #000000;\">&#8211; erh\u00f6htes Krebsrisiko.<\/span><\/p>\n<p><span style=\"color: #000000;\">Jod hilft dem K\u00f6rper auch, <strong>Blei und Quecksilber auszuscheiden<\/strong>, und <strong>sch\u00fctzt vor h\u00e4ufigen Giftstoffen<\/strong> wie Brom, Fluor und Chlor.<\/span><\/p>\n<p><span style=\"color: #000000;\"><em><strong>Zu den Symptomen von Jodmangel geh\u00f6ren:<\/strong><\/em><\/span><\/p>\n<p><span style=\"color: #000000;\">&#8211; Muskelkr\u00e4mpfe,<\/span><br \/>\n<span style=\"color: #000000;\">&#8211; erh\u00f6htes Risiko f\u00fcr Fettleibigkeit,<\/span><br \/>\n<span style=\"color: #000000;\">&#8211; Depressionen,<\/span><br \/>\n<span style=\"color: #000000;\">&#8211; Ged\u00e4chtnisverlust,<\/span><br \/>\n<span style=\"color: #000000;\">&#8211; Verstopfung,<\/span><br \/>\n<span style=\"color: #000000;\">&#8211; \u00dcbelkeit,<\/span><br \/>\n<span style=\"color: #000000;\">&#8211; br\u00fcchige N\u00e4gel und rissige Haut,<\/span><br \/>\n<span style=\"color: #000000;\">&#8211; kalte F\u00fc\u00dfe und H\u00e4nde.<\/span><\/p>\n<p><span style=\"color: #000000;\"><em><strong>Der Verzehr von Jod kann vorbeugen und behandeln:<\/strong><\/em><\/span><\/p>\n<p><span style=\"color: #000000;\">&#8211; Prostatabeschwerden<\/span><br \/>\n<span style=\"color: #000000;\">&#8211; fibrozystische und andere Brusterkrankungen<\/span><br \/>\n<span style=\"color: #000000;\">&#8211; Vaginalen Infektionen<\/span><br \/>\n<span style=\"color: #000000;\">&#8211; Schilddr\u00fcsenproblemen,<\/span><br \/>\n<span style=\"color: #000000;\">&#8211; Leberproblemen<\/span><br \/>\n<span style=\"color: #000000;\">&#8211; gutartige Tumore,<\/span><br \/>\n<span style=\"color: #000000;\">&#8211; Wachstum und geistige Entwicklung von Kindern,<\/span><br \/>\n<span style=\"color: #000000;\">&#8211; Kopfschmerzen (einschlie\u00dflich Migr\u00e4ne),<\/span><br \/>\n<span style=\"color: #000000;\">&#8211; Kahlheit,<\/span><br \/>\n<span style=\"color: #000000;\">&#8211; H\u00e4morrhoiden,<\/span><br \/>\n<span style=\"color: #000000;\">&#8211; Hyperaktivit\u00e4t und Aufmerksamkeitsdefizitsyndrom,<\/span><br \/>\n<span style=\"color: #000000;\">&#8211; Atherosklerose,<\/span><br \/>\n<span style=\"color: #000000;\">&#8211; Depression<\/span><br \/>\n<span style=\"color: #000000;\">&#8211; M\u00fcdigkeit,&#8230;<\/span><\/p>\n<h2><span style=\"color: #000000;\">Interessante Fakten<\/span><\/h2>\n<p><span style=\"color: #000000;\">In der Vergangenheit wurde bei Kindern und Erwachsenen in Slowenien ein schwerer Jodmangel festgestellt, da die meisten Mahlzeiten von Natur aus nur eine geringe Menge Jod enthalten.<\/span><\/p>\n<p><span style=\"color: #000000;\">Nach dem Reaktorunfall von Tschernobyl wurde Lugolsche L\u00f6sung auch zum Schutz vor radioaktiver Strahlung eingesetzt.<\/span><\/p>\n<p><span style=\"color: #000000;\">Jod zu finden, kann schwierig sein, aber viele Lebensmittel enthalten es in nat\u00fcrlichen Mengen. Dazu geh\u00f6ren Fisch, Schweinefleisch, K\u00e4se, Algen oder Seetang.<\/span><\/p>\n<p><span style=\"color: #000000;\">Jodmangel ist heute ein h\u00e4ufiges Problem. Fr\u00fcher wurde Jod h\u00e4ufig Brot und Geb\u00e4ck zugesetzt, heute ist es nur noch in einigen wenigen Salaten enthalten. Weniger bekannt ist, dass Jod aus dem Salz verdunstet, und es ist nicht klar, wie viel des verdunsteten Jods in den K\u00f6rper gelangt. Der Jodgehalt der Nahrung wird durch die Verarmung der B\u00f6den infolge \u00fcberm\u00e4\u00dfiger und unangemessener Landnutzung eingeschr\u00e4nkt.<\/span><\/p>\n<h2><span style=\"color: #000000;\">Menge<\/span><\/h2>\n<p><span style=\"color: #000000;\">50 ml<\/span><\/p>\n<h2 style=\"text-align: justify;\"><span style=\"color: #000000;\">Verpackung<\/span><\/h2>\n<p><span style=\"color: #000000;\"> In Glasbeh\u00e4lter mit Tropfer zur einfachen Dosierung.<br \/>\n<\/span><\/p>\n<h2 style=\"text-align: justify;\"><span style=\"color: #000000;\">Warnhinweise<\/span><\/h2>\n<p style=\"text-align: justify;\"><span style=\"color: #000000;\">Au\u00dferhalb der Reichweite von Kindern an einem dunklen Ort aufbewahren. <\/span><\/p>\n<h2 style=\"text-align: justify;\"><span style=\"color: #000000;\">Herkunft<\/span><\/h2>\n<p style=\"text-align: justify;\"><span style=\"color: #000000;\">EU<\/span><\/p>\n","protected":false},"excerpt":{"rendered":"<p>Lugolsche L\u00f6sung &#8211; 5%. Lugolsche L\u00f6sung wurde erstmals 1829 von dem franz\u00f6sischen Arzt Jean Guillaume Auguste Lugol entwickelt, der entdeckte, dass Kaliumjodid die L\u00f6slichkeit von Jod in Wasser erh\u00f6ht. Lugols L\u00f6sung ist eine 1:2-Mischung aus Jod und Kaliumjodid. Jod ist ein Mineral, das alle S\u00e4ugetiere zum Leben brauchen. Es ist auch ein wichtiger Bestandteil der Schilddr\u00fcsenhormone, die den Stoffwechsel, das Wachstum und die Entwicklung beeinflussen.<\/p>\n<p>\ud83d\udc9a Vorbeugung und Behandlung von Kopfschmerzen (einschlie\u00dflich Migr\u00e4ne)<br \/>\n\ud83d\udc9a Sch\u00fctzt vor g\u00e4ngigen Toxinen<br \/>\n\ud83d\udc9a Es ist wichtig f\u00fcr die Produktion von Schilddr\u00fcsenhormonen und die Regulierung des Stoffwechsels<br \/>\n\ud83d\udc9a Verhindert ein erh\u00f6htes Krebsrisiko<\/p>\n","protected":false},"featured_media":6482,"comment_status":"open","ping_status":"closed","template":"","meta":{"_acf_changed":false},"product_brand":[],"product_cat":[15,225,224,236,229],"product_tag":[],"class_list":{"0":"post-6481","1":"product","2":"type-product","3":"status-publish","4":"has-post-thumbnail","6":"product_cat-uncategorized","7":"product_cat-alle-produkte","8":"product_cat-angebot","9":"product_cat-sonstiges","10":"product_cat-wieder-auf-lager","12":"first","13":"instock","14":"taxable","15":"shipping-taxable","16":"purchasable","17":"product-type-simple"},"acf":[],"_links":{"self":[{"href":"https:\/\/fengchashop.com\/de\/wp-json\/wp\/v2\/product\/6481","targetHints":{"allow":["GET"]}}],"collection":[{"href":"https:\/\/fengchashop.com\/de\/wp-json\/wp\/v2\/product"}],"about":[{"href":"https:\/\/fengchashop.com\/de\/wp-json\/wp\/v2\/types\/product"}],"replies":[{"embeddable":true,"href":"https:\/\/fengchashop.com\/de\/wp-json\/wp\/v2\/comments?post=6481"}],"wp:featuredmedia":[{"embeddable":true,"href":"https:\/\/fengchashop.com\/de\/wp-json\/wp\/v2\/media\/6482"}],"wp:attachment":[{"href":"https:\/\/fengchashop.com\/de\/wp-json\/wp\/v2\/media?parent=6481"}],"wp:term":[{"taxonomy":"product_brand","embeddable":true,"href":"https:\/\/fengchashop.com\/de\/wp-json\/wp\/v2\/product_brand?post=6481"},{"taxonomy":"product_cat","embeddable":true,"href":"https:\/\/fengchashop.com\/de\/wp-json\/wp\/v2\/product_cat?post=6481"},{"taxonomy":"product_tag","embeddable":true,"href":"https:\/\/fengchashop.com\/de\/wp-json\/wp\/v2\/product_tag?post=6481"}],"curies":[{"name":"wp","href":"https:\/\/api.w.org\/{rel}","templated":true}]}}