{"id":6439,"date":"2022-05-20T16:38:02","date_gmt":"2022-05-20T14:38:02","guid":{"rendered":"https:\/\/fengchashop.com\/de\/product\/kakaobohnen-bio-250-g\/"},"modified":"2026-04-15T11:42:40","modified_gmt":"2026-04-15T09:42:40","slug":"kakaobohnen-bio-250-g","status":"publish","type":"product","link":"https:\/\/fengchashop.com\/de\/product\/kakaobohnen-bio-250-g\/","title":{"rendered":"Kakaobohnen BIO 250 g"},"content":{"rendered":"<h2 style=\"text-align: justify\"><span style=\"color: #000000\">Kakaobohnen Criollo BIO<\/span><\/h2>\n<p style=\"text-align: justify\"><span style=\"color: #000000\">Die Kakaobohnen oder Samen, aus denen Kakao gewonnen wird, wachsen in Schoten an einem Baum, der <strong>Kakaobaum<\/strong> ( <strong>Theobroma cacao<\/strong>) genannt wird. Kakaobohnen waren in der Vergangenheit so wertvoll, dass die Mayas und Azteken in Mittel- und S\u00fcdamerika sie neben Gold als Zahlungsmittel verwendeten. <\/span><\/p>\n<p style=\"text-align: justify\"><span style=\"color: #000000\">Kakao enth\u00e4lt mit Abstand die meisten Antioxidantien aller anderen Lebensmittel sowie zahlreiche Mineralstoffe wie Kalium, Zink, Magnesium, Eisen und Kalzium. Der Zinkgehalt der Kakaobohnen macht sie auch zu einem wichtigen <strong>Hilfsmittel bei enzymatischen Reaktionen<\/strong>. Au\u00dferdem ist sie eine Quelle von Eiwei\u00df und Ballaststoffen. Alle diese Stoffe sind wichtig f\u00fcr die Erhaltung unserer Gesundheit. Au\u00dferdem enth\u00e4lt er eine Reihe von N\u00e4hrstoffen, die sich positiv auf unser Kreislaufsystem auswirken, indem sie das Blut verd\u00fcnnen und Blutgerinnsel verhindern. Gleichzeitig verbessert er die Stimmung, indem er den Serotoninspiegel im Gehirn erh\u00f6ht. Kakaobohnen enthalten bis zu <strong>300 verschiedene Verbindungen<\/strong>, die unsere Stimmung heben k\u00f6nnen. Kakaobohnen enthalten Tryptophan, das f\u00fcr die Produktion von Serotonin, dem sogenannten Gl\u00fcckshormon, wichtig ist. Au\u00dferdem enthalten Kakaobohnen Chemikalien, die der K\u00f6rper produziert, wenn wir uns verlieben, und so ist es kein Wunder, dass Kakao <strong>oft mit Liebe assoziiert wird.<\/strong><\/span><\/p>\n<p style=\"text-align: justify\"><span style=\"color: #000000\">Schon ein t\u00e4glicher Verzehr von 25-30 Gramm Kakao, was etwa zehn Bohnen entspricht, reicht aus, um von seinen positiven Wirkungen zu profitieren.<\/span><\/p>\n<p style=\"text-align: justify\"><span style=\"color: #000000\">Kakao-Arten <em><strong>Criollo <\/strong><\/em>ist der wertvollste Kakao der Welt. Diese Kakaobohnen werden ebenfalls biologisch angebaut.<\/span><\/p>\n<p style=\"text-align: justify\"><span style=\"color: #000000\">Sie schmecken wie Schokolade, sind aber auch nussig.<\/span><\/p>\n<h2 style=\"text-align: justify\"><span style=\"color: #000000\">Warum sollten Sie unsere Kakaobohnen kaufen?<\/span><\/h2>\n<p style=\"text-align: justify\"><span style=\"color: #000000\">Ganz einfach, weil:<\/span><\/p>\n<p style=\"text-align: justify\"><span style=\"color: #000000\">1. sie aus kontrolliert <b>biologischem Anbau<\/b> stammen und somit das Beste sind, was wir anbieten k\u00f6nnen.<\/span><\/p>\n<p style=\"text-align: justify\"><span style=\"color: #000000\">2. <i>Was bedeutet das? <\/i>Es bedeutet, dass die Kakaobohnen oder -samen nach der Ernte einfach fermentiert und bei niedrigen Temperaturen getrocknet werden. Sie werden weder ger\u00f6stet noch in irgendeiner Weise chemisch behandelt. Auf diese Weise beh\u00e4lt diese &#8220; <i>Speise der G\u00f6tter<\/i>&#8222;, wie sie oft genannt wird, die meisten ihrer N\u00e4hrwerte, einschlie\u00dflich der f\u00fcr uns so wichtigen Antioxidantien.<\/span><\/p>\n<p style=\"text-align: justify\"><span style=\"color: #000000\">(3) Sie sind <b>frei von Zusatzstoffen<\/b> und anderen unn\u00f6tigen Zutaten.<\/span><\/p>\n<p style=\"text-align: justify\"><span style=\"color: #000000\">4. der Kakao <em><strong>criollo<\/strong> <\/em>ist die feinste und meistgesch\u00e4tzte Kakaosorte der Welt.<\/span><\/p>\n<p style=\"text-align: justify\"><span style=\"color: #000000\">Eine gelungene Kombination, die selbst die anspruchsvollsten Gaumen zufriedenstellt.<\/span><\/p>\n<h2 style=\"text-align: justify\"><span style=\"color: #000000\">Lagerung<\/span><\/h2>\n<p style=\"text-align: justify\"><span style=\"color: #000000\">An einem trockenen, dunklen und k\u00fchlen Ort aufbewahren. Achten Sie darauf, dass der Beutel fest verschlossen ist.<\/span><\/p>\n<h2 style=\"text-align: justify\"><span style=\"color: #000000\">Verpackung<\/span><\/h2>\n<p style=\"text-align: justify\"><span style=\"color: #000000\">Undurchl\u00e4ssiger Zip-Lock-Beutel, in dem das Produkt seine ganze Frische und sein Aroma bewahrt. Die Verpackung sch\u00fctzt vor Licht und Luft, da sie aus mehreren Schutzschichten besteht, um die Eigenschaften des Inhalts zu erhalten.<\/span><\/p>\n<p style=\"text-align: justify\"><span style=\"color: #000000\">Die Verpackung ist sehr praktisch und recycelbar.<\/span><\/p>\n<h2 style=\"text-align: justify\"><span style=\"color: #000000\">Herkunft<\/span><\/h2>\n<p style=\"text-align: justify\"><span style=\"color: #000000\">Peru<\/span><\/p>\n","protected":false},"excerpt":{"rendered":"<p>Kakao enth\u00e4lt mit Abstand die meisten Antioxidantien aller anderen Lebensmittel sowie zahlreiche Mineralstoffe wie Kalium, Zink, Magnesium, Eisen und Kalzium. Der Zinkgehalt der Kakaobohnen macht sie auch zu einem wichtigen Hilfsmittel bei enzymatischen Reaktionen. Au\u00dferdem ist sie eine Quelle von Eiwei\u00df und Ballaststoffen. Alle diese Stoffe sind wichtig f\u00fcr die Erhaltung unserer Gesundheit. Au\u00dferdem enth\u00e4lt er eine Reihe von N\u00e4hrstoffen, die sich positiv auf unser Kreislaufsystem auswirken, indem sie das Blut verd\u00fcnnen und Blutgerinnsel verhindern. Gleichzeitig verbessert er die Stimmung, indem er den Serotoninspiegel im Gehirn erh\u00f6ht. Kakaobohnen enthalten bis zu 300 verschiedene Verbindungen, die unsere Stimmung heben k\u00f6nnen. Kakaobohnen enthalten Tryptophan, das f\u00fcr die Produktion von Serotonin, dem sogenannten Gl\u00fcckshormon, wichtig ist.<\/p>\n<p>\ud83d\udc9a Sie stammt aus kontrolliert biologischem Anbau.<br \/>\n\ud83d\udc9a Sie sind frei von Zusatzstoffen.<br \/>\n<em>\ud83d\udc9a Criollo-Kakao<\/em> ist der meistgesch\u00e4tzte Kakao der Welt.<\/p>\n","protected":false},"featured_media":6440,"comment_status":"open","ping_status":"closed","template":"","meta":{"_acf_changed":false},"product_brand":[],"product_cat":[15,225,224],"product_tag":[],"class_list":{"0":"post-6439","1":"product","2":"type-product","3":"status-publish","4":"has-post-thumbnail","6":"product_cat-uncategorized","7":"product_cat-alle-produkte","8":"product_cat-angebot","10":"first","11":"instock","12":"sale","13":"taxable","14":"shipping-taxable","15":"purchasable","16":"product-type-simple"},"acf":[],"_links":{"self":[{"href":"https:\/\/fengchashop.com\/de\/wp-json\/wp\/v2\/product\/6439","targetHints":{"allow":["GET"]}}],"collection":[{"href":"https:\/\/fengchashop.com\/de\/wp-json\/wp\/v2\/product"}],"about":[{"href":"https:\/\/fengchashop.com\/de\/wp-json\/wp\/v2\/types\/product"}],"replies":[{"embeddable":true,"href":"https:\/\/fengchashop.com\/de\/wp-json\/wp\/v2\/comments?post=6439"}],"wp:featuredmedia":[{"embeddable":true,"href":"https:\/\/fengchashop.com\/de\/wp-json\/wp\/v2\/media\/6440"}],"wp:attachment":[{"href":"https:\/\/fengchashop.com\/de\/wp-json\/wp\/v2\/media?parent=6439"}],"wp:term":[{"taxonomy":"product_brand","embeddable":true,"href":"https:\/\/fengchashop.com\/de\/wp-json\/wp\/v2\/product_brand?post=6439"},{"taxonomy":"product_cat","embeddable":true,"href":"https:\/\/fengchashop.com\/de\/wp-json\/wp\/v2\/product_cat?post=6439"},{"taxonomy":"product_tag","embeddable":true,"href":"https:\/\/fengchashop.com\/de\/wp-json\/wp\/v2\/product_tag?post=6439"}],"curies":[{"name":"wp","href":"https:\/\/api.w.org\/{rel}","templated":true}]}}