{"id":6433,"date":"2022-05-20T16:26:40","date_gmt":"2022-05-20T14:26:40","guid":{"rendered":"https:\/\/fengchashop.com\/de\/product\/kakaonibs-bio-250-g\/"},"modified":"2026-04-14T21:31:38","modified_gmt":"2026-04-14T19:31:38","slug":"kakaonibs-bio","status":"publish","type":"product","link":"https:\/\/fengchashop.com\/de\/product\/kakaonibs-bio\/","title":{"rendered":"Kakaonibs BIO 250 g"},"content":{"rendered":"<h2 style=\"text-align: justify\"><span style=\"color: #000000\">Kakaonibs Criollo BIO<\/span><\/h2>\n<p style=\"text-align: justify\"><span style=\"color: #000000\">Die Kakaobohnen oder Samen, aus denen der Kakao gewonnen wird, wachsen in Schoten an einem Baum, der <strong>Kakaobaum<\/strong> genannt wird. <strong><i>Theobroma cacao<\/i><\/strong>. Kakaobohnen waren in der Vergangenheit so wertvoll, dass die Mayas und Azteken in Mittel- und S\u00fcdamerika sie <strong>neben Gold <\/strong>als <strong>Zahlungsmittel<\/strong> verwendeten.<\/span><\/p>\n<p style=\"text-align: justify\"><span style=\"color: #000000\">Kakao enth\u00e4lt mit Abstand die meisten <strong>Antioxidantien<\/strong> aller anderen Lebensmittel sowie zahlreiche <strong>Mineralstoffe<\/strong> wie Kalium, Zink, Magnesium, Eisen und Kalzium. Au\u00dferdem ist er eine reichhaltige Quelle von <strong>Proteinen<\/strong> und <strong>Ballaststoffen<\/strong>. Alle diese Stoffe sind wichtig f\u00fcr die Erhaltung unserer Gesundheit. Au\u00dferdem enth\u00e4lt er eine Reihe von N\u00e4hrstoffen, die sich positiv auf unser Kreislaufsystem auswirken, indem sie das Blut verd\u00fcnnen und Blutgerinnseln vorbeugen. Er verbessert die<strong> Stimmung<\/strong>, indem er den Serotoninspiegel im Gehirn erh\u00f6ht. Tats\u00e4chlich enth\u00e4lt er bis zu 300 verschiedene Verbindungen, die unsere Stimmung heben k\u00f6nnen. Da Kakao presen (roh) ist, ist er etwas bitterer als wir es gewohnt sind, aber viel ges\u00fcnder. Ein<strong> t\u00e4glicher<\/strong> Verzehr von nur<strong> 25-30 Gramm Kakao<\/strong> reicht aus, um alle Vorteile zu nutzen.<\/span><\/p>\n<p style=\"text-align: justify\"><span style=\"color: #000000\">Der <em>Criollo-Kakao<\/em> ist der<strong> am meisten gesch\u00e4tzte Kakao<\/strong> der Welt. Diese Kakaobohnen werden ebenfalls <strong>biologisch angebaut<\/strong>.<\/span><\/p>\n<p style=\"text-align: justify\"><span style=\"color: #000000\">Die harten Kakaobohnen werden zum leichteren Verzehr in kleinere St\u00fccke gebrochen.<\/span><\/p>\n<p style=\"text-align: justify\"><span style=\"color: #000000\">Sie schmecken wie Schokolade, sind aber auch nussig.<\/span><\/p>\n<h2 style=\"text-align: justify\"><span style=\"color: #000000\">Warum sollten Sie unsere gebrochenen Kakaobohnen kaufen?<\/span><\/h2>\n<p style=\"text-align: justify\"><span style=\"color: #000000\">Ganz einfach, weil:<\/span><\/p>\n<p style=\"text-align: justify\"><span style=\"color: #000000\">1. sie aus kontrolliert <b>biologischem Anbau<\/b> stammen und somit das Beste sind, was wir anbieten k\u00f6nnen.<\/span><\/p>\n<p style=\"text-align: justify\"><span style=\"color: #000000\">2. sie aus <b>nachhaltigen Bohnen<\/b> stammen. <i>Was bedeutet das? <\/i>Es bedeutet, dass die Kakaobohnen oder -samen nach der Ernte einfach fermentiert und bei niedrigen Temperaturen getrocknet werden. Sie werden nicht ger\u00f6stet oder in irgendeiner Weise chemisch behandelt. Auf diese Weise beh\u00e4lt diese &#8220; <i>Speise der G\u00f6tter<\/i>&#8222;, wie sie oft genannt wird, die meisten ihrer N\u00e4hrwerte, einschlie\u00dflich der f\u00fcr uns so wichtigen Antioxidantien.<\/span><\/p>\n<p style=\"text-align: justify\"><span style=\"color: #000000\">(3) Sie sind <b>frei von Zusatzstoffen<\/b> und anderen unn\u00f6tigen Zutaten.<\/span><\/p>\n<p style=\"text-align: justify\"><span style=\"color: #000000\">4. der Kakao <em><strong>criollo<\/strong> <\/em>ist die feinste und meistgesch\u00e4tzte Kakaosorte der Welt.<\/span><\/p>\n<p style=\"text-align: justify\"><span style=\"color: #000000\">Eine gelungene Kombination, die selbst die anspruchsvollsten Gaumen zufriedenstellt.<\/span><\/p>\n<h2 style=\"text-align: justify\"><span style=\"color: #000000\">Lagerung<\/span><\/h2>\n<p style=\"text-align: justify\"><span style=\"color: #000000\">An einem trockenen, dunklen und k\u00fchlen Ort aufbewahren. Achten Sie darauf, dass der Beutel fest verschlossen ist.<\/span><\/p>\n<h2 style=\"text-align: justify\"><span style=\"color: #000000\">Verpackung<\/span><\/h2>\n<p style=\"text-align: justify\"><span style=\"color: #000000\">Undurchl\u00e4ssiger Zip-Lock-Beutel, in dem das Produkt seine ganze Frische und sein Aroma bewahrt. Die Verpackung sch\u00fctzt vor Licht und Luft, da sie aus mehreren Schutzschichten besteht, um die Eigenschaften des Inhalts zu erhalten.<\/span><\/p>\n<p style=\"text-align: justify\"><span style=\"color: #000000\">Die Verpackung ist sehr praktisch und recycelbar.<\/span><\/p>\n<h2 style=\"text-align: justify\"><span style=\"color: #000000\">Herkunft<\/span><\/h2>\n<p style=\"text-align: justify\"><span style=\"color: #000000\">Peru<\/span><\/p>\n","protected":false},"excerpt":{"rendered":"<p>Kakao enth\u00e4lt mit Abstand die meisten Antioxidantien aller anderen Lebensmittel sowie viele Mineralstoffe wie Kalium, Zink, Magnesium, Eisen und Kalzium. Au\u00dferdem ist er eine reichhaltige Quelle von Eiwei\u00df und Ballaststoffen. Alle diese Stoffe sind wichtig f\u00fcr die Erhaltung unserer Gesundheit. Au\u00dferdem enth\u00e4lt er eine Reihe von N\u00e4hrstoffen, die sich positiv auf unser Kreislaufsystem auswirken, indem sie das Blut verd\u00fcnnen und Blutgerinnseln vorbeugen. Er verbessert die Stimmung, indem er den Serotoninspiegel im Gehirn erh\u00f6ht. Tats\u00e4chlich enth\u00e4lt er bis zu 300 verschiedene Verbindungen, die unsere Stimmung heben k\u00f6nnen. Da Kakao presen (roh) ist, ist er etwas bitterer als wir es gewohnt sind, aber viel ges\u00fcnder. Ein t\u00e4glicher Verzehr von nur 25-30 Gramm Kakao reicht aus, um alle Vorteile zu nutzen.<\/p>\n<p>\ud83d\udc9aEr stammt aus kontrolliert biologischem Anbau.<br \/>\n\ud83d\udc9a\u00a0Sie sind frei von Zusatzstoffen.<br \/>\n\ud83d\udc9a <em>Criollo-Kakao<\/em> ist der wertvollste Kakao der Welt.<\/p>\n","protected":false},"featured_media":6434,"comment_status":"open","ping_status":"closed","template":"","meta":{"_acf_changed":false},"product_brand":[],"product_cat":[15,225,224],"product_tag":[],"class_list":{"0":"post-6433","1":"product","2":"type-product","3":"status-publish","4":"has-post-thumbnail","6":"product_cat-uncategorized","7":"product_cat-alle-produkte","8":"product_cat-angebot","10":"first","11":"instock","12":"sale","13":"taxable","14":"shipping-taxable","15":"purchasable","16":"product-type-simple"},"acf":[],"_links":{"self":[{"href":"https:\/\/fengchashop.com\/de\/wp-json\/wp\/v2\/product\/6433","targetHints":{"allow":["GET"]}}],"collection":[{"href":"https:\/\/fengchashop.com\/de\/wp-json\/wp\/v2\/product"}],"about":[{"href":"https:\/\/fengchashop.com\/de\/wp-json\/wp\/v2\/types\/product"}],"replies":[{"embeddable":true,"href":"https:\/\/fengchashop.com\/de\/wp-json\/wp\/v2\/comments?post=6433"}],"wp:featuredmedia":[{"embeddable":true,"href":"https:\/\/fengchashop.com\/de\/wp-json\/wp\/v2\/media\/6434"}],"wp:attachment":[{"href":"https:\/\/fengchashop.com\/de\/wp-json\/wp\/v2\/media?parent=6433"}],"wp:term":[{"taxonomy":"product_brand","embeddable":true,"href":"https:\/\/fengchashop.com\/de\/wp-json\/wp\/v2\/product_brand?post=6433"},{"taxonomy":"product_cat","embeddable":true,"href":"https:\/\/fengchashop.com\/de\/wp-json\/wp\/v2\/product_cat?post=6433"},{"taxonomy":"product_tag","embeddable":true,"href":"https:\/\/fengchashop.com\/de\/wp-json\/wp\/v2\/product_tag?post=6433"}],"curies":[{"name":"wp","href":"https:\/\/api.w.org\/{rel}","templated":true}]}}