{"id":6414,"date":"2022-05-20T14:55:43","date_gmt":"2022-05-20T12:55:43","guid":{"rendered":"https:\/\/fengchashop.com\/de\/product\/goldener-milchkaffee-bio-250-g\/"},"modified":"2026-04-18T12:15:16","modified_gmt":"2026-04-18T10:15:16","slug":"goldener-milchkaffee-bio","status":"publish","type":"product","link":"https:\/\/fengchashop.com\/de\/product\/goldener-milchkaffee-bio\/","title":{"rendered":"Goldener Milchkaffee BIO 250 g"},"content":{"rendered":"<h2><span style=\"color: #000000\">Goldene Latte BIO<\/span><\/h2>\n<p style=\"text-align: justify\"><span style=\"color: #000000\">Golden Latte ist ein k\u00f6stliches und erfrischendes Getr\u00e4nk, das aus f\u00fcnf einfachen <strong>Zutaten<\/strong> hergestellt wird, wobei die Hauptzutat <strong>Kurkuma<\/strong> ist. Sie k\u00f6nnen auch andere Zutaten hinzuf\u00fcgen, die Sie m\u00f6gen und die in Ihrer N\u00e4he sind. Der Verzehr von Kurkuma-Milch kann viele positive Auswirkungen auf unseren Organismus haben und schmeckt zudem angenehm. Golden Latte BIO ist eine Fertigmischung, die Ihnen bei der Zubereitung Ihres Getr\u00e4nks Zeit spart, da Sie sich keine Gedanken \u00fcber das Abmessen der Mengen aller Zutaten machen m\u00fcssen. Sie ist einfach in der Anwendung und schmeckt hervorragend. Die Mischung besteht aus<b> Kurkuma<\/b> und dem <b>Zusatz von Ceylon-Zimt (10%) <\/b>und<b> Ingwer (10%)<\/b>.<\/span><\/p>\n<p style=\"text-align: justify\"><span style=\"color: #000000\"><em>Es werden nur die besten Bio-Zutaten ausgew\u00e4hlt.<\/em><\/span><\/p>\n<p style=\"text-align: justify\"><span style=\"color: #000000\">Eine <b>Prise gemahlener schwarzer Pfeffer<\/b> wird der Mischung ebenfalls hinzugef\u00fcgt, da er die Wirkstoffe der Kurkuma, insbesondere das Curcumin, leichter und besser vom K\u00f6rper aufgenommen werden k\u00f6nnen.<\/span><\/p>\n<p style=\"text-align: justify\"><span style=\"color: #000000\">Das Getr\u00e4nk kann mit <b>Milch, Pflanzendrink<\/b> oder einer anderen Fl\u00fcssigkeit zubereitet werden. Es kann<b> morgens <\/b>oder<b> abends<\/b> getrunken werden, am besten jedoch abends vor dem Schlafengehen. \u00c4ndern Sie Ihr Ritual und g\u00f6nnen Sie sich die <b>heilende Wirkung von Kurkuma<\/b>. Kurkuma-Getr\u00e4nke sind weltweit ein <b>Trendgetr\u00e4nk<\/b>, das<b> Gesundheit und guten Geschmack<\/b> verbindet.<\/span><\/p>\n<p style=\"text-align: justify\"><span style=\"color: #000000\">Und das Besondere an unserer Mischung ist, dass wir weder Zucker noch andere S\u00fc\u00dfungsmittel zugesetzt haben. Sie k\u00f6nnen ihn nach Geschmack hinzuf\u00fcgen oder das Getr\u00e4nk \u00fcberhaupt nicht s\u00fc\u00dfen, da der Zimt und die Kurkuma selbst ihm eine angenehme S\u00fc\u00dfe verleihen.<\/span><\/p>\n<h2><span style=\"color: #000000\">Warum Kurkuma?<\/span><\/h2>\n<p style=\"text-align: justify\"><span style=\"color: #000000\">Die medizinische Wirkung von Kurkuma in der traditionellen Medizin des Fernen Ostens ist von unsch\u00e4tzbarem Wert. Sie wird unter anderem zur Reinigung des Blutes und des Magen-Darm-Traktes sowie zur Entgiftung von Leber und Galle eingesetzt, da ihr <b>Hauptwirkstoff, das<\/b><strong>Curcumin<\/strong> <b>,<\/b> die Ausscheidung von Galle, Bilirubin und Cholesterin beschleunigt. Es wird von vielen Menschen <b>zur Bek\u00e4mpfung von<\/b> viraler Hepatitis, Krebs, Schuppenflechte, Alzheimer, Depressionen und in kosmetischen Pr\u00e4paraten verwendet.<\/span><\/p>\n<p style=\"text-align: justify\"><span style=\"color: #000000\">Die wohltuende Wirkung von Kurkuma wurde auch von <b>Wissenschaftlern<\/b> nachgewiesen, die sagen, dass sein regelm\u00e4\u00dfiger Verzehr die sch\u00e4dlichen Auswirkungen von Karzinogenen aus der Nahrung auf den K\u00f6rper verhindern kann. Dar\u00fcber hinaus soll Curcumin die Oxidation von Cholesterin verhindern, die durch ihre negative Wirkung das Fortschreiten der lebensbedrohlichen Arteriosklerose verursacht.<\/span><\/p>\n<p style=\"text-align: justify\"><span style=\"color: #000000\">Als <b>starkes Antioxidans<\/b> sch\u00fctzt Kurkuma den Darm vor freien Radikalen und beseitigt erfolgreich den S\u00e4uregehalt im K\u00f6rper. Ayurvedische \u00c4rzte verwenden es als antiseptisches und antibakterielles Mittel zur Desinfektion von Wunden und Verbrennungen. Manche Frauen glauben, dass er die Verdauung beschleunigt und den Stoffwechsel reguliert und somit \u00fcberfl\u00fcssige Pfunde zum Schmelzen bringt.<\/span><\/p>\n<p style=\"text-align: justify\"><span style=\"color: #000000\">Zimt verleiht dem Getr\u00e4nk einen angenehmen Geschmack. In Kombination mit Milch kommen all seine Vorteile zum Tragen: Er senkt den Blutzucker- und Cholesterinspiegel und reguliert den Blutdruck. Zimt hilft auch bei der Fettverdauung und bei Verdauungsproblemen wie Durchfall. Ingwer regt die Verdauung an, w\u00e4rmt von innen, verbessert das Immunsystem und kurbelt den Stoffwechsel an. Beide lindern auch die Symptome von PMS und Menstruationsschmerzen.<\/span><\/p>\n<h2><span style=\"color: #000000\">Was sind die weiteren Vorteile von Kurkuma-Milch?<\/span><\/h2>\n<p style=\"text-align: justify\"><span style=\"color: #000000\">Kurkuma ist ein weltweit hoch gesch\u00e4tztes Gew\u00fcrz. Im Ayurveda wird es f\u00fcr <strong>mehr als 150 potenzielle therapeutische Wirkungen<\/strong> verwendet. In der modernen Wissenschaft ist es Gegenstand zahlreicher Studien, von denen einige bereits validiert wurden, und wird als Therapeutikum bei entz\u00fcndlichen Darmerkrankungen und Arthritis eingesetzt. Die positiven Wirkungen, die durch den regelm\u00e4\u00dfigen Verzehr von Kurkuma-Milch oder Kurkuma hervorgerufen werden k\u00f6nnen, sind:<\/span><\/p>\n<ul style=\"text-align: justify\">\n<li><span style=\"color: #000000\">Sie hilft bei der Behandlung von Darmerkrankungen,<\/span><\/li>\n<li><span style=\"color: #000000\">senkt den Cholesterinspiegel,<\/span><\/li>\n<li><span style=\"color: #000000\">sie eignet sich hervorragend als Abendgetr\u00e4nk vor dem Schlafengehen, da sie beruhigend wirkt,<\/span><\/li>\n<li><span style=\"color: #000000\">Sie hilft auch bei Kopfschmerzen und Schmerzen,<\/span><\/li>\n<li><span style=\"color: #000000\">hilft bei der Verdauung,<\/span><\/li>\n<li><span style=\"color: #000000\">reinigt die Leber,<\/span><\/li>\n<li><span style=\"color: #000000\">hilft bei Menstruationskr\u00e4mpfen,<\/span><\/li>\n<li><span style=\"color: #000000\">entz\u00fcndungshemmend.<\/span><\/li>\n<\/ul>\n<h2><span style=\"color: #000000\">Lagerung<\/span><\/h2>\n<p style=\"text-align: justify\"><span style=\"color: #000000\">An einem trockenen, dunklen und k\u00fchlen Ort aufbewahren. Achten Sie darauf, dass der Beutel oder die Schachtel fest verschlossen ist.<\/span><\/p>\n<h2><span style=\"color: #000000\">Verpackung<\/span><\/h2>\n<p style=\"text-align: justify\"><span style=\"color: #000000\">Das Produkt ist in einem sauberen Glasbeh\u00e4lter mit einer Schicht aus schwarzer, lichtdichter Folie verpackt. Der Deckel sorgt f\u00fcr einen auslaufsicheren Verschluss, so dass \u00e4u\u00dfere Ger\u00fcche den Inhalt der Flasche nicht beeintr\u00e4chtigen k\u00f6nnen. Ansonsten ist das Glas selbst ebenfalls undurchl\u00e4ssig, geruchsneutral und beeintr\u00e4chtigt den Geschmack des Inhalts in keiner Weise. Solche Verpackungen sind au\u00dferdem frei von umweltsch\u00e4dlichen Kunststoffen und somit \u00f6kologischer und nachhaltiger. Es handelt sich also um eine ideale Verpackung aus nat\u00fcrlichen und nachhaltigen Zutaten, die f\u00fcr h\u00f6chste Qualit\u00e4t steht.<\/span><\/p>\n<p style=\"text-align: justify\"><span style=\"color: #000000\">Die Verpackung ist sehr praktisch und recycelbar.<\/span><\/p>\n<h2><span style=\"color: #000000\">Herkunft<\/span><\/h2>\n<p style=\"text-align: justify\"><span style=\"color: #000000\">Slowenien<\/span><\/p>\n","protected":false},"excerpt":{"rendered":"<p>Ein Golden Latte ist ein k\u00f6stliches und erfrischendes Getr\u00e4nk, das aus f\u00fcnf einfachen <strong>Zutaten<\/strong> hergestellt wird, wobei die Hauptzutat <strong>Kurkuma<\/strong> ist. Sie k\u00f6nnen auch andere Zutaten hinzuf\u00fcgen, die Sie m\u00f6gen und die in Ihrer N\u00e4he sind. Der Verzehr von Kurkuma-Milch kann viele positive Auswirkungen auf unseren Organismus haben und schmeckt zudem angenehm. Golden Latte BIO ist eine Fertigmischung, die Ihnen bei der Zubereitung Ihres Getr\u00e4nks Zeit spart, da Sie sich keine Gedanken \u00fcber das Abmessen der Mengen aller Zutaten machen m\u00fcssen. Sie ist einfach in der Anwendung und schmeckt hervorragend. Die Mischung besteht aus<b> Kurkuma<\/b> und dem <b>Zusatz von Ceylon-Zimt (10 %) <\/b>und<b> Ingwer (10 %)<\/b> sowie einer <b>Prise gemahlenen schwarzen Pfeffers<\/b>, damit die Wirkstoffe des Kurkumas, insbesondere das Curcumin, leichter und besser vom K\u00f6rper aufgenommen werden k\u00f6nnen. Die positiven Wirkungen, die durch den regelm\u00e4\u00dfigen Verzehr von Kurkuminmilch erzielt werden k\u00f6nnen, sind:<\/p>\n<p>\ud83d\udc9a hilft bei Darmbeschwerden,<br \/>\n\ud83d\udc9a senkt den Cholesterinspiegel,<br \/>\n\ud83d\udc9a reinigt die Leber,<br \/>\n\ud83d\udc9a hilft bei Menstruationskr\u00e4mpfen,<br \/>\n\ud83d\udc9a entz\u00fcndungshemmend.<\/p>\n","protected":false},"featured_media":6415,"comment_status":"open","ping_status":"closed","template":"","meta":{"_acf_changed":false},"product_brand":[],"product_cat":[15,225,224,194,231],"product_tag":[],"class_list":{"0":"post-6414","1":"product","2":"type-product","3":"status-publish","4":"has-post-thumbnail","6":"product_cat-uncategorized","7":"product_cat-alle-produkte","8":"product_cat-angebot","9":"product_cat-ayurveda","10":"product_cat-superfood","12":"first","13":"instock","14":"sale","15":"taxable","16":"shipping-taxable","17":"purchasable","18":"product-type-simple"},"acf":[],"_links":{"self":[{"href":"https:\/\/fengchashop.com\/de\/wp-json\/wp\/v2\/product\/6414","targetHints":{"allow":["GET"]}}],"collection":[{"href":"https:\/\/fengchashop.com\/de\/wp-json\/wp\/v2\/product"}],"about":[{"href":"https:\/\/fengchashop.com\/de\/wp-json\/wp\/v2\/types\/product"}],"replies":[{"embeddable":true,"href":"https:\/\/fengchashop.com\/de\/wp-json\/wp\/v2\/comments?post=6414"}],"wp:featuredmedia":[{"embeddable":true,"href":"https:\/\/fengchashop.com\/de\/wp-json\/wp\/v2\/media\/6415"}],"wp:attachment":[{"href":"https:\/\/fengchashop.com\/de\/wp-json\/wp\/v2\/media?parent=6414"}],"wp:term":[{"taxonomy":"product_brand","embeddable":true,"href":"https:\/\/fengchashop.com\/de\/wp-json\/wp\/v2\/product_brand?post=6414"},{"taxonomy":"product_cat","embeddable":true,"href":"https:\/\/fengchashop.com\/de\/wp-json\/wp\/v2\/product_cat?post=6414"},{"taxonomy":"product_tag","embeddable":true,"href":"https:\/\/fengchashop.com\/de\/wp-json\/wp\/v2\/product_tag?post=6414"}],"curies":[{"name":"wp","href":"https:\/\/api.w.org\/{rel}","templated":true}]}}