{"id":6392,"date":"2022-05-20T08:18:20","date_gmt":"2022-05-20T06:18:20","guid":{"rendered":"https:\/\/fengchashop.com\/de\/product\/siddhalepa-ayurveda-salbe-50-g\/"},"modified":"2026-05-13T15:46:52","modified_gmt":"2026-05-13T13:46:52","slug":"siddhalepa-ayurveda-salbe","status":"publish","type":"product","link":"https:\/\/fengchashop.com\/de\/product\/siddhalepa-ayurveda-salbe\/","title":{"rendered":"Siddhalepa Ayurveda-Salbe 50 g"},"content":{"rendered":"<div class=\"std\">\n<h2>Ayurvedische Salbe Siddhalepa<\/h2>\n<p>Siddhalepa ist eine anerkannte Marke, die seit 1934 auf dem Markt vertreten ist; die Rezeptur ihrer Produkte blickt auf eine \u00fcber 200-j\u00e4hrige Tradition zur\u00fcck. Die ayurvedische Salbe Siddhalepa ist eine Kr\u00e4utersalbe aus verschiedenen asiatischen Pflanzen. Sie wird in Sri Lanka (Inselstaat vor der S\u00fcdostk\u00fcste des indischen Subkontinents) nach bew\u00e4hrter <b>ayurvedischer Tradition<\/b> hergestellt.<\/p>\n<h2>Warnhinweis<\/h2>\n<p>Das Produkt ist ausschlie\u00dflich zur \u00e4u\u00dferlichen Anwendung auf gesunder Haut bestimmt. Nicht im Augenbereich, auf Schleimh\u00e4uten, offenen Wunden oder gesch\u00e4digter Haut anwenden.<\/p>\n<p>Nicht empfohlen f\u00fcr Kinder unter drei Jahren. F\u00fcr Kinder unzug\u00e4nglich aufbewahren!<\/p>\n<h2>Verpackung<\/h2>\n<p>Die Salbe ist in einem Glasbeh\u00e4lter verpackt. Die Verpackung ist sehr praktisch und recycelbar.<\/p>\n<h2>Lagerung und Hinweise<\/h2>\n<p>Trocken, k\u00fchl und lichtgesch\u00fctzt lagern.<\/p>\n<h2>Herkunft<\/h2>\n<p>Sri Lanka<\/p>\n<p>&nbsp;<\/p>\n<p>Hergestellt unter st\u00e4ndiger Kontrolle gem\u00e4\u00df den internationalen Standards ISO 9001, ISO 14001 und GMP in Sri Lanka.<\/p>\n<p>Hersteller: Siddhalepa Pvt (Ltd), Sri Lanka. Verantwortliche Person: Samahan GmbH, Breitenbachstr. 24-29, Berlin, Deutschland. E-mail: info@samahan.online<\/p>\n<p>Vertrieb: Feng cha d.o.o., Rej\u010deva 5, 5000 Nova Gorica, Slowenien.<\/p>\n<\/div>\n","protected":false},"excerpt":{"rendered":"<p>Siddhalepa ist eine anerkannte Marke, die seit 1934 auf dem Markt vertreten ist; die Rezeptur ihrer Produkte blickt auf eine \u00fcber 200-j\u00e4hrige Tradition zur\u00fcck. Die ayurvedische Salbe Siddhalepa ist eine Kr\u00e4utersalbe aus verschiedenen asiatischen Pflanzen. Sie wird in Sri Lanka (Inselstaat vor der S\u00fcdostk\u00fcste des indischen Subkontinents) nach bew\u00e4hrter <b>ayurvedischer Tradition<\/b> hergestellt.<\/p>\n","protected":false},"featured_media":6393,"comment_status":"open","ping_status":"closed","template":"","meta":{"_acf_changed":false},"product_brand":[],"product_cat":[225,224,226,236],"product_tag":[],"class_list":{"0":"post-6392","1":"product","2":"type-product","3":"status-publish","4":"has-post-thumbnail","6":"product_cat-alle-produkte","7":"product_cat-angebot","8":"product_cat-bestseller","9":"product_cat-sonstiges","11":"first","12":"instock","13":"sale","14":"taxable","15":"shipping-taxable","16":"purchasable","17":"product-type-simple"},"acf":[],"_links":{"self":[{"href":"https:\/\/fengchashop.com\/de\/wp-json\/wp\/v2\/product\/6392","targetHints":{"allow":["GET"]}}],"collection":[{"href":"https:\/\/fengchashop.com\/de\/wp-json\/wp\/v2\/product"}],"about":[{"href":"https:\/\/fengchashop.com\/de\/wp-json\/wp\/v2\/types\/product"}],"replies":[{"embeddable":true,"href":"https:\/\/fengchashop.com\/de\/wp-json\/wp\/v2\/comments?post=6392"}],"wp:featuredmedia":[{"embeddable":true,"href":"https:\/\/fengchashop.com\/de\/wp-json\/wp\/v2\/media\/6393"}],"wp:attachment":[{"href":"https:\/\/fengchashop.com\/de\/wp-json\/wp\/v2\/media?parent=6392"}],"wp:term":[{"taxonomy":"product_brand","embeddable":true,"href":"https:\/\/fengchashop.com\/de\/wp-json\/wp\/v2\/product_brand?post=6392"},{"taxonomy":"product_cat","embeddable":true,"href":"https:\/\/fengchashop.com\/de\/wp-json\/wp\/v2\/product_cat?post=6392"},{"taxonomy":"product_tag","embeddable":true,"href":"https:\/\/fengchashop.com\/de\/wp-json\/wp\/v2\/product_tag?post=6392"}],"curies":[{"name":"wp","href":"https:\/\/api.w.org\/{rel}","templated":true}]}}