{"id":6371,"date":"2022-11-03T20:09:00","date_gmt":"2022-11-03T19:09:00","guid":{"rendered":"https:\/\/fengchashop.com\/de\/product\/kollagenkomplex-pulver-200-g\/"},"modified":"2026-05-12T21:35:24","modified_gmt":"2026-05-12T19:35:24","slug":"kollagenkomplex-pulver","status":"publish","type":"product","link":"https:\/\/fengchashop.com\/de\/product\/kollagenkomplex-pulver\/","title":{"rendered":"Kollagenkomplex Pulver 200 g"},"content":{"rendered":"<h2><span style=\"color: #000000;\"><b>Kollagen-Komplex in Pulverform<\/b><\/span><\/h2>\n<p><span style=\"color: #000000;\">Der Kollagen-Komplex ist ein Nahrungserg\u00e4nzungsmittel, das eine Kombination verschiedener Inhaltsstoffe enth\u00e4lt, um <b>den K\u00f6rper bei der Bildung und Erhaltung von Kollagen zu unterst\u00fctzen<\/b>. Kollagen ist ein Schl\u00fcsselprotein, das die meisten Bindegewebe im K\u00f6rper bildet, einschlie\u00dflich Haut, Knochen, Gelenke, Muskeln, B\u00e4nder und Knorpel. Mit zunehmendem Alter nimmt die nat\u00fcrliche Kollagenproduktion ab, was zu verschiedenen Problemen wie Falten, Elastizit\u00e4tsverlust der Haut, Gelenkschmerzen sowie schw\u00e4cheren N\u00e4geln und Haaren f\u00fchren kann. Durch regelm\u00e4\u00dfige Einnahme kann die nat\u00fcrliche Kollagenproduktion effektiv unterst\u00fctzt und der K\u00f6rper mit den notwendigen N\u00e4hrstoffen f\u00fcr optimale Gesundheit und Wohlbefinden versorgt werden<b>.<\/b><\/span><\/p>\n<h2><span style=\"color: #000000;\"><b>Wer ben\u00f6tigt den Kollagen-Komplex?<\/b><\/span><\/h2>\n<p><span style=\"color: #000000;\">Der Kollagen-Komplex wird allen empfohlen, die ihr jugendliches Aussehen und ihr k\u00f6rperliches Wohlbefinden erhalten m\u00f6chten, insbesondere jedoch:<\/span><\/p>\n<ul>\n<li><span style=\"color: #000000;\">Personen ab 25 Jahren, wenn die nat\u00fcrliche Kollagenproduktion nachl\u00e4sst.<\/span><\/li>\n<li><span style=\"color: #000000;\">Sportlern, die ihre Gelenke und Muskeln st\u00e4rken m\u00f6chten.<\/span><\/li>\n<li><span style=\"color: #000000;\">Personen mit Gelenk-, Knorpel- oder Osteoporose-Problemen.<\/span><\/li>\n<li><span style=\"color: #000000;\">Personen mit trockener, schlaffer Haut, Haarausfall oder br\u00fcchigen N\u00e4geln.<\/span><\/li>\n<\/ul>\n<h2><span style=\"color: #000000;\"><b>Warum ist es wichtig, Kollagen einzunehmen?<\/b><\/span><\/h2>\n<p><span style=\"color: #000000;\">Nach dem 25. Lebensjahr nimmt die k\u00f6rpereigene Kollagenproduktion allm\u00e4hlich ab, was sich in Form von ersten Falten, weniger straffer Haut, d\u00fcnner werdendem Haar, br\u00fcchigen N\u00e4geln sowie Gelenk- und Muskelproblemen \u00e4u\u00dfern kann. Ein Kollagenmangel kann durch eine ausgewogene Ern\u00e4hrung und hochwertige Nahrungserg\u00e4nzungsmittel ausgeglichen werden.<\/span><\/p>\n<p><span style=\"color: #000000;\">Der Kollagen-Komplex enth\u00e4lt ausschlie\u00dflich sorgf\u00e4ltig ausgew\u00e4hlte nat\u00fcrliche Inhaltsstoffe, die den K\u00f6rper optimal unterst\u00fctzen.<\/span><\/p>\n<h2><span style=\"color: #000000;\"><b>Vorteile der regelm\u00e4\u00dfigen Kollagenaufnahme:<\/b><\/span><\/h2>\n<p><span style=\"color: #000000;\"><b>Vitamin C<\/b><\/span><\/p>\n<ul>\n<li><span style=\"color: #000000;\">tr\u00e4gt zur Kollagenbildung f\u00fcr die normale Funktion von Blutgef\u00e4\u00dfen, Knochen, Knorpel, Zahnfleisch, Haut und Z\u00e4hnen bei<\/span><\/li>\n<li><span style=\"color: #000000;\">unterst\u00fctzt die Energiefreisetzung im Stoffwechsel, das Nervensystem und die normale psychische Funktion<\/span><\/li>\n<li><span style=\"color: #000000;\">tr\u00e4gt zur Funktion des Immunsystems bei<\/span><\/li>\n<li><span style=\"color: #000000;\">erh\u00f6ht die Eisenaufnahme<\/span><\/li>\n<li><span style=\"color: #000000;\">hilft, M\u00fcdigkeit und Ersch\u00f6pfung zu verringern<\/span><\/li>\n<li><span style=\"color: #000000;\">sch\u00fctzt die Zellen vor oxidativem Stress<\/span><\/li>\n<li><span style=\"color: #000000;\">tr\u00e4gt zur Regeneration der reduzierten Form von Vitamin E bei<\/span><\/li>\n<\/ul>\n<p><span style=\"color: #000000;\"><b>Biotin<\/b><\/span><\/p>\n<ul>\n<li><span style=\"color: #000000;\">unterst\u00fctzt die Energiefreisetzung im Stoffwechsel<\/span><\/li>\n<li><span style=\"color: #000000;\">tr\u00e4gt zur Funktion des Nervensystems bei<\/span><\/li>\n<li><span style=\"color: #000000;\">f\u00f6rdert die normale psychische Funktion<\/span><\/li>\n<li><span style=\"color: #000000;\">tr\u00e4gt zum Stoffwechsel von Makron\u00e4hrstoffen bei<\/span><\/li>\n<li><span style=\"color: #000000;\">tr\u00e4gt zur Erhaltung gesunder Haare bei<\/span><\/li>\n<li><span style=\"color: #000000;\">tr\u00e4gt zur Erhaltung gesunder Schleimh\u00e4ute und Haut bei<\/span><\/li>\n<\/ul>\n<p><span style=\"color: #000000;\"><b>Vitamin D<\/b><\/span><\/p>\n<ul>\n<li><span style=\"color: #000000;\">tr\u00e4gt zur normalen Aufnahme\/Verwertung von Kalzium und Phosphor bei<\/span><\/li>\n<li><span style=\"color: #000000;\">tr\u00e4gt zur normalen Kalziumkonzentration im Blut bei<\/span><\/li>\n<li><span style=\"color: #000000;\">tr\u00e4gt zur Erhaltung gesunder Knochen und Z\u00e4hne bei<\/span><\/li>\n<li><span style=\"color: #000000;\">unterst\u00fctzt die Muskelfunktion<\/span><\/li>\n<li><span style=\"color: #000000;\">tr\u00e4gt zur Funktion des Immunsystems bei<\/span><\/li>\n<li><span style=\"color: #000000;\">spielt eine Rolle bei der Zellteilung<\/span><\/li>\n<\/ul>\n<h2><span style=\"color: #000000;\"><b>Lagerung und Warnhinweise<\/b><\/span><\/h2>\n<p><span style=\"color: #000000;\">K\u00fchl und trocken bei einer Temperatur von bis zu 25 \u00b0C lagern, vor Feuchtigkeit und Licht gesch\u00fctzt. Stellen Sie sicher, dass der Beutel oder die Dose gut verschlossen ist.<\/span><\/p>\n<p><span style=\"color: #000000;\">Das Produkt ist nicht f\u00fcr Kinder, Jugendliche, schwangere oder stillende Frauen geeignet. Diabetiker, Personen mit Glukoseintoleranz, Personen, die mit Cumarin-Antikoagulanzien behandelt werden, sowie Personen mit bekannten kardiovaskul\u00e4ren Erkrankungen und Asthmatiker sollten die Verwendung des Produkts aus Vorsichtsgr\u00fcnden mit einem Arzt besprechen. Bei \u00dcbelkeit, Bauchschmerzen, Verdauungsst\u00f6rungen, Durchfall, Verstopfung, Schwindel, Schl\u00e4frigkeit, Kopfschmerzen, Hautausschl\u00e4gen, Juckreiz oder Hautr\u00f6tungen die Einnahme des Produkts abbrechen.<\/span><\/p>\n<h2><span style=\"color: #000000;\"><b>Verpackung<\/b><\/span><\/h2>\n<p><span style=\"color: #000000;\">Ein luftdichter Beutel mit Rei\u00dfverschluss oder eine Dose, die das Produkt frisch und aromatisch h\u00e4lt. Die Verpackung sch\u00fctzt vor Licht und Luft. Sie besteht aus mehreren Schutzschichten, die die Eigenschaften des Produkts bewahren.<\/span><\/p>\n<p><span style=\"color: #000000;\">Die Verpackung ist sehr praktisch und recycelbar.<\/span><\/p>\n<h2><span style=\"color: #000000;\"><b>Herkunft<\/b><\/span><\/h2>\n<p><span style=\"color: #000000;\">Die Inhaltsstoffe des Kollagen-Komplexes stammen aus der EU und au\u00dferhalb der EU, sorgf\u00e4ltig ausgew\u00e4hlt, um h\u00f6chste Qualit\u00e4t zu gew\u00e4hrleisten.<\/span><\/p>\n<p>&nbsp;<\/p>\n","protected":false},"excerpt":{"rendered":"<p>Collagen Complex enth\u00e4lt ausschlie\u00dflich sorgf\u00e4ltig ausgew\u00e4hlte nat\u00fcrliche Inhaltsstoffe, die den K\u00f6rper optimal unterst\u00fctzen:<\/p>\n<p>\ud83d\udc9a verbessert die Gesundheit der Haut, stellt die Elastizit\u00e4t wieder her und f\u00f6rdert sie und beseitigt Falten<br \/>\n\ud83d\udc9a Regeneration gesch\u00e4digter Zellen und Gewebe,<br \/>\n\ud83d\udc9a hilft bei Gelenkschmerzen,<br \/>\n\ud83d\udc9a wirkt f\u00fcr st\u00e4rkere Knochen,<br \/>\n\ud83d\udc9a f\u00fcr sch\u00f6nes und gl\u00e4nzendes Haar und starke N\u00e4gel,<br \/>\n\ud83d\udc9a Anti-Aging-Effekt, erh\u00f6ht die Feuchtigkeitsversorgung.<\/p>\n","protected":false},"featured_media":6373,"comment_status":"open","ping_status":"closed","template":"","meta":{"_acf_changed":false},"product_brand":[],"product_cat":[15,225,224,226,230,231],"product_tag":[],"class_list":{"0":"post-6371","1":"product","2":"type-product","3":"status-publish","4":"has-post-thumbnail","6":"product_cat-uncategorized","7":"product_cat-alle-produkte","8":"product_cat-angebot","9":"product_cat-bestseller","10":"product_cat-mineralien-vitaminen","11":"product_cat-superfood","13":"first","14":"instock","15":"sale","16":"taxable","17":"shipping-taxable","18":"purchasable","19":"product-type-simple"},"acf":[],"_links":{"self":[{"href":"https:\/\/fengchashop.com\/de\/wp-json\/wp\/v2\/product\/6371","targetHints":{"allow":["GET"]}}],"collection":[{"href":"https:\/\/fengchashop.com\/de\/wp-json\/wp\/v2\/product"}],"about":[{"href":"https:\/\/fengchashop.com\/de\/wp-json\/wp\/v2\/types\/product"}],"replies":[{"embeddable":true,"href":"https:\/\/fengchashop.com\/de\/wp-json\/wp\/v2\/comments?post=6371"}],"wp:featuredmedia":[{"embeddable":true,"href":"https:\/\/fengchashop.com\/de\/wp-json\/wp\/v2\/media\/6373"}],"wp:attachment":[{"href":"https:\/\/fengchashop.com\/de\/wp-json\/wp\/v2\/media?parent=6371"}],"wp:term":[{"taxonomy":"product_brand","embeddable":true,"href":"https:\/\/fengchashop.com\/de\/wp-json\/wp\/v2\/product_brand?post=6371"},{"taxonomy":"product_cat","embeddable":true,"href":"https:\/\/fengchashop.com\/de\/wp-json\/wp\/v2\/product_cat?post=6371"},{"taxonomy":"product_tag","embeddable":true,"href":"https:\/\/fengchashop.com\/de\/wp-json\/wp\/v2\/product_tag?post=6371"}],"curies":[{"name":"wp","href":"https:\/\/api.w.org\/{rel}","templated":true}]}}