{"id":6361,"date":"2022-03-11T19:29:12","date_gmt":"2022-03-11T18:29:12","guid":{"rendered":"https:\/\/fengchashop.com\/de\/product\/omega-3-in-kapseln-180-kapseln\/"},"modified":"2026-04-10T09:58:18","modified_gmt":"2026-04-10T07:58:18","slug":"omega-3-in-kapseln","status":"publish","type":"product","link":"https:\/\/fengchashop.com\/de\/product\/omega-3-in-kapseln\/","title":{"rendered":"Omega-3 in Kapseln 180 Kapseln"},"content":{"rendered":"<h2><span style=\"color: #000000\">Omega-3<\/span><\/h2>\n<p><span style=\"color: #000000\">Omega-3-Fetts\u00e4uren sind f\u00fcr den Menschen<strong> lebensnotwendig<\/strong>, aber der K\u00f6rper kann sie nicht selbst herstellen. Da sie<strong> f\u00fcr das reibungslose Funktionieren mehrerer Prozesse im K\u00f6rper<\/strong> unerl\u00e4sslich sind, m\u00fcssen sie \u00fcber eine Ern\u00e4hrung aufgenommen werden, die reich an diesen wertvollen Fetten ist. Wenn die Ern\u00e4hrung jedoch nicht gen\u00fcgend Omega-3-Fetts\u00e4uren enth\u00e4lt, besteht eine der wirksamsten und einfachsten M\u00f6glichkeiten darin, ein Nahrungserg\u00e4nzungsmittel einzunehmen. Man sollte sich dar\u00fcber im Klaren sein, dass es ein riesiges Angebot an Nahrungserg\u00e4nzungsmitteln auf dem Markt gibt, aber nicht jedes Erg\u00e4nzungsmittel mit Fisch\u00f6l (oder aus pflanzlichen Quellen) ist gut genug. Vor allem, wenn wir beabsichtigen, ein Nahrungserg\u00e4nzungsmittel \u00fcber einen l\u00e4ngeren Zeitraum einzunehmen, m\u00fcssen wir vorsichtig sein. Verunreinigungen und unn\u00f6tige, sogar sch\u00e4dliche Zusatzstoffe k\u00f6nnen mehr schaden als n\u00fctzen.<\/span><\/p>\n<p><span style=\"color: #000000\">Unsere Omega-3-Fetts\u00e4urekapseln <strong>werden aus reinstem Fisch\u00f6l hergestellt.<\/strong> Sie werden aus wild gefangenem Fisch gewonnen, sachgem\u00e4\u00df verarbeitet und in Softgel-Kapseln abgef\u00fcllt, die zwar kleiner sind, aber so geformt, dass sie leichter zu schlucken sind. Sie sind ein hochwertiges Nahrungserg\u00e4nzungsmittel, das aus den besten Zutaten hergestellt wird. <strong>Sie verursachen keine Bl\u00e4hungen und haben keinen st\u00f6renden Fischgeschmack.<\/strong><\/span><\/p>\n<h2><span style=\"color: #000000\">Welche Vorteile hat die Einnahme von Omega-3-Fetts\u00e4uren?<\/span><\/h2>\n<p><span style=\"color: #000000\">Omega-3-Fetts\u00e4uren spielen in unserem K\u00f6rper mindestens zwei wichtige Rollen. Die Forschung hat gezeigt, dass sie das<strong> reibungslose Funktionieren des Herz-Kreislauf-Systems<\/strong> beeinflussen und <strong>Entz\u00fcndungen verringern<\/strong>. Zusammenfassend kann man also sagen, dass einige der Auswirkungen des Verzehrs von Omega-3-Fetts\u00e4uren wie folgt aussehen:<\/span><\/p>\n<ul>\n<li><span style=\"color: #000000\">Sie tragen zur <em>normalen Funktion des Herzens und des Herz-Kreislauf-Systems<\/em> bei, regulieren den Herzschlag und helfen,<strong> den Blutdruck und den Cholesterinspiegel zu kontrollieren.<\/strong><\/span><\/li>\n<li><span style=\"color: #000000\">Sie tragen zur <strong>Erhaltung der normalen Sehkraft bei.<\/strong><\/span><\/li>\n<li><span style=\"color: #000000\">Beitrag zur<strong> Aufrechterhaltung einer normalen Gehirnfunktion,<\/strong> einschlie\u00dflich der Ged\u00e4chtnisfunktion und der Regulierung der Stimmung und des emotionalen Gleichgewichts.<\/span><\/li>\n<li><span style=\"color: #000000\">Beitrag zur Aufrechterhaltung eines<strong> normalen Triglyceridspiegels im Blut.<\/strong><\/span><\/li>\n<li><span style=\"color: #000000\">F\u00f6rdern das <strong>reibungslose Funktionieren des Immunsystems.<\/strong><\/span><\/li>\n<li><span style=\"color: #000000\">Regulierung der Stimmung und der kognitiven (Verhaltens-)Funktionen.<\/span><\/li>\n<li><span style=\"color: #000000\">Sie sind \u00e4u\u00dferst<strong> wichtig f\u00fcr eine gesunde Schwangerschaft und die gesunde Entwicklung des ungeborenen und gestillten Babys.<\/strong> Sie f\u00f6rdern die intellektuellen, motorischen und visuellen F\u00e4higkeiten des Kindes, verbessern Ged\u00e4chtnis und Aufmerksamkeit und beugen Verhaltensst\u00f6rungen und der Entwicklung von Nahrungsmittelallergien vor.<\/span><\/li>\n<li><span style=\"color: #000000\">Sie <strong>helfen, die Symptome von Autoimmunkrankheiten<\/strong> und ADHS bei Kindern zu verbessern.<\/span><\/li>\n<li><span style=\"color: #000000\">Sie spenden unserer Haut und unserem Haar auf nat\u00fcrliche Weise Feuchtigkeit und verleihen ihnen ein gesundes Aussehen.<\/span><\/li>\n<li><span style=\"color: #000000\">S<strong>ie reduzieren Entz\u00fcndungen und<\/strong> lindern Hautprobleme wie Ekzeme, Akne, Rosazea und Schuppenflechte.<\/span><\/li>\n<li><span style=\"color: #000000\"><strong>Sie erm\u00f6glichen eine schnellere Erholung der Muskeln<\/strong> nach anstrengendem Sporttraining oder anderen k\u00f6rperlichen Aktivit\u00e4ten; sie verhindern auch Muskelschwund und erh\u00f6hen gleichzeitig den Abbau von Fettspeichern.<\/span><\/li>\n<\/ul>\n<h2><span style=\"color: #000000\">Warum sollten Sie unsere Omega-3-Kapseln w\u00e4hlen?<\/span><\/h2>\n<p><span style=\"color: #000000\">Der Verzehr von Omega-3-Fetts\u00e4uren ist an sich schon eine gute Investition in unsere k\u00f6rperliche und geistige Gesundheit. Wenn wir uns jedoch f\u00fcr ein reines und m\u00f6glichst nat\u00fcrliches Pr\u00e4parat wie das unsere entscheiden, k\u00f6nnen wir auch von anderen Vorteilen profitieren, wie z. B.:<\/span><\/p>\n<ul>\n<li><span style=\"color: #000000\">Ein Nahrungserg\u00e4nzungsmittel <strong>wird nicht durch Konzentrieren von Fisch\u00f6l<\/strong> und Hinzuf\u00fcgen k\u00fcnstlicher Zutaten <strong>hergestellt<\/strong>. Unser Nahrungserg\u00e4nzungsmittel ist minimal verarbeitet, viel nat\u00fcrlicher, und unser K\u00f6rper profitiert leichter von seinen Vorteilen.<\/span><\/li>\n<li><span style=\"color: #000000\"><strong>Es handelt sich um Kapseln ohne den typischen Geschmack und Geruch<\/strong>. Und sie machen uns nicht m\u00fcde.<\/span><\/li>\n<li><span style=\"color: #000000\">Kleinere<strong>Softgel-Kapseln<\/strong> machen das Schlucken einfacher.<\/span><\/li>\n<li><span style=\"color: #000000\">Sie enthalten mindestens <strong>90 % nat\u00fcrliche Triglyceride<\/strong>, ohne die Ethylester, die sonst bei der Herstellung von Fisch\u00f6lkonzentraten verwendet werden, um einen h\u00f6heren DHA- und EPA-Gehalt als in herk\u00f6mmlichem Fisch\u00f6l zu gew\u00e4hrleisten. Ein solches Nahrungserg\u00e4nzungsmittel ist k\u00fcnstlich angereichert und daher schwerer verdaulich, weniger nat\u00fcrlich und kann, wenn es \u00fcber einen l\u00e4ngeren Zeitraum eingenommen wird, den Organismus sogar belasten.<\/span><\/li>\n<li><span style=\"color: #000000\">Das \u00d6l ist besonders<strong> rein und<\/strong> wird durch ein spezielles Verfahren der Filtration, Destillation und Raffination hergestellt.<\/span><\/li>\n<li><span style=\"color: #000000\">Enth\u00e4lt mindestens<strong> 65% Docosahexaens\u00e4ure (DHA) und Eicosapentaens\u00e4ure (EPA).<\/strong><\/span><\/li>\n<li><span style=\"color: #000000\">Ein nat\u00fcrliches Antioxidans in Form von Tocopherol (Vitamin E) ist dem Produkt f\u00fcr eine bessere Haltbarkeit zugesetzt.<\/span><\/li>\n<li><span style=\"color: #000000\">Au\u00dferdem wird der Fisch nach den Grunds\u00e4tzen der nachhaltigen Fischerei gefangen. Die Verpackungen der einzelnen Lieferanten sind au\u00dferdem mit einer R\u00fcckverfolgbarkeitsnummer gekennzeichnet. Eine konstante Versorgung mit \u00d6len h\u00f6chster Qualit\u00e4t ist ebenfalls gew\u00e4hrleistet. Diese sind durchweg sauber, sicher und st\u00f6rungsfrei. Die Verpflichtung zu Produktreinheit, Qualit\u00e4t und Innovation gew\u00e4hrleistet, dass die Produkte die h\u00f6chsten Industriestandards f\u00fcr Sicherheit, R\u00fcckverfolgbarkeit und Nachhaltigkeit erf\u00fcllen. Minimale Spezifikationsgrenzen stellen sicher, dass die Produkte alle bekannten globalen Reinheitsstandards erf\u00fcllen oder \u00fcbertreffen. Wir garantieren bedingungslos die Konsistenz, Sicherheit und Reinheit eines jeden Produkts.<\/span><\/li>\n<\/ul>\n<h2><span style=\"color: #000000\">Lagerung und Warnhinweise<\/span><\/h2>\n<p><span style=\"color: #000000\">K\u00fchl und trocken bei einer Temperatur von bis zu 25 \u00b0C aufbewahren. Das Nahrungserg\u00e4nzungsmittel au\u00dferhalb der Reichweite von Kindern aufbewahren!<\/span><\/p>\n<p><span style=\"color: #000000\">Denken Sie daran, wie wichtig eine abwechslungsreiche Ern\u00e4hrung und eine gesunde Lebensweise sind; ein Nahrungserg\u00e4nzungsmittel ist daher kein Ersatz f\u00fcr eine ausgewogene und abwechslungsreiche Ern\u00e4hrung. Die empfohlene Tagesmenge oder Dosis sollte nicht \u00fcberschritten werden.<\/span><\/p>\n<h2>Verpackung<\/h2>\n<p>Undurchl\u00e4ssiger Zip-Lock-Beutel, in dem das Produkt seine ganze Frische und sein Aroma bewahrt. Die Verpackung sch\u00fctzt das Produkt vor Licht und Luft, da sie aus mehreren Schutzschichten besteht, die die Eigenschaften des Inhalts bewahren.<\/p>\n<p>Die Verpackung ist sehr praktisch und recycelbar.<\/p>\n<h2><span style=\"color: #000000\">Herkunft<\/span><\/h2>\n<p><span style=\"color: #000000\">Norwegen<\/span><\/p>\n","protected":false},"excerpt":{"rendered":"<p>Omega-3-Fetts\u00e4uren spielen in unserem K\u00f6rper mindestens zwei wichtige Rollen. Die Forschung hat gezeigt, dass sie das ordnungsgem\u00e4\u00dfe Funktionieren des Herz-Kreislauf-Systems beeinflussen und Entz\u00fcndungen verringern. Omega-3-Fetts\u00e4uren:<\/p>\n<p>\ud83d\udc9a tragen zur normalen Funktion des Herzens und des kardiovaskul\u00e4ren Systems bei, indem sie den Herzschlag regulieren und helfen, den Blutdruck und den Cholesterinspiegel zu regulieren,<br \/>\n\ud83d\udc9a tragen zur Aufrechterhaltung einer normalen Gehirnfunktion bei, einschlie\u00dflich der Ged\u00e4chtnisfunktion und der Regulierung der Stimmung und des emotionalen Gleichgewichts,<br \/>\n\ud83d\udc9a tragen zur Aufrechterhaltung eines normalen Triglyceridspiegels im Blut bei,<br \/>\n\ud83d\udc9a f\u00f6rdern das reibungslose Funktionieren des Immunsystems,<br \/>\n\ud83d\udc9a verringern Entz\u00fcndungen.<\/p>\n","protected":false},"featured_media":6362,"comment_status":"open","ping_status":"closed","template":"","meta":{"_acf_changed":false},"product_brand":[],"product_cat":[15,225,224,230],"product_tag":[],"class_list":{"0":"post-6361","1":"product","2":"type-product","3":"status-publish","4":"has-post-thumbnail","6":"product_cat-uncategorized","7":"product_cat-alle-produkte","8":"product_cat-angebot","9":"product_cat-mineralien-vitaminen","11":"first","12":"instock","13":"taxable","14":"shipping-taxable","15":"purchasable","16":"product-type-simple"},"acf":[],"_links":{"self":[{"href":"https:\/\/fengchashop.com\/de\/wp-json\/wp\/v2\/product\/6361","targetHints":{"allow":["GET"]}}],"collection":[{"href":"https:\/\/fengchashop.com\/de\/wp-json\/wp\/v2\/product"}],"about":[{"href":"https:\/\/fengchashop.com\/de\/wp-json\/wp\/v2\/types\/product"}],"replies":[{"embeddable":true,"href":"https:\/\/fengchashop.com\/de\/wp-json\/wp\/v2\/comments?post=6361"}],"wp:featuredmedia":[{"embeddable":true,"href":"https:\/\/fengchashop.com\/de\/wp-json\/wp\/v2\/media\/6362"}],"wp:attachment":[{"href":"https:\/\/fengchashop.com\/de\/wp-json\/wp\/v2\/media?parent=6361"}],"wp:term":[{"taxonomy":"product_brand","embeddable":true,"href":"https:\/\/fengchashop.com\/de\/wp-json\/wp\/v2\/product_brand?post=6361"},{"taxonomy":"product_cat","embeddable":true,"href":"https:\/\/fengchashop.com\/de\/wp-json\/wp\/v2\/product_cat?post=6361"},{"taxonomy":"product_tag","embeddable":true,"href":"https:\/\/fengchashop.com\/de\/wp-json\/wp\/v2\/product_tag?post=6361"}],"curies":[{"name":"wp","href":"https:\/\/api.w.org\/{rel}","templated":true}]}}