{"id":6359,"date":"2022-03-11T17:52:40","date_gmt":"2022-03-11T16:52:40","guid":{"rendered":"https:\/\/fengchashop.com\/de\/product\/vitamin-c-pulver-500-g\/"},"modified":"2026-04-17T11:32:57","modified_gmt":"2026-04-17T09:32:57","slug":"vitamin-c-pulver","status":"publish","type":"product","link":"https:\/\/fengchashop.com\/de\/product\/vitamin-c-pulver\/","title":{"rendered":"Vitamin C Pulver 500 g"},"content":{"rendered":"<h2><span style=\"color: #000000\">L-Ascorbins\u00e4ure<\/span><\/h2>\n<p><span style=\"color: #000000\">Vitamin C oder Ascorbins\u00e4ure ist ein<strong> essenzielles Vitamin<\/strong> f\u00fcr den Menschen, d. h. es ist f\u00fcr das reibungslose Funktionieren unseres K\u00f6rpers unerl\u00e4sslich, aber unser K\u00f6rper kann es nicht selbst synthetisieren oder produzieren, daher ist es \u00e4u\u00dferst wichtig, dass wir es \u00fcber die Nahrung aufnehmen. Vitamin C ist in den meisten Obst- und Gem\u00fcsesorten enthalten. Wer also regelm\u00e4\u00dfig mindestens 5 Einheiten Obst und\/oder Gem\u00fcse pro Tag verzehrt, nimmt ausreichend davon auf. Manchmal ist es jedoch auch sinnvoll, dieses \u00e4u\u00dferst wichtige Vitamin, das f\u00fcr viele Prozesse in unserem K\u00f6rper verantwortlich ist, zu erg\u00e4nzen, da es auch ein <strong>Antioxidans<\/strong> ist <strong>, das unsere Zellen vor oxidativem Stress sch\u00fctzt<\/strong>, der sich am h\u00e4ufigsten in unserer Haut zeigt. Ein Mangel an Vitamin C kann zu Hautalterung und Faltenbildung f\u00fchren, da Vitamin C in hohem Ma\u00dfe f\u00fcr die Bildung von Kollagen verantwortlich ist und somit eine wichtige Rolle f\u00fcr das normale Funktionieren der Haut, aber auch der Knochen und Blutgef\u00e4\u00dfe spielt. Es ist auch gut f\u00fcr<strong> unser Immunsystem, und<\/strong> durch seine vorbeugende Einnahme k\u00f6nnen wir saisonale Erk\u00e4ltungen und virale Atemwegsinfektionen verhindern oder deren Genesung beschleunigen.<\/span><\/p>\n<p><span style=\"color: #000000\">Obst und Gem\u00fcse, das auf unseren Tellern landet, ist aufgrund der Art und Weise, wie es produziert und transportiert wird, und aufgrund der Zeit, die von der Ernte bis zum Verzehr vergeht, immer weniger vitaminhaltig. Vitamin-C-Mangel kann sich durch allgemeine k\u00f6rperliche und geistige M\u00fcdigkeit, schlechtere Wundheilung, Blutungen, langsamere Genesung von Krankheiten, geschw\u00e4chtes Immunsystem usw. \u00e4u\u00dfern. Es ist daher ratsam, dem K\u00f6rper vermehrt Vitamine zuzuf\u00fchren, auch durch Nahrungserg\u00e4nzungsmittel. Raucher, k\u00f6rperlich arbeitende Menschen und Sportler, schwangere und stillende Frauen ben\u00f6tigen jedoch im Allgemeinen viel mehr Vitamin C, sollten aber vor der Einnahme von Nahrungserg\u00e4nzungsmitteln immer erst einen Arzt konsultieren.<\/span><\/p>\n<p><span style=\"color: #000000\">Da unser K\u00f6rper Vitamin C nicht speichern kann, ist es wichtig, t\u00e4glich Obst und Gem\u00fcse zu essen und bei Bedarf L-Ascorbins\u00e4ure-Pr\u00e4parate einzunehmen.<\/span><\/p>\n<h2><span style=\"color: #000000\">Warum Vitamin C in Form von L-Ascorbins\u00e4urepulver?<\/span><\/h2>\n<p><span style=\"color: #000000\">Bei unserer reinen L-Ascorbins\u00e4ure handelt es sich um eine nat\u00fcrliche Form von Vitamin C, die nat\u00fcrlich vorkommt oder synthetisch sein kann, aber die beiden Formen sind sich in Struktur und Wirksamkeit so \u00e4hnlich, dass sie von Fachleuten gleichgesetzt werden (dies gilt nicht f\u00fcr die synthetische D-Ascorbins\u00e4ure, die vom K\u00f6rper nicht synthetisiert werden kann und daher nicht f\u00fcr Nahrungserg\u00e4nzungsmittel verwendet wird).<\/span><\/p>\n<p><span style=\"color: #000000\">Die Einnahme von L-Ascorbins\u00e4ure oder Vitamin C ist also hilfreich (die folgenden Vorteile von Vitamin C wurden auch von der EFSA, der Europ\u00e4ischen Beh\u00f6rde f\u00fcr Lebensmittelsicherheit, best\u00e4tigt):<\/span><\/p>\n<p><span style=\"color: #000000\">&#8211; bessere <strong>Aufnahme von Eisen<\/strong>, das f\u00fcr eine gute Blutbildung unerl\u00e4sslich ist;<\/span><br \/>\n<span style=\"color: #000000\">&#8211; <strong>Verbesserung der Kollagenproduktion<\/strong> und damit der normalen Funktion von Knochen, Haut, Z\u00e4hnen, Blutgef\u00e4\u00dfen, Knorpeln und Zahnfleisch;<\/span><br \/>\n<span style=\"color: #000000\">&#8211; zu einem normalen<strong> psychischen Funktionieren;<\/strong><\/span><br \/>\n<span style=\"color: #000000\">&#8211; zum <strong>Schutz der Zellen vor oxidativem Stress <\/strong>; <\/span><br \/>\n<span style=\"color: #000000\">&#8211; zur Verbesserung der Funktion des<strong> Immunsystems;<\/strong><\/span><br \/>\n<span style=\"color: #000000\">&#8211; Verringerung von <strong>M\u00fcdigkeit und Erm\u00fcdung<\/strong>, usw.<\/span><\/p>\n<p><span style=\"color: #000000\">Das Nahrungserg\u00e4nzungsmittel in Pulverform ist auch praktisch in der Anwendung und das fertige Getr\u00e4nk ist schmackhaft und erfrischend.<\/span><\/p>\n<h2><span style=\"color: #000000\">Lagerung und Warnhinweise<\/span><\/h2>\n<p><span style=\"color: #000000\">K\u00fchl und trocken bei einer Temperatur von bis zu 25 \u00b0C lagern. Das Nahrungserg\u00e4nzungsmittel au\u00dferhalb der Reichweite von Kindern aufbewahren!<\/span><\/p>\n<p><span style=\"color: #000000\">Denken Sie daran, wie wichtig eine abwechslungsreiche Ern\u00e4hrung und eine gesunde Lebensweise sind; ein Nahrungserg\u00e4nzungsmittel ist daher kein Ersatz f\u00fcr eine ausgewogene und abwechslungsreiche Ern\u00e4hrung. Die empfohlene Tagesmenge oder Dosis sollte nicht \u00fcberschritten werden. Schwangeren und stillenden Frauen wird immer empfohlen, vor der Einnahme einen Arzt zu konsultieren. Nicht geeignet f\u00fcr Kinder unter 14 Jahren.<\/span><\/p>\n<h2><span style=\"color: #000000\">Verpackung<\/span><\/h2>\n<p><span style=\"color: #000000\">Nicht durchl\u00e4ssiger Zip-Lock-Beutel, in dem das Produkt seine Frische und sein Aroma bewahrt. Die Verpackung sch\u00fctzt das Produkt vor Licht und Luft, da sie aus mehreren Schutzschichten besteht, um die Eigenschaften des Inhalts zu erhalten.<\/span><\/p>\n<p><span style=\"color: #000000\">Die Verpackung ist sehr praktisch und recycelbar.<\/span><\/p>\n<h2><span style=\"color: #000000\">Herkunft<\/span><\/h2>\n<p><span style=\"color: #000000\">China.<\/span><\/p>\n<p><span style=\"color: #000000\">Wir haben sehr zuverl\u00e4ssige Lieferanten, die uns f\u00fcr jede Charge eine detaillierte chemische Analyse des Lebensmittels zukommen lassen. In mehr als zehn Jahren hatten wir keine R\u00fcckrufe oder andere Probleme mit diesem Artikel, und auch nicht mit anderen Artikeln desselben Lieferanten.<\/span><\/p>\n","protected":false},"excerpt":{"rendered":"<p>Die Einnahme von L-Ascorbins\u00e4ure oder Vitamin C ist hilfreich (die folgenden Vorteile von Vitamin C wurden auch von der EFSA best\u00e4tigt):<\/p>\n<p>\ud83d\udc9a bessere Aufnahme von Eisen, das f\u00fcr ein gutes Blutbild unerl\u00e4sslich ist,<br \/>\n\ud83d\udc9a Verbesserung der Kollagenproduktion und damit der normalen Funktion von Knochen, Haut, Z\u00e4hnen, Blutgef\u00e4\u00dfen, Knorpeln und Zahnfleisch,<br \/>\n\ud83d\udc9a f\u00fcr ein normales psychisches Funktionieren,<br \/>\n\ud83d\udc9a zum Schutz der Zellen vor oxidativem Stress,<br \/>\n\ud83d\udc9a f\u00fcr ein besseres Funktionieren des Immunsystems,<br \/>\n\ud83d\udc9a Verringerung von M\u00fcdigkeit und Erm\u00fcdung.<\/p>\n","protected":false},"featured_media":6360,"comment_status":"open","ping_status":"closed","template":"","meta":{"_acf_changed":false},"product_brand":[],"product_cat":[15,225,224,230],"product_tag":[],"class_list":{"0":"post-6359","1":"product","2":"type-product","3":"status-publish","4":"has-post-thumbnail","6":"product_cat-uncategorized","7":"product_cat-alle-produkte","8":"product_cat-angebot","9":"product_cat-mineralien-vitaminen","11":"first","12":"instock","13":"taxable","14":"shipping-taxable","15":"purchasable","16":"product-type-simple"},"acf":[],"_links":{"self":[{"href":"https:\/\/fengchashop.com\/de\/wp-json\/wp\/v2\/product\/6359","targetHints":{"allow":["GET"]}}],"collection":[{"href":"https:\/\/fengchashop.com\/de\/wp-json\/wp\/v2\/product"}],"about":[{"href":"https:\/\/fengchashop.com\/de\/wp-json\/wp\/v2\/types\/product"}],"replies":[{"embeddable":true,"href":"https:\/\/fengchashop.com\/de\/wp-json\/wp\/v2\/comments?post=6359"}],"wp:featuredmedia":[{"embeddable":true,"href":"https:\/\/fengchashop.com\/de\/wp-json\/wp\/v2\/media\/6360"}],"wp:attachment":[{"href":"https:\/\/fengchashop.com\/de\/wp-json\/wp\/v2\/media?parent=6359"}],"wp:term":[{"taxonomy":"product_brand","embeddable":true,"href":"https:\/\/fengchashop.com\/de\/wp-json\/wp\/v2\/product_brand?post=6359"},{"taxonomy":"product_cat","embeddable":true,"href":"https:\/\/fengchashop.com\/de\/wp-json\/wp\/v2\/product_cat?post=6359"},{"taxonomy":"product_tag","embeddable":true,"href":"https:\/\/fengchashop.com\/de\/wp-json\/wp\/v2\/product_tag?post=6359"}],"curies":[{"name":"wp","href":"https:\/\/api.w.org\/{rel}","templated":true}]}}