{"id":6352,"date":"2022-03-11T10:03:16","date_gmt":"2022-03-11T09:03:16","guid":{"rendered":"https:\/\/fengchashop.com\/de\/product\/magnesiumchlorid-pulver-500-g\/"},"modified":"2026-04-15T10:19:45","modified_gmt":"2026-04-15T08:19:45","slug":"magnesiumchlorid-pulver","status":"publish","type":"product","link":"https:\/\/fengchashop.com\/de\/product\/magnesiumchlorid-pulver\/","title":{"rendered":"Magnesiumchlorid Pulver 500 g"},"content":{"rendered":"<h2><span style=\"color: #000000\">Magnesiumchlorid<\/span><\/h2>\n<p><span style=\"color: #000000\">Magnesium ist ein sehr <strong>wichtiger Mineralstoff, der<\/strong> f\u00fcr \u00fcber 300 Stoffwechselreaktionen im menschlichen K\u00f6rper verantwortlich ist. Es wird von Experten oft als &#8222;K\u00f6nig der Mineralien&#8220; bezeichnet. Es spielt eine sehr wichtige Rolle f\u00fcr das<strong> reibungslose Funktionieren der Knochen, der Muskeln und des Nervensystems.<\/strong> Es wird h\u00e4ufig <strong>zur Vorbeugung von Kr\u00e4mpfen (in den Waden), M\u00fcdigkeit, Ersch\u00f6pfung und f\u00fcr ein normales geistiges Funktionieren<\/strong> eingenommen <strong>.<\/strong> Magnesium gleicht das Verh\u00e4ltnis zu Kalzium aus und verhindert so die \u00dcbers\u00e4uerung des K\u00f6rpers und das durch Kalkablagerungen verursachte &#8222;Knarren&#8220; der Gelenke. Die moderne Lebensweise &#8211; Schlafmangel, Stress, Ern\u00e4hrung &#8211; veranlasst uns h\u00e4ufig zur Einnahme von Magnesiumpr\u00e4paraten. Und obwohl wir viel davon in gr\u00fcnem Gem\u00fcse, Fisch, Sonnenblumen- und K\u00fcrbiskernen, Obst und N\u00fcssen finden, verbrauchen wir einfach mehr davon, als wir essen. Sportler und sehr aktive Menschen, schwangere Frauen und \u00e4ltere Menschen haben einen erh\u00f6hten Bedarf an Magnesium. In der Natur ist Magnesium immer an eine andere Verbindung gebunden, die ihm spezifische Eigenschaften verleiht, insbesondere in Bezug auf die Aufnahme und die zus\u00e4tzlichen Wirkungen. Daher ist es wichtig, das richtige Magnesium f\u00fcr unseren Bedarf zu w\u00e4hlen.<\/span><\/p>\n<p><span style=\"color: #000000\">Magnesium in Form von<strong> Magnesiumchlorid<\/strong> ist eine der gebr\u00e4uchlichsten Formen von Magnesium auf unserem Markt. Es gibt mehr als ein Dutzend verschiedene Formen von Magnesium, und von einigen Formen wird sogar abgeraten (zum Beispiel Magnesiumaspartat und Magnesiumglutamat). Daher kann nicht jedes Magnesium unseren Bedarf decken. W\u00e4hlen Sie Magnesiumformen, die von guter Qualit\u00e4t und vor allem f\u00fcr Sie geeignet sind.<\/span><\/p>\n<p><span style=\"color: #000000\">Magnesiummangel wird mit einer Reihe von Krankheiten in Verbindung gebracht, darunter Migr\u00e4ne, chronische M\u00fcdigkeit, Bluthochdruck, Angstzust\u00e4nde und andere psychische St\u00f6rungen. Magnesium repariert indirekt gesch\u00e4digte Zellen und beugt so der Entstehung von Krankheiten vor, die mit<strong> Zellsch\u00e4den<\/strong> einhergehen, wie z. B. Krebs. Gleichzeitig vermindert Magnesiummangel die Wirkung des wichtigen Vitamin D.<\/span><\/p>\n<p><span style=\"color: #000000\">Unser Magnesiumchlorid ist von h\u00f6chster Qualit\u00e4t.<\/span><\/p>\n<h2><span style=\"color: #000000\">Warum Magnesiumchlorid w\u00e4hlen?<\/span><\/h2>\n<p><span style=\"color: #000000\">Interessant ist, dass der K\u00f6rper Magnesium auch<strong> \u00fcber die Haut aufnehmen<\/strong> kann<strong>.<\/strong><strong> B\u00e4der<\/strong> sind daher auch bei Magnesiummangel willkommen<strong>.<\/strong> Sie sind besonders gut f\u00fcr m\u00fcde Muskeln, und Magnesium gelangt auch \u00fcber die Haut in den Blutkreislauf, um die inneren Organe zu versorgen. Die geeignetste Form von Magnesium f\u00fcr B\u00e4der ist Magnesiumchlorid. Aus dem Pulver l\u00e4sst sich auch ein sogenanntes <strong>Magnesium\u00f6l<\/strong> herstellen <strong>.<\/strong> Dieses ist sehr beliebt f\u00fcr die schnelle und gute Erholung von m\u00fcden und schmerzenden Muskeln bei gro\u00dfer k\u00f6rperlicher Anstrengung. Es wird vom K\u00f6rper aufgenommen und deckt den Tagesbedarf an Magnesium. Magnesiumchlorid kann auch oral als Nahrungserg\u00e4nzungsmittel eingenommen werden.<\/span><\/p>\n<p><span style=\"color: #000000\">Diese Form des Magnesiums ist am besten geeignet, um m\u00fcde Muskeln schnell mit Magnesium zu versorgen und Gelenkverkalkungen mit Hilfe von B\u00e4dern und Magnesium\u00f6l abzubauen. Au\u00dferdem wirkt sich das so zugef\u00fchrte Magnesium kaum auf die Verdauung und das damit verbundene Auftreten von Durchfall aus. Es ist daher besonders f\u00fcr Menschen geeignet, die empfindlicher auf die Einnahme von Magnesium reagieren.<\/span><\/p>\n<p><span style=\"color: #000000\">Magnesium in Form von Magnesiumchlorid wird weniger gut und langsamer resorbiert als beispielsweise Magnesiumbisglycinat. Es hat jedoch den Vorteil, dass es in Form eines Sprays oder Bades \u00fcber die Haut aufgenommen werden kann.<\/span><\/p>\n<h2><span style=\"color: #000000\">Wie wirkt sich die Einnahme von Magnesium auf unseren K\u00f6rper aus?<\/span><\/h2>\n<p><span style=\"color: #000000\">Der Verzehr von Magnesium oder die Herstellung von Magnesium\u00f6l und -b\u00e4dern hat folgende positive Auswirkungen auf uns, die auch von Fachleuten anerkannt werden:<\/span><\/p>\n<ul>\n<li><span style=\"color: #000000\">es hilft, <strong>M\u00fcdigkeit und Erm\u00fcdung zu verringern,<\/strong><\/span><\/li>\n<li><span style=\"color: #000000\"><strong>es unterst\u00fctzt das Gleichgewicht der Elektrolyte<\/strong>, die besonders bei k\u00f6rperlicher Anstrengung ben\u00f6tigt werden,<\/span><\/li>\n<li><span style=\"color: #000000\">tr\u00e4gt zur <strong>Freisetzung von Stoffwechselenergie bei,<\/strong><\/span><\/li>\n<li><span style=\"color: #000000\">hat eine positive Wirkung auf das <strong>Nervensystem,<\/strong><\/span><\/li>\n<li><span style=\"color: #000000\">tr\u00e4gt zu einer<strong> normalen Muskelfunktion und normalen psychischen Funktionen bei,<\/strong><\/span><\/li>\n<li><span style=\"color: #000000\">spielt eine Rolle bei der<strong> Proteinsynthese,<\/strong><\/span><\/li>\n<li><span style=\"color: #000000\">tr\u00e4gt zur Erhaltung<strong> gesunder Knochen und Z\u00e4hne bei,<\/strong><\/span><\/li>\n<li><span style=\"color: #000000\">spielt eine Rolle bei der Zellteilung.<\/span><\/li>\n<\/ul>\n<h2><span style=\"color: #000000\">Verpackung<\/span><\/h2>\n<p><span style=\"color: #000000\">Undurchl\u00e4ssiger Zip-Lock-Beutel, in dem das Produkt seine ganze Frische und sein Aroma bewahrt. Die Verpackung sch\u00fctzt vor Licht und Luft und besteht aus mehreren Schutzschichten, um die Eigenschaften des Inhalts zu erhalten.<\/span><\/p>\n<p><span style=\"color: #000000\">Die Verpackung ist sehr praktisch und recycelbar.<\/span><\/p>\n<h2><span style=\"color: #000000\">Lagerung und Warnhinweise<\/span><\/h2>\n<p><span style=\"color: #000000\">K\u00fchl und trocken bei einer Temperatur von bis zu 25 \u00b0C lagern. Das Nahrungserg\u00e4nzungsmittel f\u00fcr Kinder unzug\u00e4nglich aufbewahren!<\/span><\/p>\n<p><span style=\"color: #000000\">Konsultieren Sie Ihren Arzt, wenn Sie gleichzeitig Antibiotika, Osteoporose- oder Bluthochdruckmittel einnehmen, da Magnesium deren Wirkung beeinflussen kann.<\/span><\/p>\n<p><span style=\"color: #000000\">Denken Sie daran, wie wichtig eine abwechslungsreiche Ern\u00e4hrung und eine gesunde Lebensweise sind, ein Nahrungserg\u00e4nzungsmittel ist kein Ersatz f\u00fcr eine ausgewogene und abwechslungsreiche Ern\u00e4hrung. Die empfohlene Tagesmenge oder Dosis sollte nicht \u00fcberschritten werden. Schwangeren und stillenden Frauen wird immer empfohlen, vor der Einnahme einen Arzt zu konsultieren. Nicht f\u00fcr Kinder geeignet.<\/span><\/p>\n","protected":false},"excerpt":{"rendered":"<p align=\"JUSTIFY\">Magnesium ist ein sehr wichtiger Mineralstoff, der f\u00fcr \u00fcber 300 Stoffwechselreaktionen im menschlichen K\u00f6rper verantwortlich ist. Es wird von Experten oft als &#8222;K\u00f6nig der Mineralien&#8220; bezeichnet. Es spielt eine sehr wichtige Rolle f\u00fcr das reibungslose Funktionieren der Knochen, der Muskeln und des Nervensystems. Es wird h\u00e4ufig zur Vorbeugung von Kr\u00e4mpfen (in den Waden), M\u00fcdigkeit, Ersch\u00f6pfung und f\u00fcr ein normales geistiges Funktionieren eingenommen. Magnesium gleicht das Verh\u00e4ltnis zu Kalzium aus und beugt so der \u00dcbers\u00e4uerung des K\u00f6rpers und dem &#8222;Knarren&#8220; der Gelenke aufgrund von Verkalkungen vor.<\/p>\n<p>\ud83d\udc9a Es tr\u00e4gt zur Verringerung von M\u00fcdigkeit und Erm\u00fcdung bei.<br \/>\n\ud83d\udc9a Unterst\u00fctzt das Elektrolytgleichgewicht, das vor allem bei k\u00f6rperlicher Anstrengung ben\u00f6tigt wird.<br \/>\n\ud83d\udc9a Tr\u00e4gt zur Freisetzung von Stoffwechselenergie bei.<br \/>\n\ud83d\udc9a Wohltuende Wirkung auf das Nervensystem.<br \/>\n\ud83d\udc9a Tr\u00e4gt zu einer normalen Muskelfunktion und normalen psychischen Funktionen bei.<\/p>\n","protected":false},"featured_media":6353,"comment_status":"open","ping_status":"closed","template":"","meta":{"_acf_changed":false},"product_brand":[],"product_cat":[15,225,224,230],"product_tag":[],"class_list":{"0":"post-6352","1":"product","2":"type-product","3":"status-publish","4":"has-post-thumbnail","6":"product_cat-uncategorized","7":"product_cat-alle-produkte","8":"product_cat-angebot","9":"product_cat-mineralien-vitaminen","11":"first","12":"instock","13":"sale","14":"taxable","15":"shipping-taxable","16":"purchasable","17":"product-type-simple"},"acf":[],"_links":{"self":[{"href":"https:\/\/fengchashop.com\/de\/wp-json\/wp\/v2\/product\/6352","targetHints":{"allow":["GET"]}}],"collection":[{"href":"https:\/\/fengchashop.com\/de\/wp-json\/wp\/v2\/product"}],"about":[{"href":"https:\/\/fengchashop.com\/de\/wp-json\/wp\/v2\/types\/product"}],"replies":[{"embeddable":true,"href":"https:\/\/fengchashop.com\/de\/wp-json\/wp\/v2\/comments?post=6352"}],"wp:featuredmedia":[{"embeddable":true,"href":"https:\/\/fengchashop.com\/de\/wp-json\/wp\/v2\/media\/6353"}],"wp:attachment":[{"href":"https:\/\/fengchashop.com\/de\/wp-json\/wp\/v2\/media?parent=6352"}],"wp:term":[{"taxonomy":"product_brand","embeddable":true,"href":"https:\/\/fengchashop.com\/de\/wp-json\/wp\/v2\/product_brand?post=6352"},{"taxonomy":"product_cat","embeddable":true,"href":"https:\/\/fengchashop.com\/de\/wp-json\/wp\/v2\/product_cat?post=6352"},{"taxonomy":"product_tag","embeddable":true,"href":"https:\/\/fengchashop.com\/de\/wp-json\/wp\/v2\/product_tag?post=6352"}],"curies":[{"name":"wp","href":"https:\/\/api.w.org\/{rel}","templated":true}]}}