{"id":6346,"date":"2022-03-11T09:18:33","date_gmt":"2022-03-11T08:18:33","guid":{"rendered":"https:\/\/fengchashop.com\/de\/product\/magnesium-komplex-pulver-200-g\/"},"modified":"2026-04-18T13:03:38","modified_gmt":"2026-04-18T11:03:38","slug":"magnesium-komplex-pulver","status":"publish","type":"product","link":"https:\/\/fengchashop.com\/de\/product\/magnesium-komplex-pulver\/","title":{"rendered":"Magnesium Komplex Pulver 200 g"},"content":{"rendered":"<h2 style=\"text-align: justify\"><span style=\"color: #000000\"><b>Magnesium-Komplex in Pulverform<\/b><\/span><\/h2>\n<p style=\"text-align: justify\"><span style=\"color: #000000\">Magnesium ist ein \u00e4u\u00dferst wichtiger Mineralstoff, der im menschlichen K\u00f6rper an mehr als 300 Stoffwechselprozessen beteiligt ist. Es wird oft als &#8222;<b>K\u00f6nig der Mineralien<\/b>&#8220; bezeichnet, da es eine <b>schl\u00fcsselrolle bei der Funktion von Muskeln, dem Nervensystem und der Erhaltung gesunder Knochen<\/b> spielt. Es hilft, Muskelkr\u00e4mpfe zu verhindern, verringert M\u00fcdigkeit und Ersch\u00f6pfung und tr\u00e4gt zur normalen psychischen Funktion bei. Aufgrund des schnellen Tempos des modernen Lebens \u2013 Stress, unzureichende Ern\u00e4hrung und Schlafmangel \u2013 greifen viele Menschen zu Magnesium-Erg\u00e4nzungen.<\/span><\/p>\n<p style=\"text-align: justify\"><span style=\"color: #000000\">Obwohl Magnesium nat\u00fcrlich in vielen Lebensmitteln wie gr\u00fcnem Blattgem\u00fcse, N\u00fcssen, Samen, Fisch und Vollkorngetreide vorkommt, verbrauchen wir oft mehr, als wir \u00fcber die Nahrung aufnehmen k\u00f6nnen. Erh\u00f6hte Magnesiumbed\u00fcrfnisse haben Sportler, schwangere Frauen, \u00e4ltere Menschen und Menschen unter k\u00f6rperlichem oder seelischem Stress.<\/span><\/p>\n<p style=\"text-align: justify\"><span style=\"color: #000000\">Mit dem Magnesium-Komplex versorgen Sie Ihren K\u00f6rper optimal, um Ihr Wohlbefinden zu steigern, mehr Energie zu haben und eine gesunde Funktion von Muskeln, Knochen und dem Nervensystem zu unterst\u00fctzen.<\/span><\/p>\n<h2 style=\"text-align: justify\"><span style=\"color: #000000\"><b>Warum der Magnesium-Komplex?<\/b><\/span><\/h2>\n<p style=\"text-align: justify\"><span style=\"color: #000000\">Der Magnesium-Komplex vereint <strong>vier hochwertige Magnesiumformen \u2013 Magnesiumbisglycinat, Magnesiumcitrat, Magnesiummalat und Magnesiumtaurat<\/strong>. Jede dieser Formen hat ihre spezifischen Eigenschaften und Vorteile, sodass ihre Kombination eine optimale Aufnahme und Wirksamkeit erm\u00f6glicht.<\/span><\/p>\n<h2 style=\"text-align: justify\"><span style=\"color: #000000\"><b>Vorteile des Magnesium-Komplexes<\/b><\/span><\/h2>\n<p style=\"text-align: justify\"><span style=\"color: #000000\"><b>Magnesium:<\/b><\/span><\/p>\n<ul style=\"text-align: justify\">\n<li><span style=\"color: #000000\">tr\u00e4gt zur Verringerung von M\u00fcdigkeit und Ersch\u00f6pfung bei<\/span><\/li>\n<li><span style=\"color: #000000\">tr\u00e4gt zum Elektrolytgleichgewicht bei<\/span><\/li>\n<li><span style=\"color: #000000\">tr\u00e4gt zur Energiefreisetzung im Stoffwechsel bei<\/span><\/li>\n<li><span style=\"color: #000000\">tr\u00e4gt zur normalen Funktion des Nervensystems bei<\/span><\/li>\n<li><span style=\"color: #000000\">tr\u00e4gt zur normalen Muskelfunktion bei<\/span><\/li>\n<li><span style=\"color: #000000\">ist an der Proteinsynthese beteiligt<\/span><\/li>\n<li><span style=\"color: #000000\">tr\u00e4gt zur normalen psychischen Funktion bei<\/span><\/li>\n<li><span style=\"color: #000000\">tr\u00e4gt zur Erhaltung gesunder Knochen und Z\u00e4hne bei<\/span><\/li>\n<li><span style=\"color: #000000\">ist an der Zellteilung beteiligt<\/span><\/li>\n<\/ul>\n<p>&nbsp;<\/p>\n<p style=\"text-align: justify\"><span style=\"color: #000000\"><b>Vitamin B6:<\/b><\/span><\/p>\n<ul style=\"text-align: justify\">\n<li><span style=\"color: #000000\">beteiligt sich an der Synthese von Cystein<\/span><\/li>\n<li><span style=\"color: #000000\">tr\u00e4gt zur Energiefreisetzung im Stoffwechsel bei<\/span><\/li>\n<li><span style=\"color: #000000\">tr\u00e4gt zur normalen Funktion des Nervensystems bei<\/span><\/li>\n<li><span style=\"color: #000000\">tr\u00e4gt zum Homocystein-Metabolismus bei<\/span><\/li>\n<li><span style=\"color: #000000\">ist an der Protein- und Glykogenverstoffwechselung beteiligt<\/span><\/li>\n<li><span style=\"color: #000000\">tr\u00e4gt zur normalen psychischen Funktion bei<\/span><\/li>\n<li><span style=\"color: #000000\">ist an der Bildung von roten Blutk\u00f6rperchen beteiligt<\/span><\/li>\n<li><span style=\"color: #000000\">tr\u00e4gt zur normalen Funktion des Immunsystems bei<\/span><\/li>\n<li><span style=\"color: #000000\">tr\u00e4gt zur Verringerung von M\u00fcdigkeit und Ersch\u00f6pfung bei<\/span><\/li>\n<li><span style=\"color: #000000\">ist an der Regulation von Hormonen beteiligt<\/span><\/li>\n<\/ul>\n<p style=\"text-align: justify\"><span style=\"color: #000000\">Eine ausreichende Magnesiumaufnahme kann sich erheblich auf die Vorbeugung dieser Probleme auswirken und das allgemeine Wohlbefinden und die Gesundheit verbessern.<\/span><\/p>\n<h2 style=\"text-align: justify\"><span style=\"color: #000000\"><b>Lagerung und Warnhinweise<\/b><\/span><\/h2>\n<p style=\"text-align: justify\"><span style=\"color: #000000\">An einem trockenen Ort bei einer Temperatur von bis zu 25 \u00b0C aufbewahren, vor Feuchtigkeit und Licht sch\u00fctzen. Stellen Sie sicher, dass der Beutel oder Beh\u00e4lter gut verschlossen ist.<\/span><\/p>\n<p style=\"text-align: justify\"><span style=\"color: #000000\">Das Produkt ist nicht f\u00fcr Kinder, Jugendliche, schwangere oder stillende Frauen geeignet. Diabetiker, Personen mit Glukoseintoleranz, Personen, die mit Cumarin-Antikoagulantien behandelt werden, sowie Personen mit bekannten Herz-Kreislauf-Erkrankungen oder Asthma sollten vor der Anwendung mit einem Arzt sprechen. Bei \u00dcbelkeit, Bauchschmerzen, Verdauungsst\u00f6rungen, Durchfall, Verstopfung, Schwindel, Schlafbeschwerden, Kopfschmerzen, Hautausschl\u00e4gen, Juckreiz oder Hautr\u00f6tungen sollte die Anwendung des Produkts eingestellt werden.<\/span><\/p>\n<h2 style=\"text-align: justify\"><span style=\"color: #000000\"><b>Verpackung<\/b><\/span><\/h2>\n<p style=\"text-align: justify\"><span style=\"color: #000000\">Luftdichte Tasche mit Rei\u00dfverschluss oder Beh\u00e4lter, der die Frische und das Aroma des Produkts bewahrt. Die Verpackung sch\u00fctzt vor Licht und Luft. Sie besteht aus mehreren Schutzschichten, die die Eigenschaften des Produkts bewahren.<\/span><\/p>\n<p><span style=\"color: #000000\">Die Verpackung ist sehr praktisch und recycelbar.<\/span><\/p>\n<h2 style=\"text-align: justify\"><span style=\"color: #000000\"><b>Herkunft<\/b><\/span><\/h2>\n<p style=\"text-align: justify\"><span style=\"color: #000000\">Die Zutaten des Magnesium-Komplexes stammen aus der EU und au\u00dferhalb der EU, sorgf\u00e4ltig ausgew\u00e4hlt, um die h\u00f6chste Qualit\u00e4t zu gew\u00e4hrleisten.<\/span><\/p>\n","protected":false},"excerpt":{"rendered":"<p align=\"JUSTIFY\"><span style=\"color: #000000\">Magnesiumkomplex kombiniert<strong>vier hochwertige Magnesiumformen \u2013 Magnesiumbisglycinat, Magnesiumcitrat, Magnesiummalat und Magnesiumtaurat.<\/strong><\/span><\/p>\n<p>\ud83d\udc9a Tr\u00e4gt zur Verringerung von M\u00fcdigkeit und Ersch\u00f6pfung bei.<br \/>\n\ud83d\udc9a Unterst\u00fctzt den Elektrolythaushalt, den wir besonders bei k\u00f6rperlicher Anstrengung ben\u00f6tigen.<br \/>\n\ud83d\udc9a Es hat eine positive Wirkung auf das Nervensystem.<br \/>\n\ud83d\udc9a Tr\u00e4gt zu einer normalen Muskelfunktion und normalen psychischen Funktionen bei.<br \/>\n\ud83d\udc9a Sorgt f\u00fcr gesunde Knochen und Z\u00e4hne.<\/p>\n","protected":false},"featured_media":6111,"comment_status":"open","ping_status":"closed","template":"","meta":{"_acf_changed":false},"product_brand":[],"product_cat":[15,225,224,226,230],"product_tag":[],"class_list":{"0":"post-6346","1":"product","2":"type-product","3":"status-publish","4":"has-post-thumbnail","6":"product_cat-uncategorized","7":"product_cat-alle-produkte","8":"product_cat-angebot","9":"product_cat-bestseller","10":"product_cat-mineralien-vitaminen","12":"first","13":"instock","14":"sale","15":"taxable","16":"shipping-taxable","17":"purchasable","18":"product-type-simple"},"acf":[],"_links":{"self":[{"href":"https:\/\/fengchashop.com\/de\/wp-json\/wp\/v2\/product\/6346","targetHints":{"allow":["GET"]}}],"collection":[{"href":"https:\/\/fengchashop.com\/de\/wp-json\/wp\/v2\/product"}],"about":[{"href":"https:\/\/fengchashop.com\/de\/wp-json\/wp\/v2\/types\/product"}],"replies":[{"embeddable":true,"href":"https:\/\/fengchashop.com\/de\/wp-json\/wp\/v2\/comments?post=6346"}],"wp:featuredmedia":[{"embeddable":true,"href":"https:\/\/fengchashop.com\/de\/wp-json\/wp\/v2\/media\/6111"}],"wp:attachment":[{"href":"https:\/\/fengchashop.com\/de\/wp-json\/wp\/v2\/media?parent=6346"}],"wp:term":[{"taxonomy":"product_brand","embeddable":true,"href":"https:\/\/fengchashop.com\/de\/wp-json\/wp\/v2\/product_brand?post=6346"},{"taxonomy":"product_cat","embeddable":true,"href":"https:\/\/fengchashop.com\/de\/wp-json\/wp\/v2\/product_cat?post=6346"},{"taxonomy":"product_tag","embeddable":true,"href":"https:\/\/fengchashop.com\/de\/wp-json\/wp\/v2\/product_tag?post=6346"}],"curies":[{"name":"wp","href":"https:\/\/api.w.org\/{rel}","templated":true}]}}