{"id":6338,"date":"2022-03-10T18:57:47","date_gmt":"2022-03-10T17:57:47","guid":{"rendered":"https:\/\/fengchashop.com\/de\/product\/kokosmilchpulver-bio-250-g\/"},"modified":"2026-05-07T23:52:19","modified_gmt":"2026-05-07T21:52:19","slug":"kokosmilchpulver-bio","status":"publish","type":"product","link":"https:\/\/fengchashop.com\/de\/product\/kokosmilchpulver-bio\/","title":{"rendered":"Kokosmilchpulver Bio 250 g"},"content":{"rendered":"<h2>Kokosmilchpulver Bio<\/h2>\n<p><span style=\"color: #000000\">Kokosnussmilchpulver ist eine der wichtigsten kulinarischen Zutaten der asiatischen Ern\u00e4hrung und <strong>ein hervorragender Ersatz f\u00fcr laktosehaltige Milch<\/strong>, gegen die immer mehr Menschen allergisch sind.<\/span><\/p>\n<p><span style=\"color: #000000\"><strong>Kokosnussmilchpulver besteht zu etwa 60 % aus Kokosfett und enth\u00e4lt eine Reihe von f\u00fcr den menschlichen K\u00f6rper n\u00fctzlichen Wirkstoffen:<\/strong><\/span><\/p>\n<p><span style=\"color: #000000\">&#8211; <strong>reich an Eisen<\/strong>, das der Hauptbestandteil der roten Blutk\u00f6rperchen ist,<\/span><br \/>\n<span style=\"color: #000000\">&#8211; <strong>n\u00fctzliche unges\u00e4ttigte Omega-3-Fetts\u00e4uren<\/strong>, die zur Regulierung des Cholesterinspiegels im Blut beitragen,<\/span><br \/>\n<span style=\"color: #000000\"><strong>&#8211; Laurin-, Capryl- und Caprins\u00e4ure<\/strong>, die f\u00fcr ihre antifungalen, antibakteriellen und antiviralen Eigenschaften bekannt sind.<\/span><\/p>\n<h2><span style=\"color: #000000\">Kokosnussmilchpulver eignet sich hervorragend zum Verfeinern von Speisen oder als Zutat f\u00fcr Naturkosmetik<\/span><\/h2>\n<p><span style=\"color: #000000\">Kokosnussmilchpulver wird durch Trocknung von Kokosnussmilch hergestellt, die wiederum aus geriebenem Kokosnussfleisch gewonnen wird. Da es einen hohen Fettanteil enth\u00e4lt, wird es in der Regel mit St\u00e4rke vermischt, an der das Fett haftet, so dass Kokosnussmilchpulver entsteht. Es ist eine unverzichtbare kulinarische Zutat in der asiatischen K\u00fcche f\u00fcr Saucen, Suppen und Desserts und wird auch in der Naturkosmetik verwendet, da es wunderbare Inhaltsstoffe enth\u00e4lt, die eine wohltuende Wirkung auf die Haut haben. Das Pulver wird einfach mit Wasser gemischt, um Kokosnussmilch oder Kokosnusscreme herzustellen, oder es kann direkt in Gerichte gegeben werden, um diese zu verfeinern.<\/span><\/p>\n<h2><span style=\"color: #000000\">Verpackung<\/span><\/h2>\n<p><span style=\"color: #000000\">Undurchl\u00e4ssige Zip-Lock-Beutel oder Schachteln, in denen das Produkt seine ganze Frische und sein Aroma bewahrt. Die Verpackung sch\u00fctzt vor Licht und Luft. Sie besteht aus mehreren Schutzschichten, um die Eigenschaften des Produkts zu erhalten.<\/span><\/p>\n<p><span style=\"color: #000000\">Die Verpackung ist sehr praktisch und recycelbar.<\/span><\/p>\n<h2><span style=\"color: #000000\">Herkunft<\/span><\/h2>\n<p><span style=\"color: #000000\">Vietnam<\/span><\/p>\n","protected":false},"excerpt":{"rendered":"<p>Kokosnussmilchpulver ist eine der wichtigsten kulinarischen Zutaten in der asiatischen Ern\u00e4hrung und ein ausgezeichneter Ersatz f\u00fcr laktosehaltige Milch. Kokosnussmilchpulver besteht zu etwa 60 % aus Kokosnussfett und enth\u00e4lt eine Reihe von f\u00fcr den menschlichen K\u00f6rper n\u00fctzlichen Wirkstoffen:<\/p>\n<p>\ud83d\udc9a reich an Eisen, das der Hauptbestandteil der roten Blutk\u00f6rperchen ist,<br \/>\n\ud83d\udc9a n\u00fctzliche unges\u00e4ttigte Omega-3-Fetts\u00e4uren, die zur Regulierung des Cholesterinspiegels im Blut beitragen,<br \/>\n\ud83d\udc9a Laurin-, Capryl- und Caprins\u00e4ure, die f\u00fcr ihre antifungalen, antibakteriellen und antiviralen Eigenschaften bekannt sind.<\/p>\n","protected":false},"featured_media":6339,"comment_status":"open","ping_status":"closed","template":"","meta":{"_acf_changed":false},"product_brand":[],"product_cat":[15,225,224,194,234],"product_tag":[],"class_list":{"0":"post-6338","1":"product","2":"type-product","3":"status-publish","4":"has-post-thumbnail","6":"product_cat-uncategorized","7":"product_cat-alle-produkte","8":"product_cat-angebot","9":"product_cat-ayurveda","10":"product_cat-tee-lebensmittel-gewuerze","12":"first","13":"instock","14":"taxable","15":"shipping-taxable","16":"purchasable","17":"product-type-simple"},"acf":[],"_links":{"self":[{"href":"https:\/\/fengchashop.com\/de\/wp-json\/wp\/v2\/product\/6338","targetHints":{"allow":["GET"]}}],"collection":[{"href":"https:\/\/fengchashop.com\/de\/wp-json\/wp\/v2\/product"}],"about":[{"href":"https:\/\/fengchashop.com\/de\/wp-json\/wp\/v2\/types\/product"}],"replies":[{"embeddable":true,"href":"https:\/\/fengchashop.com\/de\/wp-json\/wp\/v2\/comments?post=6338"}],"wp:featuredmedia":[{"embeddable":true,"href":"https:\/\/fengchashop.com\/de\/wp-json\/wp\/v2\/media\/6339"}],"wp:attachment":[{"href":"https:\/\/fengchashop.com\/de\/wp-json\/wp\/v2\/media?parent=6338"}],"wp:term":[{"taxonomy":"product_brand","embeddable":true,"href":"https:\/\/fengchashop.com\/de\/wp-json\/wp\/v2\/product_brand?post=6338"},{"taxonomy":"product_cat","embeddable":true,"href":"https:\/\/fengchashop.com\/de\/wp-json\/wp\/v2\/product_cat?post=6338"},{"taxonomy":"product_tag","embeddable":true,"href":"https:\/\/fengchashop.com\/de\/wp-json\/wp\/v2\/product_tag?post=6338"}],"curies":[{"name":"wp","href":"https:\/\/api.w.org\/{rel}","templated":true}]}}