{"id":6316,"date":"2022-03-10T10:15:47","date_gmt":"2022-03-10T09:15:47","guid":{"rendered":"https:\/\/fengchashop.com\/de\/product\/goji-beeren-bio-500-g\/"},"modified":"2026-04-13T20:45:03","modified_gmt":"2026-04-13T18:45:03","slug":"goji-beeren-bio","status":"publish","type":"product","link":"https:\/\/fengchashop.com\/de\/product\/goji-beeren-bio\/","title":{"rendered":"Goji Beeren BIO 500 g"},"content":{"rendered":"<h2><span style=\"color: #000000\">Goji-Beeren BIO<\/span><\/h2>\n<p><span style=\"color: #000000\">Goji-Beeren, manchmal auch Wolfsbeeren, rote Diamanten oder Ehewein genannt, sind Superbeeren, die an einem hohen chinesischen Strauch wachsen. Ihre Form \u00e4hnelt am ehesten der eines Granatapfels. In der Vergangenheit galten sie in China als eine Frucht mit Superkr\u00e4ften und wurden verwendet, um K\u00f6nige zu heilen und Krieger vor Schlachten zu st\u00e4rken. In der<strong> traditionellen chinesischen Medizin, wo er seit \u00fcber 2500 Jahren verwendet<\/strong> wird, gilt er als Heilmittel f\u00fcr Diabetes, Bluthochdruck sowie Leber- und Nierenerkrankungen. Sie werden auch zur Steigerung von Energie und Libido verwendet. Andere Teile der Pflanze wie Samen, Bl\u00fcten, Wurzeln und Bl\u00e4tter werden ebenfalls f\u00fcr medizinische Zwecke verwendet.<\/span><\/p>\n<p><span style=\"color: #000000\">Neben Ginseng und Reishi-Pilzen sollen auch Goji-Beeren regelm\u00e4\u00dfig in Form von Tee von <strong>Li Quing Yuen<\/strong> konsumiert worden sein <strong>.<\/strong> Das am besten dokumentierte Beispiel f\u00fcr Langlebigkeit in der Geschichte ist ein chinesischer Mann, der 256 Jahre lang gelebt haben soll.<\/span><\/p>\n<p><span style=\"color: #000000\">Die <strong>moderne Forschung zeigt, dass die Goji-Beeren wirklich gut f\u00fcr die St\u00e4rkung des gesamten K\u00f6rpers sind<\/strong>, und sie sind auch gut f\u00fcr unsere Gesundheit. Sie sind \u00e4u\u00dferst<strong> reich an Antioxidantien<\/strong>, die nachweislich eine positive Wirkung auf uns haben, indem sie uns vor oxidativem Stress sch\u00fctzen, der h\u00e4ufig die Ursache f\u00fcr moderne Krankheiten ist.<\/span><\/p>\n<p><span style=\"color: #000000\">Sie enthalten weitaus mehr Beta-Carotin (ein Provitamin von Vitamin A) als jede andere bisher entdeckte oder untersuchte Pflanze. Es wird vom K\u00f6rper zu Vitamin A (Rethionol) synthetisiert, das f\u00fcr ein normales Wachstum, normales Sehverm\u00f6gen, den Eisenstoffwechsel und eine normale Immunfunktion verantwortlich ist. Es ist auch w\u00e4hrend und vor der Schwangerschaft wichtig, da es die Fortpflanzung unterst\u00fctzt und die Zell- und Gewebeentwicklung beeinflusst. Die Forschung zeigt, dass die Einnahme von Beta-Carotinen (vor allem \u00fcber die Nahrung), die vom K\u00f6rper in Retinol umgewandelt werden, f\u00fcr den K\u00f6rper vorteilhafter und g\u00fcnstiger ist als die Einnahme von Retinol allein, also von Vitamin A tierischen Ursprungs. Au\u00dferdem enthalten sie mindestens dreimal so viele Antioxidantien wie Heidelbeeren.<\/span><\/p>\n<p><strong><span style=\"color: #000000\">Die kleinen roten Fr\u00fcchte enthalten also:<\/span><\/strong><\/p>\n<p><span style=\"color: #000000\">&#8211; unglaubliche nat\u00fcrliche Wirkstoffe,<\/span><br \/>\n<span style=\"color: #000000\">&#8211; Carotinoide, Polyphenole, Proteine,<\/span><br \/>\n<span style=\"color: #000000\">&#8211; Polysaccharide, die das Immunsystem st\u00e4rken, die Mineralstoffaufnahme erh\u00f6hen und die Vitalit\u00e4t des K\u00f6rpers steigern,<\/span><br \/>\n<span style=\"color: #000000\">&#8211; Vitamine C, B und E,<\/span><br \/>\n<span style=\"color: #000000\">&#8211; Lutein und Zeaxanthin, die die Sehkraft st\u00e4rken und ihre Verschlechterung verhindern,<\/span><br \/>\n<span style=\"color: #000000\">&#8211; Antioxidantien f\u00fcr eine gute Gesundheit und ein jugendliches Aussehen,<\/span><br \/>\n<span style=\"color: #000000\">&#8211; andere Vitamine, die viele Krankheiten bek\u00e4mpfen.<\/span><\/p>\n<p><span style=\"color: #000000\">Goji-Beeren <strong>st\u00e4rken nachweislich das Immunsystem.<\/strong> Sie <strong>wirken sich<\/strong> auch <strong>positiv auf die Libido und die sexuelle Potenz aus.<\/strong> Zunehmend werden sie auch mit einem <strong>schnelleren Stoffwechsel, besserem Wohlbefinden, geringerer allgemeiner M\u00fcdigkeit und erh\u00f6hter Vitalit\u00e4t<\/strong> in Verbindung gebracht <strong>.<\/strong><\/span><\/p>\n<p><span style=\"color: #000000\">Unsere Goji-Beeren stammen <strong>aus biologischem Anbau.<\/strong> Die getrockneten Fr\u00fcchte haben eine leicht feuchte, weiche und kaubare Textur, was sie zu einem hochwertigen Lebensmittel macht. Die Erdbeeren sind sehr schmackhaft. Sie sind gr\u00f6\u00dfer und haben einen s\u00fc\u00dferen Geschmack. Sie verbessern den N\u00e4hrwert von Speisen und verleihen ihnen eine s\u00fc\u00dfe Note. Der Geschmack ist nicht zu intensiv, so dass man sie leicht in die t\u00e4glichen Mahlzeiten integrieren kann.<\/span><\/p>\n<h2><span style=\"color: #000000\">F\u00fcr wen sind sie geeignet?<\/span><\/h2>\n<p><span style=\"color: #000000\">Goji-Beeren k\u00f6nnen als Snack oder im Rahmen einer abwechslungsreichen, gesunden Ern\u00e4hrung genossen werden. Die vielen positiven Wirkungen und Wirkstoffe verbl\u00fcffen immer wieder die Forscher, die sich kontinuierlich mit ihnen besch\u00e4ftigen. So auch der Anbau von Erdbeeren:<\/span><\/p>\n<p><span style=\"color: #000000\">&#8211; regulieren Probleme mit <strong>hohem Blutdruck und schlechtem Cholesterin<\/strong>;<\/span><br \/>\n<span style=\"color: #000000\">&#8211; <strong>regulieren die Verdauung, haben eine basische Wirkung<\/strong> und beeinflussen die Gewichtsabnahme;<\/span><br \/>\n<span style=\"color: #000000\">&#8211; <strong> Hydratisieren<\/strong> den K\u00f6rper;<\/span><br \/>\n<span style=\"color: #000000\">&#8211; verbessern den<strong> Zustand der Haut<\/strong>;<\/span><br \/>\n<span style=\"color: #000000\">&#8211; das<strong> Immunsystem<\/strong> zu st\u00e4rken;<\/span><br \/>\n<span style=\"color: #000000\">&#8211; haben eine<strong> adaptogene<\/strong> Wirkung;<\/span><br \/>\n<span style=\"color: #000000\"><strong>&#8211; den Blutzuckerspiegel regulieren<\/strong>.<\/span><\/p>\n<h2><span style=\"color: #000000\">N\u00e4hrwertangaben<\/span><\/h2>\n<p><span style=\"color: #000000\">Durchschnittliche N\u00e4hrwerte pro 100 g Gojibeeren: Energie: 1237 kJ\/292 kcal; Fett: 2,7 g, davon ges\u00e4ttigte Fetts\u00e4uren: 0,34 g; Kohlenhydrate: 54 g, davon Zucker: 53 g; Eiwei\u00df: 13 g und Salze: 0,75 g; Vitamin C: 25 mg.<\/span><\/p>\n<p>&nbsp;<\/p>\n<p>&nbsp;<\/p>\n<h2><span style=\"color: #000000\">Lagerung<\/span><\/h2>\n<p><span style=\"color: #000000\">K\u00fchl und trocken bei einer Temperatur von bis zu 25 \u00b0C lagern. Das Nahrungserg\u00e4nzungsmittel f\u00fcr Kinder unzug\u00e4nglich aufbewahren!<\/span><\/p>\n<p><span style=\"color: #000000\">Denken Sie daran, wie wichtig eine abwechslungsreiche Ern\u00e4hrung und eine gesunde Lebensweise sind; ein Nahrungserg\u00e4nzungsmittel ist daher kein Ersatz f\u00fcr eine ausgewogene und abwechslungsreiche Ern\u00e4hrung. Die empfohlene Tagesmenge oder Dosis sollte nicht \u00fcberschritten werden.<\/span><\/p>\n<h2><span style=\"color: #000000\">Verpackung<\/span><\/h2>\n<p><span style=\"color: #000000\">Undurchl\u00e4ssiger Zip-Lock-Beutel, in dem das Produkt seine ganze Frische und sein Aroma bewahrt. Die Verpackung sch\u00fctzt vor Licht und Luft, da sie aus mehreren Schutzschichten besteht, die die Eigenschaften des Inhalts bewahren.<\/span><\/p>\n<p><span style=\"color: #000000\">Die Verpackung ist sehr praktisch und recycelbar.<\/span><\/p>\n<h2><span style=\"color: #000000\">Herkunft<\/span><\/h2>\n<p><span style=\"color: #000000\">China. Wir haben sehr zuverl\u00e4ssige Lieferanten, die uns f\u00fcr jede Charge eine detaillierte chemische Analyse der Lebensmittel \u00fcbermitteln. In mehr als zehn Jahren hatten wir weder mit diesem Produkt noch mit anderen Produkten desselben Lieferanten irgendwelche R\u00fcckrufe oder andere Probleme. Der Artikel ist zu 100 % biologisch zertifiziert.<\/span><\/p>\n","protected":false},"excerpt":{"rendered":"<p>Goji-Beeren, manchmal auch Wolfsbeeren, rote Diamanten oder Hochzeitswein genannt, sind Superbeeren, die an einem hohen chinesischen Strauch wachsen. In der Vergangenheit galten sie in China als superstarke Frucht und wurden verwendet, um K\u00f6nige zu heilen und Krieger vor Schlachten zu ern\u00e4hren. In der traditionellen chinesischen Medizin, wo sie seit mehr als 2500 Jahren verwendet werden, sollen sie Diabetes, Bluthochdruck sowie Leber- und Nierenkrankheiten heilen. Sie werden auch zur Steigerung von Energie und Libido verwendet.<\/p>\n<p>\ud83d\udc9a Sie helfen bei Problemen mit hohem Blutdruck und schlechtem Cholesterin.<br \/>\n\ud83d\udc9a Sie regulieren die Verdauung, wirken basisch und beeinflussen die Gewichtsabnahme.<br \/>\n\ud83d\udc9a Sie versorgen den K\u00f6rper mit Feuchtigkeit.<br \/>\n\ud83d\udc9a Sie verbessern den Zustand der Haut.<br \/>\n\ud83d\udc9a Sie st\u00e4rken das Immunsystem.<\/p>\n","protected":false},"featured_media":6317,"comment_status":"open","ping_status":"closed","template":"","meta":{"_acf_changed":false},"product_brand":[],"product_cat":[15,225,224,231],"product_tag":[],"class_list":{"0":"post-6316","1":"product","2":"type-product","3":"status-publish","4":"has-post-thumbnail","6":"product_cat-uncategorized","7":"product_cat-alle-produkte","8":"product_cat-angebot","9":"product_cat-superfood","11":"first","12":"instock","13":"taxable","14":"shipping-taxable","15":"purchasable","16":"product-type-simple"},"acf":[],"_links":{"self":[{"href":"https:\/\/fengchashop.com\/de\/wp-json\/wp\/v2\/product\/6316","targetHints":{"allow":["GET"]}}],"collection":[{"href":"https:\/\/fengchashop.com\/de\/wp-json\/wp\/v2\/product"}],"about":[{"href":"https:\/\/fengchashop.com\/de\/wp-json\/wp\/v2\/types\/product"}],"replies":[{"embeddable":true,"href":"https:\/\/fengchashop.com\/de\/wp-json\/wp\/v2\/comments?post=6316"}],"wp:featuredmedia":[{"embeddable":true,"href":"https:\/\/fengchashop.com\/de\/wp-json\/wp\/v2\/media\/6317"}],"wp:attachment":[{"href":"https:\/\/fengchashop.com\/de\/wp-json\/wp\/v2\/media?parent=6316"}],"wp:term":[{"taxonomy":"product_brand","embeddable":true,"href":"https:\/\/fengchashop.com\/de\/wp-json\/wp\/v2\/product_brand?post=6316"},{"taxonomy":"product_cat","embeddable":true,"href":"https:\/\/fengchashop.com\/de\/wp-json\/wp\/v2\/product_cat?post=6316"},{"taxonomy":"product_tag","embeddable":true,"href":"https:\/\/fengchashop.com\/de\/wp-json\/wp\/v2\/product_tag?post=6316"}],"curies":[{"name":"wp","href":"https:\/\/api.w.org\/{rel}","templated":true}]}}