{"id":6305,"date":"2022-03-10T08:38:09","date_gmt":"2022-03-10T07:38:09","guid":{"rendered":"https:\/\/fengchashop.com\/de\/product\/brahmi-pulver-bio-250-g\/"},"modified":"2026-04-18T04:59:26","modified_gmt":"2026-04-18T02:59:26","slug":"brahmi-pulver-bio","status":"publish","type":"product","link":"https:\/\/fengchashop.com\/de\/product\/brahmi-pulver-bio\/","title":{"rendered":"Brahmi-Pulver BIO 250 g"},"content":{"rendered":"<h2><span style=\"color: #000000\">Was ist Brahmi und woher kommt es?<\/span><\/h2>\n<p style=\"text-align: justify\"><span style=\"color: #000000\">Brahmi ist eines der am meisten verehrten ayurvedischen Heilkr\u00e4uter, das seit <strong>\u00fcber 3.000 Jahren<\/strong> verwendet wird. Urspr\u00fcnglich stammt es aus den S\u00fcmpfen Asiens, aber heute w\u00e4chst es in vielen Teilen der Welt. Brahmi ist an seinen fleischig-gr\u00fcnen Bl\u00e4ttern und wei\u00df-bl\u00e4ulichen Bl\u00fcten zu erkennen. Brahmi wird zur Unterst\u00fctzung des <strong>Nervensystems, der Funktion des Geistes und des Ged\u00e4chtnisses<\/strong> verwendet. Es ist ein pflanzliches Arzneimittel, das aus den <strong>Bl\u00e4ttern, dem St\u00e4ngel und der Wurzel<\/strong> zubereitet wird, und wird in der traditionellen orientalischen Medizin auch als das<strong>&#8222;Kraut aller Kr\u00e4uter<\/strong>&#8220; bezeichnet.<\/span><\/p>\n<h2><span style=\"color: #000000\">Warum ist Brahmi so besonders und so anders?<\/span><\/h2>\n<p style=\"text-align: justify\"><span style=\"color: #000000\">Brahmi ist f\u00fcr seine <strong>wohltuenden Wirkungen<\/strong> auf den menschlichen Organismus bekannt. Es ist sehr f\u00f6rderlich f\u00fcr das <strong>Haarwachstum<\/strong>, st\u00e4rkt es und beugt Ergrauen und Haarausfall vor. Es hat eine positive Wirkung auf den <strong>Abbau von Angst<\/strong> und Anspannung in Stresssituationen und bei Depressionen, indem es den Spiegel des Stresshormons Cortisol senkt. Bei verschiedenen <strong>Erkrankungen des Nervensystems<\/strong>, <strong>Schlaflosigkeit<\/strong> und anderen Symptomen des vorzeitigen Alterns tr\u00e4gt es zur Wiederherstellung des psychischen Gleichgewichts bei, indem es <strong>das Nervengewebe<\/strong> beruhigt und <strong>st\u00e4rkt<\/strong>, die Blutzirkulation verbessert, Blockaden beseitigt und essenzielle Elemente zuf\u00fchrt. Es hat auch eine lindernde Wirkung auf <strong>Hautkrankheiten<\/strong> und gereizte Haut und l\u00e4sst Wunden schneller heilen. Aufgrund seiner positiven Wirkungen wird Brahmi auch als<strong>&#8222;Wunderelixier der Jugend&#8220;<\/strong> bezeichnet.<\/span><\/p>\n<h2><span style=\"color: #000000\">Wohltuende Wirkungen auf unsere Gesundheit und unseren K\u00f6rper<\/span><\/h2>\n<p><span style=\"color: #000000\">&#8211; St\u00e4rkt das <strong>Immunsystem<\/strong>,<\/span><br \/>\n<span style=\"color: #000000\"><span style=\"text-align: justify\">&#8211; f\u00f6rdert die <\/span><strong style=\"text-align: justify\">Verdauung und entgiftet den K\u00f6rper<\/strong><span style=\"text-align: justify\">,<\/span><\/span><br \/>\n<span style=\"color: #000000\">&#8211; f\u00f6rdert als Hirntonikum die optimale <strong>Gehirnfunktion<\/strong>,<\/span><br \/>\n<span style=\"color: #000000\">&#8211; wirkt effektiv als <strong>Nerventonikum<\/strong>, da es eine gesunde Nervenfunktion f\u00f6rdert,<\/span><br \/>\n<span style=\"color: #000000\">&#8211; stimuliert die <strong>geistigen Funktionen<\/strong> und verbessert <strong>Ged\u00e4chtnis und Konzentration<\/strong>,<\/span><br \/>\n<span style=\"color: #000000\">&#8211; es ist hilfreich f\u00fcr \u00e4ltere Menschen bei <strong>Demenz<\/strong>,<\/span><br \/>\n<span style=\"color: #000000\">&#8211; hilft, das <strong>Langzeit- und Kurzzeitged\u00e4chtnis<\/strong> zu verbessern,<\/span><br \/>\n<span style=\"color: #000000\">&#8211; f\u00fcr die Behandlung von <strong>Parkinson und Alzheimer, ADHS, Autismus und Depression<\/strong>,<\/span><br \/>\n<span style=\"color: #000000\">&#8211; a<strong>ntitumor\u00f6s<\/strong>,<\/span><br \/>\n<span style=\"color: #000000\">&#8211; beruhigend und <strong>angstl\u00f6send<\/strong>,<\/span><br \/>\n<span style=\"color: #000000\">&#8211; lindert <strong>Menstruationskr\u00e4mpfe<\/strong>,<\/span><br \/>\n<span style=\"color: #000000\">&#8211; hilft bei <strong>Verstopfung aufgrund von Stress<\/strong>,<\/span><br \/>\n<span style=\"color: #000000\">&#8211; hilft bei <strong>Schlaflosigkeit<\/strong>,<\/span><br \/>\n<span style=\"color: #000000\">&#8211; hat eine <strong>verj\u00fcngende<\/strong> Wirkung und verlangsamt den Alterungsprozess,<\/span><br \/>\n<span style=\"color: #000000\">&#8211; heilt <strong>Hautkrankheiten<\/strong>,<\/span><br \/>\n<span style=\"color: #000000\">&#8211; hilft, die <strong>Abh\u00e4ngigkeit von Zigaretten, Zucker und Alkohol<\/strong> zu \u00fcberwinden.<\/span><\/p>\n<p style=\"text-align: justify\"><span style=\"color: #000000\">Brahmi kann von jedem verwendet werden, der eine Gehirnverletzung erlitten hat oder sich von einem Schlaganfall erholt. Nicht f\u00fcr Kinder geeignet!<\/span><\/p>\n<h2><span style=\"color: #000000\">Lagerung und Warnhinweise<\/span><\/h2>\n<p style=\"text-align: justify\"><span style=\"color: #000000\">An einem k\u00fchlen, trockenen Ort aufbewahren. Bewahren Sie das Nahrungserg\u00e4nzungsmittel au\u00dferhalb der Reichweite von Kindern auf!<\/span><\/p>\n<p style=\"text-align: justify\"><span style=\"color: #000000\">Denken Sie daran, wie wichtig eine abwechslungsreiche Ern\u00e4hrung und eine gesunde Lebensweise sind; ein Nahrungserg\u00e4nzungsmittel ist daher kein Ersatz f\u00fcr eine ausgewogene und abwechslungsreiche Ern\u00e4hrung. Die empfohlene Tagesmenge oder Dosis sollte nicht \u00fcberschritten werden. Schwangeren Frauen, stillenden M\u00fcttern und Personen, die Medikamente einnehmen, wird immer empfohlen, vor der Einnahme einen Arzt zu konsultieren. Nicht f\u00fcr Kinder geeignet.<\/span><\/p>\n<h2><span style=\"color: #000000\">Verpackung<\/span><\/h2>\n<p style=\"text-align: justify\"><span style=\"color: #000000\">Nicht durchl\u00e4ssiger Zip-Lock-Beutel oder -Box, in dem das Produkt seine ganze Frische und sein Aroma beh\u00e4lt. Die Verpackung sch\u00fctzt vor Licht und Luft. Sie besteht aus mehreren Schutzschichten, um die Eigenschaften des Produkts zu erhalten.<\/span><\/p>\n<p><span style=\"color: #000000\">Die Verpackung ist sehr praktisch und recycelbar.<\/span><\/p>\n<h2><span style=\"color: #000000\">Herkunft<\/span><\/h2>\n<p><span style=\"color: #000000\">Indien<\/span><\/p>\n","protected":false},"excerpt":{"rendered":"<p>Brahmi ist eines der am meisten verehrten ayurvedischen Heilkr\u00e4uter, das seit \u00fcber 3.000 Jahren verwendet wird. Urspr\u00fcnglich stammt es aus den S\u00fcmpfen Asiens, aber heute w\u00e4chst es in vielen Teilen der Welt. Brahmi ist an seinen fleischigen gr\u00fcnen Bl\u00e4ttern und wei\u00df-blauen Bl\u00fcten zu erkennen. Die aus den Bl\u00e4ttern, dem Stamm und der Wurzel der Brahmi-Pflanze zubereitete Kr\u00e4utermedizin hat folgende erstaunliche Wirkungen:<\/p>\n<p>\ud83d\udc9a beschleunigt die Verdauung und entgiftet den K\u00f6rper,<br \/>\n\ud83d\udc9a f\u00f6rdert als Hirntonikum die optimale Gehirnfunktion,<br \/>\n\ud83d\udc9a es ist ein wirksames Nerventonikum, das die gesunde Funktion der Nerven f\u00f6rdert,<br \/>\n\ud83d\udc9a stimuliert die geistigen Funktionen und verbessert Ged\u00e4chtnis und Konzentration,<br \/>\n\ud83d\udc9a hat eine positive Wirkung auf das Haarwachstum.<\/p>\n","protected":false},"featured_media":6306,"comment_status":"open","ping_status":"closed","template":"","meta":{"_acf_changed":false},"product_brand":[],"product_cat":[15,231],"product_tag":[],"class_list":{"0":"post-6305","1":"product","2":"type-product","3":"status-publish","4":"has-post-thumbnail","6":"product_cat-uncategorized","7":"product_cat-superfood","9":"first","10":"instock","11":"sale","12":"taxable","13":"shipping-taxable","14":"purchasable","15":"product-type-simple"},"acf":[],"_links":{"self":[{"href":"https:\/\/fengchashop.com\/de\/wp-json\/wp\/v2\/product\/6305","targetHints":{"allow":["GET"]}}],"collection":[{"href":"https:\/\/fengchashop.com\/de\/wp-json\/wp\/v2\/product"}],"about":[{"href":"https:\/\/fengchashop.com\/de\/wp-json\/wp\/v2\/types\/product"}],"replies":[{"embeddable":true,"href":"https:\/\/fengchashop.com\/de\/wp-json\/wp\/v2\/comments?post=6305"}],"wp:featuredmedia":[{"embeddable":true,"href":"https:\/\/fengchashop.com\/de\/wp-json\/wp\/v2\/media\/6306"}],"wp:attachment":[{"href":"https:\/\/fengchashop.com\/de\/wp-json\/wp\/v2\/media?parent=6305"}],"wp:term":[{"taxonomy":"product_brand","embeddable":true,"href":"https:\/\/fengchashop.com\/de\/wp-json\/wp\/v2\/product_brand?post=6305"},{"taxonomy":"product_cat","embeddable":true,"href":"https:\/\/fengchashop.com\/de\/wp-json\/wp\/v2\/product_cat?post=6305"},{"taxonomy":"product_tag","embeddable":true,"href":"https:\/\/fengchashop.com\/de\/wp-json\/wp\/v2\/product_tag?post=6305"}],"curies":[{"name":"wp","href":"https:\/\/api.w.org\/{rel}","templated":true}]}}