{"id":6295,"date":"2022-03-04T10:07:28","date_gmt":"2022-03-04T09:07:28","guid":{"rendered":"https:\/\/fengchashop.com\/de\/product\/rote-bete-pulver-bio-250-g\/"},"modified":"2026-03-31T22:13:30","modified_gmt":"2026-03-31T20:13:30","slug":"rote-bete-pulver-bio","status":"publish","type":"product","link":"https:\/\/fengchashop.com\/de\/product\/rote-bete-pulver-bio\/","title":{"rendered":"Rote Bete Pulver BIO 250 g"},"content":{"rendered":"<h2><span style=\"color: #000000\">Rote Bete Pulver BIO<\/span><\/h2>\n<p><span style=\"color: #000000\">Die Rote Bete (Beta vulgaris) ist ein kalorienarmes Gem\u00fcse, das jedoch im Vergleich zu anderen Gem\u00fcsesorten einen h\u00f6heren Anteil an Kohlenhydraten und Zucker enth\u00e4lt. Sie ist reich an<strong> Vitamin C, Niacin und Fols\u00e4ure<\/strong>. Die Mineralstoffe sind vor allem<strong> Magnesium, Eisen, Phosphor und Kalium.<\/strong> Au\u00dferdem enth\u00e4lt er<strong> Betalane, die starke Antioxidantien sind<\/strong> und ihm seine intensive rote Farbe verleihen.<\/span><\/p>\n<p><span style=\"color: #000000\">Unser Rote-Bete-Pulver wird biologisch hergestellt.<\/span><\/p>\n<h2><span style=\"color: #000000\">Was sind die Vorteile des Verzehrs von Rote-Bete-Pulver?<\/span><\/h2>\n<p><span style=\"color: #000000\">Rote-Bete-Pulver ist ein guter Ersatz f\u00fcr normale Rote Bete, da es die meisten N\u00e4hrstoffe von frischer Roter Bete enth\u00e4lt. Es verleiht Gerichten einen zus\u00e4tzlichen N\u00e4hrwert und eignet sich daher besonders f\u00fcr Menschen, die wenig Gem\u00fcse essen, da es sich leichter in einem Gericht verstecken l\u00e4sst. Rote Bete ist vor allem eine reichhaltige Quelle f\u00fcr Fols\u00e4ure, Kalium und Eisen, die zu einer guten Blutgesundheit beitragen. Der Volksglaube, dass Rote Bete<strong> gut f\u00fcr das Blut<\/strong> ist, wurde auch wissenschaftlich best\u00e4tigt &#8211; und zwar aufgrund ihres hohen Gehalts an Eisen, Kalium und Fols\u00e4ure (oder Vitamin B9). Rote Bete <strong>hilft<\/strong> also <strong>, Blutarmut vorzubeugen, und steigert so Energie, Stimmung und allgemeines Wohlbefinden<\/strong>. Aufgrund ihres hohen N\u00e4hrstoffgehalts gen\u00fcgt es, t\u00e4glich oder mehrmals pro Woche kleine Mengen zu verzehren. <strong>Aufgrund seines Ballaststoffgehalts ist er au\u00dferdem gut f\u00fcr die Gesundheit des Verdauungstrakts.<\/strong> Au\u00dferdem <strong>regt<\/strong> er <strong>die Leberfunktion an<\/strong>, so dass Gift- und Abfallstoffe aus dem K\u00f6rper ausgeschieden werden.<\/span><\/p>\n<h2><span style=\"color: #000000\">Lagerung und Warnhinweise<\/span><\/h2>\n<p><span style=\"color: #000000\">K\u00fchl und trocken bei einer Temperatur von bis zu 25 \u00b0C lagern. Das Nahrungserg\u00e4nzungsmittel f\u00fcr Kinder unzug\u00e4nglich aufbewahren!<\/span><\/p>\n<p><span style=\"color: #000000\">Denken Sie daran, wie wichtig eine abwechslungsreiche Ern\u00e4hrung und eine gesunde Lebensweise sind; ein Nahrungserg\u00e4nzungsmittel ist daher kein Ersatz f\u00fcr eine ausgewogene und abwechslungsreiche Ern\u00e4hrung. Die empfohlene Tagesmenge oder Dosis sollte nicht \u00fcberschritten werden. Schwangeren und stillenden Frauen wird immer empfohlen, vor der Einnahme einen Arzt zu konsultieren. Rote Bete ist ein Gem\u00fcse mit einem mittelhohen glyk\u00e4mischen Index und ist daher f\u00fcr Diabetiker nicht geeignet.<\/span><\/p>\n<h2><span style=\"color: #000000\">Verpackung<\/span><\/h2>\n<p><span style=\"color: #000000\">Undurchl\u00e4ssiger Zip-Lock-Beutel, in dem das Produkt seine ganze Frische und sein Aroma bewahrt. Die Verpackung sch\u00fctzt das Produkt vor Licht und Luft, da sie aus mehreren Schutzschichten besteht, die die Eigenschaften des Inhalts bewahren.<\/span><\/p>\n<p><span style=\"color: #000000\">Die Verpackung ist sehr praktisch und recycelbar.<\/span><\/p>\n<h2><span style=\"color: #000000\">Herkunft<\/span><\/h2>\n<p><span style=\"color: #000000\">China. <\/span>Wir haben sehr zuverl\u00e4ssige Lieferanten, die uns f\u00fcr jede Charge eine detaillierte chemische Analyse der Lebensmittel zukommen lassen. In mehr als zehn Jahren hatten wir weder mit diesem Artikel noch mit anderen Artikeln desselben Lieferanten R\u00fcckrufe oder andere Probleme.<\/p>\n<p>Der Artikel verf\u00fcgt \u00fcber ein 100 % Bio-Zertifikat.<\/p>\n","protected":false},"excerpt":{"rendered":"<p>Rote Bete (Beta vulgaris) ist ein kalorienarmes Gem\u00fcse, enth\u00e4lt aber einen h\u00f6heren Anteil an Kohlenhydraten und Zucker als andere Gem\u00fcsesorten. Sie ist reich an <strong>Vitamin C<\/strong>, <strong>Niacin<\/strong> und<strong> Fols\u00e4ure<\/strong>. Die Mineralstoffe sind vor allem <strong>Magnesium<\/strong>, <strong>Eisen<\/strong>, <strong>Phosphor<\/strong> und <strong>Kalium<\/strong>. Er enth\u00e4lt au\u00dferdem <strong>Betalane<\/strong>, die starke Antioxidantien sind und ihm seine intensive rote Farbe verleihen.<\/p>\n<p align=\"JUSTIFY\">\ud83d\udc9a Er tr\u00e4gt zur Vorbeugung von Blutarmut bei,<br \/>\n\ud83d\udc9a er ist auch gut f\u00fcr die Gesundheit des Verdauungstrakts,<br \/>\n\ud83d\udc9a hat eine gute Wirkung auf das allgemeine Wohlbefinden,<br \/>\n\ud83d\udc9a steigert das Energieniveau.<\/p>\n","protected":false},"featured_media":6296,"comment_status":"open","ping_status":"closed","template":"","meta":{"_acf_changed":false},"product_brand":[],"product_cat":[15,225,224,231],"product_tag":[],"class_list":{"0":"post-6295","1":"product","2":"type-product","3":"status-publish","4":"has-post-thumbnail","6":"product_cat-uncategorized","7":"product_cat-alle-produkte","8":"product_cat-angebot","9":"product_cat-superfood","11":"first","12":"instock","13":"taxable","14":"shipping-taxable","15":"purchasable","16":"product-type-simple"},"acf":[],"_links":{"self":[{"href":"https:\/\/fengchashop.com\/de\/wp-json\/wp\/v2\/product\/6295","targetHints":{"allow":["GET"]}}],"collection":[{"href":"https:\/\/fengchashop.com\/de\/wp-json\/wp\/v2\/product"}],"about":[{"href":"https:\/\/fengchashop.com\/de\/wp-json\/wp\/v2\/types\/product"}],"replies":[{"embeddable":true,"href":"https:\/\/fengchashop.com\/de\/wp-json\/wp\/v2\/comments?post=6295"}],"wp:featuredmedia":[{"embeddable":true,"href":"https:\/\/fengchashop.com\/de\/wp-json\/wp\/v2\/media\/6296"}],"wp:attachment":[{"href":"https:\/\/fengchashop.com\/de\/wp-json\/wp\/v2\/media?parent=6295"}],"wp:term":[{"taxonomy":"product_brand","embeddable":true,"href":"https:\/\/fengchashop.com\/de\/wp-json\/wp\/v2\/product_brand?post=6295"},{"taxonomy":"product_cat","embeddable":true,"href":"https:\/\/fengchashop.com\/de\/wp-json\/wp\/v2\/product_cat?post=6295"},{"taxonomy":"product_tag","embeddable":true,"href":"https:\/\/fengchashop.com\/de\/wp-json\/wp\/v2\/product_tag?post=6295"}],"curies":[{"name":"wp","href":"https:\/\/api.w.org\/{rel}","templated":true}]}}