{"id":6291,"date":"2022-03-04T09:49:00","date_gmt":"2022-03-04T08:49:00","guid":{"rendered":"https:\/\/fengchashop.com\/de\/product\/shisandra-erdbeerpulver-bio-250-g\/"},"modified":"2026-04-13T13:06:55","modified_gmt":"2026-04-13T11:06:55","slug":"shisandra-erdbeerpulver-bio","status":"publish","type":"product","link":"https:\/\/fengchashop.com\/de\/product\/shisandra-erdbeerpulver-bio\/","title":{"rendered":"Shisandra Erdbeerpulver BIO 250 g"},"content":{"rendered":"<h2><span style=\"color: #000000\">Shisandra-Erdbeerpulver aus biologischem Anbau<\/span><\/h2>\n<p><span style=\"color: #000000\">Die Shisandra ist ein kleiner Baum oder eine Rebe, die winzige rote Beeren hervorbringt, die in der traditionellen chinesischen Medizin wegen ihrer aktiven Eigenschaften sehr gesch\u00e4tzt werden. Die Shisandra ist unter dem Namen <strong>Wu Wei Zi<\/strong> bekannt <strong>, was auf Chinesisch &#8222;Frucht der f\u00fcnf Geschmacksrichtungen&#8220; bedeutet, da die kleinen roten Beeren s\u00fc\u00df, sauer, salzig, bitter und scharf schmecken.<\/strong> Die Geschmacksrichtungen entsprechen den f\u00fcnf Grundenergien: Erde, Holz, Wasser, Metall und Feuer und wirken auf die f\u00fcnf wichtigsten Organe des menschlichen K\u00f6rpers &#8211; Herz, Leber, Lunge, Milz und Nieren.<\/span><\/p>\n<p><span style=\"color: #000000\">Shishandra ist eines der 50 traditionellen chinesischen Kr\u00e4uter, die<strong> seit \u00fcber 2000 Jahren<\/strong> verwendet werden:<\/span><\/p>\n<p><span style=\"color: #000000\">&#8211; Es gilt als<strong> Vitalit\u00e4tsverst\u00e4rker,<\/strong><\/span><br \/>\n<span style=\"color: #000000\">&#8211; verbessert und st\u00e4rkt das<strong> Immunsystem,<\/strong><\/span><br \/>\n<span style=\"color: #000000\">&#8211; h\u00e4lt die<strong> Haut jugendlich,<\/strong><\/span><br \/>\n<span style=\"color: #000000\">&#8211; hilft bei <strong>Schlaflosigkeit, Kopfschmerzen, Schwindelgef\u00fchl,<\/strong><\/span><br \/>\n<span style=\"color: #000000\">&#8211; stimuliert die Gehirnfunktion,<\/span><br \/>\n<span style=\"color: #000000\">&#8211; \u00fcberwindet<strong> M\u00fcdigkeit und stressbedingte Ersch\u00f6pfung.<\/strong><\/span><\/p>\n<p><span style=\"color: #000000\">Als Nahrungserg\u00e4nzungsmittel wird es am besten in Pulverform eingenommen.<\/span><\/p>\n<h2><span style=\"color: #000000\">Warum ist Shishandra ein zunehmend bekanntes und beliebtes Gew\u00fcrz?<\/span><\/h2>\n<p><span style=\"color: #000000\">Shishandra enth\u00e4lt zahlreiche<strong> Wirkstoffe wie Shishandrine, \u00e4therische \u00d6le und die Vitamine A, C und E<\/strong>, die an zahlreichen Prozessen im menschlichen Organismus beteiligt sind. Dank dieser Inhaltsstoffe hat es auch nachweislich <strong>entz\u00fcndungshemmende, antioxidative und entgiftende<\/strong> Eigenschaften <strong>.<\/strong> Aufgrund ihrer positiven Auswirkungen auf mehrere Systeme des menschlichen K\u00f6rpers wurde sie von zahlreichen Forschern untersucht und als n\u00fctzlich f\u00fcr eine Vielzahl von Gesundheitsproblemen befunden. Shisandra wirkt als<strong> Adaptogen<\/strong>, das hei\u00dft, sie findet den Punkt im K\u00f6rper, der am schw\u00e4chsten ist, und wirkt auf ihn ein, um das Gleichgewicht wiederherzustellen. <strong>Es hat eine beruhigende<\/strong> und schmerzlindernde <strong>Wirkung<\/strong>, f\u00f6rdert aber auch die Konzentration und Wachsamkeit. 100 Tage Shishandra verbessern das Blut, sch\u00e4rfen den Verstand und das Ged\u00e4chtnis, verbessern die sexuelle Energie, st\u00e4rken die Lunge und die Nieren und versch\u00f6nern die Haut. Da es die Nebennieren reguliert,<strong> reduziert<\/strong> es die<strong> negativen Auswirkungen von Cortisol.<\/strong> Ein Anstieg des Cortisolspiegels, der meist die Folge von Stress ist, wirkt sich jedoch negativ auf viele Prozesse in unserem K\u00f6rper aus &#8211; von der Verdauung bis zum Immunsystem.<\/span><\/p>\n<h2><span style=\"color: #000000\">Lagerung und Warnhinweise<\/span><\/h2>\n<p><span style=\"color: #000000\">An einem k\u00fchlen und trockenen Ort aufbewahren. Bewahren Sie das Nahrungserg\u00e4nzungsmittel au\u00dferhalb der Reichweite von Kindern auf!<\/span><\/p>\n<p><span style=\"color: #000000\">Denken Sie daran, wie wichtig eine abwechslungsreiche Ern\u00e4hrung und eine gesunde Lebensweise sind; ein Nahrungserg\u00e4nzungsmittel ist daher kein Ersatz f\u00fcr eine ausgewogene und abwechslungsreiche Ern\u00e4hrung. Die empfohlene Tagesmenge oder Dosis sollte nicht \u00fcberschritten werden. Kindern, Schwangeren und stillenden M\u00fcttern wird von der Einnahme abgeraten. Personen, die Medikamente einnehmen, wird jedoch empfohlen, vor der Einnahme einen Arzt zu konsultieren.<\/span><\/p>\n<h2><span style=\"color: #000000\">Verpackung<\/span><\/h2>\n<p><span style=\"color: #000000\">Undurchl\u00e4ssiger Zip-Lock-Beutel, in dem das Produkt seine ganze Frische und sein Aroma bewahrt. Die Verpackung sch\u00fctzt das Produkt vor Licht und Luft, da sie aus mehreren Schutzschichten besteht, um die Eigenschaften des Inhalts zu erhalten.<\/span><\/p>\n<p><span style=\"color: #000000\">Die Verpackung ist sehr praktisch und recycelbar.<\/span><\/p>\n<h2><span style=\"color: #000000\">Herkunft<\/span><\/h2>\n<p><span style=\"color: #000000\">China. Wir haben sehr zuverl\u00e4ssige Lieferanten, die uns f\u00fcr jede Charge eine detaillierte chemische Analyse der Lebensmittel \u00fcbermitteln. In mehr als zehn Jahren hatten wir weder mit diesem Produkt noch mit anderen Produkten desselben Lieferanten irgendwelche R\u00fcckrufe oder andere Probleme. Der Artikel ist zu 100 % biologisch zertifiziert.<\/span><\/p>\n","protected":false},"excerpt":{"rendered":"<p>Die Shisandra ist ein kleiner Baum oder eine Rebe, die winzige rote Beeren hervorbringt, die in der traditionellen chinesischen Medizin wegen ihrer aktiven Eigenschaften sehr gesch\u00e4tzt werden. Die Shisandra ist als wu wei zi bekannt, was auf Chinesisch &#8222;Frucht der f\u00fcnf Geschmacksrichtungen&#8220; bedeutet, denn die kleinen roten Beeren haben einen s\u00fc\u00dfen, sauren, salzigen, bitteren und scharfen Geschmack. Shisandra geh\u00f6rt zu den 50 traditionellen chinesischen Kr\u00e4utern, die seit mehr als 2000 Jahren verwendet werden, denn:<\/p>\n<p align=\"JUSTIFY\">\ud83d\udc9a das Immunsystem verbessert und st\u00e4rkt,<br \/>\n\ud83d\udc9a die Jugendlichkeit der Haut erh\u00e4lt,<br \/>\n\ud83d\udc9a die Vitalit\u00e4t erh\u00f6ht,<br \/>\n\ud83d\udc9a \u00fcberwindet M\u00fcdigkeit und Stressersch\u00f6pfung.<\/p>\n","protected":false},"featured_media":6292,"comment_status":"open","ping_status":"closed","template":"","meta":{"_acf_changed":false},"product_brand":[],"product_cat":[15,225,224,231],"product_tag":[],"class_list":{"0":"post-6291","1":"product","2":"type-product","3":"status-publish","4":"has-post-thumbnail","6":"product_cat-uncategorized","7":"product_cat-alle-produkte","8":"product_cat-angebot","9":"product_cat-superfood","11":"first","12":"instock","13":"taxable","14":"shipping-taxable","15":"purchasable","16":"product-type-simple"},"acf":[],"_links":{"self":[{"href":"https:\/\/fengchashop.com\/de\/wp-json\/wp\/v2\/product\/6291","targetHints":{"allow":["GET"]}}],"collection":[{"href":"https:\/\/fengchashop.com\/de\/wp-json\/wp\/v2\/product"}],"about":[{"href":"https:\/\/fengchashop.com\/de\/wp-json\/wp\/v2\/types\/product"}],"replies":[{"embeddable":true,"href":"https:\/\/fengchashop.com\/de\/wp-json\/wp\/v2\/comments?post=6291"}],"wp:featuredmedia":[{"embeddable":true,"href":"https:\/\/fengchashop.com\/de\/wp-json\/wp\/v2\/media\/6292"}],"wp:attachment":[{"href":"https:\/\/fengchashop.com\/de\/wp-json\/wp\/v2\/media?parent=6291"}],"wp:term":[{"taxonomy":"product_brand","embeddable":true,"href":"https:\/\/fengchashop.com\/de\/wp-json\/wp\/v2\/product_brand?post=6291"},{"taxonomy":"product_cat","embeddable":true,"href":"https:\/\/fengchashop.com\/de\/wp-json\/wp\/v2\/product_cat?post=6291"},{"taxonomy":"product_tag","embeddable":true,"href":"https:\/\/fengchashop.com\/de\/wp-json\/wp\/v2\/product_tag?post=6291"}],"curies":[{"name":"wp","href":"https:\/\/api.w.org\/{rel}","templated":true}]}}