{"id":6287,"date":"2022-03-04T09:36:13","date_gmt":"2022-03-04T08:36:13","guid":{"rendered":"https:\/\/fengchashop.com\/de\/product\/katzenkralle-pulver-125-g\/"},"modified":"2026-04-14T19:29:37","modified_gmt":"2026-04-14T17:29:37","slug":"katzenkralle-pulver","status":"publish","type":"product","link":"https:\/\/fengchashop.com\/de\/product\/katzenkralle-pulver\/","title":{"rendered":"Katzenkralle Pulver 125 g"},"content":{"rendered":"<h2>Katzenkralle Pulver<\/h2>\n<p><span style=\"color: #000000\">Die tropische Kletterpflanze aus dem Amazonasgebiet hat 2 gebogene Stacheln an der Basis jedes Blattes, daher ihr Name Katzenkralle.<\/span><\/p>\n<p><span style=\"color: #000000\">Die Katzenkralle wird besonders wegen ihrer wohltuenden Wirkung auf den menschlichen K\u00f6rper gesch\u00e4tzt:<\/span><\/p>\n<p><span style=\"color: #000000\">&#8211; Sie st\u00e4rkt das Immunsystem,<\/span><br \/>\n<span style=\"color: #000000\"> &#8211; beruhigt und hemmt Entz\u00fcndungen,<\/span><br \/>\n<span style=\"color: #000000\">&#8211; lindert die durch Infektionen verursachten Schmerzen,<\/span><br \/>\n<span style=\"color: #000000\">&#8211; lindert Probleme mit chronischen Krankheiten.<\/span><\/p>\n<h2><span style=\"color: #000000\">Wie wirkt die Katzenkralle?<\/span><\/h2>\n<p><span style=\"color: #000000\">Die Katzenkralle gilt grunds\u00e4tzlich als<strong> nat\u00fcrliches Antibiotikum<\/strong>, da sie erfolgreich alle Arten von Keimen bek\u00e4mpft und Infektionen und Entz\u00fcndungen vorbeugt. Zahlreiche Studien haben gezeigt, dass die Katzenkralle mehrere <strong>positive Wirkungen auf den menschlichen K\u00f6rper<\/strong> hat, vor allem die <strong>Stimulierung des Immunsystems aufgrund ihres Gehalts an Oxynolalkaloiden<\/strong>, die sch\u00e4dliche freie Radikale im K\u00f6rper erfolgreich neutralisieren. Eine Reihe anderer Alkaloide aus der Katzenkralle sind auch gut f\u00fcr das<strong> Ged\u00e4chtnis und die Blutdruckregulierung.<\/strong> Da sie <strong>erfolgreich Infektionen und Entz\u00fcndungen bek\u00e4mpft, hat sie auch eine positive Wirkung auf Schmerzen bei chronischen Krankheiten wie Rheuma oder Arthritis.<\/strong><\/span><\/p>\n<h2><span style=\"color: #000000\">Lagerung und Warnhinweise<\/span><\/h2>\n<p><span style=\"color: #000000\">An einem k\u00fchlen, trockenen Ort aufbewahren. Bewahren Sie das Nahrungserg\u00e4nzungsmittel au\u00dferhalb der Reichweite von Kindern auf!<\/span><\/p>\n<p><span style=\"color: #000000\">Denken Sie daran, wie wichtig eine abwechslungsreiche Ern\u00e4hrung und eine gesunde Lebensweise sind; ein Nahrungserg\u00e4nzungsmittel ist daher kein Ersatz f\u00fcr eine ausgewogene und abwechslungsreiche Ern\u00e4hrung. Die empfohlene Tagesmenge oder Dosis sollte nicht \u00fcberschritten werden. Schwangeren Frauen, stillenden M\u00fcttern und Personen, die Medikamente einnehmen, wird immer empfohlen, vor der Einnahme einen Arzt zu konsultieren. Nicht f\u00fcr Kinder geeignet.<\/span><\/p>\n<h2><span style=\"color: #000000\">Verpackung<\/span><\/h2>\n<p><span style=\"color: #000000\">Nicht durchl\u00e4ssiger Zip-Lock-Beutel oder -Box, in dem das Produkt seine ganze Frische und sein Aroma beh\u00e4lt. Die Verpackung sch\u00fctzt vor Licht und Luft. Sie besteht aus mehreren Schutzschichten, um die Eigenschaften des Produkts zu erhalten.<\/span><\/p>\n<p><span style=\"color: #000000\">Die Verpackung ist sehr praktisch und recycelbar.<\/span><\/p>\n<h2><span style=\"color: #000000\">Herkunft<\/span><\/h2>\n<p><span style=\"color: #000000\">S\u00fcdamerika<\/span><\/p>\n","protected":false},"excerpt":{"rendered":"<p align=\"JUSTIFY\">Die tropische Kletterpflanze aus dem Amazonasgebiet hat 2 gebogene Stacheln an der Basis jedes Blattes, was ihr den Namen Katzenkralle einbrachte. Die Katzenkralle gilt grunds\u00e4tzlich als nat\u00fcrliches Antibiotikum, da sie erfolgreich alle Arten von Mikroben bek\u00e4mpft und Infektionen und Entz\u00fcndungen vorbeugt. Die Katzenkralle wird besonders wegen ihrer wohltuenden Wirkung auf den menschlichen K\u00f6rper gesch\u00e4tzt:<\/p>\n<p align=\"JUSTIFY\">\ud83d\udc9a Sie st\u00e4rkt das Immunsystem,<br \/>\n\ud83d\udc9a sie beruhigt und hemmt Entz\u00fcndungen,<br \/>\n\ud83d\udc9a lindert die durch Infektionen verursachten Schmerzen,<br \/>\n\ud83d\udc9a lindert Probleme mit chronischen Krankheiten.<\/p>\n","protected":false},"featured_media":6288,"comment_status":"open","ping_status":"closed","template":"","meta":{"_acf_changed":false},"product_brand":[],"product_cat":[15,225,224,231],"product_tag":[],"class_list":{"0":"post-6287","1":"product","2":"type-product","3":"status-publish","4":"has-post-thumbnail","6":"product_cat-uncategorized","7":"product_cat-alle-produkte","8":"product_cat-angebot","9":"product_cat-superfood","11":"first","12":"instock","13":"sale","14":"taxable","15":"shipping-taxable","16":"purchasable","17":"product-type-simple"},"acf":[],"_links":{"self":[{"href":"https:\/\/fengchashop.com\/de\/wp-json\/wp\/v2\/product\/6287","targetHints":{"allow":["GET"]}}],"collection":[{"href":"https:\/\/fengchashop.com\/de\/wp-json\/wp\/v2\/product"}],"about":[{"href":"https:\/\/fengchashop.com\/de\/wp-json\/wp\/v2\/types\/product"}],"replies":[{"embeddable":true,"href":"https:\/\/fengchashop.com\/de\/wp-json\/wp\/v2\/comments?post=6287"}],"wp:featuredmedia":[{"embeddable":true,"href":"https:\/\/fengchashop.com\/de\/wp-json\/wp\/v2\/media\/6288"}],"wp:attachment":[{"href":"https:\/\/fengchashop.com\/de\/wp-json\/wp\/v2\/media?parent=6287"}],"wp:term":[{"taxonomy":"product_brand","embeddable":true,"href":"https:\/\/fengchashop.com\/de\/wp-json\/wp\/v2\/product_brand?post=6287"},{"taxonomy":"product_cat","embeddable":true,"href":"https:\/\/fengchashop.com\/de\/wp-json\/wp\/v2\/product_cat?post=6287"},{"taxonomy":"product_tag","embeddable":true,"href":"https:\/\/fengchashop.com\/de\/wp-json\/wp\/v2\/product_tag?post=6287"}],"curies":[{"name":"wp","href":"https:\/\/api.w.org\/{rel}","templated":true}]}}