{"id":6279,"date":"2022-03-04T08:26:18","date_gmt":"2022-03-04T07:26:18","guid":{"rendered":"https:\/\/fengchashop.com\/de\/product\/triphala-in-kapseln-bio-120-kapseln\/"},"modified":"2026-04-18T01:35:09","modified_gmt":"2026-04-17T23:35:09","slug":"triphala-in-kapseln-bio","status":"publish","type":"product","link":"https:\/\/fengchashop.com\/de\/product\/triphala-in-kapseln-bio\/","title":{"rendered":"Triphala in Kapseln BIO 120 Kapseln"},"content":{"rendered":"<h2><span style=\"color: #000000\">Triphala in Kapseln<\/span><\/h2>\n<p><span style=\"color: #000000\">Triphala ist eine uralte, hochgesch\u00e4tzte ayurvedische Kr\u00e4utermischung aus drei Superfr\u00fcchten aus Indien: Amalaki (Emblica officinalis) &#8211; auch bekannt als Amla, Bibhitaki (Terminalia belerica) und Haritaki (Terminalia chebula). Sie wird seit \u00fcber 5000 Jahren vor allem<strong> zur Reinigung und Entgiftung des gesamten K\u00f6rpers<\/strong> verwendet<strong>.<\/strong><\/span><\/p>\n<p><span style=\"color: #000000\">Triphala wirkt sich positiv auf die Verdauung aus, beschleunigt sie und regt die Aufnahme von Vitaminen und Mineralien an.<\/span><\/p>\n<p><span style=\"color: #000000\">Es ist wichtig, Produkte<strong> aus biologisch angebauten Kr\u00e4utern<\/strong> zu verwenden, da dies die einzige M\u00f6glichkeit ist, die Aufnahme von Pestiziden und Schwermetallen in den K\u00f6rper zu kontrollieren und zu verhindern.<\/span><\/p>\n<p><span style=\"color: #000000\">Unser Triphala ist von <strong>h\u00f6chster Qualit\u00e4t <\/strong>und wird <strong>biologisch angebaut.<\/strong><\/span><\/p>\n<p><span style=\"color: #000000\">Triphala ist ein Eckpfeiler der ayurvedischen Medizin, da es viele wirksame Heileigenschaften besitzt:<\/span><\/p>\n<p><span style=\"color: #000000\">&#8211; Es hat eine positive<strong> Wirkung auf das Verdauungssystem<\/strong> und wirkt als mildes Abf\u00fchrmittel, das die Darmschleimhaut nicht sch\u00e4digt,<\/span><br \/>\n<span style=\"color: #000000\">&#8211; Er hilft <strong>bei Bl\u00e4hungen und Bl<\/strong>\u00e4hungen sowie bei H\u00e4morrhoiden,<\/span><br \/>\n<span style=\"color: #000000\">&#8211; entfernt \u00fcbersch\u00fcssiges Fett aus dem K\u00f6rper,<\/span><br \/>\n<span style=\"color: #000000\">&#8211; hat eine positive Wirkung auf die Leberfunktion,<\/span><br \/>\n<span style=\"color: #000000\">&#8211; st\u00e4rkt mit seinem hohen Vitamin-C-Gehalt wirksam<strong> das Immunsystem,<\/strong><\/span><br \/>\n<span style=\"color: #000000\">&#8211; <strong>n\u00e4hrt und st\u00e4rkt die Atemwege<\/strong> und lindert den Hustenreiz bei verschleimtem Husten,<\/span><br \/>\n<span style=\"color: #000000\">&#8211; hat nachweislich <strong>entz\u00fcndungshemmende und antivirale Eigenschaften,<\/strong><\/span><br \/>\n<span style=\"color: #000000\">&#8211; <strong>verj\u00fcngt<\/strong> den K\u00f6rper.<\/span><\/p>\n<p><span style=\"color: #000000\">Der Einfachheit halber haben wir Triphala auch in Kr\u00e4uterkapseln verpackt.<\/span><\/p>\n<h2><span style=\"color: #000000\">Wussten Sie, dass Triphala Ihre inneren Organe pflegt, wie eine Mutter ihre Kinder pflegt?<\/span><\/h2>\n<p><span style=\"color: #000000\">Triphala ist eine sehr nahrhafte, sanfte Mischung, die reich an Vitamin C, Bioflavanoiden und Omega-3-Linolens\u00e4uren ist. Sie ist eine au\u00dfergew\u00f6hnliche Quelle von Proteinen, \u00d6len und Antioxidantien, die zusammen mit ihren antimikrobiellen und antibakteriellen Eigenschaften zur St\u00e4rkung der Immunit\u00e4t des K\u00f6rpers beitragen. Sie hat eine gute abf\u00fchrende Wirkung, so dass sie zur Reinigung des Darms und der Darmw\u00e4nde geeignet ist und hilft, \u00dcbergewicht zu reduzieren. Wirksames Entgiftungsmittel.<\/span><\/p>\n<p><span style=\"color: #000000\">Alle drei Arten von Fr\u00fcchten in der Triphala-Formel n\u00e4hren, st\u00e4rken, reinigen, regenerieren und verj\u00fcngen den gesamten Organismus. Der regelm\u00e4\u00dfige Verzehr von Triphala<strong> reduziert M\u00fcdigkeit und Ersch\u00f6pfung<\/strong> und ist eine<strong> hervorragende Unterst\u00fctzung f\u00fcr das Immunsystem.<\/strong> Nach der ayurvedischen Tradition ist Triphala eine der wenigen Mischungen, die eine positive Wirkung auf alle drei Doshas hat. Es ist daher f\u00fcr jedermann sicher zu konsumieren.<\/span><\/p>\n<h2><span style=\"color: #000000\">Lagerung und Warnhinweise<\/span><\/h2>\n<p><span style=\"color: #000000\">An einem k\u00fchlen und trockenen Ort aufbewahren. Bewahren Sie das Nahrungserg\u00e4nzungsmittel au\u00dferhalb der Reichweite von Kindern auf!<\/span><\/p>\n<p><span style=\"color: #000000\">Denken Sie daran, wie wichtig eine abwechslungsreiche Ern\u00e4hrung und eine gesunde Lebensweise sind; ein Nahrungserg\u00e4nzungsmittel ist daher kein Ersatz f\u00fcr eine ausgewogene und abwechslungsreiche Ern\u00e4hrung. Die empfohlene Tagesmenge oder Dosis sollte nicht \u00fcberschritten werden. Schwangeren Frauen, stillenden M\u00fcttern und Personen, die Medikamente einnehmen, wird immer empfohlen, vor der Einnahme einen Arzt zu konsultieren. Nicht f\u00fcr Kinder geeignet.<\/span><\/p>\n<h2><span style=\"color: #000000\">Verpackung<\/span><\/h2>\n<p><span style=\"color: #000000\">Das Produkt ist in einem sauberen <\/span><span style=\"color: #000000\">luftdichten Zip-Lock-Beutel verpackt, in dem es seine ganze Frische und sein Aroma bewahrt. Die Verpackung sch\u00fctzt vor Licht und Luft, da sie aus mehreren Schutzschichten besteht, um die Eigenschaften des Inhalts zu bewahren.<\/span><\/p>\n<h2><span style=\"color: #000000\">Herkunft<\/span><\/h2>\n<p><span style=\"color: #000000\">Indien<\/span><\/p>\n","protected":false},"excerpt":{"rendered":"<p align=\"JUSTIFY\">Triphala ist eine alte, <strong>hochgelobte ayurvedische Kr\u00e4utermischung aus<\/strong> drei Superfr\u00fcchten aus der Region Indien: Amalaki, Bibhitaki und Haritaki. Sie wird seit <strong>mehr als 5000 Jahren<\/strong> haupts\u00e4chlich zur Reinigung und Entgiftung des gesamten K\u00f6rpers verwendet. Triphala ist ein Eckpfeiler der ayurvedischen Medizin, da es viele wirksame<strong> Heileigenschaften<\/strong> besitzt:<\/p>\n<p align=\"JUSTIFY\">\ud83d\udc9a Es hat eine positive Wirkung auf das Verdauungssystem,<br \/>\n\ud83d\udc9a entfernt \u00fcbersch\u00fcssiges Fett aus dem K\u00f6rper,<br \/>\n\ud83d\udc9a st\u00e4rkt mit seinem hohen Vitamin-C-Gehalt wirksam das Immunsystem,<br \/>\n\ud83d\udc9a Er n\u00e4hrt und st\u00e4rkt die Atemwege,<br \/>\n\ud83d\udc9a verj\u00fcngt den K\u00f6rper.<\/p>\n","protected":false},"featured_media":6280,"comment_status":"open","ping_status":"closed","template":"","meta":{"_acf_changed":false},"product_brand":[],"product_cat":[15,225,224,194,231],"product_tag":[],"class_list":{"0":"post-6279","1":"product","2":"type-product","3":"status-publish","4":"has-post-thumbnail","6":"product_cat-uncategorized","7":"product_cat-alle-produkte","8":"product_cat-angebot","9":"product_cat-ayurveda","10":"product_cat-superfood","12":"first","13":"instock","14":"taxable","15":"shipping-taxable","16":"purchasable","17":"product-type-simple"},"acf":[],"_links":{"self":[{"href":"https:\/\/fengchashop.com\/de\/wp-json\/wp\/v2\/product\/6279","targetHints":{"allow":["GET"]}}],"collection":[{"href":"https:\/\/fengchashop.com\/de\/wp-json\/wp\/v2\/product"}],"about":[{"href":"https:\/\/fengchashop.com\/de\/wp-json\/wp\/v2\/types\/product"}],"replies":[{"embeddable":true,"href":"https:\/\/fengchashop.com\/de\/wp-json\/wp\/v2\/comments?post=6279"}],"wp:featuredmedia":[{"embeddable":true,"href":"https:\/\/fengchashop.com\/de\/wp-json\/wp\/v2\/media\/6280"}],"wp:attachment":[{"href":"https:\/\/fengchashop.com\/de\/wp-json\/wp\/v2\/media?parent=6279"}],"wp:term":[{"taxonomy":"product_brand","embeddable":true,"href":"https:\/\/fengchashop.com\/de\/wp-json\/wp\/v2\/product_brand?post=6279"},{"taxonomy":"product_cat","embeddable":true,"href":"https:\/\/fengchashop.com\/de\/wp-json\/wp\/v2\/product_cat?post=6279"},{"taxonomy":"product_tag","embeddable":true,"href":"https:\/\/fengchashop.com\/de\/wp-json\/wp\/v2\/product_tag?post=6279"}],"curies":[{"name":"wp","href":"https:\/\/api.w.org\/{rel}","templated":true}]}}