{"id":6271,"date":"2022-03-03T22:27:36","date_gmt":"2022-03-03T21:27:36","guid":{"rendered":"https:\/\/fengchashop.com\/de\/product\/gerstengraspulver-bio-250-g\/"},"modified":"2026-04-17T13:23:21","modified_gmt":"2026-04-17T11:23:21","slug":"gerstengraspulver-bio","status":"publish","type":"product","link":"https:\/\/fengchashop.com\/de\/product\/gerstengraspulver-bio\/","title":{"rendered":"Gerstengraspulver BIO 250 g"},"content":{"rendered":"<h2><span style=\"color: #000000\">Gerstengraspulver BIO<\/span><\/h2>\n<p><span style=\"color: #000000\">Schon die m\u00e4chtigen Zivilisationen der \u00c4gypter, R\u00f6mer und Wikinger kannten die Vorteile des Gerstengrases. Das aus Europa stammende Gras kann vom menschlichen K\u00f6rper leicht verstoffwechselt werden und die Mikron\u00e4hrstoffe f\u00fcr den gesamten Bedarf nutzen. Es wird sehr schnell verdaut und die N\u00e4hrstoffe werden nach der Einnahme sehr schnell absorbiert. Au\u00dferdem ist es reich an sekund\u00e4ren Pflanzenstoffen, die den K\u00f6rper vor Verschmutzung und Strahlung sch\u00fctzen.<\/span><\/p>\n<p><span style=\"color: #000000\">Unser Gerstengras wird <strong>biologisch angebaut.<\/strong><\/span><\/p>\n<h2><span style=\"color: #000000\">Welche Auswirkungen hat die Einnahme von Gerstengras?<\/span><\/h2>\n<p><strong><span style=\"color: #000000\">Gerstengras enth\u00e4lt viele Wirkstoffe und hat daher eine positive Wirkung auf:<\/span><\/strong><\/p>\n<p><span style=\"color: #000000\">&#8211; Reinigung und Entgiftung des menschlichen Organismus,<\/span><br \/>\n<span style=\"color: #000000\">&#8211; Verbesserung des Hautzustandes,<\/span><br \/>\n<span style=\"color: #000000\">&#8211; Gewichtsabnahme,<\/span><br \/>\n<span style=\"color: #000000\">&#8211; Verringerung der M\u00fcdigkeit,<\/span><br \/>\n<span style=\"color: #000000\">&#8211; Verbesserung und Regulierung der Verdauung,<\/span><br \/>\n<span style=\"color: #000000\">&#8211; Verringerung von Entz\u00fcndungen<\/span><br \/>\n<span style=\"color: #000000\">&#8211; Verbesserung von An\u00e4mieproblemen,<\/span><br \/>\n<span style=\"color: #000000\">&#8211; Regulierung des Kalziumspiegels im Blut und Aufl\u00f6sung von Kalziumablagerungen in den Knochen.<\/span><\/p>\n<p><span style=\"color: #000000\">Gerstengras ist eine Fundgrube an <strong>Vitaminen, Mineralien und anderen wichtigen N\u00e4hrstoffen.<\/strong> Es hat eine stark basische Wirkung auf den Organismus, was zu einem allgemeinen Wohlbefinden f\u00fchrt. Regelm\u00e4\u00dfiger Verzehr kann den Cholesterinspiegel und den Gehalt an freien Radikalen im Blut senken.<\/span><\/p>\n<p><span style=\"color: #000000\">Gerstengras ist<strong> sehr reich an Chlorophyll<\/strong>, das f\u00fcr Pflanzen ebenso wichtig ist wie das Blut f\u00fcr Tiere. Au\u00dferdem hat es eine \u00e4hnliche Molekularstruktur wie H\u00e4moglobin, so dass es das Blut und den K\u00f6rper im Allgemeinen wiederherstellt und reinigt. Sie enth\u00e4lt 11-mal mehr Kalzium und 30-mal mehr Vitamin B1 als Kuhmilch, 5-mal mehr Eisen und 7-mal mehr Carotine als Spinat und 7-mal mehr Vitamin C als Orangen. Au\u00dferdem enth\u00e4lt er 80 Mikrogramm Vitamin B12, an dem immer mehr Menschen Mangel leiden.<\/span><\/p>\n<p><span style=\"color: #000000\">Neben Vitaminen und zahlreichen Mineralstoffen enth\u00e4lt Gerstengras auch<strong> essenzielle Aminos\u00e4uren<\/strong>, die Grundbausteine der Proteine. Au\u00dferdem enth\u00e4lt es das<strong> Polysaccharid \u00df-Glucan, das<\/strong> den schlechten Cholesterinspiegel senkt und die Abwehrkr\u00e4fte des Immunsystems st\u00e4rkt. Es <strong>wirkt als Antioxidans<\/strong> und bek\u00e4mpft erfolgreich die gef\u00e4hrlichen freien Radikale im K\u00f6rper. Die im Gerstengras enthaltenen <strong>Enzyme<\/strong> tragen ebenfalls zur Verwertung aller N\u00e4hrstoffe bei. Daher ist es sehr wichtig, dass das Gerstengraspulver nicht \u00fcber 40\u00b0C getrocknet wird.<\/span><\/p>\n<h2><span style=\"color: #000000\">Lagerung und Warnhinweise<\/span><\/h2>\n<p><span style=\"color: #000000\">K\u00fchl und trocken bei einer Temperatur von bis zu 25 \u00b0C lagern. Das Nahrungserg\u00e4nzungsmittel au\u00dferhalb der Reichweite von Kindern aufbewahren!<\/span><\/p>\n<p><span style=\"color: #000000\">Denken Sie daran, wie wichtig eine abwechslungsreiche Ern\u00e4hrung und eine gesunde Lebensweise sind; ein Nahrungserg\u00e4nzungsmittel ist daher kein Ersatz f\u00fcr eine ausgewogene und abwechslungsreiche Ern\u00e4hrung. Die empfohlene Tagesmenge oder Dosis sollte nicht \u00fcberschritten werden. Schwangeren und stillenden Frauen wird immer empfohlen, vor der Einnahme einen Arzt zu konsultieren.<\/span><\/p>\n<h2><span style=\"color: #000000\">Verpackung<\/span><\/h2>\n<p><span style=\"color: #000000\">Undurchl\u00e4ssiger Zip-Lock-Beutel, in dem das Produkt seine ganze Frische und sein Aroma bewahrt. Die Verpackung sch\u00fctzt das Produkt vor Licht und Luft, da sie aus mehreren Schutzschichten besteht, um die Eigenschaften des Inhalts zu erhalten.<\/span><\/p>\n<p><span style=\"color: #000000\">Die Verpackung ist sehr praktisch und recycelbar.<\/span><\/p>\n<p><span style=\"color: #000000\">Gut zu wissen<\/span><br \/>\n<span style=\"color: #000000\">Das Produkt ist auch f\u00fcr Tiere geeignet. Es ist eine ausgezeichnete Quelle von Vitaminen, Mineralien und anderen N\u00e4hrstoffen. Bitte konsultieren Sie vor der Verwendung Ihren Tierarzt, um sich \u00fcber die ratsame Einnahme und die empfohlene Tagesmenge zu informieren.<\/span><\/p>\n<h2><span style=\"color: #000000\">Herkunft<\/span><\/h2>\n<p><span style=\"color: #000000\">EU (Deutschland oder die Niederlande)<\/span><\/p>\n","protected":false},"excerpt":{"rendered":"<p align=\"JUSTIFY\">Schon die m\u00e4chtigen Zivilisationen der \u00c4gypter, R\u00f6mer und Wikinger kannten die Vorteile des Gerstengrases. Das aus Europa stammende Gras wird vom menschlichen K\u00f6rper leicht verstoffwechselt und als Mikron\u00e4hrstoff f\u00fcr den gesamten Bedarf genutzt. Es wird sehr schnell verdaut und die N\u00e4hrstoffe werden nach der Einnahme sehr schnell absorbiert. Au\u00dferdem ist er reich an sekund\u00e4ren Pflanzenstoffen, die den K\u00f6rper vor Verschmutzung und Strahlung sch\u00fctzen.<\/p>\n<p align=\"JUSTIFY\"><span style=\"color: #000000\">\ud83d\udc9a Reinigt und entgiftet<strong>.<\/strong><\/span><br \/>\n<span style=\"color: #000000\">\ud83d\udc9a Verbessert Probleme mit An\u00e4mie.<\/span><br \/>\n<span style=\"color: #000000\">\ud83d\udc9a Hilft bei der Gewichtsabnahme.<\/span><br \/>\n<span style=\"color: #000000\">\ud83d\udc9a Sie ist eine reiche Quelle von <strong>Chlorophyll.<\/strong><\/span><\/p>\n<p align=\"JUSTIFY\">\n","protected":false},"featured_media":6272,"comment_status":"open","ping_status":"closed","template":"","meta":{"_acf_changed":false},"product_brand":[],"product_cat":[15,222,225,224,231],"product_tag":[],"class_list":{"0":"post-6271","1":"product","2":"type-product","3":"status-publish","4":"has-post-thumbnail","6":"product_cat-uncategorized","7":"product_cat-algen-graeser","8":"product_cat-alle-produkte","9":"product_cat-angebot","10":"product_cat-superfood","12":"first","13":"instock","14":"sale","15":"taxable","16":"shipping-taxable","17":"purchasable","18":"product-type-simple"},"acf":[],"_links":{"self":[{"href":"https:\/\/fengchashop.com\/de\/wp-json\/wp\/v2\/product\/6271","targetHints":{"allow":["GET"]}}],"collection":[{"href":"https:\/\/fengchashop.com\/de\/wp-json\/wp\/v2\/product"}],"about":[{"href":"https:\/\/fengchashop.com\/de\/wp-json\/wp\/v2\/types\/product"}],"replies":[{"embeddable":true,"href":"https:\/\/fengchashop.com\/de\/wp-json\/wp\/v2\/comments?post=6271"}],"wp:featuredmedia":[{"embeddable":true,"href":"https:\/\/fengchashop.com\/de\/wp-json\/wp\/v2\/media\/6272"}],"wp:attachment":[{"href":"https:\/\/fengchashop.com\/de\/wp-json\/wp\/v2\/media?parent=6271"}],"wp:term":[{"taxonomy":"product_brand","embeddable":true,"href":"https:\/\/fengchashop.com\/de\/wp-json\/wp\/v2\/product_brand?post=6271"},{"taxonomy":"product_cat","embeddable":true,"href":"https:\/\/fengchashop.com\/de\/wp-json\/wp\/v2\/product_cat?post=6271"},{"taxonomy":"product_tag","embeddable":true,"href":"https:\/\/fengchashop.com\/de\/wp-json\/wp\/v2\/product_tag?post=6271"}],"curies":[{"name":"wp","href":"https:\/\/api.w.org\/{rel}","templated":true}]}}