{"id":6263,"date":"2022-03-03T21:49:08","date_gmt":"2022-03-03T20:49:08","guid":{"rendered":"https:\/\/fengchashop.com\/de\/product\/weizengraspulver-bio-250-g\/"},"modified":"2026-04-18T00:21:20","modified_gmt":"2026-04-17T22:21:20","slug":"weizengraspulver-bio","status":"publish","type":"product","link":"https:\/\/fengchashop.com\/de\/product\/weizengraspulver-bio\/","title":{"rendered":"Weizengraspulver BIO 250 g"},"content":{"rendered":"<h2><span style=\"color: #000000\">Weizengraspulver BIO<\/span><\/h2>\n<p><span style=\"color: #000000\">Weizengras ist eigentlich der <strong>Ballen des jungen Weizens.<\/strong> Als solches enth\u00e4lt es kein Gluten, das sich in der Weizen\u00e4hre &#8211; genauer gesagt im Weizenkorn &#8211; befindet. Das gekeimte Gras wird normalerweise etwas mehr als eine Woche nach dem Keimen geerntet und zu Saft verarbeitet. Weizengraspulver ist viel einfacher zu verwenden. Es eignet sich<strong> zur Entgiftung und Entschlackung.<\/strong> Es ist reich an <strong>Vitaminen, Mineralien, Aminos\u00e4uren, Enzymen, Chlorophyll, Ballaststoffen, Proteinen und Phyton\u00e4hrstoffen.<\/strong><\/span><\/p>\n<p><span style=\"color: #000000\">Urspr\u00fcnglich aus dem Nahen Osten stammend, hat sich Weizen in kurzer Zeit in der ganzen Welt verbreitet, und Weizengras hat sich als<strong> wirksames Entschlackungs- und Entgiftungsmittel f\u00fcr den menschlichen Organismus<\/strong> erwiesen<strong>.<\/strong> Aus diesem Grund ist es als Gesundheitsnahrung sehr beliebt.<\/span><\/p>\n<p><span style=\"color: #000000\">Unser Weizengras wird <strong>biologisch angebaut.<\/strong><\/span><\/p>\n<h2><span style=\"color: #000000\">Welche Auswirkungen hat die Einnahme von Weizengras?<\/span><\/h2>\n<p><strong><span style=\"color: #000000\">Weizengras enth\u00e4lt viele N\u00e4hr- und Wirkstoffe, deshalb:<\/span><\/strong><\/p>\n<ul>\n<li><span style=\"color: #000000\">reinigt und verbessert die Blutzusammensetzung,<\/span><\/li>\n<li><span style=\"color: #000000\">h\u00e4lt den Dickdarm gesund und entgiftet die Leber,<\/span><\/li>\n<li><span style=\"color: #000000\">f\u00f6rdert die richtige Herzfunktion,<\/span><\/li>\n<li><span style=\"color: #000000\">stimuliert die Schilddr\u00fcse,<\/span><\/li>\n<li><span style=\"color: #000000\">seine zahlreichen Antioxidantien bek\u00e4mpfen freie Radikale und beugen Krankheiten und vorzeitiger Alterung vor,<\/span><\/li>\n<li><span style=\"color: #000000\">ist eine der reichsten Quellen f\u00fcr Chlorophyll, das die Heilung des Gewebes f\u00f6rdert und auch Giftstoffe an sich bindet und ihre Aufnahme verhindert,<\/span><\/li>\n<li><span style=\"color: #000000\">Chlorophyll lindert Entz\u00fcndungen in der Mundh\u00f6hle und reinigt und pflegt die Haut,<\/span><\/li>\n<li><span style=\"color: #000000\">es wirkt dank seiner B-Vitamine stresslindernd, <\/span><\/li>\n<li><span style=\"color: #000000\">Chlorophyll sch\u00fctzt auch vor der Strahlung von elektronischen Ger\u00e4ten<\/span><\/li>\n<li><span style=\"color: #000000\">es enth\u00e4lt alle Aminos\u00e4uren, die der menschliche K\u00f6rper braucht.<\/span><\/li>\n<\/ul>\n<p><span style=\"color: #000000\">Weizengras enth\u00e4lt eine <strong>gro\u00dfe Menge an Chlorophyll<\/strong>, das eine reinigende und entgiftende Wirkung auf den menschlichen K\u00f6rper hat. Es hat fast wundersame Eigenschaften zur Regeneration des K\u00f6rpers. Dar\u00fcber hinaus enth\u00e4lt es zahlreiche N\u00e4hrstoffe, <strong>Vitamine<\/strong> (C, E, A, B1, B2, B3, B6, K),<strong> Mineralien<\/strong> (Eisen, Kalium, Kalzium, Zink, Selen, Phosphor, Bor, Chlorid, Chrom, Kobalt, Kupfer, Jod, Eisen, Magnesium, Mangan, Nickel), <strong>Enzyme,<\/strong> <strong>Aminos\u00e4uren, sekund\u00e4re Pflanzenstoffe sowie Linol- und Linolens\u00e4ure.<\/strong> Weizengras<strong> st\u00e4rkt das Immunsystem, hemmt freie Radikale, regt die Produktion von Wachstumshormonen an<\/strong> und hilft so bei der Geweberegeneration. Au\u00dferdem <strong>reguliert es den Cholesterinspiegel im Blut und beugt Entz\u00fcndungen und Infektionen vor<\/strong>. Das Auftragen auf die Haut hilft, Probleme mit problematischer Haut, Akne und Ekzemen zu lindern, da es antimikrobiell wirkt und Wunden schneller heilt. Es hilft auch bei Juckreiz und Insektenstichen.<\/span><\/p>\n<h2><span style=\"color: #000000\">Lagerung und Warnhinweise<\/span><\/h2>\n<p><span style=\"color: #000000\">K\u00fchl und trocken bei einer Temperatur von bis zu 25 \u00b0C lagern. Das Nahrungserg\u00e4nzungsmittel au\u00dferhalb der Reichweite von Kindern aufbewahren!<\/span><\/p>\n<p><span style=\"color: #000000\">Denken Sie daran, wie wichtig eine abwechslungsreiche Ern\u00e4hrung und eine gesunde Lebensweise sind; ein Nahrungserg\u00e4nzungsmittel ist daher kein Ersatz f\u00fcr eine ausgewogene und abwechslungsreiche Ern\u00e4hrung. Die empfohlene Tagesmenge oder Dosis sollte nicht \u00fcberschritten werden. Schwangeren Frauen und stillenden M\u00fcttern wird vom Verzehr abgeraten.<\/span><\/p>\n<h2><span style=\"color: #000000\">Verpackung<\/span><\/h2>\n<p><span style=\"color: #000000\">Undurchl\u00e4ssiger Zip-Lock-Beutel, in dem das Produkt seine ganze Frische und sein Aroma bewahrt. Die Verpackung sch\u00fctzt das Produkt vor Licht und Luft, da sie aus mehreren Schutzschichten besteht, um die Eigenschaften des Inhalts zu erhalten.<\/span><\/p>\n<p><span style=\"color: #000000\">Die Verpackung ist sehr praktisch und recycelbar.<\/span><\/p>\n<h2><span style=\"color: #000000\">Herkunft<\/span><\/h2>\n<p><span style=\"color: #000000\">EU (Deutschland oder die Niederlande)<\/span><\/p>\n","protected":false},"excerpt":{"rendered":"<p align=\"JUSTIFY\">Bei Weizengras handelt es sich um die<strong> Halme des jungen Weizens<\/strong>. Als solches enth\u00e4lt es kein Gluten, das sich in der Weizen\u00e4hre &#8211; genauer gesagt im Weizenkorn &#8211; befindet. Es eignet sich zur <strong>Entgiftung und Entschlackung<\/strong>. Er ist reich an Vitaminen, Mineralien, Aminos\u00e4uren, Enzymen, Chlorophyll, Ballaststoffen, Proteinen und Phyton\u00e4hrstoffen.<\/p>\n<p align=\"JUSTIFY\"><span style=\"color: #000000\">\ud83d\udc9a Reinigt und verbessert die Zusammensetzung des <strong>Blutes.<\/strong><\/span><br \/>\n<span style=\"color: #000000\">\ud83d\udc9a Er unterst\u00fctzt einen <strong>gesunden Dickdarm<\/strong> und <strong>entgiftet die Leber.<\/strong><\/span><br \/>\n<span style=\"color: #000000\">\ud83d\udc9a Reich an Antioxidantien.<\/span><br \/>\n<span style=\"color: #000000\">\ud83d\udc9a Er ist eine reiche Quelle von <strong>Chlorophyll.<\/strong><\/span><\/p>\n<p align=\"JUSTIFY\">\n","protected":false},"featured_media":6264,"comment_status":"open","ping_status":"closed","template":"","meta":{"_acf_changed":false},"product_brand":[],"product_cat":[15,222,225,224,231],"product_tag":[],"class_list":{"0":"post-6263","1":"product","2":"type-product","3":"status-publish","4":"has-post-thumbnail","6":"product_cat-uncategorized","7":"product_cat-algen-graeser","8":"product_cat-alle-produkte","9":"product_cat-angebot","10":"product_cat-superfood","12":"first","13":"instock","14":"sale","15":"taxable","16":"shipping-taxable","17":"purchasable","18":"product-type-simple"},"acf":[],"_links":{"self":[{"href":"https:\/\/fengchashop.com\/de\/wp-json\/wp\/v2\/product\/6263","targetHints":{"allow":["GET"]}}],"collection":[{"href":"https:\/\/fengchashop.com\/de\/wp-json\/wp\/v2\/product"}],"about":[{"href":"https:\/\/fengchashop.com\/de\/wp-json\/wp\/v2\/types\/product"}],"replies":[{"embeddable":true,"href":"https:\/\/fengchashop.com\/de\/wp-json\/wp\/v2\/comments?post=6263"}],"wp:featuredmedia":[{"embeddable":true,"href":"https:\/\/fengchashop.com\/de\/wp-json\/wp\/v2\/media\/6264"}],"wp:attachment":[{"href":"https:\/\/fengchashop.com\/de\/wp-json\/wp\/v2\/media?parent=6263"}],"wp:term":[{"taxonomy":"product_brand","embeddable":true,"href":"https:\/\/fengchashop.com\/de\/wp-json\/wp\/v2\/product_brand?post=6263"},{"taxonomy":"product_cat","embeddable":true,"href":"https:\/\/fengchashop.com\/de\/wp-json\/wp\/v2\/product_cat?post=6263"},{"taxonomy":"product_tag","embeddable":true,"href":"https:\/\/fengchashop.com\/de\/wp-json\/wp\/v2\/product_tag?post=6263"}],"curies":[{"name":"wp","href":"https:\/\/api.w.org\/{rel}","templated":true}]}}