{"id":6259,"date":"2022-03-03T21:15:00","date_gmt":"2022-03-03T20:15:00","guid":{"rendered":"https:\/\/fengchashop.com\/de\/product\/kelp-pulver-bio-250-g\/"},"modified":"2026-04-18T17:52:10","modified_gmt":"2026-04-18T15:52:10","slug":"kelp-pulver-bio","status":"publish","type":"product","link":"https:\/\/fengchashop.com\/de\/product\/kelp-pulver-bio\/","title":{"rendered":"Kelp Pulver BIO 250 g"},"content":{"rendered":"<h2><span style=\"color: #000000;\">Kelppulver BIO<\/span><\/h2>\n<p><span style=\"color: #000000;\">Eine<strong> Braunalge<\/strong> namens Kelp gedeiht in den k\u00e4lteren Meeren der Welt. Sie ist besonders reich an Mineralien, die sie aus dem sauberen Meerwasser der k\u00e4ltesten See Norwegens aufnimmt. Diese Mineralien sind \u00e4u\u00dferst wichtig f\u00fcr unseren K\u00f6rper, und es ist vielfach bewiesen, dass unser K\u00f6rper ohne sie nicht so funktioniert, wie er sollte, was zu verschiedenen Krankheiten f\u00fchrt, sowohl k\u00f6rperlich als auch geistig.<\/span><\/p>\n<p><span style=\"color: #000000;\">Kelp ist eine Fundgrube f\u00fcr diese Mineralien, N\u00e4hr- und Wirkstoffe, die sich positiv auf unseren Organismus auswirken, denn:<\/span><\/p>\n<p><span style=\"color: #000000;\">&#8211; entfernt mit Hilfe von Phytochemikalien <strong>radioaktive Elemente und sch\u00e4dliche Metalle<\/strong> aus dem K\u00f6rper, die in der verschmutzten Umwelt, in der wir leben, ein wachsendes Problem darstellen;<\/span><br \/>\n<span style=\"color: #000000;\">&#8211; er ist eine der reichsten<strong> Quellen von Jod, das die Schilddr\u00fcse reguliert,<\/strong> den Stoffwechsel verbessert und hilft, \u00dcbergewicht zu bek\u00e4mpfen;<\/span><br \/>\n<span style=\"color: #000000;\">&#8211; die im Seetang enthaltenen Mineralien<strong> verbessern die Funktion der Organe, insbesondere<\/strong> die positive Wirkung der Mineralienmischung des Seetangs auf das Herz-Kreislauf-System;<\/span><br \/>\n<span style=\"color: #000000;\">&#8211; er ist ein ausgezeichnetes <strong>Pr\u00e4biotikum,<\/strong> Nahrung f\u00fcr unsere n\u00fctzlichen Darmbakterien;<\/span><br \/>\n<span style=\"color: #000000;\">&#8211; sein Polysaccharid Xylose <strong>neutralisiert Bakterien und Pilze;<\/strong><\/span><br \/>\n<span style=\"color: #000000;\">&#8211; durch seine Alkalit\u00e4t ist er sehr hilfreich bei dem weit verbreiteten Problem der <strong>\u00dcbers\u00e4uerung,<\/strong> das zu allgemeinem Unwohlsein f\u00fchrt;<\/span><br \/>\n<span style=\"color: #000000;\">&#8211; ist ein <strong>starkes Antioxidans;<\/strong><\/span><br \/>\n<span style=\"color: #000000;\">&#8211; Galaktose ist gut f\u00fcr das <strong>Ged\u00e4chtnis<\/strong> und die<strong> Wundheilung<\/strong> sowie f\u00fcr die Knochen, da sie die Aufnahme von Kalzium verbessert.<\/span><\/p>\n<h2><span style=\"color: #000000;\">Was enth\u00e4lt Seetang eigentlich, das eine so positive Wirkung auf mehrere Systeme unseres K\u00f6rpers hat?<\/span><\/h2>\n<p><span style=\"color: #000000;\">Kelp ist eine Braunalge, die mancherorts traditionell zu Ern\u00e4hrungszwecken verwendet wird, die aber auch in vielen Gesundheitshandb\u00fcchern ihren Platz gefunden hat, weil sie sehr<strong> reich an Mineralien, Aminos\u00e4uren, N\u00e4hr- und Wirkstoffen<\/strong> ist. Unter den Mineralien stechen sicherlich Kalzium und Magnesium hervor, aber Seetang enth\u00e4lt auch Kalium, Jod, Eisen, Riboflavin, Vitamin B6 und viele Ballaststoffe, insgesamt 46 verschiedene Mineralien, 16 Aminos\u00e4uren und 11 Vitamine. Kein Wunder also, dass Algen, darunter auch Seetang, in den letzten Jahrzehnten Gegenstand zahlreicher wissenschaftlicher Forschungen waren. Kelp enth\u00e4lt auch<strong> Glutamins\u00e4ure, die<\/strong> ballaststoffreiche Lebensmittel weicher macht und den Geschmack der Nahrung verbessert. Die<strong> sekund\u00e4ren Pflanzenstoffe<\/strong> tragen zur Ausscheidung von radioaktiven Substanzen und Schwermetallen bei<strong>,<\/strong> weshalb der Verzehr von Seetang nach einer Strahlen- oder Chemotherapie empfohlen wird. Bei den sekund\u00e4ren Pflanzenstoffen handelt es sich nicht um Mineralien oder Aminos\u00e4uren, sondern um Wirkstoffe, die Krankheiten vorbeugen. Ein bekanntes Beispiel f\u00fcr einen solchen Wirkstoff ist das Allicin im Knoblauch, das bekanntlich als nat\u00fcrliches Antibiotikum gilt. Auch Braunalgen enthalten zwei wichtige Stoffe, n\u00e4mlich <strong>Fucoidan und Fucoxanthin.<\/strong> Ersteres gilt als gute Pr\u00e4ventionsma\u00dfnahme im Kampf gegen Krebs, letzteres im Kampf gegen \u00dcbergewicht und f\u00fcr einen besseren Stoffwechsel und eine bessere Fettverbrennung.<\/span><\/p>\n<p><span style=\"color: #000000;\">Der im Seetang am besten vertretene Mineralstoff ist<strong> Jod<\/strong>, ein Mineralstoff, an dem viele (vor allem) Frauen Mangel leiden. Jod reguliert den Stoffwechsel und die Schilddr\u00fcsenfunktion, so dass es uns hilft, unseren Stoffwechsel zu verbessern und unser Gewicht zu kontrollieren, insbesondere bei Schilddr\u00fcsenproblemen. Wir d\u00fcrfen nicht vergessen, dass die Schilddr\u00fcse Hormone aussch\u00fcttet, die die Geschwindigkeit der Stoffwechselprozesse steuern und indirekt fast alle K\u00f6rperfunktionen beeinflussen. Daher ist sie eines der wichtigsten Organe unseres K\u00f6rpers, und es ist wichtig, dass wir f\u00fcr ihr normales und ordnungsgem\u00e4\u00dfes Funktionieren sorgen. Manchmal reicht eine ausreichende Jodzufuhr aus, die durch die regelm\u00e4\u00dfige Einnahme eines nat\u00fcrlichen Nahrungserg\u00e4nzungsmittels &#8211; Seetang &#8211; erreicht werden kann. Wenn Sie Schilddr\u00fcsenprobleme haben, sollten Sie vor der Einnahme von Seetang Ihren Arzt konsultieren. Der mineralstoffreiche Seetang beeinflusst auch die Funktion anderer innerer Organe, die f\u00fcr die wirksame Bek\u00e4mpfung von Giftstoffen und freien Radikalen von entscheidender Bedeutung sind und somit auch eine verj\u00fcngende Wirkung haben.<\/span><\/p>\n<h2>Lagerung und Warnhinweise<\/h2>\n<p>K\u00fchl und trocken bei einer Temperatur von bis zu 25 \u00b0C aufbewahren. Das Nahrungserg\u00e4nzungsmittel au\u00dferhalb der Reichweite von Kindern aufbewahren!<\/p>\n<p>Denken Sie daran, wie wichtig eine abwechslungsreiche Ern\u00e4hrung und eine gesunde Lebensweise sind; ein Nahrungserg\u00e4nzungsmittel ist daher kein Ersatz f\u00fcr eine ausgewogene und abwechslungsreiche Ern\u00e4hrung. Die empfohlene Tagesmenge oder Dosis sollte nicht \u00fcberschritten werden. Schwangeren und stillenden Frauen wird immer empfohlen, vor der Einnahme einen Arzt zu konsultieren.<\/p>\n<h2><span style=\"color: #000000;\">Verpackung<\/span><\/h2>\n<p><span style=\"color: #000000;\">Undurchl\u00e4ssiger Zip-Lock-Beutel, in dem das Produkt seine ganze Frische und sein Aroma bewahrt. Die Verpackung sch\u00fctzt das Produkt vor Licht und Luft, da sie aus mehreren Schutzschichten besteht, um die Eigenschaften des Inhalts zu erhalten.<\/span><\/p>\n<p><span style=\"color: #000000;\">Die Verpackung ist sehr praktisch und recycelbar.<\/span><\/p>\n<h2><span style=\"color: #000000;\">Herkunft<\/span><\/h2>\n<p><span style=\"color: #000000;\">Norwegen oder Kanada<\/span><\/p>\n","protected":false},"excerpt":{"rendered":"<p align=\"JUSTIFY\">Eine <strong>Braunalge<\/strong> namens <strong>Seetang<\/strong> gedeiht in den k\u00e4lteren Meeren der Welt. Sie ist besonders reich an Mineralien, die sie aus dem sauberen Meerwasser der k\u00e4ltesten See Norwegens aufnimmt. Diese Mineralien sind f\u00fcr unseren K\u00f6rper \u00e4u\u00dferst wichtig, und es ist vielfach bewiesen, dass unser K\u00f6rper ohne diese Mineralien nicht so funktioniert, wie er sollte, und dass infolgedessen verschiedene k\u00f6rperliche und geistige Krankheiten auftreten.<\/p>\n<p align=\"JUSTIFY\"><span style=\"color: #000000;\">\ud83d\udc9a Er entfernt mit Hilfe von sekund\u00e4ren Pflanzenstoffen <strong>radioaktive Elemente<\/strong> und<strong> sch\u00e4dliche Metalle<\/strong> aus dem K\u00f6rper<strong>.<\/strong><\/span><br \/>\n<span style=\"color: #000000;\">\ud83d\udc9a Sie ist eine der reichsten <strong>Quellen f\u00fcr Jod<\/strong>, das <strong>die Schilddr\u00fcse reguliert.<\/strong><\/span><br \/>\n<span style=\"color: #000000;\">\ud83d\udc9a Sie ist ein hervorragendes <strong>Pr\u00e4biotikum<\/strong>, Nahrung f\u00fcr unsere n\u00fctzlichen Darmbakterien.<\/span><br \/>\n<span style=\"color: #000000;\">\ud83d\udc9a Er ist eine reiche Quelle f\u00fcr pflanzliches Eiwei\u00df.<\/span><\/p>\n<p align=\"JUSTIFY\">\n","protected":false},"featured_media":6260,"comment_status":"open","ping_status":"closed","template":"","meta":{"_acf_changed":false},"product_brand":[],"product_cat":[15,222,225,224,231],"product_tag":[],"class_list":{"0":"post-6259","1":"product","2":"type-product","3":"status-publish","4":"has-post-thumbnail","6":"product_cat-uncategorized","7":"product_cat-algen-graeser","8":"product_cat-alle-produkte","9":"product_cat-angebot","10":"product_cat-superfood","12":"first","13":"instock","14":"sale","15":"taxable","16":"shipping-taxable","17":"purchasable","18":"product-type-simple"},"acf":[],"_links":{"self":[{"href":"https:\/\/fengchashop.com\/de\/wp-json\/wp\/v2\/product\/6259","targetHints":{"allow":["GET"]}}],"collection":[{"href":"https:\/\/fengchashop.com\/de\/wp-json\/wp\/v2\/product"}],"about":[{"href":"https:\/\/fengchashop.com\/de\/wp-json\/wp\/v2\/types\/product"}],"replies":[{"embeddable":true,"href":"https:\/\/fengchashop.com\/de\/wp-json\/wp\/v2\/comments?post=6259"}],"wp:featuredmedia":[{"embeddable":true,"href":"https:\/\/fengchashop.com\/de\/wp-json\/wp\/v2\/media\/6260"}],"wp:attachment":[{"href":"https:\/\/fengchashop.com\/de\/wp-json\/wp\/v2\/media?parent=6259"}],"wp:term":[{"taxonomy":"product_brand","embeddable":true,"href":"https:\/\/fengchashop.com\/de\/wp-json\/wp\/v2\/product_brand?post=6259"},{"taxonomy":"product_cat","embeddable":true,"href":"https:\/\/fengchashop.com\/de\/wp-json\/wp\/v2\/product_cat?post=6259"},{"taxonomy":"product_tag","embeddable":true,"href":"https:\/\/fengchashop.com\/de\/wp-json\/wp\/v2\/product_tag?post=6259"}],"curies":[{"name":"wp","href":"https:\/\/api.w.org\/{rel}","templated":true}]}}