{"id":6253,"date":"2022-03-03T20:45:27","date_gmt":"2022-03-03T19:45:27","guid":{"rendered":"https:\/\/fengchashop.com\/de\/product\/chlorella-tabletten-bio-250-g\/"},"modified":"2026-04-13T11:35:38","modified_gmt":"2026-04-13T09:35:38","slug":"chlorella-tabletten-bio","status":"publish","type":"product","link":"https:\/\/fengchashop.com\/de\/product\/chlorella-tabletten-bio\/","title":{"rendered":"Chlorella Tabletten BIO 250 g"},"content":{"rendered":"<h2><span style=\"color: #000000\">Chlorella-Tabletten BIO<\/span><\/h2>\n<p><span style=\"color: #000000\">Die chlorophyllreichste Pflanze, die in den S\u00fc\u00dfgew\u00e4ssern der Welt gedeiht, hei\u00dft Chlorella. Chlorella hat viele gesundheitliche Vorteile. Sie hat eine unverwechselbare hellgr\u00fcne Farbe und viele gesundheitliche Vorteile. Sie ist in erster Linie als Alge bekannt, die einen<strong> extrem hohen Proteingehalt<\/strong> und eine reiche und vor allem ausgewogene, ideale Struktur aufweist. Au\u00dferdem gilt sie aufgrund ihres Beta-Carotin-Gehalts als <strong>hervorragendes Entgiftungsmittel.<\/strong> <strong>Sie reinigt uns von Schadstoffen, die aus der verschmutzten Umwelt und der Nahrung stammen<\/strong>, die wir zu uns nehmen (Pestizide, Herbizide, Schwermetalle).<\/span><\/p>\n<p><span style=\"color: #000000\">Es handelt sich um eine mikroskopisch kleine Gr\u00fcnalge mit einer ausgewogenen Struktur und daher mehreren Vorteilen:<\/span><\/p>\n<p><span style=\"color: #000000\">&#8211; Der<strong> hohe Anteil an Chlorophyll<\/strong> spielt eine wichtige Rolle bei der Entgiftung des K\u00f6rpers,<\/span><br \/>\n<span style=\"color: #000000\">&#8211; sie produziert<strong> das Protein Interferon, das f\u00fcr das optimale Funktionieren des Immunsystems wichtig ist,<\/strong><\/span><br \/>\n<span style=\"color: #000000\">&#8211; <strong>hat einen hohen Proteingehalt von<\/strong> etwa 55 %,<\/span><br \/>\n<span style=\"color: #000000\">&#8211; Es enth\u00e4lt wichtige <strong>Kohlenhydrate, Proteine, Enzyme, Mineralien und Vitamine.<\/strong><\/span><\/p>\n<p><span style=\"color: #000000\">Chlorella und andere Algen werden am h\u00e4ufigsten in Pulverform konsumiert. Wir bieten jedoch auch Chlorella in Tablettenform an.<\/span><\/p>\n<p><span style=\"color: #000000\">Unsere Chlorella wird biologisch angebaut.<\/span><\/p>\n<h2><span style=\"color: #000000\">Warum ist Chlorella so gut f\u00fcr den menschlichen K\u00f6rper?<\/span><\/h2>\n<p><span style=\"color: #000000\">Chlorella ist reich<strong> an Antioxidantien und Chlorophyll, die<\/strong> Giftstoffe im K\u00f6rper binden und eine extrem reinigende und entgiftende Rolle im menschlichen K\u00f6rper spielen. Sie reinigt sowohl das Blut als auch die Leber und den gesamten Verdauungstrakt. Dies verbessert auch die Verdauung und wird durch das<strong> Verdauungsenzym Pepsin<\/strong> unterst\u00fctzt, das in Chlorella produziert wird und am Verdauungssystem beteiligt ist. Chlorella enth\u00e4lt 18 Aminos\u00e4uren, von denen 8 essentiell sind, und hat somit eine ideale Proteinzusammensetzung. Au\u00dferdem ist sie reich an Vitaminen und Mineralien wie den B-Vitaminen, den Vitaminen C, E und K sowie an Eisen, Kalzium, Magnesium, Phosphor und nat\u00fcrlich Jod.<\/span><\/p>\n<p><span style=\"color: #000000\">Sie ist auch als <strong>Verdauungsalge<\/strong> bekannt, da sie das Wachstum von guten Darmbakterien und einer guten Darmflora f\u00f6rdert. Aufgrund ihres hohen Chlorophyllgehalts<strong> reinigt sie den Darm, die Leber und das Blut.<\/strong> Au\u00dferdem entgiftet er den gesamten K\u00f6rper und hilft bei Verstopfung. Sauberes Blut und eine gute Verdauung wirken sich auch positiv auf das Aussehen und die Gesundheit unserer Haut aus &#8211; unserem gr\u00f6\u00dften Organ. Chlorella kann auch zur Bek\u00e4mpfung von<strong> Candida beitragen.<\/strong><\/span><\/p>\n<p><span style=\"color: #000000\">Chlorella enth\u00e4lt <strong>viel Eisen, das<\/strong> vom K\u00f6rper schnell aufgenommen und f\u00fcr seine roten Blutk\u00f6rperchen verwendet wird. Auf diese Weise wirkt sie sich positiv auf Probleme wie Blutarmut, M\u00fcdigkeit, \u00dcberarbeitung und Unwohlsein aus. Sie hat auch eine positive Wirkung auf die Genesung von Langzeiterkrankungen.<\/span><\/p>\n<p><span style=\"color: #000000\">Der Wachstumsfaktor der Chlorella<strong> f\u00f6rdert die Zellregeneration<\/strong>, so dass Wunden schneller heilen, Sie widerstandsf\u00e4higer gegen Infektionen werden und mehr Energie haben.<\/span><\/p>\n<h2><span style=\"color: #000000\">F\u00fcr wen ist Chlorella geeignet?<\/span><\/h2>\n<p><span style=\"color: #000000\">Wie Spirulina ist Chlorella ein hervorragendes Nahrungserg\u00e4nzungsmittel f\u00fcr jedermann, aber es ist besonders n\u00fctzlich f\u00fcr Menschen, die kein Fleisch oder keine Fleischprodukte essen, f\u00fcr unterern\u00e4hrte Menschen, f\u00fcr \u00e4ltere Menschen und f\u00fcr Kranke. Sie ist auch f\u00fcr Menschen geeignet, die nicht gen\u00fcgend hochwertiges frisches gr\u00fcnes Gem\u00fcse zu sich nehmen. Es ist auch f\u00fcr schwangere Frauen und stillende M\u00fctter geeignet, die oft einen schlechten Blut- oder niedrigen Eisenspiegel haben. Es ist auch f\u00fcr Sportler geeignet, da es die Aufnahme von N\u00e4hrstoffen erleichtert.<\/span><\/p>\n<p><span style=\"color: #000000\">Es ist auch f\u00fcr Menschen geeignet, die \u00fcberm\u00e4\u00dfigem Stress ausgesetzt sind und deshalb Konzentrationsschwierigkeiten haben.<\/span><\/p>\n<p><span style=\"color: #000000\">Sie eignet sich f\u00fcr Menschen, die ihr Gewicht halten oder abnehmen wollen, und Chlorella ist ein ausgezeichneter Begleiter f\u00fcr verschiedene (Abnehm-)Di\u00e4ten. Sie reguliert die Verdauung und <strong>f\u00fcllt<\/strong> uns <strong>mit wichtigen N\u00e4hrstoffen auf.<\/strong><\/span><\/p>\n<h2><span style=\"color: #000000\">Lagerung und Warnhinweise<\/span><\/h2>\n<p><span style=\"color: #000000\">K\u00fchl und trocken bei einer Temperatur von bis zu 25 \u00b0C lagern. Das Nahrungserg\u00e4nzungsmittel f\u00fcr Kinder unzug\u00e4nglich aufbewahren!<\/span><\/p>\n<p><span style=\"color: #000000\">Denken Sie daran, wie wichtig eine abwechslungsreiche Ern\u00e4hrung und eine gesunde Lebensweise sind; ein Nahrungserg\u00e4nzungsmittel ist daher kein Ersatz f\u00fcr eine ausgewogene und abwechslungsreiche Ern\u00e4hrung. Die empfohlene Tagesmenge oder Dosis sollte nicht \u00fcberschritten werden. Schwangeren und stillenden Frauen wird immer empfohlen, vor der Einnahme einen Arzt zu konsultieren.<\/span><\/p>\n<p><span style=\"color: #000000\">Chlorella kann Sulfite enthalten, die nat\u00fcrlicherweise in Algen vorkommen.<\/span><\/p>\n<h2><span style=\"color: #000000\">Verpackung<\/span><\/h2>\n<p><span style=\"color: #000000\">Undurchl\u00e4ssiger Zip-Lock-Beutel, in dem das Produkt seine Frische und sein Aroma beibeh\u00e4lt. Die Verpackung sch\u00fctzt vor Licht und Luft, da sie aus mehreren Schutzschichten besteht, die die Eigenschaften des Inhalts bewahren.<\/span><\/p>\n<p><span style=\"color: #000000\">Die Verpackung ist sehr praktisch und recycelbar.<\/span><\/p>\n<h2><span style=\"color: #000000\">Herkunft<\/span><\/h2>\n<p><span style=\"color: #000000\">China.<\/span><\/p>\n<p><span style=\"color: #000000\">Wir haben sehr zuverl\u00e4ssige Lieferanten, die uns f\u00fcr jede Charge eine detaillierte chemische Analyse der Lebensmittel \u00fcbermitteln. In mehr als zehn Jahren hatten wir weder mit diesem Produkt noch mit anderen Produkten desselben Lieferanten irgendwelche R\u00fcckrufe oder andere Probleme.<\/span><\/p>\n<p><span style=\"color: #000000\">Der Artikel ist zu 100 % biologisch zertifiziert.<\/span><\/p>\n","protected":false},"excerpt":{"rendered":"<p align=\"JUSTIFY\">Die chlorophyllreichste Pflanze, die in S\u00fc\u00dfgew\u00e4ssern auf der ganzen Welt gedeiht, hei\u00dft Chlorella. Chlorella hat viele gesundheitliche Vorteile. Sie ist in erster Linie als Alge bekannt, die extrem proteinreich ist und eine reiche und vor allem ausgewogene, ideale Struktur aufweist. Aufgrund ihres Beta-Carotin-Gehalts gilt sie auch als hervorragendes Entgiftungsmittel. Sie reinigt uns von Schadstoffen, die aus der verschmutzten Umwelt und der Nahrung stammen (Pestizide, Herbizide, Schwermetalle).<\/p>\n<p align=\"JUSTIFY\"><span style=\"color: #000000\">\ud83d\udc9a Sie hilft, den K\u00f6rper zu entgiften.<\/span><br \/>\n<span style=\"color: #000000\">\ud83d\udc9a Sie hat einen hohen Gehalt an Antioxidantien und Chlorophyll.<\/span><br \/>\n<span style=\"color: #000000\">\ud83d\udc9a Reinigt den Darm, die Leber und das Blut.<\/span><br \/>\n<span style=\"color: #000000\">\ud83d\udc9a Sie ist eine reiche Quelle f\u00fcr pflanzliches Eiwei\u00df.<\/span><\/p>\n<p align=\"JUSTIFY\">\n","protected":false},"featured_media":6254,"comment_status":"open","ping_status":"closed","template":"","meta":{"_acf_changed":false},"product_brand":[],"product_cat":[15,222,225,224,238,231],"product_tag":[],"class_list":{"0":"post-6253","1":"product","2":"type-product","3":"status-publish","4":"has-post-thumbnail","6":"product_cat-uncategorized","7":"product_cat-algen-graeser","8":"product_cat-alle-produkte","9":"product_cat-angebot","10":"product_cat-gute-angebote","11":"product_cat-superfood","13":"first","14":"instock","15":"sale","16":"taxable","17":"shipping-taxable","18":"purchasable","19":"product-type-simple"},"acf":[],"_links":{"self":[{"href":"https:\/\/fengchashop.com\/de\/wp-json\/wp\/v2\/product\/6253","targetHints":{"allow":["GET"]}}],"collection":[{"href":"https:\/\/fengchashop.com\/de\/wp-json\/wp\/v2\/product"}],"about":[{"href":"https:\/\/fengchashop.com\/de\/wp-json\/wp\/v2\/types\/product"}],"replies":[{"embeddable":true,"href":"https:\/\/fengchashop.com\/de\/wp-json\/wp\/v2\/comments?post=6253"}],"wp:featuredmedia":[{"embeddable":true,"href":"https:\/\/fengchashop.com\/de\/wp-json\/wp\/v2\/media\/6254"}],"wp:attachment":[{"href":"https:\/\/fengchashop.com\/de\/wp-json\/wp\/v2\/media?parent=6253"}],"wp:term":[{"taxonomy":"product_brand","embeddable":true,"href":"https:\/\/fengchashop.com\/de\/wp-json\/wp\/v2\/product_brand?post=6253"},{"taxonomy":"product_cat","embeddable":true,"href":"https:\/\/fengchashop.com\/de\/wp-json\/wp\/v2\/product_cat?post=6253"},{"taxonomy":"product_tag","embeddable":true,"href":"https:\/\/fengchashop.com\/de\/wp-json\/wp\/v2\/product_tag?post=6253"}],"curies":[{"name":"wp","href":"https:\/\/api.w.org\/{rel}","templated":true}]}}