{"id":6245,"date":"2022-03-03T20:05:37","date_gmt":"2022-03-03T19:05:37","guid":{"rendered":"https:\/\/fengchashop.com\/de\/product\/maca-pulver-bio-500-g\/"},"modified":"2026-04-18T00:14:20","modified_gmt":"2026-04-17T22:14:20","slug":"mac-pulver-bio","status":"publish","type":"product","link":"https:\/\/fengchashop.com\/de\/product\/mac-pulver-bio\/","title":{"rendered":"Maca Pulver BIO 500 g"},"content":{"rendered":"<h2><span style=\"color: #000000\">Maca Pulver BIO<\/span><\/h2>\n<p><span style=\"color: #000000\">Maca ist eine Wurzelpflanze, die im peruanischen Hochland und in den Anden gedeiht, wo sie extremen Wetterbedingungen und gro\u00dfen Temperaturunterschieden zwischen Tag und Nacht ausgesetzt ist. Sie wird auch <strong>peruanischer Ginseng<\/strong> genannt. Da sie praktisch unbesiegbar ist, haben sich die alten Inkas ihre aktiven Eigenschaften zunutze gemacht, die besonders gut f\u00fcr die m\u00e4nnliche Potenz sind und eine positive Wirkung auf die allgemeine Gesundheit haben. Aus letzterem Grund gilt sie als \u00e4u\u00dferst wertvolles Superfood.<\/span><\/p>\n<p><span style=\"color: #000000\">Der medizinische Teil der Muskatbl\u00fcte ist die Knolle, die<strong> viele Vitamine, Mineralien und Aminos\u00e4uren enth\u00e4lt.<\/strong> Aufgrund ihrer hormon\u00e4hnlichen Eigenschaften reguliert sie den \u00d6strogen- und Progesteronspiegel bzw. das Testosteron, was sich positiv auf unser Wohlbefinden auswirkt und uns Kraft und Ausdauer verleiht. Ihr Gehalt an wichtigen Vitaminen wie Vitamin B1, B12, C und E sowie an Fetts\u00e4uren, Mineralien und Aminos\u00e4uren (darunter 7 essentielle, d.h. solche, die unser K\u00f6rper braucht) macht Maca zu einem der wirksamsten, begehrtesten und empfehlenswertesten nat\u00fcrlichen Superfoods mit einer jahrtausendealten Tradition.<\/span><\/p>\n<p><span style=\"color: #000000\">Sie ist ein<strong> adaptogenes Kraut<\/strong>, das <strong>Energie, Ausdauer, Vitalit\u00e4t und k\u00f6rperliche Kraft steigert.<\/strong> Es hilft uns, auf Stress zu reagieren und uns leichter an Ver\u00e4nderungen anzupassen. Am h\u00e4ufigsten kommt es in den Anden in Zentralperu vor, unter rauen Bedingungen und in sehr gro\u00dfen H\u00f6hen &#8211; \u00fcber 4000 m. Er ist ein Kreuzbl\u00fctler wie Brokkoli, Blumenkohl, R\u00fcben, Kohl, Gr\u00fcnkohl und Rettich. Der essbare Teil der Pflanze ist die Wurzel oder Knolle. Es gibt sie in verschiedenen Farben, von wei\u00df bis schwarz. Die beliebtesten Farben sind <strong>gelb, rot und schwarz.<\/strong> Die einfache gelbe Maca wird f\u00fcr den t\u00e4glichen und langfristigen Verzehr verwendet. Die rote und die schwarze Maca gelten als heilige Sorten und werden bei chronischen therapeutischen Problemen verwendet.<\/span><\/p>\n<p><span style=\"color: #000000\">Sie hat einen sehr s\u00fc\u00dfen Geschmack und eine breite Palette von Verwendungsm\u00f6glichkeiten.<\/span><\/p>\n<p><span style=\"color: #000000\">Unsere Maca ist<strong> 100% biologisch.<\/strong><\/span><\/p>\n<h2><span style=\"color: #000000\">Was sind die wichtigsten Eigenschaften der Maca?<\/span><\/h2>\n<p><strong><span style=\"color: #000000\">Sie ist sehr nahrhaft<\/span><\/strong><\/p>\n<p><span style=\"color: #000000\">Maca ist eine ausgezeichnete Quelle f\u00fcr mehrere wichtige Vitamine und Mineralien wie Vitamin C, A, E, B2, B6, B12, Kupfer, Magnesium, Selen, Kalzium, Kalium, Natrium, Phosphor, Mangan und Eisen. Er ist eine gute Quelle f\u00fcr Kohlenhydrate, Aminos\u00e4uren und Fette und enth\u00e4lt eine betr\u00e4chtliche Menge an Ballaststoffen und anderen Phyton\u00e4hrstoffen. Au\u00dferdem enth\u00e4lt er verschiedene Pflanzenstoffe wie Glucosinolate, Polyphenole und Phytosterole, die die Aufnahme von Cholesterin hemmen und sogar dessen Spiegel im Blut senken k\u00f6nnen.<\/span><\/p>\n<p><strong><span style=\"color: #000000\">Steigert die Libido<\/span><\/strong><\/p>\n<p><span style=\"color: #000000\">Steigert den Sexualtrieb bei M\u00e4nnern und Frauen. Er ist ein nat\u00fcrliches Aphrodisiakum. Beseitigt erektile Dysfunktion. Maca steigert das sexuelle Verlangen und diese Behauptung wird durch verschiedene Studien gest\u00fctzt. Eine Studie aus dem Jahr 2010, die vier klinische Studien mit insgesamt 131 Teilnehmern umfasste, zeigte, dass Maca das sexuelle Verlangen nach mindestens sechsw\u00f6chiger Einnahme verbessert. Eine andere Studie zeigte, dass Maca sexuelle Funktionsst\u00f6rungen verringert, die durch Medikamente zur Behandlung von Depressionen verursacht werden.<\/span><\/p>\n<p><strong><span style=\"color: #000000\">Steigert die Fruchtbarkeit<\/span><\/strong><\/p>\n<p><span style=\"color: #000000\">Maca erh\u00f6ht die Fruchtbarkeit bei M\u00e4nnern und Frauen. Eine \u00dcberpr\u00fcfung von f\u00fcnf kleinen Studien ergab, dass Maca die Spermienproduktion erh\u00f6ht und die Samenqualit\u00e4t bei unfruchtbaren, aber ansonsten gesunden M\u00e4nnern verbessert. Nach viermonatigem Maca-Konsum nahmen Volumen, Anzahl und Beweglichkeit der Spermien zu. Bei Frauen reguliert sie den Menstruationszyklus und lindert die Symptome von PMS und Menstruationsschmerzen.<\/span><\/p>\n<p><strong><span style=\"color: #000000\">Verringert die Gr\u00f6\u00dfe der Prostata<\/span><\/strong><\/p>\n<p><span style=\"color: #000000\">Einige Studien haben gezeigt, dass die rote Maca die Gr\u00f6\u00dfe der Prostata reduziert, da sie einen hohen Anteil an Glucosinolaten enth\u00e4lt. Sie werden auch mit einem geringeren Risiko f\u00fcr Prostatakrebs und einer ges\u00fcnderen Prostata in Verbindung gebracht.<\/span><\/p>\n<p><strong><span style=\"color: #000000\">Hormonelles Gleichgewicht<\/span><\/strong><\/p>\n<p><span style=\"color: #000000\">Unterst\u00fctzt das endokrine System, das unter anderem f\u00fcr den Sauerstofftransport im K\u00f6rper zust\u00e4ndig ist. Es stimuliert die Funktion der Dr\u00fcsen (Hypothalamus, Hypophyse, Nebenniere, Schilddr\u00fcse) und regt so die Produktion von Hormonen (Progesteron, Testosteron, DHEA) an und reguliert die Funktion des gesamten Hormonsystems. Das reibungslose Funktionieren des endokrinen Systems ist auch mit dem reibungslosen Funktionieren des Immunsystems verbunden. Wenn das Gleichgewicht im endokrinen System irgendwo gest\u00f6rt ist, ist die F\u00e4higkeit unserer Abwehrmechanismen reduziert.<\/span><\/p>\n<p><strong><span style=\"color: #000000\">Lindert die Symptome der Menopause und Andropause (m\u00e4nnliche Wechseljahre)<\/span><\/strong><\/p>\n<p><span style=\"color: #000000\">Der nat\u00fcrliche R\u00fcckgang des \u00d6strogens in den Wechseljahren kann eine Reihe unangenehmer Symptome wie Hitzewallungen, vaginale Trockenheit, Stimmungsschwankungen, Schlafst\u00f6rungen und Reizbarkeit hervorrufen. Eine Studie an Frauen in den Wechseljahren ergab, dass Maca dazu beitr\u00e4gt, Wechseljahrsbeschwerden, einschlie\u00dflich Hitzewallungen und Schlafst\u00f6rungen, zu lindern. Maca tr\u00e4gt auch zum Schutz der Knochengesundheit bei und verringert das Risiko von Osteoporose. Es verlangsamt den Alterungsprozess.<\/span><\/p>\n<p><strong><span style=\"color: #000000\">Verbessert die Stimmung<\/span><\/strong><\/p>\n<p><span style=\"color: #000000\">Mehrere Studien haben bereits gezeigt, dass Maca die Stimmung und das geistige Wohlbefinden verbessern kann, da sie Flavonide enth\u00e4lt. Sie reduziert auch Angstzust\u00e4nde und Symptome von Depressionen, insbesondere bei Frauen in den Wechseljahren. Sie hilft, Stress und nerv\u00f6se Anspannung abzubauen, indem sie die Sauerstoffmenge im Blut erh\u00f6ht.<\/span><\/p>\n<p><strong><span style=\"color: #000000\">Steigert die Energie und die sportliche Leistung<\/span><\/strong><\/p>\n<p><span style=\"color: #000000\">Maca wird auch von Sportlern verwendet. Sie hilft uns, Muskelmasse aufzubauen, Kraft, Energie und Ausdauer zu steigern und die sportliche Leistung zu verbessern. Der Verzehr von Maca kann die sportliche Leistung verbessern, insbesondere bei Ausdauertraining. Es hilft bei chronischer M\u00fcdigkeit. Es steigert die Vitalit\u00e4t des K\u00f6rpers und die geistige und k\u00f6rperliche Energie.<\/span><\/p>\n<p><strong><span style=\"color: #000000\">Wirkt sich positiv auf Lernen und Ged\u00e4chtnis aus<\/span><\/strong><\/p>\n<p><span style=\"color: #000000\">Maca kann die Gehirnfunktion verbessern und wirkt sich positiv auf das Lernen, die Konzentration und das Ged\u00e4chtnis aus. Traditionell wird sie von der indigenen Bev\u00f6lkerung Perus verwendet, um die schulischen Leistungen der Kinder zu verbessern. In diesem Fall hat sich die schwarze Maca als am wirksamsten erwiesen.<\/span><\/p>\n<h2><span style=\"color: #000000\">Bei welchen Problemen hilft sie, oder f\u00fcr wen wird sie empfohlen?<\/span><\/h2>\n<p><span style=\"color: #000000\">Maca ist eine adaptogene Pflanze, das hei\u00dft, sie passt sich an die Bed\u00fcrfnisse des Einzelnen an. Adaptogene st\u00e4rken die Organsysteme (Atemwege, Verdauung, Harnwege usw.), ohne deren Funktion zu \u00fcberreizen oder anderweitig zu beeintr\u00e4chtigen. Adaptogene werden f\u00fcr Menschen empfohlen, die Hilfe ben\u00f6tigen bei:<\/span><\/p>\n<p><span style=\"color: #000000\">&#8211; Probleme mit <strong>Stimmungsschwankungen<\/strong> zu \u00fcberwinden <strong>,<\/strong><\/span><br \/>\n<span style=\"color: #000000\">&#8211; bei Unfruchtbarkeit und Problemen<strong> in den Wechseljahren,<\/strong><\/span><br \/>\n<span style=\"color: #000000\">&#8211; zur Steigerung der <strong>geistigen und k\u00f6rperlichen Leistungsf\u00e4higkeit,<\/strong><\/span><br \/>\n<span style=\"color: #000000\">&#8211; Steigerung der <strong>sexuellen Potenz,<\/strong><\/span><br \/>\n<span style=\"color: #000000\">&#8211; viele andere Gesundheitsprobleme.<\/span><\/p>\n<h2><span style=\"color: #000000\">Warum sollten Sie unsere Maca bestellen?<\/span><\/h2>\n<p><span style=\"color: #000000\">Unser Maca-Pulver stammt aus <strong>kontrolliert biologischem Anbau, wird<\/strong> sorgf\u00e4ltig getrocknet und zu einem mehlartigen Pulver vermahlen. Au\u00dferdem stellen wir regelm\u00e4\u00dfig sicher, dass unsere Maca-Lieferungen immer <strong>frisch<\/strong> sind <strong>!<\/strong> Aus diesem Grund bereiten wir die Mischung auch sorgf\u00e4ltig selbst zu, denn nur so k\u00f6nnen wir ihre Integrit\u00e4t mit frischen Zutaten im richtigen Verh\u00e4ltnis gew\u00e4hrleisten.<\/span><\/p>\n<p><span style=\"color: #000000\">Die Maca stammt aus den<strong> biologischen Hochgebirgsfarmen<\/strong> Perus<strong>,<\/strong> wir haben jede Charge analysiert und validiert.<\/span><\/p>\n<h2><span style=\"color: #000000\">Lagerung und Warnhinweise<\/span><\/h2>\n<p><span style=\"color: #000000\">K\u00fchl und trocken bei einer Temperatur von bis zu 25 \u00b0C lagern. Das Nahrungserg\u00e4nzungsmittel f\u00fcr Kinder unzug\u00e4nglich aufbewahren!<\/span><\/p>\n<p><span style=\"color: #000000\">Denken Sie daran, wie wichtig eine abwechslungsreiche Ern\u00e4hrung und eine gesunde Lebensweise sind; ein Nahrungserg\u00e4nzungsmittel ist daher kein Ersatz f\u00fcr eine ausgewogene und abwechslungsreiche Ern\u00e4hrung. Die empfohlene Tagesmenge oder Dosis sollte nicht \u00fcberschritten werden. Schwangeren und stillenden Frauen wird immer empfohlen, vor der Einnahme einen Arzt zu konsultieren.<\/span><\/p>\n<h2><span style=\"color: #000000\">Verpackung<\/span><\/h2>\n<p><span style=\"color: #000000\">Undurchl\u00e4ssiger Zip-Lock-Beutel, in dem das Produkt seine ganze Frische und sein Aroma bewahrt. Die Verpackung sch\u00fctzt das Produkt vor Licht und Luft, da sie aus mehreren Schutzschichten besteht, um die Eigenschaften des Inhalts zu erhalten.<\/span><\/p>\n<p><span style=\"color: #000000\">Die Verpackung ist sehr praktisch und recycelbar.<\/span><\/p>\n<h2><span style=\"color: #000000\">Herkunft<\/span><\/h2>\n<p><span style=\"color: #000000\">Peru<\/span><\/p>\n","protected":false},"excerpt":{"rendered":"<p align=\"JUSTIFY\">Maca ist eine Wurzelpflanze, die im Hochland der peruanischen Anden gedeiht, wo sie<strong> extremen Wetterbedingungen<\/strong> und gro\u00dfen Temperaturunterschieden zwischen Tag und Nacht ausgesetzt ist. Der medizinische Teil der Maca ist die Knolle, die viele<strong> Vitamine, Mineralien und Aminos\u00e4uren<\/strong> enth\u00e4lt. Da sie wichtige Vitamine wie Vitamin B1, B12, C und E sowie Fetts\u00e4uren, Mineralien und Aminos\u00e4uren enth\u00e4lt, ist Maca eines der wirksamsten, begehrtesten und empfehlenswertesten nat\u00fcrlichen Superfoods mit einer jahrtausendealten Tradition.<\/p>\n<p align=\"JUSTIFY\">\ud83d\udc9a Steigert die Libido.<br \/>\n\ud83d\udc9a Lindert die Symptome der Menopause und Andropause.<br \/>\n\ud83d\udc9a Verbessert die Stimmung, verhindert Stress und Angstzust\u00e4nde.<br \/>\n\ud83d\udc9a Erh\u00f6ht die Energie.<\/p>\n","protected":false},"featured_media":6246,"comment_status":"open","ping_status":"closed","template":"","meta":{"_acf_changed":false},"product_brand":[],"product_cat":[15,225,224,231],"product_tag":[],"class_list":{"0":"post-6245","1":"product","2":"type-product","3":"status-publish","4":"has-post-thumbnail","6":"product_cat-uncategorized","7":"product_cat-alle-produkte","8":"product_cat-angebot","9":"product_cat-superfood","11":"first","12":"instock","13":"sale","14":"taxable","15":"shipping-taxable","16":"purchasable","17":"product-type-simple"},"acf":[],"_links":{"self":[{"href":"https:\/\/fengchashop.com\/de\/wp-json\/wp\/v2\/product\/6245","targetHints":{"allow":["GET"]}}],"collection":[{"href":"https:\/\/fengchashop.com\/de\/wp-json\/wp\/v2\/product"}],"about":[{"href":"https:\/\/fengchashop.com\/de\/wp-json\/wp\/v2\/types\/product"}],"replies":[{"embeddable":true,"href":"https:\/\/fengchashop.com\/de\/wp-json\/wp\/v2\/comments?post=6245"}],"wp:featuredmedia":[{"embeddable":true,"href":"https:\/\/fengchashop.com\/de\/wp-json\/wp\/v2\/media\/6246"}],"wp:attachment":[{"href":"https:\/\/fengchashop.com\/de\/wp-json\/wp\/v2\/media?parent=6245"}],"wp:term":[{"taxonomy":"product_brand","embeddable":true,"href":"https:\/\/fengchashop.com\/de\/wp-json\/wp\/v2\/product_brand?post=6245"},{"taxonomy":"product_cat","embeddable":true,"href":"https:\/\/fengchashop.com\/de\/wp-json\/wp\/v2\/product_cat?post=6245"},{"taxonomy":"product_tag","embeddable":true,"href":"https:\/\/fengchashop.com\/de\/wp-json\/wp\/v2\/product_tag?post=6245"}],"curies":[{"name":"wp","href":"https:\/\/api.w.org\/{rel}","templated":true}]}}