{"id":6237,"date":"2022-03-03T19:31:11","date_gmt":"2022-03-03T18:31:11","guid":{"rendered":"https:\/\/fengchashop.com\/de\/product\/spirulina-pulver-bio-250-g\/"},"modified":"2026-04-18T13:38:08","modified_gmt":"2026-04-18T11:38:08","slug":"spirulina-pulver-bio","status":"publish","type":"product","link":"https:\/\/fengchashop.com\/de\/product\/spirulina-pulver-bio\/","title":{"rendered":"Spirulina Pulver BIO 250 g"},"content":{"rendered":"<h2><span style=\"color: #000000\">Spirulina Pulver BIO<\/span><\/h2>\n<p><span style=\"color: #000000\">Spirulina, bekannt als nat\u00fcrliches Superfood, gedeiht am besten in den mineralreichen Gew\u00e4ssern des warmen tropischen Meeres. Benannt nach ihrer spiralf\u00f6rmigen Form, gilt sie als eine der ersten Lebensformen auf der Erde.<strong> Schon bei den Azteken<\/strong> war sie \u00e4u\u00dferst beliebt und<strong> gesch\u00e4tzt.<\/strong> Traditionell wurde sie f\u00fcr die Zubereitung von Eint\u00f6pfen und verschiedenen Kuchen verwendet und f\u00fcr Kraft und Ausdauer konsumiert. In den letzten Jahren hat die Spirulina jedoch wieder an Popularit\u00e4t gewonnen. Sie ist seit einigen Jahren eines der besten und beliebtesten Superfoods. Sie wurde auch von der FDA und der WHO zugelassen und wird angeblich von Astronauten auf Missionen verzehrt. Spirulina ist voll von Mineralien und Salzen aus dem Meer, den Ozeanen. Diese enthalten die gleichen Mineralien wie das menschliche Blut. Algen enthalten also nat\u00fcrliche <strong>Vitamine und Mineralien<\/strong>, so dass sie vom K\u00f6rper<strong> leicht verdaut werden k\u00f6nnen.<\/strong><\/span><\/p>\n<p><span style=\"color: #000000\">Spirulina und andere Algen werden am h\u00e4ufigsten in Pulverform konsumiert. Wir bieten jedoch auch Spirulina in Tablettenform an.<\/span><\/p>\n<p><span style=\"color: #000000\">Unser Spirulina wird biologisch hergestellt.<\/span><\/p>\n<h2><span style=\"color: #000000\">Was sind die Vorteile von Spirulina?<\/span><\/h2>\n<p><span style=\"color: #000000\">Sie enth\u00e4lt <strong>Chlorophyll,<\/strong> einen hohen Anteil an Eiwei\u00df, alle <strong>essentiellen Aminos\u00e4uren<\/strong> und nur wenige Prozent an haupts\u00e4chlich unges\u00e4ttigten Fetten. Chlorophyll wird manchmal auch als &#8222;gr\u00fcnes Blut&#8220; bezeichnet, weil seine molekulare Zusammensetzung dem H\u00e4moglobin sehr \u00e4hnlich ist und es daher f\u00fcr uns geeignet ist &#8211; es verbessert das Blutbild. Spirulina ist au\u00dferdem aufgrund ihrer Zellwand, die aus verdaulichen Mucopolysacchariden besteht (und nicht wie bei anderen Pflanzen aus Zellulose), sehr gut verdaulich. Unter den Aminos\u00e4uren ist die wichtigste die <strong>Gamma-Linolens\u00e4ure<\/strong> (GLA), die nur in Muttermilch, Distel\u00f6l, Hanfsamen und einigen anderen Algen vorkommt. Sie wirkt entz\u00fcndungshemmend, hilft, den Blutdruck zu senken und die Nervenfunktion zu verbessern, und wirkt Allergien entgegen, indem sie eine gesunde Reaktion auf Allergene f\u00f6rdert. Au\u00dferdem enth\u00e4lt sie<strong> Phycocyanin, das<\/strong> die Produktion von Stammzellen anregt.<\/span><\/p>\n<p><span style=\"color: #000000\">Sie wirkt sich auch positiv auf die Verdauung aus, indem sie das Wachstum der guten Bakterien im Darm anregt und die Darmflora verbessert. Spirulina ist eine ausgezeichnete Unterst\u00fctzung f\u00fcr eine gesunde Ern\u00e4hrung und verschiedene Di\u00e4ten (zur Gewichtsreduktion).<\/span><\/p>\n<p><span style=\"color: #000000\">Spirulina ist eine reiche nat\u00fcrliche Quelle von Kalium, Eisen, Kalzium, Zink, Natrium, Mangan, Magnesium, Selen, Jod, Chrom und sogar Schwefel. Au\u00dferdem enth\u00e4lt er Beta-Carotin und Elektrolyte. Die wichtigsten Vitamine sind A1, B1, B2, B3, B6, B9, B12, C, D und E.<\/span><\/p>\n<p><span style=\"color: #000000\">Dar\u00fcber hinaus ist Spirulina auch gut f\u00fcr die Haare und die Haut. Sie beugt \u00fcberm\u00e4\u00dfigem Haarausfall vor, st\u00e4rkt das Haar und beseitigt Schuppen. Sie beruhigt die Haut, stellt ihre Elastizit\u00e4t wieder her und verlangsamt den Alterungsprozess. Mit einem viertel Teel\u00f6ffel Spirulina und ein paar Tropfen Wasser k\u00f6nnen Sie eine Gesichtsmaske zubereiten, die Sie auf die gereinigte Gesichtshaut auftragen und 20 Minuten einwirken lassen. Danach gut absp\u00fclen und mit einer Creme befeuchten. Sie k\u00f6nnen diesen Vorgang 2-3 Mal pro Woche wiederholen.<\/span><\/p>\n<h2><span style=\"color: #000000\">Warum wird Spirulina als Supernahrungsmittel bezeichnet und warum ist es gut, es zu essen?<\/span><\/h2>\n<p><span style=\"color: #000000\">Spirulina hat eine einzigartige Zusammensetzung, die einen hohen Anteil an pflanzlichen Proteinen (einschlie\u00dflich essenzieller Proteine und Aminos\u00e4uren), Vitaminen, Mineralien und anderen wichtigen Wirkstoffen enth\u00e4lt. Ihre einzigartige Zusammensetzung n\u00e4hrt die Zellen des menschlichen Organismus vollst\u00e4ndig. Dar\u00fcber hinaus f\u00f6rdert es die St\u00e4rkung des Immunsystems, lindert Allergiesymptome durch Verringerung der Histaminaussch\u00fcttung, sch\u00fctzt vor Infektionen durch eine Vielzahl von Mikroben und hat probiotische Eigenschaften. Er scheidet Schwermetalle aus dem K\u00f6rper aus und entgiftet somit.<\/span><\/p>\n<p><span style=\"color: #000000\">Sie wird auch als Superfood bezeichnet, weil sie einen hohen Eiwei\u00dfwirkungsgrad hat, denn Spirulina-Proteine sind leicht verdaulich und k\u00f6nnen vom K\u00f6rper effizient in seinen eigenen Prozessen genutzt werden.<\/span><\/p>\n<p><span style=\"color: #000000\">Spirulina ist eine blaugr\u00fcne, mikroskopisch kleine Pflanze, die gut zu verzehren ist, weil:<\/span><\/p>\n<p><span style=\"color: #000000\">&#8211; sie enth\u00e4lt ein ganzes Spektrum an Mikron\u00e4hrstoffen, die K\u00f6rper und Geist n\u00e4hren,<\/span><br \/>\n<span style=\"color: #000000\">&#8211; <strong>das Immunsystem st\u00e4rkt<\/strong>, da es ein starkes Antioxidans ist,<\/span><br \/>\n<span style=\"color: #000000\">&#8211; es <strong>entgiftet den K\u00f6rper<\/strong>, indem es Giftstoffe bindet,<\/span><br \/>\n<span style=\"color: #000000\">&#8211; z\u00fcgelt den Appetit und hilft, das Gewicht zu kontrollieren,<\/span><br \/>\n<span style=\"color: #000000\">&#8211; es ist eine<strong> reichhaltige Quelle f\u00fcr pflanzliches Eiwei\u00df<\/strong>, das 60-70 % des Eiwei\u00dfes in der Ern\u00e4hrung ausmacht.<\/span><\/p>\n<h2><span style=\"color: #000000\">Lagerung und Warnhinweise<\/span><\/h2>\n<p><span style=\"color: #000000\">K\u00fchl und trocken bei einer Temperatur von bis zu 25 \u00b0C lagern. Das Nahrungserg\u00e4nzungsmittel au\u00dferhalb der Reichweite von Kindern aufbewahren!<\/span><\/p>\n<p><span style=\"color: #000000\">Denken Sie daran, wie wichtig eine abwechslungsreiche Ern\u00e4hrung und eine gesunde Lebensweise sind; ein Nahrungserg\u00e4nzungsmittel ist daher kein Ersatz f\u00fcr eine ausgewogene und abwechslungsreiche Ern\u00e4hrung. Die empfohlene Tagesmenge oder Dosis sollte nicht \u00fcberschritten werden. Schwangeren und stillenden Frauen wird immer empfohlen, vor der Einnahme einen Arzt zu konsultieren.<\/span><\/p>\n<p><span style=\"color: #000000\">Spirulina kann Sulfite enthalten, die nat\u00fcrlicherweise in Algen vorkommen.<\/span><\/p>\n<h2><span style=\"color: #000000\">Verpackung<\/span><\/h2>\n<p><span style=\"color: #000000\">Undurchl\u00e4ssiger Zip-Lock-Beutel, in dem das Produkt seine ganze Frische und sein Aroma bewahrt. Die Verpackung sch\u00fctzt vor Licht und Luft, da sie aus mehreren Schutzschichten besteht, die die Eigenschaften des Inhalts bewahren.<\/span><\/p>\n<p><span style=\"color: #000000\">Die Verpackung ist sehr praktisch und recycelbar.<\/span><\/p>\n<h2><span style=\"color: #000000\">Herkunft<\/span><\/h2>\n<p><span style=\"color: #000000\">China.<\/span><\/p>\n<p><span style=\"color: #000000\">Wir haben sehr zuverl\u00e4ssige Lieferanten, die uns f\u00fcr jede Charge eine detaillierte chemische Analyse des Lebensmittels zukommen lassen. In mehr als zehn Jahren gab es weder bei diesem Artikel noch bei anderen Artikeln desselben Lieferanten R\u00fcckrufe oder andere Probleme.<\/span><\/p>\n<p><span style=\"color: #000000\">Der Artikel ist zu 100% biologisch zertifiziert.<\/span><\/p>\n","protected":false},"excerpt":{"rendered":"<p align=\"JUSTIFY\">Spirulina, bekannt als nat\u00fcrliches Superfood, gedeiht am besten im mineralreichen Wasser des warmen tropischen Meeres. Spirulina ist voll von Mineralien und Salzen aus dem Meer, dem Ozean. Und sie enthalten die gleichen Mineralien wie das menschliche Blut. Die Algen enthalten also nat\u00fcrliche Vitamine und Mineralien, so dass sie vom K\u00f6rper leicht verdaut werden k\u00f6nnen.<\/p>\n<p align=\"JUSTIFY\"><span style=\"color: #000000\">\ud83d\udc9a Sie st\u00e4rkt das Immunsystem, da sie ein starkes Antioxidans ist.<\/span><br \/>\n<span style=\"color: #000000\">\ud83d\udc9a Entgiftet den K\u00f6rper, indem sie Giftstoffe bindet.<\/span><br \/>\n<span style=\"color: #000000\">\ud83d\udc9a Z\u00fcgelt den Appetit und hilft, das Gewicht zu kontrollieren.<\/span><br \/>\n<span style=\"color: #000000\">\ud83d\udc9a Er ist eine reichhaltige Quelle f\u00fcr pflanzliches Eiwei\u00df.<\/span><\/p>\n<p align=\"JUSTIFY\">\n","protected":false},"featured_media":6238,"comment_status":"open","ping_status":"closed","template":"","meta":{"_acf_changed":false},"product_brand":[],"product_cat":[15,222,225,224,238,231],"product_tag":[],"class_list":{"0":"post-6237","1":"product","2":"type-product","3":"status-publish","4":"has-post-thumbnail","6":"product_cat-uncategorized","7":"product_cat-algen-graeser","8":"product_cat-alle-produkte","9":"product_cat-angebot","10":"product_cat-gute-angebote","11":"product_cat-superfood","13":"first","14":"instock","15":"sale","16":"taxable","17":"shipping-taxable","18":"purchasable","19":"product-type-simple"},"acf":[],"_links":{"self":[{"href":"https:\/\/fengchashop.com\/de\/wp-json\/wp\/v2\/product\/6237","targetHints":{"allow":["GET"]}}],"collection":[{"href":"https:\/\/fengchashop.com\/de\/wp-json\/wp\/v2\/product"}],"about":[{"href":"https:\/\/fengchashop.com\/de\/wp-json\/wp\/v2\/types\/product"}],"replies":[{"embeddable":true,"href":"https:\/\/fengchashop.com\/de\/wp-json\/wp\/v2\/comments?post=6237"}],"wp:featuredmedia":[{"embeddable":true,"href":"https:\/\/fengchashop.com\/de\/wp-json\/wp\/v2\/media\/6238"}],"wp:attachment":[{"href":"https:\/\/fengchashop.com\/de\/wp-json\/wp\/v2\/media?parent=6237"}],"wp:term":[{"taxonomy":"product_brand","embeddable":true,"href":"https:\/\/fengchashop.com\/de\/wp-json\/wp\/v2\/product_brand?post=6237"},{"taxonomy":"product_cat","embeddable":true,"href":"https:\/\/fengchashop.com\/de\/wp-json\/wp\/v2\/product_cat?post=6237"},{"taxonomy":"product_tag","embeddable":true,"href":"https:\/\/fengchashop.com\/de\/wp-json\/wp\/v2\/product_tag?post=6237"}],"curies":[{"name":"wp","href":"https:\/\/api.w.org\/{rel}","templated":true}]}}