{"id":6225,"date":"2022-03-03T09:56:17","date_gmt":"2022-03-03T08:56:17","guid":{"rendered":"https:\/\/fengchashop.com\/de\/product\/amla-pulver-bio-250-g\/"},"modified":"2026-04-18T03:55:55","modified_gmt":"2026-04-18T01:55:55","slug":"amla-pulver-bio","status":"publish","type":"product","link":"https:\/\/fengchashop.com\/de\/product\/amla-pulver-bio\/","title":{"rendered":"Amla Pulver BIO 250 g"},"content":{"rendered":"<h2><span style=\"color: #000000\">Amla Pulver BIO<\/span><\/h2>\n<p><span style=\"color: #000000\">Amla ist auch als<strong> Amalaki oder indische Stachelbeere<\/strong> bekannt<strong>.<\/strong> Amla ist eine stachelbeer\u00e4hnliche gr\u00fcne Frucht mit einem interessanten s\u00fc\u00df-s\u00e4uerlichen Geschmack. Im Ayurveda gilt sie als die <strong>Frucht der Jugend und der Sch\u00f6nheit.<\/strong> Im Osten wird die Amla als Geschenk Gottes an die Menschheit gefeiert. Man findet sie in den Mittelgebirgsregionen des indischen Subkontinents. Die Amla-Frucht wird einfach getrocknet und schonend zu einem feinen Pulver gemahlen. Laut Ayurveda gleicht Amla die drei Lebensenergien (Vata, Pitta und Kapha) aus.<\/span><\/p>\n<p><span style=\"color: #000000\">Amla ist sehr <strong>reich an Vitamin C<\/strong> (etwa 4 g pro 100 g Pulver) und enth\u00e4lt viele <strong>Antioxidantien, Gerbstoffe, Flavonoide, Lipide, Vitamine und Mineralien sowie andere \u00e4therische \u00d6le<\/strong>.<\/span><\/p>\n<p><span style=\"color: #000000\">Wirkungen:<\/span><\/p>\n<p><span style=\"color: #000000\">&#8211; Verbessert das <strong>Immunsystem<\/strong>,<\/span><br \/>\n<span style=\"color: #000000\">&#8211; <strong>verj\u00fcngt<\/strong> (Anti-Age-Effekt),<\/span><br \/>\n<span style=\"color: #000000\">&#8211; st\u00e4rkt das <strong>Herz-Kreislauf-System,<\/strong><\/span><br \/>\n<span style=\"color: #000000\">&#8211; regt den<strong> Haarwuchs<\/strong> an<strong>,<\/strong><\/span><br \/>\n<span style=\"color: #000000\">&#8211; reinigt und <strong>befeuchtet die Haut,<\/strong><\/span><br \/>\n<span style=\"color: #000000\"><strong>&#8211; verbessert die Verdauung<\/strong> und wirkt als mildes Diuretikum,<\/span><br \/>\n<span style=\"color: #000000\"><strong>&#8211; antivirale und anti-bakterielle<\/strong> Wirkung,<\/span><br \/>\n<span style=\"color: #000000\">&#8211; <strong> vernichtet freie Radikale.<\/strong><\/span><\/p>\n<p><span style=\"color: #000000\">Traditionell wird es auch bei<strong>Kopfhautproblemen und unreiner Haut<\/strong> eingesetzt. Sie k\u00f6nnen eine Kopfhautpaste oder eine Gesichtsmaske herstellen.<\/span><br \/>\n<span style=\"color: #000000\">Sie wirkt <strong>gegen Haarausfall, st\u00e4rkt die Kopfhaut und kann bei regelm\u00e4\u00dfiger Anwendung graues Haar wieder aufhellen.<\/strong> Es l\u00e4sst sich gut mit anderen nat\u00fcrlichen Haarfarben mischen.<\/span><\/p>\n<p><span style=\"color: #000000\">Es wirkt auch auf die <strong>Elastizit\u00e4t der Haut, reinigt die Haut und beugt Falten vor.<\/strong><\/span><\/p>\n<h2><span style=\"color: #000000\">Lagerung und Warnhinweise<\/span><\/h2>\n<p><span style=\"color: #000000\">An einem k\u00fchlen, trockenen Ort aufbewahren. Bewahren Sie das Nahrungserg\u00e4nzungsmittel au\u00dferhalb der Reichweite von Kindern auf!<\/span><\/p>\n<p><span style=\"color: #000000\">Denken Sie daran, wie wichtig eine abwechslungsreiche Ern\u00e4hrung und eine gesunde Lebensweise sind; ein Nahrungserg\u00e4nzungsmittel ist daher kein Ersatz f\u00fcr eine ausgewogene und abwechslungsreiche Ern\u00e4hrung. Die empfohlene Tagesmenge oder Dosis sollte nicht \u00fcberschritten werden. Schwangeren und stillenden Frauen wird immer empfohlen, vor der Einnahme einen Arzt zu konsultieren.<\/span><\/p>\n<h2><span style=\"color: #000000\">Verpackung<\/span><\/h2>\n<p><span style=\"color: #000000\">Undurchl\u00e4ssiger Zip-Lock-Beutel, in dem das Produkt seine ganze Frische und sein Aroma bewahrt. Die Verpackung sch\u00fctzt das Produkt vor Licht und Luft, da sie aus mehreren Schutzschichten besteht, um die Eigenschaften des Inhalts zu erhalten.<\/span><\/p>\n<p><span style=\"color: #000000\">Die Verpackung ist sehr praktisch und recycelbar.<\/span><\/p>\n<h2><span style=\"color: #000000\">Herkunft<\/span><\/h2>\n<p><span style=\"color: #000000\">Indien<\/span><\/p>\n","protected":false},"excerpt":{"rendered":"<p align=\"JUSTIFY\"><span style=\"color: #000000\">Amla ist auch als Amalaki oder indische Stachelbeere bekannt. Amla ist eine stachelbeer\u00e4hnliche gr\u00fcne Frucht mit einem interessanten s\u00fc\u00df-s\u00e4uerlichen Geschmack. Im Ayurveda gilt sie als die Frucht der Jugend und Sch\u00f6nheit. Im Osten wird Amla als Gottes Geschenk an die Menschheit gefeiert, weil:<\/span><\/p>\n<p align=\"JUSTIFY\"><span style=\"color: #000000\">\ud83d\udc9a den Haarwuchs anregt,<\/span><br \/>\n<span style=\"color: #000000\">\ud83d\udc9a reinigt und befeuchtet die Haut,<\/span><br \/>\n<span style=\"color: #000000\">\ud83d\udc9a das Immunsystem st\u00e4rkt,<\/span><br \/>\n<span style=\"color: #000000\">\ud83d\udc9a verj\u00fcngt.<\/span><\/p>\n<p align=\"JUSTIFY\">\n","protected":false},"featured_media":6226,"comment_status":"open","ping_status":"closed","template":"","meta":{"_acf_changed":false},"product_brand":[],"product_cat":[15,225,224,194,231],"product_tag":[],"class_list":{"0":"post-6225","1":"product","2":"type-product","3":"status-publish","4":"has-post-thumbnail","6":"product_cat-uncategorized","7":"product_cat-alle-produkte","8":"product_cat-angebot","9":"product_cat-ayurveda","10":"product_cat-superfood","12":"first","13":"instock","14":"sale","15":"taxable","16":"shipping-taxable","17":"purchasable","18":"product-type-simple"},"acf":[],"_links":{"self":[{"href":"https:\/\/fengchashop.com\/de\/wp-json\/wp\/v2\/product\/6225","targetHints":{"allow":["GET"]}}],"collection":[{"href":"https:\/\/fengchashop.com\/de\/wp-json\/wp\/v2\/product"}],"about":[{"href":"https:\/\/fengchashop.com\/de\/wp-json\/wp\/v2\/types\/product"}],"replies":[{"embeddable":true,"href":"https:\/\/fengchashop.com\/de\/wp-json\/wp\/v2\/comments?post=6225"}],"wp:featuredmedia":[{"embeddable":true,"href":"https:\/\/fengchashop.com\/de\/wp-json\/wp\/v2\/media\/6226"}],"wp:attachment":[{"href":"https:\/\/fengchashop.com\/de\/wp-json\/wp\/v2\/media?parent=6225"}],"wp:term":[{"taxonomy":"product_brand","embeddable":true,"href":"https:\/\/fengchashop.com\/de\/wp-json\/wp\/v2\/product_brand?post=6225"},{"taxonomy":"product_cat","embeddable":true,"href":"https:\/\/fengchashop.com\/de\/wp-json\/wp\/v2\/product_cat?post=6225"},{"taxonomy":"product_tag","embeddable":true,"href":"https:\/\/fengchashop.com\/de\/wp-json\/wp\/v2\/product_tag?post=6225"}],"curies":[{"name":"wp","href":"https:\/\/api.w.org\/{rel}","templated":true}]}}